{"id":1526,"date":"2019-04-17T10:13:19","date_gmt":"2019-04-17T08:13:19","guid":{"rendered":"http:\/\/192.168.1.104\/?page_id=1526"},"modified":"2019-12-03T23:26:15","modified_gmt":"2019-12-03T22:26:15","slug":"hypertrophie-ventriculaire-droite","status":"publish","type":"page","link":"http:\/\/vet-ecg.ddns.net\/index.php\/hypertrophie-ventriculaire-droite\/","title":{"rendered":"Hypertrophie ventriculaire droite"},"content":{"rendered":"\n<figure class=\"wp-block-image size-large\"><img loading=\"lazy\" decoding=\"async\" width=\"3058\" height=\"1980\" src=\"http:\/\/vet-ecg.ddns.net\/wp-content\/uploads\/hvd-1-bis.jpg\" alt=\"\" class=\"wp-image-2859\"\/><figcaption>HAD et HVD majeures<\/figcaption><\/figure>\n\n\n\n<p>L&rsquo;\u00e9chocardiographie de ce braque montre une hypertrophie majeure de l&rsquo;oreillette et du ventricule droits. <\/p>\n\n\n\n<p><\/p>\n\n\n\n<p>Le rythme est supraventiculaire \u00e0 185 bpm.<\/p>\n\n\n\n<p>L&rsquo; axe de QRS gauche (10\u00b0) fait suspecter un h\u00e9mibloc ant\u00e9rieur gauche (17\u00b0). <\/p>\n\n\n\n<p>Par ailleurs, la conduction AV est ralentie (PR=120 ms).<\/p>\n\n\n<p>Il existe des extrasystoles supraventriculaires ( <span style=\"color: #ff0000;\"><strong>+<\/strong><\/span> )<\/p>\n\n\n<p>L&rsquo;onde S en D1 est peu marqu\u00e9e, mais bien visible en D2, D3 et AVF. <\/p>\n\n\n\n<p>L&rsquo;aspect  le plus inhabituelle de ce trac\u00e9 est l&rsquo;aspect RSR&rsquo; des QRS qui t\u00e9moigne de l&rsquo;hypertrophie ventriculaire.<\/p>\n","protected":false},"excerpt":{"rendered":"<p>L&rsquo;\u00e9chocardiographie de ce braque montre une hypertrophie majeure de l&rsquo;oreillette et du ventricule droits. Le rythme est supraventiculaire \u00e0 185 bpm. L&rsquo; axe de QRS gauche (10\u00b0) fait suspecter un h\u00e9mibloc ant\u00e9rieur gauche (17\u00b0). Par ailleurs, la conduction AV est ralentie (PR=120 ms). Il existe des extrasystoles supraventriculaires ( + ) L&rsquo;onde S en D1 &hellip; <a href=\"http:\/\/vet-ecg.ddns.net\/index.php\/hypertrophie-ventriculaire-droite\/\" class=\"more-link\">Continuer la lecture de <span class=\"screen-reader-text\">Hypertrophie ventriculaire droite<\/span><\/a><\/p>\n","protected":false},"author":1,"featured_media":0,"parent":0,"menu_order":0,"comment_status":"closed","ping_status":"closed","template":"","meta":{"footnotes":""},"class_list":["post-1526","page","type-page","status-publish","hentry"],"yoast_head":"<!-- This site is optimized with the Yoast SEO plugin v27.4 - https:\/\/yoast.com\/product\/yoast-seo-wordpress\/ -->\n<title>Hypertrophie ventriculaire droite - Blog d&#039;\u00e9lectrocardiographie v\u00e9t\u00e9rinaire<\/title>\n<meta name=\"description\" content=\"Hypertrophie ventriculaire droite majeure rencontr\u00e9e chez un braque. L&#039;\u00e9tat g\u00e9n\u00e9ral de l&#039;animal n&#039;est pas bon. La dyspn\u00e9e est intense.\" \/>\n<meta name=\"robots\" content=\"index, follow, max-snippet:-1, max-image-preview:large, max-video-preview:-1\" \/>\n<link rel=\"canonical\" href=\"http:\/\/vet-ecg.ddns.net\/index.php\/hypertrophie-ventriculaire-droite\/\" \/>\n<script type=\"application\/ld+json\" class=\"yoast-schema-graph\">{\"@context\":\"https:\\\/\\\/schema.org\",\"@graph\":[{\"@type\":\"WebPage\",\"@id\":\"http:\\\/\\\/vet-ecg.ddns.net\\\/index.php\\\/hypertrophie-ventriculaire-droite\\\/\",\"url\":\"http:\\\/\\\/vet-ecg.ddns.net\\\/index.php\\\/hypertrophie-ventriculaire-droite\\\/\",\"name\":\"Hypertrophie ventriculaire droite - Blog d&#039;\u00e9lectrocardiographie v\u00e9t\u00e9rinaire\",\"isPartOf\":{\"@id\":\"http:\\\/\\\/vet-ecg.ddns.net\\\/#website\"},\"primaryImageOfPage\":{\"@id\":\"http:\\\/\\\/vet-ecg.ddns.net\\\/index.php\\\/hypertrophie-ventriculaire-droite\\\/#primaryimage\"},\"image\":{\"@id\":\"http:\\\/\\\/vet-ecg.ddns.net\\\/index.php\\\/hypertrophie-ventriculaire-droite\\\/#primaryimage\"},\"thumbnailUrl\":\"http:\\\/\\\/vet-ecg.ddns.net\\\/wp-content\\\/uploads\\\/hvd-1-bis.jpg\",\"datePublished\":\"2019-04-17T08:13:19+00:00\",\"dateModified\":\"2019-12-03T22:26:15+00:00\",\"description\":\"Hypertrophie ventriculaire droite majeure rencontr\u00e9e chez un braque. L'\u00e9tat g\u00e9n\u00e9ral de l'animal n'est pas bon. La dyspn\u00e9e est intense.\",\"breadcrumb\":{\"@id\":\"http:\\\/\\\/vet-ecg.ddns.net\\\/index.php\\\/hypertrophie-ventriculaire-droite\\\/#breadcrumb\"},\"inLanguage\":\"fr-FR\",\"potentialAction\":[{\"@type\":\"ReadAction\",\"target\":[\"http:\\\/\\\/vet-ecg.ddns.net\\\/index.php\\\/hypertrophie-ventriculaire-droite\\\/\"]}]},{\"@type\":\"ImageObject\",\"inLanguage\":\"fr-FR\",\"@id\":\"http:\\\/\\\/vet-ecg.ddns.net\\\/index.php\\\/hypertrophie-ventriculaire-droite\\\/#primaryimage\",\"url\":\"http:\\\/\\\/vet-ecg.ddns.net\\\/wp-content\\\/uploads\\\/hvd-1-bis.jpg\",\"contentUrl\":\"http:\\\/\\\/vet-ecg.ddns.net\\\/wp-content\\\/uploads\\\/hvd-1-bis.jpg\",\"width\":3058,\"height\":1980,\"caption\":\"HVD majeure\"},{\"@type\":\"BreadcrumbList\",\"@id\":\"http:\\\/\\\/vet-ecg.ddns.net\\\/index.php\\\/hypertrophie-ventriculaire-droite\\\/#breadcrumb\",\"itemListElement\":[{\"@type\":\"ListItem\",\"position\":1,\"name\":\"Accueil\",\"item\":\"http:\\\/\\\/vet-ecg.ddns.net\\\/\"},{\"@type\":\"ListItem\",\"position\":2,\"name\":\"Hypertrophie ventriculaire droite\"}]},{\"@type\":\"WebSite\",\"@id\":\"http:\\\/\\\/vet-ecg.ddns.net\\\/#website\",\"url\":\"http:\\\/\\\/vet-ecg.ddns.net\\\/\",\"name\":\"Blog d&#039;\u00e9lectrocardiographie v\u00e9t\u00e9rinaire\",\"description\":\"recueil d&#039;ECG de chiens et de chats\",\"publisher\":{\"@id\":\"http:\\\/\\\/vet-ecg.ddns.net\\\/#\\\/schema\\\/person\\\/fec4070a47e235fed904fab73cae00b4\"},\"alternateName\":\"\u00e9lectrocardiographie v\u00e9t\u00e9rinaire\",\"potentialAction\":[{\"@type\":\"SearchAction\",\"target\":{\"@type\":\"EntryPoint\",\"urlTemplate\":\"http:\\\/\\\/vet-ecg.ddns.net\\\/?s={search_term_string}\"},\"query-input\":{\"@type\":\"PropertyValueSpecification\",\"valueRequired\":true,\"valueName\":\"search_term_string\"}}],\"inLanguage\":\"fr-FR\"},{\"@type\":[\"Person\",\"Organization\"],\"@id\":\"http:\\\/\\\/vet-ecg.ddns.net\\\/#\\\/schema\\\/person\\\/fec4070a47e235fed904fab73cae00b4\",\"name\":\"admin\",\"image\":{\"@type\":\"ImageObject\",\"inLanguage\":\"fr-FR\",\"@id\":\"http:\\\/\\\/vet-ecg.ddns.net\\\/wp-content\\\/uploads\\\/2018\\\/04\\\/Zelda-2-ECG-248.jpg\",\"url\":\"http:\\\/\\\/vet-ecg.ddns.net\\\/wp-content\\\/uploads\\\/2018\\\/04\\\/Zelda-2-ECG-248.jpg\",\"contentUrl\":\"http:\\\/\\\/vet-ecg.ddns.net\\\/wp-content\\\/uploads\\\/2018\\\/04\\\/Zelda-2-ECG-248.jpg\",\"width\":248,\"height\":248,\"caption\":\"admin\"},\"logo\":{\"@id\":\"http:\\\/\\\/vet-ecg.ddns.net\\\/wp-content\\\/uploads\\\/2018\\\/04\\\/Zelda-2-ECG-248.jpg\"},\"description\":\"Les trac\u00e9s publi\u00e9s sur ce site sont issus de diff\u00e9rentes cliniques v\u00e9t\u00e9rinaires de Paris et de sa banlieue durant les 10 derni\u00e8res ann\u00e9es. Les ECG r\u00e9alis\u00e9s ont \u00e9t\u00e9 r\u00e9alis\u00e9s sur des chiens et des chats qui ont tous b\u00e9n\u00e9fici\u00e9 d'une \u00e9chocardiographie.\"}]}<\/script>\n<!-- \/ Yoast SEO plugin. -->","yoast_head_json":{"title":"Hypertrophie ventriculaire droite - Blog d&#039;\u00e9lectrocardiographie v\u00e9t\u00e9rinaire","description":"Hypertrophie ventriculaire droite majeure rencontr\u00e9e chez un braque. L'\u00e9tat g\u00e9n\u00e9ral de l'animal n'est pas bon. La dyspn\u00e9e est intense.","robots":{"index":"index","follow":"follow","max-snippet":"max-snippet:-1","max-image-preview":"max-image-preview:large","max-video-preview":"max-video-preview:-1"},"canonical":"http:\/\/vet-ecg.ddns.net\/index.php\/hypertrophie-ventriculaire-droite\/","schema":{"@context":"https:\/\/schema.org","@graph":[{"@type":"WebPage","@id":"http:\/\/vet-ecg.ddns.net\/index.php\/hypertrophie-ventriculaire-droite\/","url":"http:\/\/vet-ecg.ddns.net\/index.php\/hypertrophie-ventriculaire-droite\/","name":"Hypertrophie ventriculaire droite - Blog d&#039;\u00e9lectrocardiographie v\u00e9t\u00e9rinaire","isPartOf":{"@id":"http:\/\/vet-ecg.ddns.net\/#website"},"primaryImageOfPage":{"@id":"http:\/\/vet-ecg.ddns.net\/index.php\/hypertrophie-ventriculaire-droite\/#primaryimage"},"image":{"@id":"http:\/\/vet-ecg.ddns.net\/index.php\/hypertrophie-ventriculaire-droite\/#primaryimage"},"thumbnailUrl":"http:\/\/vet-ecg.ddns.net\/wp-content\/uploads\/hvd-1-bis.jpg","datePublished":"2019-04-17T08:13:19+00:00","dateModified":"2019-12-03T22:26:15+00:00","description":"Hypertrophie ventriculaire droite majeure rencontr\u00e9e chez un braque. L'\u00e9tat g\u00e9n\u00e9ral de l'animal n'est pas bon. La dyspn\u00e9e est intense.","breadcrumb":{"@id":"http:\/\/vet-ecg.ddns.net\/index.php\/hypertrophie-ventriculaire-droite\/#breadcrumb"},"inLanguage":"fr-FR","potentialAction":[{"@type":"ReadAction","target":["http:\/\/vet-ecg.ddns.net\/index.php\/hypertrophie-ventriculaire-droite\/"]}]},{"@type":"ImageObject","inLanguage":"fr-FR","@id":"http:\/\/vet-ecg.ddns.net\/index.php\/hypertrophie-ventriculaire-droite\/#primaryimage","url":"http:\/\/vet-ecg.ddns.net\/wp-content\/uploads\/hvd-1-bis.jpg","contentUrl":"http:\/\/vet-ecg.ddns.net\/wp-content\/uploads\/hvd-1-bis.jpg","width":3058,"height":1980,"caption":"HVD majeure"},{"@type":"BreadcrumbList","@id":"http:\/\/vet-ecg.ddns.net\/index.php\/hypertrophie-ventriculaire-droite\/#breadcrumb","itemListElement":[{"@type":"ListItem","position":1,"name":"Accueil","item":"http:\/\/vet-ecg.ddns.net\/"},{"@type":"ListItem","position":2,"name":"Hypertrophie ventriculaire droite"}]},{"@type":"WebSite","@id":"http:\/\/vet-ecg.ddns.net\/#website","url":"http:\/\/vet-ecg.ddns.net\/","name":"Blog d&#039;\u00e9lectrocardiographie v\u00e9t\u00e9rinaire","description":"recueil d&#039;ECG de chiens et de chats","publisher":{"@id":"http:\/\/vet-ecg.ddns.net\/#\/schema\/person\/fec4070a47e235fed904fab73cae00b4"},"alternateName":"\u00e9lectrocardiographie v\u00e9t\u00e9rinaire","potentialAction":[{"@type":"SearchAction","target":{"@type":"EntryPoint","urlTemplate":"http:\/\/vet-ecg.ddns.net\/?s={search_term_string}"},"query-input":{"@type":"PropertyValueSpecification","valueRequired":true,"valueName":"search_term_string"}}],"inLanguage":"fr-FR"},{"@type":["Person","Organization"],"@id":"http:\/\/vet-ecg.ddns.net\/#\/schema\/person\/fec4070a47e235fed904fab73cae00b4","name":"admin","image":{"@type":"ImageObject","inLanguage":"fr-FR","@id":"http:\/\/vet-ecg.ddns.net\/wp-content\/uploads\/2018\/04\/Zelda-2-ECG-248.jpg","url":"http:\/\/vet-ecg.ddns.net\/wp-content\/uploads\/2018\/04\/Zelda-2-ECG-248.jpg","contentUrl":"http:\/\/vet-ecg.ddns.net\/wp-content\/uploads\/2018\/04\/Zelda-2-ECG-248.jpg","width":248,"height":248,"caption":"admin"},"logo":{"@id":"http:\/\/vet-ecg.ddns.net\/wp-content\/uploads\/2018\/04\/Zelda-2-ECG-248.jpg"},"description":"Les trac\u00e9s publi\u00e9s sur ce site sont issus de diff\u00e9rentes cliniques v\u00e9t\u00e9rinaires de Paris et de sa banlieue durant les 10 derni\u00e8res ann\u00e9es. Les ECG r\u00e9alis\u00e9s ont \u00e9t\u00e9 r\u00e9alis\u00e9s sur des chiens et des chats qui ont tous b\u00e9n\u00e9fici\u00e9 d'une \u00e9chocardiographie."}]}},"_links":{"self":[{"href":"http:\/\/vet-ecg.ddns.net\/index.php\/wp-json\/wp\/v2\/pages\/1526","targetHints":{"allow":["GET"]}}],"collection":[{"href":"http:\/\/vet-ecg.ddns.net\/index.php\/wp-json\/wp\/v2\/pages"}],"about":[{"href":"http:\/\/vet-ecg.ddns.net\/index.php\/wp-json\/wp\/v2\/types\/page"}],"author":[{"embeddable":true,"href":"http:\/\/vet-ecg.ddns.net\/index.php\/wp-json\/wp\/v2\/users\/1"}],"replies":[{"embeddable":true,"href":"http:\/\/vet-ecg.ddns.net\/index.php\/wp-json\/wp\/v2\/comments?post=1526"}],"version-history":[{"count":0,"href":"http:\/\/vet-ecg.ddns.net\/index.php\/wp-json\/wp\/v2\/pages\/1526\/revisions"}],"wp:attachment":[{"href":"http:\/\/vet-ecg.ddns.net\/index.php\/wp-json\/wp\/v2\/media?parent=1526"}],"curies":[{"name":"wp","href":"https:\/\/api.w.org\/{rel}","templated":true}]}}