{"id":1522,"date":"2019-04-16T22:48:58","date_gmt":"2019-04-16T20:48:58","guid":{"rendered":"http:\/\/192.168.1.104\/?page_id=1522"},"modified":"2019-12-02T09:38:25","modified_gmt":"2019-12-02T08:38:25","slug":"ondes-p-biphasiques","status":"publish","type":"page","link":"http:\/\/vet-ecg.ddns.net\/index.php\/ondes-p-biphasiques\/","title":{"rendered":"Ondes P biphasiques"},"content":{"rendered":"\n<figure class=\"wp-block-image\"><img loading=\"lazy\" decoding=\"async\" width=\"2856\" height=\"1965\" src=\"http:\/\/vet-ecg.ddns.net\/wp-content\/uploads\/P-diphasiques.jpg\" alt=\"Ondes P diphasiques\" class=\"wp-image-1523\"\/><figcaption>Ondes P biphasiques<\/figcaption><\/figure>\n\n\n<p>La bradyarythmie est prononc\u00e9e puisque la fr\u00e9quence varie sur ce trac\u00e9 de 50 \u00e0 90 bpm.<\/p>\n<p>L&rsquo;aspect des ondes est inhabituel, sauf en AVL, et peut faire douter de l&rsquo;origine sinusale de ces d\u00e9polarisations. Cependant l&rsquo;intervalle PR (80 ms), m\u00eame s&rsquo;il est court, compte-tenu de la fr\u00e9quence, est encore dans les normes.<\/p>\n<p>L&rsquo;intervalle QT (245 ms) s&rsquo;inscrit aussi dans les valeurs usuelles.<\/p>\n<p>On ne peut donc pas fournir une explication pr\u00e9cise de la morphologie des ondes P.<\/p>\n<p>L&rsquo;hypoth\u00e8se retenue est celle d&rsquo;un bloc inter-atrial qui pourrait expliquer que la d\u00e9polarisation de l&rsquo;atrium gauche se fasse de mani\u00e8re r\u00e9trograde.<\/p>\n<p>L&rsquo;\u00e9chocardiographie est normale et le chien est asymptomatique.<\/p>\n<p>\u00a0<\/p>","protected":false},"excerpt":{"rendered":"<p>La bradyarythmie est prononc\u00e9e puisque la fr\u00e9quence varie sur ce trac\u00e9 de 50 \u00e0 90 bpm. L&rsquo;aspect des ondes est inhabituel, sauf en AVL, et peut faire douter de l&rsquo;origine sinusale de ces d\u00e9polarisations. Cependant l&rsquo;intervalle PR (80 ms), m\u00eame s&rsquo;il est court, compte-tenu de la fr\u00e9quence, est encore dans les normes. L&rsquo;intervalle QT (245 &hellip; <a href=\"http:\/\/vet-ecg.ddns.net\/index.php\/ondes-p-biphasiques\/\" class=\"more-link\">Continuer la lecture de <span class=\"screen-reader-text\">Ondes P biphasiques<\/span><\/a><\/p>\n","protected":false},"author":1,"featured_media":0,"parent":0,"menu_order":0,"comment_status":"closed","ping_status":"closed","template":"","meta":{"footnotes":""},"class_list":["post-1522","page","type-page","status-publish","hentry"],"yoast_head":"<!-- This site is optimized with the Yoast SEO plugin v27.4 - https:\/\/yoast.com\/product\/yoast-seo-wordpress\/ -->\n<title>Ondes P biphasiques - Blog d&#039;\u00e9lectrocardiographie v\u00e9t\u00e9rinaire<\/title>\n<meta name=\"description\" content=\"curiosit\u00e9: Ondes P biphasiques. L&#039;\u00e9chocardiographie est normale. Ces ondes P biphasiques sont associ\u00e9es \u00e0 une bradyarythmie.\" \/>\n<meta name=\"robots\" content=\"index, follow, max-snippet:-1, max-image-preview:large, max-video-preview:-1\" \/>\n<link rel=\"canonical\" href=\"http:\/\/vet-ecg.ddns.net\/index.php\/ondes-p-biphasiques\/\" \/>\n<meta name=\"twitter:label1\" content=\"Dur\u00e9e de lecture estim\u00e9e\" \/>\n\t<meta name=\"twitter:data1\" content=\"1 minute\" \/>\n<script type=\"application\/ld+json\" class=\"yoast-schema-graph\">{\"@context\":\"https:\\\/\\\/schema.org\",\"@graph\":[{\"@type\":\"WebPage\",\"@id\":\"http:\\\/\\\/vet-ecg.ddns.net\\\/index.php\\\/ondes-p-biphasiques\\\/\",\"url\":\"http:\\\/\\\/vet-ecg.ddns.net\\\/index.php\\\/ondes-p-biphasiques\\\/\",\"name\":\"Ondes P biphasiques - Blog d&#039;\u00e9lectrocardiographie v\u00e9t\u00e9rinaire\",\"isPartOf\":{\"@id\":\"http:\\\/\\\/vet-ecg.ddns.net\\\/#website\"},\"primaryImageOfPage\":{\"@id\":\"http:\\\/\\\/vet-ecg.ddns.net\\\/index.php\\\/ondes-p-biphasiques\\\/#primaryimage\"},\"image\":{\"@id\":\"http:\\\/\\\/vet-ecg.ddns.net\\\/index.php\\\/ondes-p-biphasiques\\\/#primaryimage\"},\"thumbnailUrl\":\"http:\\\/\\\/vet-ecg.ddns.net\\\/wp-content\\\/uploads\\\/P-diphasiques.jpg\",\"datePublished\":\"2019-04-16T20:48:58+00:00\",\"dateModified\":\"2019-12-02T08:38:25+00:00\",\"description\":\"curiosit\u00e9: Ondes P biphasiques. L'\u00e9chocardiographie est normale. Ces ondes P biphasiques sont associ\u00e9es \u00e0 une bradyarythmie.\",\"breadcrumb\":{\"@id\":\"http:\\\/\\\/vet-ecg.ddns.net\\\/index.php\\\/ondes-p-biphasiques\\\/#breadcrumb\"},\"inLanguage\":\"fr-FR\",\"potentialAction\":[{\"@type\":\"ReadAction\",\"target\":[\"http:\\\/\\\/vet-ecg.ddns.net\\\/index.php\\\/ondes-p-biphasiques\\\/\"]}]},{\"@type\":\"ImageObject\",\"inLanguage\":\"fr-FR\",\"@id\":\"http:\\\/\\\/vet-ecg.ddns.net\\\/index.php\\\/ondes-p-biphasiques\\\/#primaryimage\",\"url\":\"http:\\\/\\\/vet-ecg.ddns.net\\\/wp-content\\\/uploads\\\/P-diphasiques.jpg\",\"contentUrl\":\"http:\\\/\\\/vet-ecg.ddns.net\\\/wp-content\\\/uploads\\\/P-diphasiques.jpg\",\"width\":2856,\"height\":1965},{\"@type\":\"BreadcrumbList\",\"@id\":\"http:\\\/\\\/vet-ecg.ddns.net\\\/index.php\\\/ondes-p-biphasiques\\\/#breadcrumb\",\"itemListElement\":[{\"@type\":\"ListItem\",\"position\":1,\"name\":\"Accueil\",\"item\":\"http:\\\/\\\/vet-ecg.ddns.net\\\/\"},{\"@type\":\"ListItem\",\"position\":2,\"name\":\"Ondes P biphasiques\"}]},{\"@type\":\"WebSite\",\"@id\":\"http:\\\/\\\/vet-ecg.ddns.net\\\/#website\",\"url\":\"http:\\\/\\\/vet-ecg.ddns.net\\\/\",\"name\":\"Blog d&#039;\u00e9lectrocardiographie v\u00e9t\u00e9rinaire\",\"description\":\"recueil d&#039;ECG de chiens et de chats\",\"publisher\":{\"@id\":\"http:\\\/\\\/vet-ecg.ddns.net\\\/#\\\/schema\\\/person\\\/fec4070a47e235fed904fab73cae00b4\"},\"alternateName\":\"\u00e9lectrocardiographie v\u00e9t\u00e9rinaire\",\"potentialAction\":[{\"@type\":\"SearchAction\",\"target\":{\"@type\":\"EntryPoint\",\"urlTemplate\":\"http:\\\/\\\/vet-ecg.ddns.net\\\/?s={search_term_string}\"},\"query-input\":{\"@type\":\"PropertyValueSpecification\",\"valueRequired\":true,\"valueName\":\"search_term_string\"}}],\"inLanguage\":\"fr-FR\"},{\"@type\":[\"Person\",\"Organization\"],\"@id\":\"http:\\\/\\\/vet-ecg.ddns.net\\\/#\\\/schema\\\/person\\\/fec4070a47e235fed904fab73cae00b4\",\"name\":\"admin\",\"image\":{\"@type\":\"ImageObject\",\"inLanguage\":\"fr-FR\",\"@id\":\"http:\\\/\\\/vet-ecg.ddns.net\\\/wp-content\\\/uploads\\\/2018\\\/04\\\/Zelda-2-ECG-248.jpg\",\"url\":\"http:\\\/\\\/vet-ecg.ddns.net\\\/wp-content\\\/uploads\\\/2018\\\/04\\\/Zelda-2-ECG-248.jpg\",\"contentUrl\":\"http:\\\/\\\/vet-ecg.ddns.net\\\/wp-content\\\/uploads\\\/2018\\\/04\\\/Zelda-2-ECG-248.jpg\",\"width\":248,\"height\":248,\"caption\":\"admin\"},\"logo\":{\"@id\":\"http:\\\/\\\/vet-ecg.ddns.net\\\/wp-content\\\/uploads\\\/2018\\\/04\\\/Zelda-2-ECG-248.jpg\"},\"description\":\"Les trac\u00e9s publi\u00e9s sur ce site sont issus de diff\u00e9rentes cliniques v\u00e9t\u00e9rinaires de Paris et de sa banlieue durant les 10 derni\u00e8res ann\u00e9es. Les ECG r\u00e9alis\u00e9s ont \u00e9t\u00e9 r\u00e9alis\u00e9s sur des chiens et des chats qui ont tous b\u00e9n\u00e9fici\u00e9 d'une \u00e9chocardiographie.\"}]}<\/script>\n<!-- \/ Yoast SEO plugin. -->","yoast_head_json":{"title":"Ondes P biphasiques - Blog d&#039;\u00e9lectrocardiographie v\u00e9t\u00e9rinaire","description":"curiosit\u00e9: Ondes P biphasiques. L'\u00e9chocardiographie est normale. Ces ondes P biphasiques sont associ\u00e9es \u00e0 une bradyarythmie.","robots":{"index":"index","follow":"follow","max-snippet":"max-snippet:-1","max-image-preview":"max-image-preview:large","max-video-preview":"max-video-preview:-1"},"canonical":"http:\/\/vet-ecg.ddns.net\/index.php\/ondes-p-biphasiques\/","twitter_misc":{"Dur\u00e9e de lecture estim\u00e9e":"1 minute"},"schema":{"@context":"https:\/\/schema.org","@graph":[{"@type":"WebPage","@id":"http:\/\/vet-ecg.ddns.net\/index.php\/ondes-p-biphasiques\/","url":"http:\/\/vet-ecg.ddns.net\/index.php\/ondes-p-biphasiques\/","name":"Ondes P biphasiques - Blog d&#039;\u00e9lectrocardiographie v\u00e9t\u00e9rinaire","isPartOf":{"@id":"http:\/\/vet-ecg.ddns.net\/#website"},"primaryImageOfPage":{"@id":"http:\/\/vet-ecg.ddns.net\/index.php\/ondes-p-biphasiques\/#primaryimage"},"image":{"@id":"http:\/\/vet-ecg.ddns.net\/index.php\/ondes-p-biphasiques\/#primaryimage"},"thumbnailUrl":"http:\/\/vet-ecg.ddns.net\/wp-content\/uploads\/P-diphasiques.jpg","datePublished":"2019-04-16T20:48:58+00:00","dateModified":"2019-12-02T08:38:25+00:00","description":"curiosit\u00e9: Ondes P biphasiques. L'\u00e9chocardiographie est normale. Ces ondes P biphasiques sont associ\u00e9es \u00e0 une bradyarythmie.","breadcrumb":{"@id":"http:\/\/vet-ecg.ddns.net\/index.php\/ondes-p-biphasiques\/#breadcrumb"},"inLanguage":"fr-FR","potentialAction":[{"@type":"ReadAction","target":["http:\/\/vet-ecg.ddns.net\/index.php\/ondes-p-biphasiques\/"]}]},{"@type":"ImageObject","inLanguage":"fr-FR","@id":"http:\/\/vet-ecg.ddns.net\/index.php\/ondes-p-biphasiques\/#primaryimage","url":"http:\/\/vet-ecg.ddns.net\/wp-content\/uploads\/P-diphasiques.jpg","contentUrl":"http:\/\/vet-ecg.ddns.net\/wp-content\/uploads\/P-diphasiques.jpg","width":2856,"height":1965},{"@type":"BreadcrumbList","@id":"http:\/\/vet-ecg.ddns.net\/index.php\/ondes-p-biphasiques\/#breadcrumb","itemListElement":[{"@type":"ListItem","position":1,"name":"Accueil","item":"http:\/\/vet-ecg.ddns.net\/"},{"@type":"ListItem","position":2,"name":"Ondes P biphasiques"}]},{"@type":"WebSite","@id":"http:\/\/vet-ecg.ddns.net\/#website","url":"http:\/\/vet-ecg.ddns.net\/","name":"Blog d&#039;\u00e9lectrocardiographie v\u00e9t\u00e9rinaire","description":"recueil d&#039;ECG de chiens et de chats","publisher":{"@id":"http:\/\/vet-ecg.ddns.net\/#\/schema\/person\/fec4070a47e235fed904fab73cae00b4"},"alternateName":"\u00e9lectrocardiographie v\u00e9t\u00e9rinaire","potentialAction":[{"@type":"SearchAction","target":{"@type":"EntryPoint","urlTemplate":"http:\/\/vet-ecg.ddns.net\/?s={search_term_string}"},"query-input":{"@type":"PropertyValueSpecification","valueRequired":true,"valueName":"search_term_string"}}],"inLanguage":"fr-FR"},{"@type":["Person","Organization"],"@id":"http:\/\/vet-ecg.ddns.net\/#\/schema\/person\/fec4070a47e235fed904fab73cae00b4","name":"admin","image":{"@type":"ImageObject","inLanguage":"fr-FR","@id":"http:\/\/vet-ecg.ddns.net\/wp-content\/uploads\/2018\/04\/Zelda-2-ECG-248.jpg","url":"http:\/\/vet-ecg.ddns.net\/wp-content\/uploads\/2018\/04\/Zelda-2-ECG-248.jpg","contentUrl":"http:\/\/vet-ecg.ddns.net\/wp-content\/uploads\/2018\/04\/Zelda-2-ECG-248.jpg","width":248,"height":248,"caption":"admin"},"logo":{"@id":"http:\/\/vet-ecg.ddns.net\/wp-content\/uploads\/2018\/04\/Zelda-2-ECG-248.jpg"},"description":"Les trac\u00e9s publi\u00e9s sur ce site sont issus de diff\u00e9rentes cliniques v\u00e9t\u00e9rinaires de Paris et de sa banlieue durant les 10 derni\u00e8res ann\u00e9es. Les ECG r\u00e9alis\u00e9s ont \u00e9t\u00e9 r\u00e9alis\u00e9s sur des chiens et des chats qui ont tous b\u00e9n\u00e9fici\u00e9 d'une \u00e9chocardiographie."}]}},"_links":{"self":[{"href":"http:\/\/vet-ecg.ddns.net\/index.php\/wp-json\/wp\/v2\/pages\/1522","targetHints":{"allow":["GET"]}}],"collection":[{"href":"http:\/\/vet-ecg.ddns.net\/index.php\/wp-json\/wp\/v2\/pages"}],"about":[{"href":"http:\/\/vet-ecg.ddns.net\/index.php\/wp-json\/wp\/v2\/types\/page"}],"author":[{"embeddable":true,"href":"http:\/\/vet-ecg.ddns.net\/index.php\/wp-json\/wp\/v2\/users\/1"}],"replies":[{"embeddable":true,"href":"http:\/\/vet-ecg.ddns.net\/index.php\/wp-json\/wp\/v2\/comments?post=1522"}],"version-history":[{"count":0,"href":"http:\/\/vet-ecg.ddns.net\/index.php\/wp-json\/wp\/v2\/pages\/1522\/revisions"}],"wp:attachment":[{"href":"http:\/\/vet-ecg.ddns.net\/index.php\/wp-json\/wp\/v2\/media?parent=1522"}],"curies":[{"name":"wp","href":"https:\/\/api.w.org\/{rel}","templated":true}]}}