{"id":1498,"date":"2019-04-14T17:48:04","date_gmt":"2019-04-14T15:48:04","guid":{"rendered":"http:\/\/192.168.1.104\/?page_id=1498"},"modified":"2019-05-12T10:00:18","modified_gmt":"2019-05-12T08:00:18","slug":"fibrillation-atriale-et-bloc-de-branche-droit-intermittent","status":"publish","type":"page","link":"http:\/\/vet-ecg.ddns.net\/index.php\/fibrillation-atriale-et-bloc-de-branche-droit-intermittent\/","title":{"rendered":"Fibrillation atriale et bloc de branche alternant"},"content":{"rendered":"\n<figure class=\"wp-block-image\"><img loading=\"lazy\" decoding=\"async\" width=\"2000\" height=\"1384\" src=\"http:\/\/vet-ecg.ddns.net\/wp-content\/uploads\/FA-BBalternant.jpg\" alt=\"Fibrillation atriale et bloc de branche alternant\" class=\"wp-image-1500\"\/><\/figure>\n\n\n\n<p>La fibrillation atriale est pr\u00e9sente sur tout le trac\u00e9. Les QRS sont larges mais une partie de ceux-ci a une polarit\u00e9 n\u00e9gative qui correspond \u00e0 un bloc de branche droit, les autres QRS dont la dur\u00e9e est identique a une polarit\u00e9 positive (bloc de branche gauche).<\/p>\n\n\n\n<p>Ce trac\u00e9 a \u00e9volu\u00e9 sur une tachycardie ventriculaire puis le rythme redevient sinusal (dernier trac\u00e9 de la page).<\/p>\n\n\n\n<figure class=\"wp-block-image\"><img loading=\"lazy\" decoding=\"async\" width=\"1275\" height=\"927\" src=\"http:\/\/vet-ecg.ddns.net\/wp-content\/uploads\/FA-TV.jpg\" alt=\"Tachycardie ventriculaire succ\u00e9dant \u00e0 une fibrillation atriale\" class=\"wp-image-1501\"\/><figcaption>Episode de tachycardie ventriculaire faisant suite \u00e0 la fibrillation atriale<\/figcaption><\/figure>\n\n\n\n<figure class=\"wp-block-image\"><img loading=\"lazy\" decoding=\"async\" width=\"1674\" height=\"1410\" src=\"http:\/\/vet-ecg.ddns.net\/wp-content\/uploads\/FA-TV-RS.jpg\" alt=\"restauration du rythme sinusal apr\u00e8s un \u00e9pisode de fibrillation atriale.\" class=\"wp-image-1502\"\/><figcaption>Restauration du rythme sinusal<\/figcaption><\/figure>\n\n\n\n<p><br><\/p>\n","protected":false},"excerpt":{"rendered":"<p>La fibrillation atriale est pr\u00e9sente sur tout le trac\u00e9. Les QRS sont larges mais une partie de ceux-ci a une polarit\u00e9 n\u00e9gative qui correspond \u00e0 un bloc de branche droit, les autres QRS dont la dur\u00e9e est identique a une polarit\u00e9 positive (bloc de branche gauche). Ce trac\u00e9 a \u00e9volu\u00e9 sur une tachycardie ventriculaire puis &hellip; <a href=\"http:\/\/vet-ecg.ddns.net\/index.php\/fibrillation-atriale-et-bloc-de-branche-droit-intermittent\/\" class=\"more-link\">Continuer la lecture de <span class=\"screen-reader-text\">Fibrillation atriale et bloc de branche alternant<\/span><\/a><\/p>\n","protected":false},"author":1,"featured_media":0,"parent":0,"menu_order":0,"comment_status":"closed","ping_status":"closed","template":"","meta":{"footnotes":""},"class_list":["post-1498","page","type-page","status-publish","hentry"],"yoast_head":"<!-- This site is optimized with the Yoast SEO plugin v27.4 - https:\/\/yoast.com\/product\/yoast-seo-wordpress\/ -->\n<title>Fibrillation atriale et bloc de branche alternant - Blog d&#039;\u00e9lectrocardiographie v\u00e9t\u00e9rinaire<\/title>\n<meta name=\"robots\" content=\"index, follow, max-snippet:-1, max-image-preview:large, max-video-preview:-1\" \/>\n<link rel=\"canonical\" href=\"http:\/\/vet-ecg.ddns.net\/index.php\/fibrillation-atriale-et-bloc-de-branche-droit-intermittent\/\" \/>\n<script type=\"application\/ld+json\" class=\"yoast-schema-graph\">{\"@context\":\"https:\\\/\\\/schema.org\",\"@graph\":[{\"@type\":\"WebPage\",\"@id\":\"http:\\\/\\\/vet-ecg.ddns.net\\\/index.php\\\/fibrillation-atriale-et-bloc-de-branche-droit-intermittent\\\/\",\"url\":\"http:\\\/\\\/vet-ecg.ddns.net\\\/index.php\\\/fibrillation-atriale-et-bloc-de-branche-droit-intermittent\\\/\",\"name\":\"Fibrillation atriale et bloc de branche alternant - Blog d&#039;\u00e9lectrocardiographie v\u00e9t\u00e9rinaire\",\"isPartOf\":{\"@id\":\"http:\\\/\\\/vet-ecg.ddns.net\\\/#website\"},\"primaryImageOfPage\":{\"@id\":\"http:\\\/\\\/vet-ecg.ddns.net\\\/index.php\\\/fibrillation-atriale-et-bloc-de-branche-droit-intermittent\\\/#primaryimage\"},\"image\":{\"@id\":\"http:\\\/\\\/vet-ecg.ddns.net\\\/index.php\\\/fibrillation-atriale-et-bloc-de-branche-droit-intermittent\\\/#primaryimage\"},\"thumbnailUrl\":\"http:\\\/\\\/vet-ecg.ddns.net\\\/wp-content\\\/uploads\\\/FA-BBalternant.jpg\",\"datePublished\":\"2019-04-14T15:48:04+00:00\",\"dateModified\":\"2019-05-12T08:00:18+00:00\",\"breadcrumb\":{\"@id\":\"http:\\\/\\\/vet-ecg.ddns.net\\\/index.php\\\/fibrillation-atriale-et-bloc-de-branche-droit-intermittent\\\/#breadcrumb\"},\"inLanguage\":\"fr-FR\",\"potentialAction\":[{\"@type\":\"ReadAction\",\"target\":[\"http:\\\/\\\/vet-ecg.ddns.net\\\/index.php\\\/fibrillation-atriale-et-bloc-de-branche-droit-intermittent\\\/\"]}]},{\"@type\":\"ImageObject\",\"inLanguage\":\"fr-FR\",\"@id\":\"http:\\\/\\\/vet-ecg.ddns.net\\\/index.php\\\/fibrillation-atriale-et-bloc-de-branche-droit-intermittent\\\/#primaryimage\",\"url\":\"http:\\\/\\\/vet-ecg.ddns.net\\\/wp-content\\\/uploads\\\/FA-BBalternant.jpg\",\"contentUrl\":\"http:\\\/\\\/vet-ecg.ddns.net\\\/wp-content\\\/uploads\\\/FA-BBalternant.jpg\",\"width\":2000,\"height\":1384},{\"@type\":\"BreadcrumbList\",\"@id\":\"http:\\\/\\\/vet-ecg.ddns.net\\\/index.php\\\/fibrillation-atriale-et-bloc-de-branche-droit-intermittent\\\/#breadcrumb\",\"itemListElement\":[{\"@type\":\"ListItem\",\"position\":1,\"name\":\"Accueil\",\"item\":\"http:\\\/\\\/vet-ecg.ddns.net\\\/\"},{\"@type\":\"ListItem\",\"position\":2,\"name\":\"Fibrillation atriale et bloc de branche alternant\"}]},{\"@type\":\"WebSite\",\"@id\":\"http:\\\/\\\/vet-ecg.ddns.net\\\/#website\",\"url\":\"http:\\\/\\\/vet-ecg.ddns.net\\\/\",\"name\":\"Blog d&#039;\u00e9lectrocardiographie v\u00e9t\u00e9rinaire\",\"description\":\"recueil d&#039;ECG de chiens et de chats\",\"publisher\":{\"@id\":\"http:\\\/\\\/vet-ecg.ddns.net\\\/#\\\/schema\\\/person\\\/fec4070a47e235fed904fab73cae00b4\"},\"alternateName\":\"\u00e9lectrocardiographie v\u00e9t\u00e9rinaire\",\"potentialAction\":[{\"@type\":\"SearchAction\",\"target\":{\"@type\":\"EntryPoint\",\"urlTemplate\":\"http:\\\/\\\/vet-ecg.ddns.net\\\/?s={search_term_string}\"},\"query-input\":{\"@type\":\"PropertyValueSpecification\",\"valueRequired\":true,\"valueName\":\"search_term_string\"}}],\"inLanguage\":\"fr-FR\"},{\"@type\":[\"Person\",\"Organization\"],\"@id\":\"http:\\\/\\\/vet-ecg.ddns.net\\\/#\\\/schema\\\/person\\\/fec4070a47e235fed904fab73cae00b4\",\"name\":\"admin\",\"image\":{\"@type\":\"ImageObject\",\"inLanguage\":\"fr-FR\",\"@id\":\"http:\\\/\\\/vet-ecg.ddns.net\\\/wp-content\\\/uploads\\\/2018\\\/04\\\/Zelda-2-ECG-248.jpg\",\"url\":\"http:\\\/\\\/vet-ecg.ddns.net\\\/wp-content\\\/uploads\\\/2018\\\/04\\\/Zelda-2-ECG-248.jpg\",\"contentUrl\":\"http:\\\/\\\/vet-ecg.ddns.net\\\/wp-content\\\/uploads\\\/2018\\\/04\\\/Zelda-2-ECG-248.jpg\",\"width\":248,\"height\":248,\"caption\":\"admin\"},\"logo\":{\"@id\":\"http:\\\/\\\/vet-ecg.ddns.net\\\/wp-content\\\/uploads\\\/2018\\\/04\\\/Zelda-2-ECG-248.jpg\"},\"description\":\"Les trac\u00e9s publi\u00e9s sur ce site sont issus de diff\u00e9rentes cliniques v\u00e9t\u00e9rinaires de Paris et de sa banlieue durant les 10 derni\u00e8res ann\u00e9es. Les ECG r\u00e9alis\u00e9s ont \u00e9t\u00e9 r\u00e9alis\u00e9s sur des chiens et des chats qui ont tous b\u00e9n\u00e9fici\u00e9 d'une \u00e9chocardiographie.\"}]}<\/script>\n<!-- \/ Yoast SEO plugin. -->","yoast_head_json":{"title":"Fibrillation atriale et bloc de branche alternant - Blog d&#039;\u00e9lectrocardiographie v\u00e9t\u00e9rinaire","robots":{"index":"index","follow":"follow","max-snippet":"max-snippet:-1","max-image-preview":"max-image-preview:large","max-video-preview":"max-video-preview:-1"},"canonical":"http:\/\/vet-ecg.ddns.net\/index.php\/fibrillation-atriale-et-bloc-de-branche-droit-intermittent\/","schema":{"@context":"https:\/\/schema.org","@graph":[{"@type":"WebPage","@id":"http:\/\/vet-ecg.ddns.net\/index.php\/fibrillation-atriale-et-bloc-de-branche-droit-intermittent\/","url":"http:\/\/vet-ecg.ddns.net\/index.php\/fibrillation-atriale-et-bloc-de-branche-droit-intermittent\/","name":"Fibrillation atriale et bloc de branche alternant - Blog d&#039;\u00e9lectrocardiographie v\u00e9t\u00e9rinaire","isPartOf":{"@id":"http:\/\/vet-ecg.ddns.net\/#website"},"primaryImageOfPage":{"@id":"http:\/\/vet-ecg.ddns.net\/index.php\/fibrillation-atriale-et-bloc-de-branche-droit-intermittent\/#primaryimage"},"image":{"@id":"http:\/\/vet-ecg.ddns.net\/index.php\/fibrillation-atriale-et-bloc-de-branche-droit-intermittent\/#primaryimage"},"thumbnailUrl":"http:\/\/vet-ecg.ddns.net\/wp-content\/uploads\/FA-BBalternant.jpg","datePublished":"2019-04-14T15:48:04+00:00","dateModified":"2019-05-12T08:00:18+00:00","breadcrumb":{"@id":"http:\/\/vet-ecg.ddns.net\/index.php\/fibrillation-atriale-et-bloc-de-branche-droit-intermittent\/#breadcrumb"},"inLanguage":"fr-FR","potentialAction":[{"@type":"ReadAction","target":["http:\/\/vet-ecg.ddns.net\/index.php\/fibrillation-atriale-et-bloc-de-branche-droit-intermittent\/"]}]},{"@type":"ImageObject","inLanguage":"fr-FR","@id":"http:\/\/vet-ecg.ddns.net\/index.php\/fibrillation-atriale-et-bloc-de-branche-droit-intermittent\/#primaryimage","url":"http:\/\/vet-ecg.ddns.net\/wp-content\/uploads\/FA-BBalternant.jpg","contentUrl":"http:\/\/vet-ecg.ddns.net\/wp-content\/uploads\/FA-BBalternant.jpg","width":2000,"height":1384},{"@type":"BreadcrumbList","@id":"http:\/\/vet-ecg.ddns.net\/index.php\/fibrillation-atriale-et-bloc-de-branche-droit-intermittent\/#breadcrumb","itemListElement":[{"@type":"ListItem","position":1,"name":"Accueil","item":"http:\/\/vet-ecg.ddns.net\/"},{"@type":"ListItem","position":2,"name":"Fibrillation atriale et bloc de branche alternant"}]},{"@type":"WebSite","@id":"http:\/\/vet-ecg.ddns.net\/#website","url":"http:\/\/vet-ecg.ddns.net\/","name":"Blog d&#039;\u00e9lectrocardiographie v\u00e9t\u00e9rinaire","description":"recueil d&#039;ECG de chiens et de chats","publisher":{"@id":"http:\/\/vet-ecg.ddns.net\/#\/schema\/person\/fec4070a47e235fed904fab73cae00b4"},"alternateName":"\u00e9lectrocardiographie v\u00e9t\u00e9rinaire","potentialAction":[{"@type":"SearchAction","target":{"@type":"EntryPoint","urlTemplate":"http:\/\/vet-ecg.ddns.net\/?s={search_term_string}"},"query-input":{"@type":"PropertyValueSpecification","valueRequired":true,"valueName":"search_term_string"}}],"inLanguage":"fr-FR"},{"@type":["Person","Organization"],"@id":"http:\/\/vet-ecg.ddns.net\/#\/schema\/person\/fec4070a47e235fed904fab73cae00b4","name":"admin","image":{"@type":"ImageObject","inLanguage":"fr-FR","@id":"http:\/\/vet-ecg.ddns.net\/wp-content\/uploads\/2018\/04\/Zelda-2-ECG-248.jpg","url":"http:\/\/vet-ecg.ddns.net\/wp-content\/uploads\/2018\/04\/Zelda-2-ECG-248.jpg","contentUrl":"http:\/\/vet-ecg.ddns.net\/wp-content\/uploads\/2018\/04\/Zelda-2-ECG-248.jpg","width":248,"height":248,"caption":"admin"},"logo":{"@id":"http:\/\/vet-ecg.ddns.net\/wp-content\/uploads\/2018\/04\/Zelda-2-ECG-248.jpg"},"description":"Les trac\u00e9s publi\u00e9s sur ce site sont issus de diff\u00e9rentes cliniques v\u00e9t\u00e9rinaires de Paris et de sa banlieue durant les 10 derni\u00e8res ann\u00e9es. Les ECG r\u00e9alis\u00e9s ont \u00e9t\u00e9 r\u00e9alis\u00e9s sur des chiens et des chats qui ont tous b\u00e9n\u00e9fici\u00e9 d'une \u00e9chocardiographie."}]}},"_links":{"self":[{"href":"http:\/\/vet-ecg.ddns.net\/index.php\/wp-json\/wp\/v2\/pages\/1498","targetHints":{"allow":["GET"]}}],"collection":[{"href":"http:\/\/vet-ecg.ddns.net\/index.php\/wp-json\/wp\/v2\/pages"}],"about":[{"href":"http:\/\/vet-ecg.ddns.net\/index.php\/wp-json\/wp\/v2\/types\/page"}],"author":[{"embeddable":true,"href":"http:\/\/vet-ecg.ddns.net\/index.php\/wp-json\/wp\/v2\/users\/1"}],"replies":[{"embeddable":true,"href":"http:\/\/vet-ecg.ddns.net\/index.php\/wp-json\/wp\/v2\/comments?post=1498"}],"version-history":[{"count":0,"href":"http:\/\/vet-ecg.ddns.net\/index.php\/wp-json\/wp\/v2\/pages\/1498\/revisions"}],"wp:attachment":[{"href":"http:\/\/vet-ecg.ddns.net\/index.php\/wp-json\/wp\/v2\/media?parent=1498"}],"curies":[{"name":"wp","href":"https:\/\/api.w.org\/{rel}","templated":true}]}}