{"id":1483,"date":"2019-04-14T13:07:37","date_gmt":"2019-04-14T11:07:37","guid":{"rendered":"http:\/\/192.168.1.104\/?page_id=1483"},"modified":"2019-11-08T09:30:34","modified_gmt":"2019-11-08T08:30:34","slug":"bav2-mobitz-1","status":"publish","type":"page","link":"http:\/\/vet-ecg.ddns.net\/index.php\/bav2-mobitz-1\/","title":{"rendered":"BAV2-M\u00f6bitz-1"},"content":{"rendered":"\n<figure class=\"wp-block-image\"><img loading=\"lazy\" decoding=\"async\" width=\"6297\" height=\"814\" src=\"http:\/\/vet-ecg.ddns.net\/wp-content\/uploads\/bav2-Mobitz1-5.jpg\" alt=\"BAV2-M\u00f6bitz-1\" class=\"wp-image-1709\"\/><figcaption>BAV2-M\u00f6bitz-1<\/figcaption><\/figure>\n\n\n\n<figure class=\"wp-block-image\"><img loading=\"lazy\" decoding=\"async\" width=\"1887\" height=\"504\" src=\"http:\/\/vet-ecg.ddns.net\/wp-content\/uploads\/bav2-Mobitz1-bis.jpg\" alt=\"Allongement progressif de l'intervalle RR jusqu'au blocage d'une onde P.\" class=\"wp-image-1705\"\/><figcaption>Allongement de l&rsquo;intervalle PR jusqu&rsquo;au blocage d&rsquo;une onde P<\/figcaption><\/figure>\n\n\n\n<p>Sur la photo du haut on remarque quelques intervalles RR longs. Leur dur\u00e9e vaut approximativement le double de celles des intervalles RR courts.<\/p>\n\n\n\n<p>Entre ces intervalles RR longs, on visualise syst\u00e9matiquement 2 ondes P, et on note l&rsquo;absence de QRS apr\u00e8s la premi\u00e8re de ces ondes P.<\/p>\n\n\n\n<p>Par ailleurs, une lecture attentive de ce trac\u00e9 montre que la dur\u00e9e des intervalles PR , s&rsquo;accroit progressivement jusqu&rsquo;\u00e0 ce qu&rsquo;une onde P (et une seule) soit bloqu\u00e9e.<\/p>\n\n\n\n<p>L&rsquo; allongement progressif de l&rsquo;intervalle PR avant le blocage de l&rsquo;onde P est caract\u00e9ristique des BAV2 de type M\u00f6bitz-1.<\/p>\n\n\n\n<p>Ce type de bloc atrio-ventriculaire du 2e degr\u00e9 est peu fr\u00e9quent.<\/p>\n\n\n\n<p>Ce rythme est aussi appel\u00e9:  P\u00e9riodes de Luciani-Wenckebach. Ces p\u00e9riodes correspondent au nombre d&rsquo;ondes P conduites compar\u00e9 au nombre de QRS.<\/p>\n\n\n\n<p>Ici, on est en pr\u00e9sence de p\u00e9riodes de type:  4:3 (4 ondes P pour 3 QRS) .<\/p>\n\n\n\n<p>On rencontre parfois des p\u00e9riodes variables sur un m\u00eame trac\u00e9.<\/p>\n\n\n\n<p><\/p>\n","protected":false},"excerpt":{"rendered":"<p>Sur la photo du haut on remarque quelques intervalles RR longs. Leur dur\u00e9e vaut approximativement le double de celles des intervalles RR courts. Entre ces intervalles RR longs, on visualise syst\u00e9matiquement 2 ondes P, et on note l&rsquo;absence de QRS apr\u00e8s la premi\u00e8re de ces ondes P. Par ailleurs, une lecture attentive de ce trac\u00e9 &hellip; <a href=\"http:\/\/vet-ecg.ddns.net\/index.php\/bav2-mobitz-1\/\" class=\"more-link\">Continuer la lecture de <span class=\"screen-reader-text\">BAV2-M\u00f6bitz-1<\/span><\/a><\/p>\n","protected":false},"author":1,"featured_media":0,"parent":0,"menu_order":0,"comment_status":"closed","ping_status":"closed","template":"","meta":{"footnotes":""},"class_list":["post-1483","page","type-page","status-publish","hentry"],"yoast_head":"<!-- This site is optimized with the Yoast SEO plugin v27.4 - https:\/\/yoast.com\/product\/yoast-seo-wordpress\/ -->\n<title>BAV2-M\u00f6bitz-1 - Blog d&#039;\u00e9lectrocardiographie v\u00e9t\u00e9rinaire<\/title>\n<meta name=\"description\" content=\"BAV du 2e degr\u00e9 de type M\u00f6bitz1 , ou p\u00e9riodes de Luciani-Wenckebach. Allongement progressif de PR jusqu&#039;\u00e0 une onde P bloqu\u00e9e (et une seule).\" \/>\n<meta name=\"robots\" content=\"index, follow, max-snippet:-1, max-image-preview:large, max-video-preview:-1\" \/>\n<link rel=\"canonical\" href=\"http:\/\/vet-ecg.ddns.net\/index.php\/bav2-mobitz-1\/\" \/>\n<meta name=\"twitter:label1\" content=\"Dur\u00e9e de lecture estim\u00e9e\" \/>\n\t<meta name=\"twitter:data1\" content=\"1 minute\" \/>\n<script type=\"application\/ld+json\" class=\"yoast-schema-graph\">{\"@context\":\"https:\\\/\\\/schema.org\",\"@graph\":[{\"@type\":\"WebPage\",\"@id\":\"http:\\\/\\\/vet-ecg.ddns.net\\\/index.php\\\/bav2-mobitz-1\\\/\",\"url\":\"http:\\\/\\\/vet-ecg.ddns.net\\\/index.php\\\/bav2-mobitz-1\\\/\",\"name\":\"BAV2-M\u00f6bitz-1 - Blog d&#039;\u00e9lectrocardiographie v\u00e9t\u00e9rinaire\",\"isPartOf\":{\"@id\":\"http:\\\/\\\/vet-ecg.ddns.net\\\/#website\"},\"primaryImageOfPage\":{\"@id\":\"http:\\\/\\\/vet-ecg.ddns.net\\\/index.php\\\/bav2-mobitz-1\\\/#primaryimage\"},\"image\":{\"@id\":\"http:\\\/\\\/vet-ecg.ddns.net\\\/index.php\\\/bav2-mobitz-1\\\/#primaryimage\"},\"thumbnailUrl\":\"http:\\\/\\\/vet-ecg.ddns.net\\\/wp-content\\\/uploads\\\/bav2-Mobitz1-5.jpg\",\"datePublished\":\"2019-04-14T11:07:37+00:00\",\"dateModified\":\"2019-11-08T08:30:34+00:00\",\"description\":\"BAV du 2e degr\u00e9 de type M\u00f6bitz1 , ou p\u00e9riodes de Luciani-Wenckebach. Allongement progressif de PR jusqu'\u00e0 une onde P bloqu\u00e9e (et une seule).\",\"breadcrumb\":{\"@id\":\"http:\\\/\\\/vet-ecg.ddns.net\\\/index.php\\\/bav2-mobitz-1\\\/#breadcrumb\"},\"inLanguage\":\"fr-FR\",\"potentialAction\":[{\"@type\":\"ReadAction\",\"target\":[\"http:\\\/\\\/vet-ecg.ddns.net\\\/index.php\\\/bav2-mobitz-1\\\/\"]}]},{\"@type\":\"ImageObject\",\"inLanguage\":\"fr-FR\",\"@id\":\"http:\\\/\\\/vet-ecg.ddns.net\\\/index.php\\\/bav2-mobitz-1\\\/#primaryimage\",\"url\":\"http:\\\/\\\/vet-ecg.ddns.net\\\/wp-content\\\/uploads\\\/bav2-Mobitz1-5.jpg\",\"contentUrl\":\"http:\\\/\\\/vet-ecg.ddns.net\\\/wp-content\\\/uploads\\\/bav2-Mobitz1-5.jpg\",\"width\":6297,\"height\":814},{\"@type\":\"BreadcrumbList\",\"@id\":\"http:\\\/\\\/vet-ecg.ddns.net\\\/index.php\\\/bav2-mobitz-1\\\/#breadcrumb\",\"itemListElement\":[{\"@type\":\"ListItem\",\"position\":1,\"name\":\"Accueil\",\"item\":\"http:\\\/\\\/vet-ecg.ddns.net\\\/\"},{\"@type\":\"ListItem\",\"position\":2,\"name\":\"BAV2-M\u00f6bitz-1\"}]},{\"@type\":\"WebSite\",\"@id\":\"http:\\\/\\\/vet-ecg.ddns.net\\\/#website\",\"url\":\"http:\\\/\\\/vet-ecg.ddns.net\\\/\",\"name\":\"Blog d&#039;\u00e9lectrocardiographie v\u00e9t\u00e9rinaire\",\"description\":\"recueil d&#039;ECG de chiens et de chats\",\"publisher\":{\"@id\":\"http:\\\/\\\/vet-ecg.ddns.net\\\/#\\\/schema\\\/person\\\/fec4070a47e235fed904fab73cae00b4\"},\"alternateName\":\"\u00e9lectrocardiographie v\u00e9t\u00e9rinaire\",\"potentialAction\":[{\"@type\":\"SearchAction\",\"target\":{\"@type\":\"EntryPoint\",\"urlTemplate\":\"http:\\\/\\\/vet-ecg.ddns.net\\\/?s={search_term_string}\"},\"query-input\":{\"@type\":\"PropertyValueSpecification\",\"valueRequired\":true,\"valueName\":\"search_term_string\"}}],\"inLanguage\":\"fr-FR\"},{\"@type\":[\"Person\",\"Organization\"],\"@id\":\"http:\\\/\\\/vet-ecg.ddns.net\\\/#\\\/schema\\\/person\\\/fec4070a47e235fed904fab73cae00b4\",\"name\":\"admin\",\"image\":{\"@type\":\"ImageObject\",\"inLanguage\":\"fr-FR\",\"@id\":\"http:\\\/\\\/vet-ecg.ddns.net\\\/wp-content\\\/uploads\\\/2018\\\/04\\\/Zelda-2-ECG-248.jpg\",\"url\":\"http:\\\/\\\/vet-ecg.ddns.net\\\/wp-content\\\/uploads\\\/2018\\\/04\\\/Zelda-2-ECG-248.jpg\",\"contentUrl\":\"http:\\\/\\\/vet-ecg.ddns.net\\\/wp-content\\\/uploads\\\/2018\\\/04\\\/Zelda-2-ECG-248.jpg\",\"width\":248,\"height\":248,\"caption\":\"admin\"},\"logo\":{\"@id\":\"http:\\\/\\\/vet-ecg.ddns.net\\\/wp-content\\\/uploads\\\/2018\\\/04\\\/Zelda-2-ECG-248.jpg\"},\"description\":\"Les trac\u00e9s publi\u00e9s sur ce site sont issus de diff\u00e9rentes cliniques v\u00e9t\u00e9rinaires de Paris et de sa banlieue durant les 10 derni\u00e8res ann\u00e9es. Les ECG r\u00e9alis\u00e9s ont \u00e9t\u00e9 r\u00e9alis\u00e9s sur des chiens et des chats qui ont tous b\u00e9n\u00e9fici\u00e9 d'une \u00e9chocardiographie.\"}]}<\/script>\n<!-- \/ Yoast SEO plugin. -->","yoast_head_json":{"title":"BAV2-M\u00f6bitz-1 - Blog d&#039;\u00e9lectrocardiographie v\u00e9t\u00e9rinaire","description":"BAV du 2e degr\u00e9 de type M\u00f6bitz1 , ou p\u00e9riodes de Luciani-Wenckebach. Allongement progressif de PR jusqu'\u00e0 une onde P bloqu\u00e9e (et une seule).","robots":{"index":"index","follow":"follow","max-snippet":"max-snippet:-1","max-image-preview":"max-image-preview:large","max-video-preview":"max-video-preview:-1"},"canonical":"http:\/\/vet-ecg.ddns.net\/index.php\/bav2-mobitz-1\/","twitter_misc":{"Dur\u00e9e de lecture estim\u00e9e":"1 minute"},"schema":{"@context":"https:\/\/schema.org","@graph":[{"@type":"WebPage","@id":"http:\/\/vet-ecg.ddns.net\/index.php\/bav2-mobitz-1\/","url":"http:\/\/vet-ecg.ddns.net\/index.php\/bav2-mobitz-1\/","name":"BAV2-M\u00f6bitz-1 - Blog d&#039;\u00e9lectrocardiographie v\u00e9t\u00e9rinaire","isPartOf":{"@id":"http:\/\/vet-ecg.ddns.net\/#website"},"primaryImageOfPage":{"@id":"http:\/\/vet-ecg.ddns.net\/index.php\/bav2-mobitz-1\/#primaryimage"},"image":{"@id":"http:\/\/vet-ecg.ddns.net\/index.php\/bav2-mobitz-1\/#primaryimage"},"thumbnailUrl":"http:\/\/vet-ecg.ddns.net\/wp-content\/uploads\/bav2-Mobitz1-5.jpg","datePublished":"2019-04-14T11:07:37+00:00","dateModified":"2019-11-08T08:30:34+00:00","description":"BAV du 2e degr\u00e9 de type M\u00f6bitz1 , ou p\u00e9riodes de Luciani-Wenckebach. Allongement progressif de PR jusqu'\u00e0 une onde P bloqu\u00e9e (et une seule).","breadcrumb":{"@id":"http:\/\/vet-ecg.ddns.net\/index.php\/bav2-mobitz-1\/#breadcrumb"},"inLanguage":"fr-FR","potentialAction":[{"@type":"ReadAction","target":["http:\/\/vet-ecg.ddns.net\/index.php\/bav2-mobitz-1\/"]}]},{"@type":"ImageObject","inLanguage":"fr-FR","@id":"http:\/\/vet-ecg.ddns.net\/index.php\/bav2-mobitz-1\/#primaryimage","url":"http:\/\/vet-ecg.ddns.net\/wp-content\/uploads\/bav2-Mobitz1-5.jpg","contentUrl":"http:\/\/vet-ecg.ddns.net\/wp-content\/uploads\/bav2-Mobitz1-5.jpg","width":6297,"height":814},{"@type":"BreadcrumbList","@id":"http:\/\/vet-ecg.ddns.net\/index.php\/bav2-mobitz-1\/#breadcrumb","itemListElement":[{"@type":"ListItem","position":1,"name":"Accueil","item":"http:\/\/vet-ecg.ddns.net\/"},{"@type":"ListItem","position":2,"name":"BAV2-M\u00f6bitz-1"}]},{"@type":"WebSite","@id":"http:\/\/vet-ecg.ddns.net\/#website","url":"http:\/\/vet-ecg.ddns.net\/","name":"Blog d&#039;\u00e9lectrocardiographie v\u00e9t\u00e9rinaire","description":"recueil d&#039;ECG de chiens et de chats","publisher":{"@id":"http:\/\/vet-ecg.ddns.net\/#\/schema\/person\/fec4070a47e235fed904fab73cae00b4"},"alternateName":"\u00e9lectrocardiographie v\u00e9t\u00e9rinaire","potentialAction":[{"@type":"SearchAction","target":{"@type":"EntryPoint","urlTemplate":"http:\/\/vet-ecg.ddns.net\/?s={search_term_string}"},"query-input":{"@type":"PropertyValueSpecification","valueRequired":true,"valueName":"search_term_string"}}],"inLanguage":"fr-FR"},{"@type":["Person","Organization"],"@id":"http:\/\/vet-ecg.ddns.net\/#\/schema\/person\/fec4070a47e235fed904fab73cae00b4","name":"admin","image":{"@type":"ImageObject","inLanguage":"fr-FR","@id":"http:\/\/vet-ecg.ddns.net\/wp-content\/uploads\/2018\/04\/Zelda-2-ECG-248.jpg","url":"http:\/\/vet-ecg.ddns.net\/wp-content\/uploads\/2018\/04\/Zelda-2-ECG-248.jpg","contentUrl":"http:\/\/vet-ecg.ddns.net\/wp-content\/uploads\/2018\/04\/Zelda-2-ECG-248.jpg","width":248,"height":248,"caption":"admin"},"logo":{"@id":"http:\/\/vet-ecg.ddns.net\/wp-content\/uploads\/2018\/04\/Zelda-2-ECG-248.jpg"},"description":"Les trac\u00e9s publi\u00e9s sur ce site sont issus de diff\u00e9rentes cliniques v\u00e9t\u00e9rinaires de Paris et de sa banlieue durant les 10 derni\u00e8res ann\u00e9es. Les ECG r\u00e9alis\u00e9s ont \u00e9t\u00e9 r\u00e9alis\u00e9s sur des chiens et des chats qui ont tous b\u00e9n\u00e9fici\u00e9 d'une \u00e9chocardiographie."}]}},"_links":{"self":[{"href":"http:\/\/vet-ecg.ddns.net\/index.php\/wp-json\/wp\/v2\/pages\/1483","targetHints":{"allow":["GET"]}}],"collection":[{"href":"http:\/\/vet-ecg.ddns.net\/index.php\/wp-json\/wp\/v2\/pages"}],"about":[{"href":"http:\/\/vet-ecg.ddns.net\/index.php\/wp-json\/wp\/v2\/types\/page"}],"author":[{"embeddable":true,"href":"http:\/\/vet-ecg.ddns.net\/index.php\/wp-json\/wp\/v2\/users\/1"}],"replies":[{"embeddable":true,"href":"http:\/\/vet-ecg.ddns.net\/index.php\/wp-json\/wp\/v2\/comments?post=1483"}],"version-history":[{"count":0,"href":"http:\/\/vet-ecg.ddns.net\/index.php\/wp-json\/wp\/v2\/pages\/1483\/revisions"}],"wp:attachment":[{"href":"http:\/\/vet-ecg.ddns.net\/index.php\/wp-json\/wp\/v2\/media?parent=1483"}],"curies":[{"name":"wp","href":"https:\/\/api.w.org\/{rel}","templated":true}]}}