{"id":1455,"date":"2019-04-07T12:52:30","date_gmt":"2019-04-07T10:52:30","guid":{"rendered":"http:\/\/192.168.1.104\/?page_id=1455"},"modified":"2019-11-04T10:35:51","modified_gmt":"2019-11-04T09:35:51","slug":"doublet-dextrasystoles-ventriculaires","status":"publish","type":"page","link":"http:\/\/vet-ecg.ddns.net\/index.php\/doublet-dextrasystoles-ventriculaires\/","title":{"rendered":"ESV-doublets"},"content":{"rendered":"\n<figure class=\"wp-block-image\"><img loading=\"lazy\" decoding=\"async\" width=\"2000\" height=\"2487\" src=\"http:\/\/vet-ecg.ddns.net\/wp-content\/uploads\/esv-doublet-2.jpg\" alt=\"Doublet d'ESV pr\u00e9c\u00e9d\u00e9 et suivi d'un complexe de fusion \" class=\"wp-image-1456\"\/><figcaption>Rythme sinusal \u00e0 150 bpm avec BAV1 et doublet d&rsquo;ESV<br><br><\/figcaption><\/figure>\n\n\n\n<p>Les deux complexes hypervolt\u00e9s, visibles en milieu de trac\u00e9 sont 2 extrasystoles ventriculaires cons\u00e9cutives. On parle dans ce cas de doublet d&rsquo; extrasystoles ventriculaires.   <\/p>\n\n\n\n<p>On remarque, par ailleurs, que ce doublet est pr\u00e9c\u00e9d\u00e9 et suivi d&rsquo;un  complexe de morphologie interm\u00e9diaire (\u00e9largi mais normovolt\u00e9). Il s&rsquo;agit d&rsquo;une aberration ventriculaire qui donne \u00e0 ces complexes une allure de bloc de branche gauche.<\/p>\n\n\n\n<p>Il existe, d&rsquo;autre part, un bloc atrioventriculaire du 1er degr\u00e9 (intervalle PR = 140 ms).<\/p>\n\n\n\n<p>Cet animal pr\u00e9sente donc simultan\u00e9ment un trouble de la conduction et un trouble de l&rsquo;excitabilit\u00e9.<\/p>\n","protected":false},"excerpt":{"rendered":"<p>Les deux complexes hypervolt\u00e9s, visibles en milieu de trac\u00e9 sont 2 extrasystoles ventriculaires cons\u00e9cutives. On parle dans ce cas de doublet d&rsquo; extrasystoles ventriculaires. On remarque, par ailleurs, que ce doublet est pr\u00e9c\u00e9d\u00e9 et suivi d&rsquo;un complexe de morphologie interm\u00e9diaire (\u00e9largi mais normovolt\u00e9). Il s&rsquo;agit d&rsquo;une aberration ventriculaire qui donne \u00e0 ces complexes une allure &hellip; <a href=\"http:\/\/vet-ecg.ddns.net\/index.php\/doublet-dextrasystoles-ventriculaires\/\" class=\"more-link\">Continuer la lecture de <span class=\"screen-reader-text\">ESV-doublets<\/span><\/a><\/p>\n","protected":false},"author":1,"featured_media":0,"parent":0,"menu_order":0,"comment_status":"closed","ping_status":"closed","template":"","meta":{"footnotes":""},"class_list":["post-1455","page","type-page","status-publish","hentry"],"yoast_head":"<!-- This site is optimized with the Yoast SEO plugin v27.4 - https:\/\/yoast.com\/product\/yoast-seo-wordpress\/ -->\n<title>ESV-doublets - Blog d&#039;\u00e9lectrocardiographie v\u00e9t\u00e9rinaire<\/title>\n<meta name=\"description\" content=\"Doublet d&#039;extrasystoles ventriculaires: Ce trouble du rythme caract\u00e9ris\u00e9 par 2 ectopies cons\u00e9cutives peut \u00e9voluer vers une tachycardie ventriculaire.\" \/>\n<meta name=\"robots\" content=\"index, follow, max-snippet:-1, max-image-preview:large, max-video-preview:-1\" \/>\n<link rel=\"canonical\" href=\"http:\/\/vet-ecg.ddns.net\/index.php\/doublet-dextrasystoles-ventriculaires\/\" \/>\n<meta name=\"twitter:label1\" content=\"Dur\u00e9e de lecture estim\u00e9e\" \/>\n\t<meta name=\"twitter:data1\" content=\"1 minute\" \/>\n<script type=\"application\/ld+json\" class=\"yoast-schema-graph\">{\"@context\":\"https:\\\/\\\/schema.org\",\"@graph\":[{\"@type\":\"WebPage\",\"@id\":\"http:\\\/\\\/vet-ecg.ddns.net\\\/index.php\\\/doublet-dextrasystoles-ventriculaires\\\/\",\"url\":\"http:\\\/\\\/vet-ecg.ddns.net\\\/index.php\\\/doublet-dextrasystoles-ventriculaires\\\/\",\"name\":\"ESV-doublets - Blog d&#039;\u00e9lectrocardiographie v\u00e9t\u00e9rinaire\",\"isPartOf\":{\"@id\":\"http:\\\/\\\/vet-ecg.ddns.net\\\/#website\"},\"primaryImageOfPage\":{\"@id\":\"http:\\\/\\\/vet-ecg.ddns.net\\\/index.php\\\/doublet-dextrasystoles-ventriculaires\\\/#primaryimage\"},\"image\":{\"@id\":\"http:\\\/\\\/vet-ecg.ddns.net\\\/index.php\\\/doublet-dextrasystoles-ventriculaires\\\/#primaryimage\"},\"thumbnailUrl\":\"http:\\\/\\\/vet-ecg.ddns.net\\\/wp-content\\\/uploads\\\/esv-doublet-2.jpg\",\"datePublished\":\"2019-04-07T10:52:30+00:00\",\"dateModified\":\"2019-11-04T09:35:51+00:00\",\"description\":\"Doublet d'extrasystoles ventriculaires: Ce trouble du rythme caract\u00e9ris\u00e9 par 2 ectopies cons\u00e9cutives peut \u00e9voluer vers une tachycardie ventriculaire.\",\"breadcrumb\":{\"@id\":\"http:\\\/\\\/vet-ecg.ddns.net\\\/index.php\\\/doublet-dextrasystoles-ventriculaires\\\/#breadcrumb\"},\"inLanguage\":\"fr-FR\",\"potentialAction\":[{\"@type\":\"ReadAction\",\"target\":[\"http:\\\/\\\/vet-ecg.ddns.net\\\/index.php\\\/doublet-dextrasystoles-ventriculaires\\\/\"]}]},{\"@type\":\"ImageObject\",\"inLanguage\":\"fr-FR\",\"@id\":\"http:\\\/\\\/vet-ecg.ddns.net\\\/index.php\\\/doublet-dextrasystoles-ventriculaires\\\/#primaryimage\",\"url\":\"http:\\\/\\\/vet-ecg.ddns.net\\\/wp-content\\\/uploads\\\/esv-doublet-2.jpg\",\"contentUrl\":\"http:\\\/\\\/vet-ecg.ddns.net\\\/wp-content\\\/uploads\\\/esv-doublet-2.jpg\",\"width\":2000,\"height\":2487},{\"@type\":\"BreadcrumbList\",\"@id\":\"http:\\\/\\\/vet-ecg.ddns.net\\\/index.php\\\/doublet-dextrasystoles-ventriculaires\\\/#breadcrumb\",\"itemListElement\":[{\"@type\":\"ListItem\",\"position\":1,\"name\":\"Accueil\",\"item\":\"http:\\\/\\\/vet-ecg.ddns.net\\\/\"},{\"@type\":\"ListItem\",\"position\":2,\"name\":\"ESV-doublets\"}]},{\"@type\":\"WebSite\",\"@id\":\"http:\\\/\\\/vet-ecg.ddns.net\\\/#website\",\"url\":\"http:\\\/\\\/vet-ecg.ddns.net\\\/\",\"name\":\"Blog d&#039;\u00e9lectrocardiographie v\u00e9t\u00e9rinaire\",\"description\":\"recueil d&#039;ECG de chiens et de chats\",\"publisher\":{\"@id\":\"http:\\\/\\\/vet-ecg.ddns.net\\\/#\\\/schema\\\/person\\\/fec4070a47e235fed904fab73cae00b4\"},\"alternateName\":\"\u00e9lectrocardiographie v\u00e9t\u00e9rinaire\",\"potentialAction\":[{\"@type\":\"SearchAction\",\"target\":{\"@type\":\"EntryPoint\",\"urlTemplate\":\"http:\\\/\\\/vet-ecg.ddns.net\\\/?s={search_term_string}\"},\"query-input\":{\"@type\":\"PropertyValueSpecification\",\"valueRequired\":true,\"valueName\":\"search_term_string\"}}],\"inLanguage\":\"fr-FR\"},{\"@type\":[\"Person\",\"Organization\"],\"@id\":\"http:\\\/\\\/vet-ecg.ddns.net\\\/#\\\/schema\\\/person\\\/fec4070a47e235fed904fab73cae00b4\",\"name\":\"admin\",\"image\":{\"@type\":\"ImageObject\",\"inLanguage\":\"fr-FR\",\"@id\":\"http:\\\/\\\/vet-ecg.ddns.net\\\/wp-content\\\/uploads\\\/2018\\\/04\\\/Zelda-2-ECG-248.jpg\",\"url\":\"http:\\\/\\\/vet-ecg.ddns.net\\\/wp-content\\\/uploads\\\/2018\\\/04\\\/Zelda-2-ECG-248.jpg\",\"contentUrl\":\"http:\\\/\\\/vet-ecg.ddns.net\\\/wp-content\\\/uploads\\\/2018\\\/04\\\/Zelda-2-ECG-248.jpg\",\"width\":248,\"height\":248,\"caption\":\"admin\"},\"logo\":{\"@id\":\"http:\\\/\\\/vet-ecg.ddns.net\\\/wp-content\\\/uploads\\\/2018\\\/04\\\/Zelda-2-ECG-248.jpg\"},\"description\":\"Les trac\u00e9s publi\u00e9s sur ce site sont issus de diff\u00e9rentes cliniques v\u00e9t\u00e9rinaires de Paris et de sa banlieue durant les 10 derni\u00e8res ann\u00e9es. Les ECG r\u00e9alis\u00e9s ont \u00e9t\u00e9 r\u00e9alis\u00e9s sur des chiens et des chats qui ont tous b\u00e9n\u00e9fici\u00e9 d'une \u00e9chocardiographie.\"}]}<\/script>\n<!-- \/ Yoast SEO plugin. -->","yoast_head_json":{"title":"ESV-doublets - Blog d&#039;\u00e9lectrocardiographie v\u00e9t\u00e9rinaire","description":"Doublet d'extrasystoles ventriculaires: Ce trouble du rythme caract\u00e9ris\u00e9 par 2 ectopies cons\u00e9cutives peut \u00e9voluer vers une tachycardie ventriculaire.","robots":{"index":"index","follow":"follow","max-snippet":"max-snippet:-1","max-image-preview":"max-image-preview:large","max-video-preview":"max-video-preview:-1"},"canonical":"http:\/\/vet-ecg.ddns.net\/index.php\/doublet-dextrasystoles-ventriculaires\/","twitter_misc":{"Dur\u00e9e de lecture estim\u00e9e":"1 minute"},"schema":{"@context":"https:\/\/schema.org","@graph":[{"@type":"WebPage","@id":"http:\/\/vet-ecg.ddns.net\/index.php\/doublet-dextrasystoles-ventriculaires\/","url":"http:\/\/vet-ecg.ddns.net\/index.php\/doublet-dextrasystoles-ventriculaires\/","name":"ESV-doublets - Blog d&#039;\u00e9lectrocardiographie v\u00e9t\u00e9rinaire","isPartOf":{"@id":"http:\/\/vet-ecg.ddns.net\/#website"},"primaryImageOfPage":{"@id":"http:\/\/vet-ecg.ddns.net\/index.php\/doublet-dextrasystoles-ventriculaires\/#primaryimage"},"image":{"@id":"http:\/\/vet-ecg.ddns.net\/index.php\/doublet-dextrasystoles-ventriculaires\/#primaryimage"},"thumbnailUrl":"http:\/\/vet-ecg.ddns.net\/wp-content\/uploads\/esv-doublet-2.jpg","datePublished":"2019-04-07T10:52:30+00:00","dateModified":"2019-11-04T09:35:51+00:00","description":"Doublet d'extrasystoles ventriculaires: Ce trouble du rythme caract\u00e9ris\u00e9 par 2 ectopies cons\u00e9cutives peut \u00e9voluer vers une tachycardie ventriculaire.","breadcrumb":{"@id":"http:\/\/vet-ecg.ddns.net\/index.php\/doublet-dextrasystoles-ventriculaires\/#breadcrumb"},"inLanguage":"fr-FR","potentialAction":[{"@type":"ReadAction","target":["http:\/\/vet-ecg.ddns.net\/index.php\/doublet-dextrasystoles-ventriculaires\/"]}]},{"@type":"ImageObject","inLanguage":"fr-FR","@id":"http:\/\/vet-ecg.ddns.net\/index.php\/doublet-dextrasystoles-ventriculaires\/#primaryimage","url":"http:\/\/vet-ecg.ddns.net\/wp-content\/uploads\/esv-doublet-2.jpg","contentUrl":"http:\/\/vet-ecg.ddns.net\/wp-content\/uploads\/esv-doublet-2.jpg","width":2000,"height":2487},{"@type":"BreadcrumbList","@id":"http:\/\/vet-ecg.ddns.net\/index.php\/doublet-dextrasystoles-ventriculaires\/#breadcrumb","itemListElement":[{"@type":"ListItem","position":1,"name":"Accueil","item":"http:\/\/vet-ecg.ddns.net\/"},{"@type":"ListItem","position":2,"name":"ESV-doublets"}]},{"@type":"WebSite","@id":"http:\/\/vet-ecg.ddns.net\/#website","url":"http:\/\/vet-ecg.ddns.net\/","name":"Blog d&#039;\u00e9lectrocardiographie v\u00e9t\u00e9rinaire","description":"recueil d&#039;ECG de chiens et de chats","publisher":{"@id":"http:\/\/vet-ecg.ddns.net\/#\/schema\/person\/fec4070a47e235fed904fab73cae00b4"},"alternateName":"\u00e9lectrocardiographie v\u00e9t\u00e9rinaire","potentialAction":[{"@type":"SearchAction","target":{"@type":"EntryPoint","urlTemplate":"http:\/\/vet-ecg.ddns.net\/?s={search_term_string}"},"query-input":{"@type":"PropertyValueSpecification","valueRequired":true,"valueName":"search_term_string"}}],"inLanguage":"fr-FR"},{"@type":["Person","Organization"],"@id":"http:\/\/vet-ecg.ddns.net\/#\/schema\/person\/fec4070a47e235fed904fab73cae00b4","name":"admin","image":{"@type":"ImageObject","inLanguage":"fr-FR","@id":"http:\/\/vet-ecg.ddns.net\/wp-content\/uploads\/2018\/04\/Zelda-2-ECG-248.jpg","url":"http:\/\/vet-ecg.ddns.net\/wp-content\/uploads\/2018\/04\/Zelda-2-ECG-248.jpg","contentUrl":"http:\/\/vet-ecg.ddns.net\/wp-content\/uploads\/2018\/04\/Zelda-2-ECG-248.jpg","width":248,"height":248,"caption":"admin"},"logo":{"@id":"http:\/\/vet-ecg.ddns.net\/wp-content\/uploads\/2018\/04\/Zelda-2-ECG-248.jpg"},"description":"Les trac\u00e9s publi\u00e9s sur ce site sont issus de diff\u00e9rentes cliniques v\u00e9t\u00e9rinaires de Paris et de sa banlieue durant les 10 derni\u00e8res ann\u00e9es. Les ECG r\u00e9alis\u00e9s ont \u00e9t\u00e9 r\u00e9alis\u00e9s sur des chiens et des chats qui ont tous b\u00e9n\u00e9fici\u00e9 d'une \u00e9chocardiographie."}]}},"_links":{"self":[{"href":"http:\/\/vet-ecg.ddns.net\/index.php\/wp-json\/wp\/v2\/pages\/1455","targetHints":{"allow":["GET"]}}],"collection":[{"href":"http:\/\/vet-ecg.ddns.net\/index.php\/wp-json\/wp\/v2\/pages"}],"about":[{"href":"http:\/\/vet-ecg.ddns.net\/index.php\/wp-json\/wp\/v2\/types\/page"}],"author":[{"embeddable":true,"href":"http:\/\/vet-ecg.ddns.net\/index.php\/wp-json\/wp\/v2\/users\/1"}],"replies":[{"embeddable":true,"href":"http:\/\/vet-ecg.ddns.net\/index.php\/wp-json\/wp\/v2\/comments?post=1455"}],"version-history":[{"count":0,"href":"http:\/\/vet-ecg.ddns.net\/index.php\/wp-json\/wp\/v2\/pages\/1455\/revisions"}],"wp:attachment":[{"href":"http:\/\/vet-ecg.ddns.net\/index.php\/wp-json\/wp\/v2\/media?parent=1455"}],"curies":[{"name":"wp","href":"https:\/\/api.w.org\/{rel}","templated":true}]}}