{"id":1409,"date":"2019-03-22T13:22:35","date_gmt":"2019-03-22T12:22:35","guid":{"rendered":"http:\/\/192.168.1.104\/?page_id=1409"},"modified":"2019-11-22T23:32:50","modified_gmt":"2019-11-22T22:32:50","slug":"cardiomyopathies-restrictives","status":"publish","type":"page","link":"http:\/\/vet-ecg.ddns.net\/index.php\/cardiomyopathies-restrictives\/","title":{"rendered":"Cardiomyopathies restrictives"},"content":{"rendered":"<p>Cette forme de cardiopathie est moins fr\u00e9quente que la cardiomyopathie hypertrophique.<\/p>\n<p>Elle est caract\u00e9ris\u00e9e par une rigidit\u00e9 des parois myocardiques due \u00e0 une infiltration fibreuse du myocarde.<\/p>\n<p>Typiquement, il n&rsquo;y a ni hypertrophie, ni amincissement pari\u00e9tal. Le ventricule gauche est plus ou moins remod\u00e9l\u00e9 mais ce sont surtout les oreillettes (droite et\/ou gauche) qui sont dilat\u00e9es.<\/p>\n<p>Le d\u00e9faut de compliance induit une r\u00e9duction du remplissage. Le diagnostic est du domaine de l&rsquo;\u00e9chocardiographie qui montre une acc\u00e9l\u00e9ration du flux mitral protodiastolique (E &gt; 1 m\/s)\u00a0 et une diminution t\u00e9l\u00e9diastolique de ce m\u00eame flux (A &lt;0,5). Le rapport E\/A &gt; 1,8.<\/p>\n<p>La cardiomyopathie restrictive se traduit par des signes d&rsquo;insuffisance cardiaque diastolique gauche ou droite (\u0153d\u00e8me pulmonaire ou ascite), souvent graves et sans traitement sp\u00e9cifique.<\/p>\n","protected":false},"excerpt":{"rendered":"<p>Cette forme de cardiopathie est moins fr\u00e9quente que la cardiomyopathie hypertrophique. Elle est caract\u00e9ris\u00e9e par une rigidit\u00e9 des parois myocardiques due \u00e0 une infiltration fibreuse du myocarde. Typiquement, il n&rsquo;y a ni hypertrophie, ni amincissement pari\u00e9tal. Le ventricule gauche est plus ou moins remod\u00e9l\u00e9 mais ce sont surtout les oreillettes (droite et\/ou gauche) qui sont &hellip; <a href=\"http:\/\/vet-ecg.ddns.net\/index.php\/cardiomyopathies-restrictives\/\" class=\"more-link\">Continuer la lecture de <span class=\"screen-reader-text\">Cardiomyopathies restrictives<\/span><\/a><\/p>\n","protected":false},"author":1,"featured_media":0,"parent":0,"menu_order":0,"comment_status":"closed","ping_status":"closed","template":"","meta":{"footnotes":""},"class_list":["post-1409","page","type-page","status-publish","hentry"],"yoast_head":"<!-- This site is optimized with the Yoast SEO plugin v27.4 - https:\/\/yoast.com\/product\/yoast-seo-wordpress\/ -->\n<title>Cardiomyopathies restrictives - Blog d&#039;\u00e9lectrocardiographie v\u00e9t\u00e9rinaire<\/title>\n<meta name=\"description\" content=\"Les cardiomyopathies restrictives f\u00e9lines sont de diagnostics \u00e9chographiques.Une rigidit\u00e9 musculaire induit un d\u00e9faut de remplissage.\" \/>\n<meta name=\"robots\" content=\"index, follow, max-snippet:-1, max-image-preview:large, max-video-preview:-1\" \/>\n<link rel=\"canonical\" href=\"http:\/\/vet-ecg.ddns.net\/index.php\/cardiomyopathies-restrictives\/\" \/>\n<meta name=\"twitter:label1\" content=\"Dur\u00e9e de lecture estim\u00e9e\" \/>\n\t<meta name=\"twitter:data1\" content=\"1 minute\" \/>\n<script type=\"application\/ld+json\" class=\"yoast-schema-graph\">{\"@context\":\"https:\\\/\\\/schema.org\",\"@graph\":[{\"@type\":\"WebPage\",\"@id\":\"http:\\\/\\\/vet-ecg.ddns.net\\\/index.php\\\/cardiomyopathies-restrictives\\\/\",\"url\":\"http:\\\/\\\/vet-ecg.ddns.net\\\/index.php\\\/cardiomyopathies-restrictives\\\/\",\"name\":\"Cardiomyopathies restrictives - Blog d&#039;\u00e9lectrocardiographie v\u00e9t\u00e9rinaire\",\"isPartOf\":{\"@id\":\"http:\\\/\\\/vet-ecg.ddns.net\\\/#website\"},\"datePublished\":\"2019-03-22T12:22:35+00:00\",\"dateModified\":\"2019-11-22T22:32:50+00:00\",\"description\":\"Les cardiomyopathies restrictives f\u00e9lines sont de diagnostics \u00e9chographiques.Une rigidit\u00e9 musculaire induit un d\u00e9faut de remplissage.\",\"breadcrumb\":{\"@id\":\"http:\\\/\\\/vet-ecg.ddns.net\\\/index.php\\\/cardiomyopathies-restrictives\\\/#breadcrumb\"},\"inLanguage\":\"fr-FR\",\"potentialAction\":[{\"@type\":\"ReadAction\",\"target\":[\"http:\\\/\\\/vet-ecg.ddns.net\\\/index.php\\\/cardiomyopathies-restrictives\\\/\"]}]},{\"@type\":\"BreadcrumbList\",\"@id\":\"http:\\\/\\\/vet-ecg.ddns.net\\\/index.php\\\/cardiomyopathies-restrictives\\\/#breadcrumb\",\"itemListElement\":[{\"@type\":\"ListItem\",\"position\":1,\"name\":\"Accueil\",\"item\":\"http:\\\/\\\/vet-ecg.ddns.net\\\/\"},{\"@type\":\"ListItem\",\"position\":2,\"name\":\"Cardiomyopathies restrictives\"}]},{\"@type\":\"WebSite\",\"@id\":\"http:\\\/\\\/vet-ecg.ddns.net\\\/#website\",\"url\":\"http:\\\/\\\/vet-ecg.ddns.net\\\/\",\"name\":\"Blog d&#039;\u00e9lectrocardiographie v\u00e9t\u00e9rinaire\",\"description\":\"recueil d&#039;ECG de chiens et de chats\",\"publisher\":{\"@id\":\"http:\\\/\\\/vet-ecg.ddns.net\\\/#\\\/schema\\\/person\\\/fec4070a47e235fed904fab73cae00b4\"},\"alternateName\":\"\u00e9lectrocardiographie v\u00e9t\u00e9rinaire\",\"potentialAction\":[{\"@type\":\"SearchAction\",\"target\":{\"@type\":\"EntryPoint\",\"urlTemplate\":\"http:\\\/\\\/vet-ecg.ddns.net\\\/?s={search_term_string}\"},\"query-input\":{\"@type\":\"PropertyValueSpecification\",\"valueRequired\":true,\"valueName\":\"search_term_string\"}}],\"inLanguage\":\"fr-FR\"},{\"@type\":[\"Person\",\"Organization\"],\"@id\":\"http:\\\/\\\/vet-ecg.ddns.net\\\/#\\\/schema\\\/person\\\/fec4070a47e235fed904fab73cae00b4\",\"name\":\"admin\",\"image\":{\"@type\":\"ImageObject\",\"inLanguage\":\"fr-FR\",\"@id\":\"http:\\\/\\\/vet-ecg.ddns.net\\\/wp-content\\\/uploads\\\/2018\\\/04\\\/Zelda-2-ECG-248.jpg\",\"url\":\"http:\\\/\\\/vet-ecg.ddns.net\\\/wp-content\\\/uploads\\\/2018\\\/04\\\/Zelda-2-ECG-248.jpg\",\"contentUrl\":\"http:\\\/\\\/vet-ecg.ddns.net\\\/wp-content\\\/uploads\\\/2018\\\/04\\\/Zelda-2-ECG-248.jpg\",\"width\":248,\"height\":248,\"caption\":\"admin\"},\"logo\":{\"@id\":\"http:\\\/\\\/vet-ecg.ddns.net\\\/wp-content\\\/uploads\\\/2018\\\/04\\\/Zelda-2-ECG-248.jpg\"},\"description\":\"Les trac\u00e9s publi\u00e9s sur ce site sont issus de diff\u00e9rentes cliniques v\u00e9t\u00e9rinaires de Paris et de sa banlieue durant les 10 derni\u00e8res ann\u00e9es. Les ECG r\u00e9alis\u00e9s ont \u00e9t\u00e9 r\u00e9alis\u00e9s sur des chiens et des chats qui ont tous b\u00e9n\u00e9fici\u00e9 d'une \u00e9chocardiographie.\"}]}<\/script>\n<!-- \/ Yoast SEO plugin. -->","yoast_head_json":{"title":"Cardiomyopathies restrictives - Blog d&#039;\u00e9lectrocardiographie v\u00e9t\u00e9rinaire","description":"Les cardiomyopathies restrictives f\u00e9lines sont de diagnostics \u00e9chographiques.Une rigidit\u00e9 musculaire induit un d\u00e9faut de remplissage.","robots":{"index":"index","follow":"follow","max-snippet":"max-snippet:-1","max-image-preview":"max-image-preview:large","max-video-preview":"max-video-preview:-1"},"canonical":"http:\/\/vet-ecg.ddns.net\/index.php\/cardiomyopathies-restrictives\/","twitter_misc":{"Dur\u00e9e de lecture estim\u00e9e":"1 minute"},"schema":{"@context":"https:\/\/schema.org","@graph":[{"@type":"WebPage","@id":"http:\/\/vet-ecg.ddns.net\/index.php\/cardiomyopathies-restrictives\/","url":"http:\/\/vet-ecg.ddns.net\/index.php\/cardiomyopathies-restrictives\/","name":"Cardiomyopathies restrictives - Blog d&#039;\u00e9lectrocardiographie v\u00e9t\u00e9rinaire","isPartOf":{"@id":"http:\/\/vet-ecg.ddns.net\/#website"},"datePublished":"2019-03-22T12:22:35+00:00","dateModified":"2019-11-22T22:32:50+00:00","description":"Les cardiomyopathies restrictives f\u00e9lines sont de diagnostics \u00e9chographiques.Une rigidit\u00e9 musculaire induit un d\u00e9faut de remplissage.","breadcrumb":{"@id":"http:\/\/vet-ecg.ddns.net\/index.php\/cardiomyopathies-restrictives\/#breadcrumb"},"inLanguage":"fr-FR","potentialAction":[{"@type":"ReadAction","target":["http:\/\/vet-ecg.ddns.net\/index.php\/cardiomyopathies-restrictives\/"]}]},{"@type":"BreadcrumbList","@id":"http:\/\/vet-ecg.ddns.net\/index.php\/cardiomyopathies-restrictives\/#breadcrumb","itemListElement":[{"@type":"ListItem","position":1,"name":"Accueil","item":"http:\/\/vet-ecg.ddns.net\/"},{"@type":"ListItem","position":2,"name":"Cardiomyopathies restrictives"}]},{"@type":"WebSite","@id":"http:\/\/vet-ecg.ddns.net\/#website","url":"http:\/\/vet-ecg.ddns.net\/","name":"Blog d&#039;\u00e9lectrocardiographie v\u00e9t\u00e9rinaire","description":"recueil d&#039;ECG de chiens et de chats","publisher":{"@id":"http:\/\/vet-ecg.ddns.net\/#\/schema\/person\/fec4070a47e235fed904fab73cae00b4"},"alternateName":"\u00e9lectrocardiographie v\u00e9t\u00e9rinaire","potentialAction":[{"@type":"SearchAction","target":{"@type":"EntryPoint","urlTemplate":"http:\/\/vet-ecg.ddns.net\/?s={search_term_string}"},"query-input":{"@type":"PropertyValueSpecification","valueRequired":true,"valueName":"search_term_string"}}],"inLanguage":"fr-FR"},{"@type":["Person","Organization"],"@id":"http:\/\/vet-ecg.ddns.net\/#\/schema\/person\/fec4070a47e235fed904fab73cae00b4","name":"admin","image":{"@type":"ImageObject","inLanguage":"fr-FR","@id":"http:\/\/vet-ecg.ddns.net\/wp-content\/uploads\/2018\/04\/Zelda-2-ECG-248.jpg","url":"http:\/\/vet-ecg.ddns.net\/wp-content\/uploads\/2018\/04\/Zelda-2-ECG-248.jpg","contentUrl":"http:\/\/vet-ecg.ddns.net\/wp-content\/uploads\/2018\/04\/Zelda-2-ECG-248.jpg","width":248,"height":248,"caption":"admin"},"logo":{"@id":"http:\/\/vet-ecg.ddns.net\/wp-content\/uploads\/2018\/04\/Zelda-2-ECG-248.jpg"},"description":"Les trac\u00e9s publi\u00e9s sur ce site sont issus de diff\u00e9rentes cliniques v\u00e9t\u00e9rinaires de Paris et de sa banlieue durant les 10 derni\u00e8res ann\u00e9es. Les ECG r\u00e9alis\u00e9s ont \u00e9t\u00e9 r\u00e9alis\u00e9s sur des chiens et des chats qui ont tous b\u00e9n\u00e9fici\u00e9 d'une \u00e9chocardiographie."}]}},"_links":{"self":[{"href":"http:\/\/vet-ecg.ddns.net\/index.php\/wp-json\/wp\/v2\/pages\/1409","targetHints":{"allow":["GET"]}}],"collection":[{"href":"http:\/\/vet-ecg.ddns.net\/index.php\/wp-json\/wp\/v2\/pages"}],"about":[{"href":"http:\/\/vet-ecg.ddns.net\/index.php\/wp-json\/wp\/v2\/types\/page"}],"author":[{"embeddable":true,"href":"http:\/\/vet-ecg.ddns.net\/index.php\/wp-json\/wp\/v2\/users\/1"}],"replies":[{"embeddable":true,"href":"http:\/\/vet-ecg.ddns.net\/index.php\/wp-json\/wp\/v2\/comments?post=1409"}],"version-history":[{"count":0,"href":"http:\/\/vet-ecg.ddns.net\/index.php\/wp-json\/wp\/v2\/pages\/1409\/revisions"}],"wp:attachment":[{"href":"http:\/\/vet-ecg.ddns.net\/index.php\/wp-json\/wp\/v2\/media?parent=1409"}],"curies":[{"name":"wp","href":"https:\/\/api.w.org\/{rel}","templated":true}]}}