{"id":1387,"date":"2019-03-17T17:43:29","date_gmt":"2019-03-17T16:43:29","guid":{"rendered":"http:\/\/192.168.1.104\/?page_id=1387"},"modified":"2019-11-06T10:48:02","modified_gmt":"2019-11-06T09:48:02","slug":"flutter-ventriculaire","status":"publish","type":"page","link":"http:\/\/vet-ecg.ddns.net\/index.php\/flutter-ventriculaire\/","title":{"rendered":"Flutter ventriculaire"},"content":{"rendered":"\n<figure class=\"wp-block-image\"><img loading=\"lazy\" decoding=\"async\" width=\"2745\" height=\"1979\" src=\"http:\/\/vet-ecg.ddns.net\/wp-content\/uploads\/flutter-ventriculaire.jpg\" alt=\"Syncope au cours d'un f lutter ventriculaire \u00e0 340 bpm chez un boxer de 5 ans.\n\" class=\"wp-image-1388\"\/><figcaption>Flutter ventriculaire \u00e0 340 bpm chez un boxer de 38 kg<\/figcaption><\/figure>\n\n\n\n<p>Ce trouble du rythme est tr\u00e8s rarement enregistr\u00e9 chez le chien. Il se pr\u00e9sente sous la forme d&rsquo;une tachycardie ventriculaire monomorphe particuli\u00e8rement rapide.<\/p>\n\n\n\n<p>C&rsquo;est un trouble du rythme tr\u00e8s mal tol\u00e9r\u00e9.  Lors de l&rsquo;enregistrement de cet \u00e9pisode,  l&rsquo;animal \u00e9tait en d\u00e9cubitus lat\u00e9ral  .<\/p>\n\n\n\n<p>Le trac\u00e9 se pr\u00e9sente sous la forme d&rsquo;une sinuso\u00efde. Fort heureusement, cette crise de courte dur\u00e9e s&rsquo;est r\u00e9solue spontan\u00e9ment, sans s\u00e9quelles.<\/p>\n\n\n\n<p>L&rsquo;\u00e9chocardiographie r\u00e9v\u00e8le une cardiopathie arythmog\u00e8ne du ventricule droit, encore appel\u00e9e dysplasie arythmog\u00e8ne du ventricule droit (DVDA).<\/p>\n\n\n\n<p>Dans cette maladie, des cellules fibro-adipeuses remplacent progressivement  les cardiomyocytes du ventricule droit.<\/p>\n\n\n\n<p>Si l&rsquo;animal survit suffisamment longtemps, la fibrose gagne alors le ventricule gauche. <\/p>\n\n\n\n<p>La fibrose myocardique qui en d\u00e9coule, est \u00e0 l&rsquo;origine d&rsquo;une isch\u00e9mie, source de multiples ph\u00e9nom\u00e8nes de r\u00e9entr\u00e9e. <\/p>\n\n\n\n<p>Plusieurs g\u00e8nes \u00e0 l&rsquo;origine de cette maladie ont \u00e9t\u00e9 mis en \u00e9vidence chez l&rsquo;homme.<\/p>\n\n\n\n<p>Habituellement le flutter ventriculaire \u00e9volue rapidement vers une fibrillation ventriculaire mortelle.<\/p>\n\n\n\n<p>Ce boxer \u00e2g\u00e9 de 5 ans,  pr\u00e9sentait des syncopes r\u00e9p\u00e9t\u00e9es.<\/p>\n\n\n\n<p>6 mois apr\u00e8s le diagnostic,  une insuffisance cardiaque globale r\u00e9fractaire s&rsquo;est install\u00e9e.<\/p>\n","protected":false},"excerpt":{"rendered":"<p>Ce trouble du rythme est tr\u00e8s rarement enregistr\u00e9 chez le chien. Il se pr\u00e9sente sous la forme d&rsquo;une tachycardie ventriculaire monomorphe particuli\u00e8rement rapide. C&rsquo;est un trouble du rythme tr\u00e8s mal tol\u00e9r\u00e9. Lors de l&rsquo;enregistrement de cet \u00e9pisode, l&rsquo;animal \u00e9tait en d\u00e9cubitus lat\u00e9ral . Le trac\u00e9 se pr\u00e9sente sous la forme d&rsquo;une sinuso\u00efde. Fort heureusement, cette &hellip; <a href=\"http:\/\/vet-ecg.ddns.net\/index.php\/flutter-ventriculaire\/\" class=\"more-link\">Continuer la lecture de <span class=\"screen-reader-text\">Flutter ventriculaire<\/span><\/a><\/p>\n","protected":false},"author":1,"featured_media":0,"parent":0,"menu_order":0,"comment_status":"closed","ping_status":"closed","template":"","meta":{"footnotes":""},"class_list":["post-1387","page","type-page","status-publish","hentry"],"yoast_head":"<!-- This site is optimized with the Yoast SEO plugin v27.4 - https:\/\/yoast.com\/product\/yoast-seo-wordpress\/ -->\n<title>Flutter ventriculaire - Blog d&#039;\u00e9lectrocardiographie v\u00e9t\u00e9rinaire<\/title>\n<meta name=\"description\" content=\"Flutter ventriculaire enregistr\u00e9 dans un contexte de cardiopathie arythmog\u00e8ne du ventricule droit chez un boxer de 5 ans.\" \/>\n<meta name=\"robots\" content=\"index, follow, max-snippet:-1, max-image-preview:large, max-video-preview:-1\" \/>\n<link rel=\"canonical\" href=\"http:\/\/vet-ecg.ddns.net\/index.php\/flutter-ventriculaire\/\" \/>\n<meta name=\"twitter:label1\" content=\"Dur\u00e9e de lecture estim\u00e9e\" \/>\n\t<meta name=\"twitter:data1\" content=\"1 minute\" \/>\n<script type=\"application\/ld+json\" class=\"yoast-schema-graph\">{\"@context\":\"https:\\\/\\\/schema.org\",\"@graph\":[{\"@type\":\"WebPage\",\"@id\":\"http:\\\/\\\/vet-ecg.ddns.net\\\/index.php\\\/flutter-ventriculaire\\\/\",\"url\":\"http:\\\/\\\/vet-ecg.ddns.net\\\/index.php\\\/flutter-ventriculaire\\\/\",\"name\":\"Flutter ventriculaire - Blog d&#039;\u00e9lectrocardiographie v\u00e9t\u00e9rinaire\",\"isPartOf\":{\"@id\":\"http:\\\/\\\/vet-ecg.ddns.net\\\/#website\"},\"primaryImageOfPage\":{\"@id\":\"http:\\\/\\\/vet-ecg.ddns.net\\\/index.php\\\/flutter-ventriculaire\\\/#primaryimage\"},\"image\":{\"@id\":\"http:\\\/\\\/vet-ecg.ddns.net\\\/index.php\\\/flutter-ventriculaire\\\/#primaryimage\"},\"thumbnailUrl\":\"http:\\\/\\\/vet-ecg.ddns.net\\\/wp-content\\\/uploads\\\/flutter-ventriculaire.jpg\",\"datePublished\":\"2019-03-17T16:43:29+00:00\",\"dateModified\":\"2019-11-06T09:48:02+00:00\",\"description\":\"Flutter ventriculaire enregistr\u00e9 dans un contexte de cardiopathie arythmog\u00e8ne du ventricule droit chez un boxer de 5 ans.\",\"breadcrumb\":{\"@id\":\"http:\\\/\\\/vet-ecg.ddns.net\\\/index.php\\\/flutter-ventriculaire\\\/#breadcrumb\"},\"inLanguage\":\"fr-FR\",\"potentialAction\":[{\"@type\":\"ReadAction\",\"target\":[\"http:\\\/\\\/vet-ecg.ddns.net\\\/index.php\\\/flutter-ventriculaire\\\/\"]}]},{\"@type\":\"ImageObject\",\"inLanguage\":\"fr-FR\",\"@id\":\"http:\\\/\\\/vet-ecg.ddns.net\\\/index.php\\\/flutter-ventriculaire\\\/#primaryimage\",\"url\":\"http:\\\/\\\/vet-ecg.ddns.net\\\/wp-content\\\/uploads\\\/flutter-ventriculaire.jpg\",\"contentUrl\":\"http:\\\/\\\/vet-ecg.ddns.net\\\/wp-content\\\/uploads\\\/flutter-ventriculaire.jpg\",\"width\":2745,\"height\":1979},{\"@type\":\"BreadcrumbList\",\"@id\":\"http:\\\/\\\/vet-ecg.ddns.net\\\/index.php\\\/flutter-ventriculaire\\\/#breadcrumb\",\"itemListElement\":[{\"@type\":\"ListItem\",\"position\":1,\"name\":\"Accueil\",\"item\":\"http:\\\/\\\/vet-ecg.ddns.net\\\/\"},{\"@type\":\"ListItem\",\"position\":2,\"name\":\"Flutter ventriculaire\"}]},{\"@type\":\"WebSite\",\"@id\":\"http:\\\/\\\/vet-ecg.ddns.net\\\/#website\",\"url\":\"http:\\\/\\\/vet-ecg.ddns.net\\\/\",\"name\":\"Blog d&#039;\u00e9lectrocardiographie v\u00e9t\u00e9rinaire\",\"description\":\"recueil d&#039;ECG de chiens et de chats\",\"publisher\":{\"@id\":\"http:\\\/\\\/vet-ecg.ddns.net\\\/#\\\/schema\\\/person\\\/fec4070a47e235fed904fab73cae00b4\"},\"alternateName\":\"\u00e9lectrocardiographie v\u00e9t\u00e9rinaire\",\"potentialAction\":[{\"@type\":\"SearchAction\",\"target\":{\"@type\":\"EntryPoint\",\"urlTemplate\":\"http:\\\/\\\/vet-ecg.ddns.net\\\/?s={search_term_string}\"},\"query-input\":{\"@type\":\"PropertyValueSpecification\",\"valueRequired\":true,\"valueName\":\"search_term_string\"}}],\"inLanguage\":\"fr-FR\"},{\"@type\":[\"Person\",\"Organization\"],\"@id\":\"http:\\\/\\\/vet-ecg.ddns.net\\\/#\\\/schema\\\/person\\\/fec4070a47e235fed904fab73cae00b4\",\"name\":\"admin\",\"image\":{\"@type\":\"ImageObject\",\"inLanguage\":\"fr-FR\",\"@id\":\"http:\\\/\\\/vet-ecg.ddns.net\\\/wp-content\\\/uploads\\\/2018\\\/04\\\/Zelda-2-ECG-248.jpg\",\"url\":\"http:\\\/\\\/vet-ecg.ddns.net\\\/wp-content\\\/uploads\\\/2018\\\/04\\\/Zelda-2-ECG-248.jpg\",\"contentUrl\":\"http:\\\/\\\/vet-ecg.ddns.net\\\/wp-content\\\/uploads\\\/2018\\\/04\\\/Zelda-2-ECG-248.jpg\",\"width\":248,\"height\":248,\"caption\":\"admin\"},\"logo\":{\"@id\":\"http:\\\/\\\/vet-ecg.ddns.net\\\/wp-content\\\/uploads\\\/2018\\\/04\\\/Zelda-2-ECG-248.jpg\"},\"description\":\"Les trac\u00e9s publi\u00e9s sur ce site sont issus de diff\u00e9rentes cliniques v\u00e9t\u00e9rinaires de Paris et de sa banlieue durant les 10 derni\u00e8res ann\u00e9es. Les ECG r\u00e9alis\u00e9s ont \u00e9t\u00e9 r\u00e9alis\u00e9s sur des chiens et des chats qui ont tous b\u00e9n\u00e9fici\u00e9 d'une \u00e9chocardiographie.\"}]}<\/script>\n<!-- \/ Yoast SEO plugin. -->","yoast_head_json":{"title":"Flutter ventriculaire - Blog d&#039;\u00e9lectrocardiographie v\u00e9t\u00e9rinaire","description":"Flutter ventriculaire enregistr\u00e9 dans un contexte de cardiopathie arythmog\u00e8ne du ventricule droit chez un boxer de 5 ans.","robots":{"index":"index","follow":"follow","max-snippet":"max-snippet:-1","max-image-preview":"max-image-preview:large","max-video-preview":"max-video-preview:-1"},"canonical":"http:\/\/vet-ecg.ddns.net\/index.php\/flutter-ventriculaire\/","twitter_misc":{"Dur\u00e9e de lecture estim\u00e9e":"1 minute"},"schema":{"@context":"https:\/\/schema.org","@graph":[{"@type":"WebPage","@id":"http:\/\/vet-ecg.ddns.net\/index.php\/flutter-ventriculaire\/","url":"http:\/\/vet-ecg.ddns.net\/index.php\/flutter-ventriculaire\/","name":"Flutter ventriculaire - Blog d&#039;\u00e9lectrocardiographie v\u00e9t\u00e9rinaire","isPartOf":{"@id":"http:\/\/vet-ecg.ddns.net\/#website"},"primaryImageOfPage":{"@id":"http:\/\/vet-ecg.ddns.net\/index.php\/flutter-ventriculaire\/#primaryimage"},"image":{"@id":"http:\/\/vet-ecg.ddns.net\/index.php\/flutter-ventriculaire\/#primaryimage"},"thumbnailUrl":"http:\/\/vet-ecg.ddns.net\/wp-content\/uploads\/flutter-ventriculaire.jpg","datePublished":"2019-03-17T16:43:29+00:00","dateModified":"2019-11-06T09:48:02+00:00","description":"Flutter ventriculaire enregistr\u00e9 dans un contexte de cardiopathie arythmog\u00e8ne du ventricule droit chez un boxer de 5 ans.","breadcrumb":{"@id":"http:\/\/vet-ecg.ddns.net\/index.php\/flutter-ventriculaire\/#breadcrumb"},"inLanguage":"fr-FR","potentialAction":[{"@type":"ReadAction","target":["http:\/\/vet-ecg.ddns.net\/index.php\/flutter-ventriculaire\/"]}]},{"@type":"ImageObject","inLanguage":"fr-FR","@id":"http:\/\/vet-ecg.ddns.net\/index.php\/flutter-ventriculaire\/#primaryimage","url":"http:\/\/vet-ecg.ddns.net\/wp-content\/uploads\/flutter-ventriculaire.jpg","contentUrl":"http:\/\/vet-ecg.ddns.net\/wp-content\/uploads\/flutter-ventriculaire.jpg","width":2745,"height":1979},{"@type":"BreadcrumbList","@id":"http:\/\/vet-ecg.ddns.net\/index.php\/flutter-ventriculaire\/#breadcrumb","itemListElement":[{"@type":"ListItem","position":1,"name":"Accueil","item":"http:\/\/vet-ecg.ddns.net\/"},{"@type":"ListItem","position":2,"name":"Flutter ventriculaire"}]},{"@type":"WebSite","@id":"http:\/\/vet-ecg.ddns.net\/#website","url":"http:\/\/vet-ecg.ddns.net\/","name":"Blog d&#039;\u00e9lectrocardiographie v\u00e9t\u00e9rinaire","description":"recueil d&#039;ECG de chiens et de chats","publisher":{"@id":"http:\/\/vet-ecg.ddns.net\/#\/schema\/person\/fec4070a47e235fed904fab73cae00b4"},"alternateName":"\u00e9lectrocardiographie v\u00e9t\u00e9rinaire","potentialAction":[{"@type":"SearchAction","target":{"@type":"EntryPoint","urlTemplate":"http:\/\/vet-ecg.ddns.net\/?s={search_term_string}"},"query-input":{"@type":"PropertyValueSpecification","valueRequired":true,"valueName":"search_term_string"}}],"inLanguage":"fr-FR"},{"@type":["Person","Organization"],"@id":"http:\/\/vet-ecg.ddns.net\/#\/schema\/person\/fec4070a47e235fed904fab73cae00b4","name":"admin","image":{"@type":"ImageObject","inLanguage":"fr-FR","@id":"http:\/\/vet-ecg.ddns.net\/wp-content\/uploads\/2018\/04\/Zelda-2-ECG-248.jpg","url":"http:\/\/vet-ecg.ddns.net\/wp-content\/uploads\/2018\/04\/Zelda-2-ECG-248.jpg","contentUrl":"http:\/\/vet-ecg.ddns.net\/wp-content\/uploads\/2018\/04\/Zelda-2-ECG-248.jpg","width":248,"height":248,"caption":"admin"},"logo":{"@id":"http:\/\/vet-ecg.ddns.net\/wp-content\/uploads\/2018\/04\/Zelda-2-ECG-248.jpg"},"description":"Les trac\u00e9s publi\u00e9s sur ce site sont issus de diff\u00e9rentes cliniques v\u00e9t\u00e9rinaires de Paris et de sa banlieue durant les 10 derni\u00e8res ann\u00e9es. Les ECG r\u00e9alis\u00e9s ont \u00e9t\u00e9 r\u00e9alis\u00e9s sur des chiens et des chats qui ont tous b\u00e9n\u00e9fici\u00e9 d'une \u00e9chocardiographie."}]}},"_links":{"self":[{"href":"http:\/\/vet-ecg.ddns.net\/index.php\/wp-json\/wp\/v2\/pages\/1387","targetHints":{"allow":["GET"]}}],"collection":[{"href":"http:\/\/vet-ecg.ddns.net\/index.php\/wp-json\/wp\/v2\/pages"}],"about":[{"href":"http:\/\/vet-ecg.ddns.net\/index.php\/wp-json\/wp\/v2\/types\/page"}],"author":[{"embeddable":true,"href":"http:\/\/vet-ecg.ddns.net\/index.php\/wp-json\/wp\/v2\/users\/1"}],"replies":[{"embeddable":true,"href":"http:\/\/vet-ecg.ddns.net\/index.php\/wp-json\/wp\/v2\/comments?post=1387"}],"version-history":[{"count":0,"href":"http:\/\/vet-ecg.ddns.net\/index.php\/wp-json\/wp\/v2\/pages\/1387\/revisions"}],"wp:attachment":[{"href":"http:\/\/vet-ecg.ddns.net\/index.php\/wp-json\/wp\/v2\/media?parent=1387"}],"curies":[{"name":"wp","href":"https:\/\/api.w.org\/{rel}","templated":true}]}}