{"id":1358,"date":"2019-02-09T16:27:01","date_gmt":"2019-02-09T15:27:01","guid":{"rendered":"http:\/\/192.168.1.104\/?page_id=1358"},"modified":"2019-11-23T10:02:42","modified_gmt":"2019-11-23T09:02:42","slug":"cardiomyopathie-dilatee","status":"publish","type":"page","link":"http:\/\/vet-ecg.ddns.net\/index.php\/cardiomyopathie-dilatee\/","title":{"rendered":"Cardiomyopathie dilat\u00e9e"},"content":{"rendered":"<p>Les cardiomyopathies dilat\u00e9es ne sont pas fr\u00e9quentes dans l&rsquo;esp\u00e8ce f\u00e9line.<\/p>\n<p>Par le pass\u00e9, une partie de celles-ci avaient pour origine un d\u00e9ficit en taurine.<\/p>\n<p>Aujourd&rsquo;hui, l&rsquo;\u00e9volution de l&rsquo;alimentation animale \u00e0 fait disparaitre cette \u00e9tiologie.<\/p>\n","protected":false},"excerpt":{"rendered":"<p>Les cardiomyopathies dilat\u00e9es ne sont pas fr\u00e9quentes dans l&rsquo;esp\u00e8ce f\u00e9line. Par le pass\u00e9, une partie de celles-ci avaient pour origine un d\u00e9ficit en taurine. Aujourd&rsquo;hui, l&rsquo;\u00e9volution de l&rsquo;alimentation animale \u00e0 fait disparaitre cette \u00e9tiologie.<\/p>\n","protected":false},"author":1,"featured_media":0,"parent":0,"menu_order":0,"comment_status":"closed","ping_status":"closed","template":"","meta":{"footnotes":""},"class_list":["post-1358","page","type-page","status-publish","hentry"],"yoast_head":"<!-- This site is optimized with the Yoast SEO plugin v27.4 - https:\/\/yoast.com\/product\/yoast-seo-wordpress\/ -->\n<title>Cardiomyopathie dilat\u00e9e - Blog d&#039;\u00e9lectrocardiographie v\u00e9t\u00e9rinaire<\/title>\n<meta name=\"description\" content=\"La cardiomyopathie dilat\u00e9e (CMD) dans l&#039;esp\u00e8ce f\u00e9line ne sont pas fr\u00e9quentes. Le d\u00e9ficit en taurine n&#039;est aujourd&#039;hui plus une cause de CMD.\" \/>\n<meta name=\"robots\" content=\"index, follow, max-snippet:-1, max-image-preview:large, max-video-preview:-1\" \/>\n<link rel=\"canonical\" href=\"http:\/\/vet-ecg.ddns.net\/index.php\/cardiomyopathie-dilatee\/\" \/>\n<script type=\"application\/ld+json\" class=\"yoast-schema-graph\">{\"@context\":\"https:\\\/\\\/schema.org\",\"@graph\":[{\"@type\":\"WebPage\",\"@id\":\"http:\\\/\\\/vet-ecg.ddns.net\\\/index.php\\\/cardiomyopathie-dilatee\\\/\",\"url\":\"http:\\\/\\\/vet-ecg.ddns.net\\\/index.php\\\/cardiomyopathie-dilatee\\\/\",\"name\":\"Cardiomyopathie dilat\u00e9e - Blog d&#039;\u00e9lectrocardiographie v\u00e9t\u00e9rinaire\",\"isPartOf\":{\"@id\":\"http:\\\/\\\/vet-ecg.ddns.net\\\/#website\"},\"datePublished\":\"2019-02-09T15:27:01+00:00\",\"dateModified\":\"2019-11-23T09:02:42+00:00\",\"description\":\"La cardiomyopathie dilat\u00e9e (CMD) dans l'esp\u00e8ce f\u00e9line ne sont pas fr\u00e9quentes. Le d\u00e9ficit en taurine n'est aujourd'hui plus une cause de CMD.\",\"breadcrumb\":{\"@id\":\"http:\\\/\\\/vet-ecg.ddns.net\\\/index.php\\\/cardiomyopathie-dilatee\\\/#breadcrumb\"},\"inLanguage\":\"fr-FR\",\"potentialAction\":[{\"@type\":\"ReadAction\",\"target\":[\"http:\\\/\\\/vet-ecg.ddns.net\\\/index.php\\\/cardiomyopathie-dilatee\\\/\"]}]},{\"@type\":\"BreadcrumbList\",\"@id\":\"http:\\\/\\\/vet-ecg.ddns.net\\\/index.php\\\/cardiomyopathie-dilatee\\\/#breadcrumb\",\"itemListElement\":[{\"@type\":\"ListItem\",\"position\":1,\"name\":\"Accueil\",\"item\":\"http:\\\/\\\/vet-ecg.ddns.net\\\/\"},{\"@type\":\"ListItem\",\"position\":2,\"name\":\"Cardiomyopathie dilat\u00e9e\"}]},{\"@type\":\"WebSite\",\"@id\":\"http:\\\/\\\/vet-ecg.ddns.net\\\/#website\",\"url\":\"http:\\\/\\\/vet-ecg.ddns.net\\\/\",\"name\":\"Blog d&#039;\u00e9lectrocardiographie v\u00e9t\u00e9rinaire\",\"description\":\"recueil d&#039;ECG de chiens et de chats\",\"publisher\":{\"@id\":\"http:\\\/\\\/vet-ecg.ddns.net\\\/#\\\/schema\\\/person\\\/fec4070a47e235fed904fab73cae00b4\"},\"alternateName\":\"\u00e9lectrocardiographie v\u00e9t\u00e9rinaire\",\"potentialAction\":[{\"@type\":\"SearchAction\",\"target\":{\"@type\":\"EntryPoint\",\"urlTemplate\":\"http:\\\/\\\/vet-ecg.ddns.net\\\/?s={search_term_string}\"},\"query-input\":{\"@type\":\"PropertyValueSpecification\",\"valueRequired\":true,\"valueName\":\"search_term_string\"}}],\"inLanguage\":\"fr-FR\"},{\"@type\":[\"Person\",\"Organization\"],\"@id\":\"http:\\\/\\\/vet-ecg.ddns.net\\\/#\\\/schema\\\/person\\\/fec4070a47e235fed904fab73cae00b4\",\"name\":\"admin\",\"image\":{\"@type\":\"ImageObject\",\"inLanguage\":\"fr-FR\",\"@id\":\"http:\\\/\\\/vet-ecg.ddns.net\\\/wp-content\\\/uploads\\\/2018\\\/04\\\/Zelda-2-ECG-248.jpg\",\"url\":\"http:\\\/\\\/vet-ecg.ddns.net\\\/wp-content\\\/uploads\\\/2018\\\/04\\\/Zelda-2-ECG-248.jpg\",\"contentUrl\":\"http:\\\/\\\/vet-ecg.ddns.net\\\/wp-content\\\/uploads\\\/2018\\\/04\\\/Zelda-2-ECG-248.jpg\",\"width\":248,\"height\":248,\"caption\":\"admin\"},\"logo\":{\"@id\":\"http:\\\/\\\/vet-ecg.ddns.net\\\/wp-content\\\/uploads\\\/2018\\\/04\\\/Zelda-2-ECG-248.jpg\"},\"description\":\"Les trac\u00e9s publi\u00e9s sur ce site sont issus de diff\u00e9rentes cliniques v\u00e9t\u00e9rinaires de Paris et de sa banlieue durant les 10 derni\u00e8res ann\u00e9es. Les ECG r\u00e9alis\u00e9s ont \u00e9t\u00e9 r\u00e9alis\u00e9s sur des chiens et des chats qui ont tous b\u00e9n\u00e9fici\u00e9 d'une \u00e9chocardiographie.\"}]}<\/script>\n<!-- \/ Yoast SEO plugin. -->","yoast_head_json":{"title":"Cardiomyopathie dilat\u00e9e - Blog d&#039;\u00e9lectrocardiographie v\u00e9t\u00e9rinaire","description":"La cardiomyopathie dilat\u00e9e (CMD) dans l'esp\u00e8ce f\u00e9line ne sont pas fr\u00e9quentes. Le d\u00e9ficit en taurine n'est aujourd'hui plus une cause de CMD.","robots":{"index":"index","follow":"follow","max-snippet":"max-snippet:-1","max-image-preview":"max-image-preview:large","max-video-preview":"max-video-preview:-1"},"canonical":"http:\/\/vet-ecg.ddns.net\/index.php\/cardiomyopathie-dilatee\/","schema":{"@context":"https:\/\/schema.org","@graph":[{"@type":"WebPage","@id":"http:\/\/vet-ecg.ddns.net\/index.php\/cardiomyopathie-dilatee\/","url":"http:\/\/vet-ecg.ddns.net\/index.php\/cardiomyopathie-dilatee\/","name":"Cardiomyopathie dilat\u00e9e - Blog d&#039;\u00e9lectrocardiographie v\u00e9t\u00e9rinaire","isPartOf":{"@id":"http:\/\/vet-ecg.ddns.net\/#website"},"datePublished":"2019-02-09T15:27:01+00:00","dateModified":"2019-11-23T09:02:42+00:00","description":"La cardiomyopathie dilat\u00e9e (CMD) dans l'esp\u00e8ce f\u00e9line ne sont pas fr\u00e9quentes. Le d\u00e9ficit en taurine n'est aujourd'hui plus une cause de CMD.","breadcrumb":{"@id":"http:\/\/vet-ecg.ddns.net\/index.php\/cardiomyopathie-dilatee\/#breadcrumb"},"inLanguage":"fr-FR","potentialAction":[{"@type":"ReadAction","target":["http:\/\/vet-ecg.ddns.net\/index.php\/cardiomyopathie-dilatee\/"]}]},{"@type":"BreadcrumbList","@id":"http:\/\/vet-ecg.ddns.net\/index.php\/cardiomyopathie-dilatee\/#breadcrumb","itemListElement":[{"@type":"ListItem","position":1,"name":"Accueil","item":"http:\/\/vet-ecg.ddns.net\/"},{"@type":"ListItem","position":2,"name":"Cardiomyopathie dilat\u00e9e"}]},{"@type":"WebSite","@id":"http:\/\/vet-ecg.ddns.net\/#website","url":"http:\/\/vet-ecg.ddns.net\/","name":"Blog d&#039;\u00e9lectrocardiographie v\u00e9t\u00e9rinaire","description":"recueil d&#039;ECG de chiens et de chats","publisher":{"@id":"http:\/\/vet-ecg.ddns.net\/#\/schema\/person\/fec4070a47e235fed904fab73cae00b4"},"alternateName":"\u00e9lectrocardiographie v\u00e9t\u00e9rinaire","potentialAction":[{"@type":"SearchAction","target":{"@type":"EntryPoint","urlTemplate":"http:\/\/vet-ecg.ddns.net\/?s={search_term_string}"},"query-input":{"@type":"PropertyValueSpecification","valueRequired":true,"valueName":"search_term_string"}}],"inLanguage":"fr-FR"},{"@type":["Person","Organization"],"@id":"http:\/\/vet-ecg.ddns.net\/#\/schema\/person\/fec4070a47e235fed904fab73cae00b4","name":"admin","image":{"@type":"ImageObject","inLanguage":"fr-FR","@id":"http:\/\/vet-ecg.ddns.net\/wp-content\/uploads\/2018\/04\/Zelda-2-ECG-248.jpg","url":"http:\/\/vet-ecg.ddns.net\/wp-content\/uploads\/2018\/04\/Zelda-2-ECG-248.jpg","contentUrl":"http:\/\/vet-ecg.ddns.net\/wp-content\/uploads\/2018\/04\/Zelda-2-ECG-248.jpg","width":248,"height":248,"caption":"admin"},"logo":{"@id":"http:\/\/vet-ecg.ddns.net\/wp-content\/uploads\/2018\/04\/Zelda-2-ECG-248.jpg"},"description":"Les trac\u00e9s publi\u00e9s sur ce site sont issus de diff\u00e9rentes cliniques v\u00e9t\u00e9rinaires de Paris et de sa banlieue durant les 10 derni\u00e8res ann\u00e9es. Les ECG r\u00e9alis\u00e9s ont \u00e9t\u00e9 r\u00e9alis\u00e9s sur des chiens et des chats qui ont tous b\u00e9n\u00e9fici\u00e9 d'une \u00e9chocardiographie."}]}},"_links":{"self":[{"href":"http:\/\/vet-ecg.ddns.net\/index.php\/wp-json\/wp\/v2\/pages\/1358","targetHints":{"allow":["GET"]}}],"collection":[{"href":"http:\/\/vet-ecg.ddns.net\/index.php\/wp-json\/wp\/v2\/pages"}],"about":[{"href":"http:\/\/vet-ecg.ddns.net\/index.php\/wp-json\/wp\/v2\/types\/page"}],"author":[{"embeddable":true,"href":"http:\/\/vet-ecg.ddns.net\/index.php\/wp-json\/wp\/v2\/users\/1"}],"replies":[{"embeddable":true,"href":"http:\/\/vet-ecg.ddns.net\/index.php\/wp-json\/wp\/v2\/comments?post=1358"}],"version-history":[{"count":0,"href":"http:\/\/vet-ecg.ddns.net\/index.php\/wp-json\/wp\/v2\/pages\/1358\/revisions"}],"wp:attachment":[{"href":"http:\/\/vet-ecg.ddns.net\/index.php\/wp-json\/wp\/v2\/media?parent=1358"}],"curies":[{"name":"wp","href":"https:\/\/api.w.org\/{rel}","templated":true}]}}