{"id":1336,"date":"2019-01-31T15:17:51","date_gmt":"2019-01-31T14:17:51","guid":{"rendered":"http:\/\/192.168.1.104\/?page_id=1336"},"modified":"2020-09-22T10:58:46","modified_gmt":"2020-09-22T08:58:46","slug":"evolution-dune-fibrillation-atriale-idiopathique","status":"publish","type":"page","link":"http:\/\/vet-ecg.ddns.net\/index.php\/evolution-dune-fibrillation-atriale-idiopathique\/","title":{"rendered":"Evolution d&rsquo;une fibrillation atriale idiopathique."},"content":{"rendered":"\n<p>Une \u00e9chocardiographie est r\u00e9alis\u00e9e sur un berger suisse de 10 ans (33 kg) pour abattement. Aucun souffle n&rsquo;est d\u00e9tect\u00e9 et l&rsquo;\u00e9chographie met en \u00e9vidence un \u00e9panchement p\u00e9ricardique de moyenne abondance sans autre anomalie cardiaque. <\/p>\n\n\n\n<p>Le trac\u00e9 initial (ci-dessous) se pr\u00e9sente comme une tachycardie totalement irr\u00e9guli\u00e8re \u00e0 QRS larges.<\/p>\n\n\n\n<p>On remarque que la polarit\u00e9 des QRS est variable.<\/p>\n\n\n\n<p>Les ondes F sont particuli\u00e8rement bien visibles sur certaines portions du trac\u00e9.<br><\/p>\n\n\n\n<figure class=\"wp-block-image\"><img loading=\"lazy\" decoding=\"async\" width=\"2745\" height=\"1899\" src=\"http:\/\/vet-ecg.ddns.net\/wp-content\/uploads\/cas-1a-FA.jpg\" alt=\"fibrillation atriale \u00e0 grosses mailles\" class=\"wp-image-1337\"\/><figcaption>Fibrillation atriale \u00e0 grosses mailles<\/figcaption><\/figure>\n\n\n\n<figure class=\"wp-block-image\"><img loading=\"lazy\" decoding=\"async\" width=\"2694\" height=\"420\" src=\"http:\/\/vet-ecg.ddns.net\/wp-content\/uploads\/cas-1a-bis-FA.jpg\" alt=\"Ondes F de fibrillation atriale\" class=\"wp-image-1338\"\/><figcaption>Ondes F<\/figcaption><\/figure>\n\n\n\n<p><\/p>\n\n\n\n<p>Le trac\u00e9 \u00e9volue ensuite vers une fibrillation avec bloc de branche gauche (QRS crochet\u00e9s)<\/p>\n\n\n\n<figure class=\"wp-block-image\"><img loading=\"lazy\" decoding=\"async\" width=\"1289\" height=\"858\" src=\"http:\/\/vet-ecg.ddns.net\/wp-content\/uploads\/cas-1b.jpg\" alt=\"tachycardie supraventriculaire avec bloc de branche gauche\" class=\"wp-image-1343\"\/><figcaption>Aspect de fibrillation atriale avec bloc de branche gauche<br><br><\/figcaption><\/figure>\n\n\n\n<p>Le lendemain, l&rsquo;ecg montre une tachycardie r\u00e9guli\u00e8re \u00e0 QRS larges entrecoup\u00e9e de complexe de fusion.<\/p>\n\n\n\n<p>La pr\u00e9sence d&rsquo;ondes P dissoci\u00e9es des QRS permet de porter le diagnostic de tachycardie ventriculaire.<\/p>\n\n\n\n<figure class=\"wp-block-image\"><img loading=\"lazy\" decoding=\"async\" width=\"1275\" height=\"927\" src=\"http:\/\/vet-ecg.ddns.net\/wp-content\/uploads\/cas-1a-ter.jpg\" alt=\"Tachycardie supraventriculaire avec bloc de branche droit\" class=\"wp-image-1345\"\/><figcaption> Aspect de tachycardie ventriculaire<br><\/figcaption><\/figure>\n\n\n\n<p>Puis le noeud sinusal commence \u00e0 prendre par moment le contr\u00f4le du rythme.<\/p>\n\n\n\n<figure class=\"wp-block-image\"><img loading=\"lazy\" decoding=\"async\" width=\"3155\" height=\"1916\" src=\"http:\/\/vet-ecg.ddns.net\/wp-content\/uploads\/cas-1c.jpg\" alt=\"complexes de captures\" class=\"wp-image-1347\"\/><figcaption>Reprises momentan\u00e9es du contr\u00f4le du rythme par le noeud sinusal.<\/figcaption><\/figure>\n\n\n\n<p><\/p>\n\n\n\n<p>Sous l&rsquo;effet du traitement, le rythme redevient enti\u00e8rement sinusal<\/p>\n\n\n\n<figure class=\"wp-block-image\"><img loading=\"lazy\" decoding=\"async\" width=\"1674\" height=\"1410\" src=\"http:\/\/vet-ecg.ddns.net\/wp-content\/uploads\/cas-1d.jpg\" alt=\"Restauration du rythme sinusal\" class=\"wp-image-1349\"\/><figcaption>Restauration pharmacologique du rythme sinusal<\/figcaption><\/figure>\n","protected":false},"excerpt":{"rendered":"<p>Une \u00e9chocardiographie est r\u00e9alis\u00e9e sur un berger suisse de 10 ans (33 kg) pour abattement. Aucun souffle n&rsquo;est d\u00e9tect\u00e9 et l&rsquo;\u00e9chographie met en \u00e9vidence un \u00e9panchement p\u00e9ricardique de moyenne abondance sans autre anomalie cardiaque. Le trac\u00e9 initial (ci-dessous) se pr\u00e9sente comme une tachycardie totalement irr\u00e9guli\u00e8re \u00e0 QRS larges. On remarque que la polarit\u00e9 des QRS &hellip; <a href=\"http:\/\/vet-ecg.ddns.net\/index.php\/evolution-dune-fibrillation-atriale-idiopathique\/\" class=\"more-link\">Continuer la lecture de <span class=\"screen-reader-text\">Evolution d&rsquo;une fibrillation atriale idiopathique.<\/span><\/a><\/p>\n","protected":false},"author":1,"featured_media":0,"parent":0,"menu_order":0,"comment_status":"closed","ping_status":"closed","template":"","meta":{"footnotes":""},"class_list":["post-1336","page","type-page","status-publish","hentry"],"yoast_head":"<!-- This site is optimized with the Yoast SEO plugin v27.4 - https:\/\/yoast.com\/product\/yoast-seo-wordpress\/ -->\n<title>Evolution d&#039;une fibrillation atriale idiopathique. - Blog d&#039;\u00e9lectrocardiographie v\u00e9t\u00e9rinaire<\/title>\n<meta name=\"robots\" content=\"index, follow, max-snippet:-1, max-image-preview:large, max-video-preview:-1\" \/>\n<link rel=\"canonical\" href=\"http:\/\/vet-ecg.ddns.net\/index.php\/evolution-dune-fibrillation-atriale-idiopathique\/\" \/>\n<meta name=\"twitter:label1\" content=\"Dur\u00e9e de lecture estim\u00e9e\" \/>\n\t<meta name=\"twitter:data1\" content=\"1 minute\" \/>\n<script type=\"application\/ld+json\" class=\"yoast-schema-graph\">{\"@context\":\"https:\\\/\\\/schema.org\",\"@graph\":[{\"@type\":\"WebPage\",\"@id\":\"http:\\\/\\\/vet-ecg.ddns.net\\\/index.php\\\/evolution-dune-fibrillation-atriale-idiopathique\\\/\",\"url\":\"http:\\\/\\\/vet-ecg.ddns.net\\\/index.php\\\/evolution-dune-fibrillation-atriale-idiopathique\\\/\",\"name\":\"Evolution d'une fibrillation atriale idiopathique. - Blog d&#039;\u00e9lectrocardiographie v\u00e9t\u00e9rinaire\",\"isPartOf\":{\"@id\":\"http:\\\/\\\/vet-ecg.ddns.net\\\/#website\"},\"primaryImageOfPage\":{\"@id\":\"http:\\\/\\\/vet-ecg.ddns.net\\\/index.php\\\/evolution-dune-fibrillation-atriale-idiopathique\\\/#primaryimage\"},\"image\":{\"@id\":\"http:\\\/\\\/vet-ecg.ddns.net\\\/index.php\\\/evolution-dune-fibrillation-atriale-idiopathique\\\/#primaryimage\"},\"thumbnailUrl\":\"http:\\\/\\\/vet-ecg.ddns.net\\\/wp-content\\\/uploads\\\/cas-1a-FA.jpg\",\"datePublished\":\"2019-01-31T14:17:51+00:00\",\"dateModified\":\"2020-09-22T08:58:46+00:00\",\"breadcrumb\":{\"@id\":\"http:\\\/\\\/vet-ecg.ddns.net\\\/index.php\\\/evolution-dune-fibrillation-atriale-idiopathique\\\/#breadcrumb\"},\"inLanguage\":\"fr-FR\",\"potentialAction\":[{\"@type\":\"ReadAction\",\"target\":[\"http:\\\/\\\/vet-ecg.ddns.net\\\/index.php\\\/evolution-dune-fibrillation-atriale-idiopathique\\\/\"]}]},{\"@type\":\"ImageObject\",\"inLanguage\":\"fr-FR\",\"@id\":\"http:\\\/\\\/vet-ecg.ddns.net\\\/index.php\\\/evolution-dune-fibrillation-atriale-idiopathique\\\/#primaryimage\",\"url\":\"http:\\\/\\\/vet-ecg.ddns.net\\\/wp-content\\\/uploads\\\/cas-1a-FA.jpg\",\"contentUrl\":\"http:\\\/\\\/vet-ecg.ddns.net\\\/wp-content\\\/uploads\\\/cas-1a-FA.jpg\",\"width\":2745,\"height\":1899,\"caption\":\"Created with GIMP\"},{\"@type\":\"BreadcrumbList\",\"@id\":\"http:\\\/\\\/vet-ecg.ddns.net\\\/index.php\\\/evolution-dune-fibrillation-atriale-idiopathique\\\/#breadcrumb\",\"itemListElement\":[{\"@type\":\"ListItem\",\"position\":1,\"name\":\"Accueil\",\"item\":\"http:\\\/\\\/vet-ecg.ddns.net\\\/\"},{\"@type\":\"ListItem\",\"position\":2,\"name\":\"Evolution d&rsquo;une fibrillation atriale idiopathique.\"}]},{\"@type\":\"WebSite\",\"@id\":\"http:\\\/\\\/vet-ecg.ddns.net\\\/#website\",\"url\":\"http:\\\/\\\/vet-ecg.ddns.net\\\/\",\"name\":\"Blog d&#039;\u00e9lectrocardiographie v\u00e9t\u00e9rinaire\",\"description\":\"recueil d&#039;ECG de chiens et de chats\",\"publisher\":{\"@id\":\"http:\\\/\\\/vet-ecg.ddns.net\\\/#\\\/schema\\\/person\\\/fec4070a47e235fed904fab73cae00b4\"},\"alternateName\":\"\u00e9lectrocardiographie v\u00e9t\u00e9rinaire\",\"potentialAction\":[{\"@type\":\"SearchAction\",\"target\":{\"@type\":\"EntryPoint\",\"urlTemplate\":\"http:\\\/\\\/vet-ecg.ddns.net\\\/?s={search_term_string}\"},\"query-input\":{\"@type\":\"PropertyValueSpecification\",\"valueRequired\":true,\"valueName\":\"search_term_string\"}}],\"inLanguage\":\"fr-FR\"},{\"@type\":[\"Person\",\"Organization\"],\"@id\":\"http:\\\/\\\/vet-ecg.ddns.net\\\/#\\\/schema\\\/person\\\/fec4070a47e235fed904fab73cae00b4\",\"name\":\"admin\",\"image\":{\"@type\":\"ImageObject\",\"inLanguage\":\"fr-FR\",\"@id\":\"http:\\\/\\\/vet-ecg.ddns.net\\\/wp-content\\\/uploads\\\/2018\\\/04\\\/Zelda-2-ECG-248.jpg\",\"url\":\"http:\\\/\\\/vet-ecg.ddns.net\\\/wp-content\\\/uploads\\\/2018\\\/04\\\/Zelda-2-ECG-248.jpg\",\"contentUrl\":\"http:\\\/\\\/vet-ecg.ddns.net\\\/wp-content\\\/uploads\\\/2018\\\/04\\\/Zelda-2-ECG-248.jpg\",\"width\":248,\"height\":248,\"caption\":\"admin\"},\"logo\":{\"@id\":\"http:\\\/\\\/vet-ecg.ddns.net\\\/wp-content\\\/uploads\\\/2018\\\/04\\\/Zelda-2-ECG-248.jpg\"},\"description\":\"Les trac\u00e9s publi\u00e9s sur ce site sont issus de diff\u00e9rentes cliniques v\u00e9t\u00e9rinaires de Paris et de sa banlieue durant les 10 derni\u00e8res ann\u00e9es. Les ECG r\u00e9alis\u00e9s ont \u00e9t\u00e9 r\u00e9alis\u00e9s sur des chiens et des chats qui ont tous b\u00e9n\u00e9fici\u00e9 d'une \u00e9chocardiographie.\"}]}<\/script>\n<!-- \/ Yoast SEO plugin. -->","yoast_head_json":{"title":"Evolution d'une fibrillation atriale idiopathique. - Blog d&#039;\u00e9lectrocardiographie v\u00e9t\u00e9rinaire","robots":{"index":"index","follow":"follow","max-snippet":"max-snippet:-1","max-image-preview":"max-image-preview:large","max-video-preview":"max-video-preview:-1"},"canonical":"http:\/\/vet-ecg.ddns.net\/index.php\/evolution-dune-fibrillation-atriale-idiopathique\/","twitter_misc":{"Dur\u00e9e de lecture estim\u00e9e":"1 minute"},"schema":{"@context":"https:\/\/schema.org","@graph":[{"@type":"WebPage","@id":"http:\/\/vet-ecg.ddns.net\/index.php\/evolution-dune-fibrillation-atriale-idiopathique\/","url":"http:\/\/vet-ecg.ddns.net\/index.php\/evolution-dune-fibrillation-atriale-idiopathique\/","name":"Evolution d'une fibrillation atriale idiopathique. - Blog d&#039;\u00e9lectrocardiographie v\u00e9t\u00e9rinaire","isPartOf":{"@id":"http:\/\/vet-ecg.ddns.net\/#website"},"primaryImageOfPage":{"@id":"http:\/\/vet-ecg.ddns.net\/index.php\/evolution-dune-fibrillation-atriale-idiopathique\/#primaryimage"},"image":{"@id":"http:\/\/vet-ecg.ddns.net\/index.php\/evolution-dune-fibrillation-atriale-idiopathique\/#primaryimage"},"thumbnailUrl":"http:\/\/vet-ecg.ddns.net\/wp-content\/uploads\/cas-1a-FA.jpg","datePublished":"2019-01-31T14:17:51+00:00","dateModified":"2020-09-22T08:58:46+00:00","breadcrumb":{"@id":"http:\/\/vet-ecg.ddns.net\/index.php\/evolution-dune-fibrillation-atriale-idiopathique\/#breadcrumb"},"inLanguage":"fr-FR","potentialAction":[{"@type":"ReadAction","target":["http:\/\/vet-ecg.ddns.net\/index.php\/evolution-dune-fibrillation-atriale-idiopathique\/"]}]},{"@type":"ImageObject","inLanguage":"fr-FR","@id":"http:\/\/vet-ecg.ddns.net\/index.php\/evolution-dune-fibrillation-atriale-idiopathique\/#primaryimage","url":"http:\/\/vet-ecg.ddns.net\/wp-content\/uploads\/cas-1a-FA.jpg","contentUrl":"http:\/\/vet-ecg.ddns.net\/wp-content\/uploads\/cas-1a-FA.jpg","width":2745,"height":1899,"caption":"Created with GIMP"},{"@type":"BreadcrumbList","@id":"http:\/\/vet-ecg.ddns.net\/index.php\/evolution-dune-fibrillation-atriale-idiopathique\/#breadcrumb","itemListElement":[{"@type":"ListItem","position":1,"name":"Accueil","item":"http:\/\/vet-ecg.ddns.net\/"},{"@type":"ListItem","position":2,"name":"Evolution d&rsquo;une fibrillation atriale idiopathique."}]},{"@type":"WebSite","@id":"http:\/\/vet-ecg.ddns.net\/#website","url":"http:\/\/vet-ecg.ddns.net\/","name":"Blog d&#039;\u00e9lectrocardiographie v\u00e9t\u00e9rinaire","description":"recueil d&#039;ECG de chiens et de chats","publisher":{"@id":"http:\/\/vet-ecg.ddns.net\/#\/schema\/person\/fec4070a47e235fed904fab73cae00b4"},"alternateName":"\u00e9lectrocardiographie v\u00e9t\u00e9rinaire","potentialAction":[{"@type":"SearchAction","target":{"@type":"EntryPoint","urlTemplate":"http:\/\/vet-ecg.ddns.net\/?s={search_term_string}"},"query-input":{"@type":"PropertyValueSpecification","valueRequired":true,"valueName":"search_term_string"}}],"inLanguage":"fr-FR"},{"@type":["Person","Organization"],"@id":"http:\/\/vet-ecg.ddns.net\/#\/schema\/person\/fec4070a47e235fed904fab73cae00b4","name":"admin","image":{"@type":"ImageObject","inLanguage":"fr-FR","@id":"http:\/\/vet-ecg.ddns.net\/wp-content\/uploads\/2018\/04\/Zelda-2-ECG-248.jpg","url":"http:\/\/vet-ecg.ddns.net\/wp-content\/uploads\/2018\/04\/Zelda-2-ECG-248.jpg","contentUrl":"http:\/\/vet-ecg.ddns.net\/wp-content\/uploads\/2018\/04\/Zelda-2-ECG-248.jpg","width":248,"height":248,"caption":"admin"},"logo":{"@id":"http:\/\/vet-ecg.ddns.net\/wp-content\/uploads\/2018\/04\/Zelda-2-ECG-248.jpg"},"description":"Les trac\u00e9s publi\u00e9s sur ce site sont issus de diff\u00e9rentes cliniques v\u00e9t\u00e9rinaires de Paris et de sa banlieue durant les 10 derni\u00e8res ann\u00e9es. Les ECG r\u00e9alis\u00e9s ont \u00e9t\u00e9 r\u00e9alis\u00e9s sur des chiens et des chats qui ont tous b\u00e9n\u00e9fici\u00e9 d'une \u00e9chocardiographie."}]}},"_links":{"self":[{"href":"http:\/\/vet-ecg.ddns.net\/index.php\/wp-json\/wp\/v2\/pages\/1336","targetHints":{"allow":["GET"]}}],"collection":[{"href":"http:\/\/vet-ecg.ddns.net\/index.php\/wp-json\/wp\/v2\/pages"}],"about":[{"href":"http:\/\/vet-ecg.ddns.net\/index.php\/wp-json\/wp\/v2\/types\/page"}],"author":[{"embeddable":true,"href":"http:\/\/vet-ecg.ddns.net\/index.php\/wp-json\/wp\/v2\/users\/1"}],"replies":[{"embeddable":true,"href":"http:\/\/vet-ecg.ddns.net\/index.php\/wp-json\/wp\/v2\/comments?post=1336"}],"version-history":[{"count":0,"href":"http:\/\/vet-ecg.ddns.net\/index.php\/wp-json\/wp\/v2\/pages\/1336\/revisions"}],"wp:attachment":[{"href":"http:\/\/vet-ecg.ddns.net\/index.php\/wp-json\/wp\/v2\/media?parent=1336"}],"curies":[{"name":"wp","href":"https:\/\/api.w.org\/{rel}","templated":true}]}}