{"id":1317,"date":"2019-01-27T10:48:21","date_gmt":"2019-01-27T09:48:21","guid":{"rendered":"http:\/\/192.168.1.104\/?page_id=1317"},"modified":"2019-11-08T10:19:57","modified_gmt":"2019-11-08T09:19:57","slug":"bav-complet-1a","status":"publish","type":"page","link":"http:\/\/vet-ecg.ddns.net\/index.php\/bav-complet-1a\/","title":{"rendered":"BAV complet (BAV-3)"},"content":{"rendered":"\n<figure class=\"wp-block-image\"><img loading=\"lazy\" decoding=\"async\" width=\"2900\" height=\"1501\" src=\"http:\/\/vet-ecg.ddns.net\/wp-content\/uploads\/BAV3-1a.jpg\" alt=\"dissociation atrioventriculaire\" class=\"wp-image-1318\"\/><\/figure>\n\n\n\n<p>Ce trac\u00e9, concerne un chien de 14 ans (5 kg)<\/p>\n\n\n\n<p>L&rsquo;ECG montre une dissociation atrio-ventriculaire compl\u00e8te.<\/p>\n\n\n\n<p>On remarque une succession d&rsquo;ondes P bloqu\u00e9es, cadenc\u00e9es \u00e0 environ 180 bpm. <\/p>\n\n\n\n<p>Par ailleurs, l&rsquo;animal est en d\u00e9cubitus lat\u00e9ral et sa survie momentan\u00e9e est assur\u00e9e par un pacemaker physiologique de secours.<br>Des ondes P sont parfois visibles entre la fin du QRS et le d\u00e9but de l&rsquo;onde T (branche ascendante).<\/p>\n\n\n\n<p>La fr\u00e9quence ventriculaire est d&rsquo;environ 22 bpm. Les QRS, d&rsquo;allure septale (iso-diphasiques),  ont une dur\u00e9e peu augment\u00e9e (60 ms). <\/p>\n\n\n\n<p>Ce BAV du 3e degr\u00e9 a provisoirement r\u00e9pondu \u00e0 l&rsquo;administration d&rsquo;atropine.<\/p>\n\n\n\n<figure class=\"wp-block-image\"><img loading=\"lazy\" decoding=\"async\" width=\"940\" height=\"576\" src=\"http:\/\/vet-ecg.ddns.net\/wp-content\/uploads\/BAV3-1b.jpg\" alt=\"d\u00e9tails de la dissociation AV\" class=\"wp-image-1319\"\/><figcaption>d\u00e9tails de la dissociation AV<\/figcaption><\/figure>\n\n\n\n<figure class=\"wp-block-image\"><img loading=\"lazy\" decoding=\"async\" width=\"2850\" height=\"1594\" src=\"http:\/\/vet-ecg.ddns.net\/wp-content\/uploads\/BAV3-1c-1.jpg\" alt=\"acc\u00e8s de tachycardie supraventriculaire\" class=\"wp-image-1324\"\/><figcaption>Acc\u00e8s de tachycardie supraventriculaire d\u00e9clench\u00e9 par l&rsquo;atropine<\/figcaption><\/figure>\n\n\n\n<p>En effet l&rsquo;atropine a d&rsquo;abord provoqu\u00e9 un acc\u00e8s de tachycardie supraventriculaire dont la fr\u00e9quence varie de 190 \u00e0 240 bpm.<\/p>\n\n\n\n<p>On remarque aussi que la derni\u00e8re systole est compatible avec une origine sinusale, de m\u00eame que le 6e complexe en partant de la fin.<\/p>\n\n\n\n<p>N\u00e9anmoins, d\u00e8s que l&rsquo;atropine a cess\u00e9 d&rsquo;agir, le BAV3 s&rsquo;est r\u00e9install\u00e9.<\/p>\n\n\n\n<figure class=\"wp-block-image\"><img loading=\"lazy\" decoding=\"async\" width=\"2800\" height=\"1413\" src=\"http:\/\/vet-ecg.ddns.net\/wp-content\/uploads\/BAV3-1e-1.jpg\" alt=\"\u00e9volution du BAV\" class=\"wp-image-1330\"\/><figcaption>effet de l&rsquo;atropine sur la conduction AV<\/figcaption><\/figure>\n","protected":false},"excerpt":{"rendered":"<p>Ce trac\u00e9, concerne un chien de 14 ans (5 kg) L&rsquo;ECG montre une dissociation atrio-ventriculaire compl\u00e8te. On remarque une succession d&rsquo;ondes P bloqu\u00e9es, cadenc\u00e9es \u00e0 environ 180 bpm. Par ailleurs, l&rsquo;animal est en d\u00e9cubitus lat\u00e9ral et sa survie momentan\u00e9e est assur\u00e9e par un pacemaker physiologique de secours.Des ondes P sont parfois visibles entre la fin &hellip; <a href=\"http:\/\/vet-ecg.ddns.net\/index.php\/bav-complet-1a\/\" class=\"more-link\">Continuer la lecture de <span class=\"screen-reader-text\">BAV complet (BAV-3)<\/span><\/a><\/p>\n","protected":false},"author":1,"featured_media":0,"parent":0,"menu_order":0,"comment_status":"closed","ping_status":"closed","template":"","meta":{"footnotes":""},"class_list":["post-1317","page","type-page","status-publish","hentry"],"yoast_head":"<!-- This site is optimized with the Yoast SEO plugin v27.4 - https:\/\/yoast.com\/product\/yoast-seo-wordpress\/ -->\n<title>BAV complet (BAV-3) - Blog d&#039;\u00e9lectrocardiographie v\u00e9t\u00e9rinaire<\/title>\n<meta name=\"description\" content=\"Exemple de trouble de la conduction atrioventriculaire: Dissociation atrioventriculaire compl\u00e8te et permanente. Fr\u00e9quence ventriculaire 22 bpm\" \/>\n<meta name=\"robots\" content=\"index, follow, max-snippet:-1, max-image-preview:large, max-video-preview:-1\" \/>\n<link rel=\"canonical\" href=\"http:\/\/vet-ecg.ddns.net\/index.php\/bav-complet-1a\/\" \/>\n<meta name=\"twitter:label1\" content=\"Dur\u00e9e de lecture estim\u00e9e\" \/>\n\t<meta name=\"twitter:data1\" content=\"1 minute\" \/>\n<script type=\"application\/ld+json\" class=\"yoast-schema-graph\">{\"@context\":\"https:\\\/\\\/schema.org\",\"@graph\":[{\"@type\":\"WebPage\",\"@id\":\"http:\\\/\\\/vet-ecg.ddns.net\\\/index.php\\\/bav-complet-1a\\\/\",\"url\":\"http:\\\/\\\/vet-ecg.ddns.net\\\/index.php\\\/bav-complet-1a\\\/\",\"name\":\"BAV complet (BAV-3) - Blog d&#039;\u00e9lectrocardiographie v\u00e9t\u00e9rinaire\",\"isPartOf\":{\"@id\":\"http:\\\/\\\/vet-ecg.ddns.net\\\/#website\"},\"primaryImageOfPage\":{\"@id\":\"http:\\\/\\\/vet-ecg.ddns.net\\\/index.php\\\/bav-complet-1a\\\/#primaryimage\"},\"image\":{\"@id\":\"http:\\\/\\\/vet-ecg.ddns.net\\\/index.php\\\/bav-complet-1a\\\/#primaryimage\"},\"thumbnailUrl\":\"http:\\\/\\\/vet-ecg.ddns.net\\\/wp-content\\\/uploads\\\/BAV3-1a.jpg\",\"datePublished\":\"2019-01-27T09:48:21+00:00\",\"dateModified\":\"2019-11-08T09:19:57+00:00\",\"description\":\"Exemple de trouble de la conduction atrioventriculaire: Dissociation atrioventriculaire compl\u00e8te et permanente. Fr\u00e9quence ventriculaire 22 bpm\",\"breadcrumb\":{\"@id\":\"http:\\\/\\\/vet-ecg.ddns.net\\\/index.php\\\/bav-complet-1a\\\/#breadcrumb\"},\"inLanguage\":\"fr-FR\",\"potentialAction\":[{\"@type\":\"ReadAction\",\"target\":[\"http:\\\/\\\/vet-ecg.ddns.net\\\/index.php\\\/bav-complet-1a\\\/\"]}]},{\"@type\":\"ImageObject\",\"inLanguage\":\"fr-FR\",\"@id\":\"http:\\\/\\\/vet-ecg.ddns.net\\\/index.php\\\/bav-complet-1a\\\/#primaryimage\",\"url\":\"http:\\\/\\\/vet-ecg.ddns.net\\\/wp-content\\\/uploads\\\/BAV3-1a.jpg\",\"contentUrl\":\"http:\\\/\\\/vet-ecg.ddns.net\\\/wp-content\\\/uploads\\\/BAV3-1a.jpg\",\"width\":2900,\"height\":1501,\"caption\":\"dissociation atrioventriculaire\"},{\"@type\":\"BreadcrumbList\",\"@id\":\"http:\\\/\\\/vet-ecg.ddns.net\\\/index.php\\\/bav-complet-1a\\\/#breadcrumb\",\"itemListElement\":[{\"@type\":\"ListItem\",\"position\":1,\"name\":\"Accueil\",\"item\":\"http:\\\/\\\/vet-ecg.ddns.net\\\/\"},{\"@type\":\"ListItem\",\"position\":2,\"name\":\"BAV complet (BAV-3)\"}]},{\"@type\":\"WebSite\",\"@id\":\"http:\\\/\\\/vet-ecg.ddns.net\\\/#website\",\"url\":\"http:\\\/\\\/vet-ecg.ddns.net\\\/\",\"name\":\"Blog d&#039;\u00e9lectrocardiographie v\u00e9t\u00e9rinaire\",\"description\":\"recueil d&#039;ECG de chiens et de chats\",\"publisher\":{\"@id\":\"http:\\\/\\\/vet-ecg.ddns.net\\\/#\\\/schema\\\/person\\\/fec4070a47e235fed904fab73cae00b4\"},\"alternateName\":\"\u00e9lectrocardiographie v\u00e9t\u00e9rinaire\",\"potentialAction\":[{\"@type\":\"SearchAction\",\"target\":{\"@type\":\"EntryPoint\",\"urlTemplate\":\"http:\\\/\\\/vet-ecg.ddns.net\\\/?s={search_term_string}\"},\"query-input\":{\"@type\":\"PropertyValueSpecification\",\"valueRequired\":true,\"valueName\":\"search_term_string\"}}],\"inLanguage\":\"fr-FR\"},{\"@type\":[\"Person\",\"Organization\"],\"@id\":\"http:\\\/\\\/vet-ecg.ddns.net\\\/#\\\/schema\\\/person\\\/fec4070a47e235fed904fab73cae00b4\",\"name\":\"admin\",\"image\":{\"@type\":\"ImageObject\",\"inLanguage\":\"fr-FR\",\"@id\":\"http:\\\/\\\/vet-ecg.ddns.net\\\/wp-content\\\/uploads\\\/2018\\\/04\\\/Zelda-2-ECG-248.jpg\",\"url\":\"http:\\\/\\\/vet-ecg.ddns.net\\\/wp-content\\\/uploads\\\/2018\\\/04\\\/Zelda-2-ECG-248.jpg\",\"contentUrl\":\"http:\\\/\\\/vet-ecg.ddns.net\\\/wp-content\\\/uploads\\\/2018\\\/04\\\/Zelda-2-ECG-248.jpg\",\"width\":248,\"height\":248,\"caption\":\"admin\"},\"logo\":{\"@id\":\"http:\\\/\\\/vet-ecg.ddns.net\\\/wp-content\\\/uploads\\\/2018\\\/04\\\/Zelda-2-ECG-248.jpg\"},\"description\":\"Les trac\u00e9s publi\u00e9s sur ce site sont issus de diff\u00e9rentes cliniques v\u00e9t\u00e9rinaires de Paris et de sa banlieue durant les 10 derni\u00e8res ann\u00e9es. Les ECG r\u00e9alis\u00e9s ont \u00e9t\u00e9 r\u00e9alis\u00e9s sur des chiens et des chats qui ont tous b\u00e9n\u00e9fici\u00e9 d'une \u00e9chocardiographie.\"}]}<\/script>\n<!-- \/ Yoast SEO plugin. -->","yoast_head_json":{"title":"BAV complet (BAV-3) - Blog d&#039;\u00e9lectrocardiographie v\u00e9t\u00e9rinaire","description":"Exemple de trouble de la conduction atrioventriculaire: Dissociation atrioventriculaire compl\u00e8te et permanente. Fr\u00e9quence ventriculaire 22 bpm","robots":{"index":"index","follow":"follow","max-snippet":"max-snippet:-1","max-image-preview":"max-image-preview:large","max-video-preview":"max-video-preview:-1"},"canonical":"http:\/\/vet-ecg.ddns.net\/index.php\/bav-complet-1a\/","twitter_misc":{"Dur\u00e9e de lecture estim\u00e9e":"1 minute"},"schema":{"@context":"https:\/\/schema.org","@graph":[{"@type":"WebPage","@id":"http:\/\/vet-ecg.ddns.net\/index.php\/bav-complet-1a\/","url":"http:\/\/vet-ecg.ddns.net\/index.php\/bav-complet-1a\/","name":"BAV complet (BAV-3) - Blog d&#039;\u00e9lectrocardiographie v\u00e9t\u00e9rinaire","isPartOf":{"@id":"http:\/\/vet-ecg.ddns.net\/#website"},"primaryImageOfPage":{"@id":"http:\/\/vet-ecg.ddns.net\/index.php\/bav-complet-1a\/#primaryimage"},"image":{"@id":"http:\/\/vet-ecg.ddns.net\/index.php\/bav-complet-1a\/#primaryimage"},"thumbnailUrl":"http:\/\/vet-ecg.ddns.net\/wp-content\/uploads\/BAV3-1a.jpg","datePublished":"2019-01-27T09:48:21+00:00","dateModified":"2019-11-08T09:19:57+00:00","description":"Exemple de trouble de la conduction atrioventriculaire: Dissociation atrioventriculaire compl\u00e8te et permanente. Fr\u00e9quence ventriculaire 22 bpm","breadcrumb":{"@id":"http:\/\/vet-ecg.ddns.net\/index.php\/bav-complet-1a\/#breadcrumb"},"inLanguage":"fr-FR","potentialAction":[{"@type":"ReadAction","target":["http:\/\/vet-ecg.ddns.net\/index.php\/bav-complet-1a\/"]}]},{"@type":"ImageObject","inLanguage":"fr-FR","@id":"http:\/\/vet-ecg.ddns.net\/index.php\/bav-complet-1a\/#primaryimage","url":"http:\/\/vet-ecg.ddns.net\/wp-content\/uploads\/BAV3-1a.jpg","contentUrl":"http:\/\/vet-ecg.ddns.net\/wp-content\/uploads\/BAV3-1a.jpg","width":2900,"height":1501,"caption":"dissociation atrioventriculaire"},{"@type":"BreadcrumbList","@id":"http:\/\/vet-ecg.ddns.net\/index.php\/bav-complet-1a\/#breadcrumb","itemListElement":[{"@type":"ListItem","position":1,"name":"Accueil","item":"http:\/\/vet-ecg.ddns.net\/"},{"@type":"ListItem","position":2,"name":"BAV complet (BAV-3)"}]},{"@type":"WebSite","@id":"http:\/\/vet-ecg.ddns.net\/#website","url":"http:\/\/vet-ecg.ddns.net\/","name":"Blog d&#039;\u00e9lectrocardiographie v\u00e9t\u00e9rinaire","description":"recueil d&#039;ECG de chiens et de chats","publisher":{"@id":"http:\/\/vet-ecg.ddns.net\/#\/schema\/person\/fec4070a47e235fed904fab73cae00b4"},"alternateName":"\u00e9lectrocardiographie v\u00e9t\u00e9rinaire","potentialAction":[{"@type":"SearchAction","target":{"@type":"EntryPoint","urlTemplate":"http:\/\/vet-ecg.ddns.net\/?s={search_term_string}"},"query-input":{"@type":"PropertyValueSpecification","valueRequired":true,"valueName":"search_term_string"}}],"inLanguage":"fr-FR"},{"@type":["Person","Organization"],"@id":"http:\/\/vet-ecg.ddns.net\/#\/schema\/person\/fec4070a47e235fed904fab73cae00b4","name":"admin","image":{"@type":"ImageObject","inLanguage":"fr-FR","@id":"http:\/\/vet-ecg.ddns.net\/wp-content\/uploads\/2018\/04\/Zelda-2-ECG-248.jpg","url":"http:\/\/vet-ecg.ddns.net\/wp-content\/uploads\/2018\/04\/Zelda-2-ECG-248.jpg","contentUrl":"http:\/\/vet-ecg.ddns.net\/wp-content\/uploads\/2018\/04\/Zelda-2-ECG-248.jpg","width":248,"height":248,"caption":"admin"},"logo":{"@id":"http:\/\/vet-ecg.ddns.net\/wp-content\/uploads\/2018\/04\/Zelda-2-ECG-248.jpg"},"description":"Les trac\u00e9s publi\u00e9s sur ce site sont issus de diff\u00e9rentes cliniques v\u00e9t\u00e9rinaires de Paris et de sa banlieue durant les 10 derni\u00e8res ann\u00e9es. Les ECG r\u00e9alis\u00e9s ont \u00e9t\u00e9 r\u00e9alis\u00e9s sur des chiens et des chats qui ont tous b\u00e9n\u00e9fici\u00e9 d'une \u00e9chocardiographie."}]}},"_links":{"self":[{"href":"http:\/\/vet-ecg.ddns.net\/index.php\/wp-json\/wp\/v2\/pages\/1317","targetHints":{"allow":["GET"]}}],"collection":[{"href":"http:\/\/vet-ecg.ddns.net\/index.php\/wp-json\/wp\/v2\/pages"}],"about":[{"href":"http:\/\/vet-ecg.ddns.net\/index.php\/wp-json\/wp\/v2\/types\/page"}],"author":[{"embeddable":true,"href":"http:\/\/vet-ecg.ddns.net\/index.php\/wp-json\/wp\/v2\/users\/1"}],"replies":[{"embeddable":true,"href":"http:\/\/vet-ecg.ddns.net\/index.php\/wp-json\/wp\/v2\/comments?post=1317"}],"version-history":[{"count":0,"href":"http:\/\/vet-ecg.ddns.net\/index.php\/wp-json\/wp\/v2\/pages\/1317\/revisions"}],"wp:attachment":[{"href":"http:\/\/vet-ecg.ddns.net\/index.php\/wp-json\/wp\/v2\/media?parent=1317"}],"curies":[{"name":"wp","href":"https:\/\/api.w.org\/{rel}","templated":true}]}}