{"id":1314,"date":"2019-01-27T10:37:07","date_gmt":"2019-01-27T09:37:07","guid":{"rendered":"http:\/\/192.168.1.104\/?page_id=1314"},"modified":"2019-11-08T10:02:12","modified_gmt":"2019-11-08T09:02:12","slug":"bav-complet-3e-degre","status":"publish","type":"page","link":"http:\/\/vet-ecg.ddns.net\/index.php\/bav-complet-3e-degre\/","title":{"rendered":"BAV complet (3e degr\u00e9)"},"content":{"rendered":"<p>Dans les blocs atrioventriculaires du 3e degr\u00e9 (BAV-3), l&rsquo;interruption de la conduction entre les oreillettes et les ventricules est compl\u00e8te.<\/p>\n<p>Par cons\u00e9quent aucun influx en provenance du n\u0153ud sinusal ne parvient aux ventricules.<\/p>\n\n\n<p>La survie de l&rsquo;animal est alors assur\u00e9e par des pacemakers de secours.<\/p>\n\n\n<p>Ceux-ci se situent au niveau du n\u0153ud atrio-ventriculaire ou dans le r\u00e9seau de His-Purkinje.<\/p>\n<p>La fr\u00e9quence de d\u00e9polarisation de ceux-ci est d&rsquo;autant plus lente qu&rsquo;ils sont plus \u00e9loign\u00e9s du n\u0153ud atrioventriculaire.<\/p>\n\n\n<p>La r\u00e9gularit\u00e9 du rythme et la fr\u00e9quence cardiaque habituelle chez le chat laissent penser que le rythme est sinusal \u00e0 l&rsquo;auscultation.<\/p>\n\n\n\n<p>Or, ici, il n&rsquo;en est rien comme on le voit ci-dessous puisque les intervalles PR varient constamment.<\/p>\n\n\n\n<p>Les QRS ne sont pas \u00e9largis et la fr\u00e9quence ventriculaire est d&rsquo;environ 125 bpm tandis que la fr\u00e9quence atriale se situe \u00e0 185 bpm. Il s&rsquo;agit donc d&rsquo;un rythme d&rsquo;\u00e9chappement jonctionnel.<\/p>\n\n\n\n<figure class=\"wp-block-image\"><img loading=\"lazy\" decoding=\"async\" width=\"1994\" height=\"1735\" src=\"http:\/\/vet-ecg.ddns.net\/wp-content\/uploads\/BAV3-chat.jpg\" alt=\"troubles de la conduction\" class=\"wp-image-1987\"\/><figcaption>Dissociation atrioventriculaire chez un chat<\/figcaption><\/figure>\n","protected":false},"excerpt":{"rendered":"<p>Dans les blocs atrioventriculaires du 3e degr\u00e9 (BAV-3), l&rsquo;interruption de la conduction entre les oreillettes et les ventricules est compl\u00e8te. Par cons\u00e9quent aucun influx en provenance du n\u0153ud sinusal ne parvient aux ventricules. La survie de l&rsquo;animal est alors assur\u00e9e par des pacemakers de secours. Ceux-ci se situent au niveau du n\u0153ud atrio-ventriculaire ou dans &hellip; <a href=\"http:\/\/vet-ecg.ddns.net\/index.php\/bav-complet-3e-degre\/\" class=\"more-link\">Continuer la lecture de <span class=\"screen-reader-text\">BAV complet (3e degr\u00e9)<\/span><\/a><\/p>\n","protected":false},"author":1,"featured_media":0,"parent":0,"menu_order":0,"comment_status":"closed","ping_status":"closed","template":"","meta":{"footnotes":""},"class_list":["post-1314","page","type-page","status-publish","hentry"],"yoast_head":"<!-- This site is optimized with the Yoast SEO plugin v27.4 - https:\/\/yoast.com\/product\/yoast-seo-wordpress\/ -->\n<title>BAV complet (3e degr\u00e9) - Blog d&#039;\u00e9lectrocardiographie v\u00e9t\u00e9rinaire<\/title>\n<meta name=\"description\" content=\"BAV complet - 3e degr\u00e9: interruption compl\u00e8te et permanente de la propagation de l&#039;influx sinusal. Aucun influx sinusal n&#039;atteint les ventricules.\" \/>\n<meta name=\"robots\" content=\"index, follow, max-snippet:-1, max-image-preview:large, max-video-preview:-1\" \/>\n<link rel=\"canonical\" href=\"http:\/\/vet-ecg.ddns.net\/index.php\/bav-complet-3e-degre\/\" \/>\n<meta name=\"twitter:label1\" content=\"Dur\u00e9e de lecture estim\u00e9e\" \/>\n\t<meta name=\"twitter:data1\" content=\"1 minute\" \/>\n<script type=\"application\/ld+json\" class=\"yoast-schema-graph\">{\"@context\":\"https:\\\/\\\/schema.org\",\"@graph\":[{\"@type\":\"WebPage\",\"@id\":\"http:\\\/\\\/vet-ecg.ddns.net\\\/index.php\\\/bav-complet-3e-degre\\\/\",\"url\":\"http:\\\/\\\/vet-ecg.ddns.net\\\/index.php\\\/bav-complet-3e-degre\\\/\",\"name\":\"BAV complet (3e degr\u00e9) - Blog d&#039;\u00e9lectrocardiographie v\u00e9t\u00e9rinaire\",\"isPartOf\":{\"@id\":\"http:\\\/\\\/vet-ecg.ddns.net\\\/#website\"},\"primaryImageOfPage\":{\"@id\":\"http:\\\/\\\/vet-ecg.ddns.net\\\/index.php\\\/bav-complet-3e-degre\\\/#primaryimage\"},\"image\":{\"@id\":\"http:\\\/\\\/vet-ecg.ddns.net\\\/index.php\\\/bav-complet-3e-degre\\\/#primaryimage\"},\"thumbnailUrl\":\"http:\\\/\\\/vet-ecg.ddns.net\\\/wp-content\\\/uploads\\\/BAV3-chat.jpg\",\"datePublished\":\"2019-01-27T09:37:07+00:00\",\"dateModified\":\"2019-11-08T09:02:12+00:00\",\"description\":\"BAV complet - 3e degr\u00e9: interruption compl\u00e8te et permanente de la propagation de l'influx sinusal. Aucun influx sinusal n'atteint les ventricules.\",\"breadcrumb\":{\"@id\":\"http:\\\/\\\/vet-ecg.ddns.net\\\/index.php\\\/bav-complet-3e-degre\\\/#breadcrumb\"},\"inLanguage\":\"fr-FR\",\"potentialAction\":[{\"@type\":\"ReadAction\",\"target\":[\"http:\\\/\\\/vet-ecg.ddns.net\\\/index.php\\\/bav-complet-3e-degre\\\/\"]}]},{\"@type\":\"ImageObject\",\"inLanguage\":\"fr-FR\",\"@id\":\"http:\\\/\\\/vet-ecg.ddns.net\\\/index.php\\\/bav-complet-3e-degre\\\/#primaryimage\",\"url\":\"http:\\\/\\\/vet-ecg.ddns.net\\\/wp-content\\\/uploads\\\/BAV3-chat.jpg\",\"contentUrl\":\"http:\\\/\\\/vet-ecg.ddns.net\\\/wp-content\\\/uploads\\\/BAV3-chat.jpg\",\"width\":1994,\"height\":1735,\"caption\":\"troubles de la conduction\"},{\"@type\":\"BreadcrumbList\",\"@id\":\"http:\\\/\\\/vet-ecg.ddns.net\\\/index.php\\\/bav-complet-3e-degre\\\/#breadcrumb\",\"itemListElement\":[{\"@type\":\"ListItem\",\"position\":1,\"name\":\"Accueil\",\"item\":\"http:\\\/\\\/vet-ecg.ddns.net\\\/\"},{\"@type\":\"ListItem\",\"position\":2,\"name\":\"BAV complet (3e degr\u00e9)\"}]},{\"@type\":\"WebSite\",\"@id\":\"http:\\\/\\\/vet-ecg.ddns.net\\\/#website\",\"url\":\"http:\\\/\\\/vet-ecg.ddns.net\\\/\",\"name\":\"Blog d&#039;\u00e9lectrocardiographie v\u00e9t\u00e9rinaire\",\"description\":\"recueil d&#039;ECG de chiens et de chats\",\"publisher\":{\"@id\":\"http:\\\/\\\/vet-ecg.ddns.net\\\/#\\\/schema\\\/person\\\/fec4070a47e235fed904fab73cae00b4\"},\"alternateName\":\"\u00e9lectrocardiographie v\u00e9t\u00e9rinaire\",\"potentialAction\":[{\"@type\":\"SearchAction\",\"target\":{\"@type\":\"EntryPoint\",\"urlTemplate\":\"http:\\\/\\\/vet-ecg.ddns.net\\\/?s={search_term_string}\"},\"query-input\":{\"@type\":\"PropertyValueSpecification\",\"valueRequired\":true,\"valueName\":\"search_term_string\"}}],\"inLanguage\":\"fr-FR\"},{\"@type\":[\"Person\",\"Organization\"],\"@id\":\"http:\\\/\\\/vet-ecg.ddns.net\\\/#\\\/schema\\\/person\\\/fec4070a47e235fed904fab73cae00b4\",\"name\":\"admin\",\"image\":{\"@type\":\"ImageObject\",\"inLanguage\":\"fr-FR\",\"@id\":\"http:\\\/\\\/vet-ecg.ddns.net\\\/wp-content\\\/uploads\\\/2018\\\/04\\\/Zelda-2-ECG-248.jpg\",\"url\":\"http:\\\/\\\/vet-ecg.ddns.net\\\/wp-content\\\/uploads\\\/2018\\\/04\\\/Zelda-2-ECG-248.jpg\",\"contentUrl\":\"http:\\\/\\\/vet-ecg.ddns.net\\\/wp-content\\\/uploads\\\/2018\\\/04\\\/Zelda-2-ECG-248.jpg\",\"width\":248,\"height\":248,\"caption\":\"admin\"},\"logo\":{\"@id\":\"http:\\\/\\\/vet-ecg.ddns.net\\\/wp-content\\\/uploads\\\/2018\\\/04\\\/Zelda-2-ECG-248.jpg\"},\"description\":\"Les trac\u00e9s publi\u00e9s sur ce site sont issus de diff\u00e9rentes cliniques v\u00e9t\u00e9rinaires de Paris et de sa banlieue durant les 10 derni\u00e8res ann\u00e9es. Les ECG r\u00e9alis\u00e9s ont \u00e9t\u00e9 r\u00e9alis\u00e9s sur des chiens et des chats qui ont tous b\u00e9n\u00e9fici\u00e9 d'une \u00e9chocardiographie.\"}]}<\/script>\n<!-- \/ Yoast SEO plugin. -->","yoast_head_json":{"title":"BAV complet (3e degr\u00e9) - Blog d&#039;\u00e9lectrocardiographie v\u00e9t\u00e9rinaire","description":"BAV complet - 3e degr\u00e9: interruption compl\u00e8te et permanente de la propagation de l'influx sinusal. Aucun influx sinusal n'atteint les ventricules.","robots":{"index":"index","follow":"follow","max-snippet":"max-snippet:-1","max-image-preview":"max-image-preview:large","max-video-preview":"max-video-preview:-1"},"canonical":"http:\/\/vet-ecg.ddns.net\/index.php\/bav-complet-3e-degre\/","twitter_misc":{"Dur\u00e9e de lecture estim\u00e9e":"1 minute"},"schema":{"@context":"https:\/\/schema.org","@graph":[{"@type":"WebPage","@id":"http:\/\/vet-ecg.ddns.net\/index.php\/bav-complet-3e-degre\/","url":"http:\/\/vet-ecg.ddns.net\/index.php\/bav-complet-3e-degre\/","name":"BAV complet (3e degr\u00e9) - Blog d&#039;\u00e9lectrocardiographie v\u00e9t\u00e9rinaire","isPartOf":{"@id":"http:\/\/vet-ecg.ddns.net\/#website"},"primaryImageOfPage":{"@id":"http:\/\/vet-ecg.ddns.net\/index.php\/bav-complet-3e-degre\/#primaryimage"},"image":{"@id":"http:\/\/vet-ecg.ddns.net\/index.php\/bav-complet-3e-degre\/#primaryimage"},"thumbnailUrl":"http:\/\/vet-ecg.ddns.net\/wp-content\/uploads\/BAV3-chat.jpg","datePublished":"2019-01-27T09:37:07+00:00","dateModified":"2019-11-08T09:02:12+00:00","description":"BAV complet - 3e degr\u00e9: interruption compl\u00e8te et permanente de la propagation de l'influx sinusal. Aucun influx sinusal n'atteint les ventricules.","breadcrumb":{"@id":"http:\/\/vet-ecg.ddns.net\/index.php\/bav-complet-3e-degre\/#breadcrumb"},"inLanguage":"fr-FR","potentialAction":[{"@type":"ReadAction","target":["http:\/\/vet-ecg.ddns.net\/index.php\/bav-complet-3e-degre\/"]}]},{"@type":"ImageObject","inLanguage":"fr-FR","@id":"http:\/\/vet-ecg.ddns.net\/index.php\/bav-complet-3e-degre\/#primaryimage","url":"http:\/\/vet-ecg.ddns.net\/wp-content\/uploads\/BAV3-chat.jpg","contentUrl":"http:\/\/vet-ecg.ddns.net\/wp-content\/uploads\/BAV3-chat.jpg","width":1994,"height":1735,"caption":"troubles de la conduction"},{"@type":"BreadcrumbList","@id":"http:\/\/vet-ecg.ddns.net\/index.php\/bav-complet-3e-degre\/#breadcrumb","itemListElement":[{"@type":"ListItem","position":1,"name":"Accueil","item":"http:\/\/vet-ecg.ddns.net\/"},{"@type":"ListItem","position":2,"name":"BAV complet (3e degr\u00e9)"}]},{"@type":"WebSite","@id":"http:\/\/vet-ecg.ddns.net\/#website","url":"http:\/\/vet-ecg.ddns.net\/","name":"Blog d&#039;\u00e9lectrocardiographie v\u00e9t\u00e9rinaire","description":"recueil d&#039;ECG de chiens et de chats","publisher":{"@id":"http:\/\/vet-ecg.ddns.net\/#\/schema\/person\/fec4070a47e235fed904fab73cae00b4"},"alternateName":"\u00e9lectrocardiographie v\u00e9t\u00e9rinaire","potentialAction":[{"@type":"SearchAction","target":{"@type":"EntryPoint","urlTemplate":"http:\/\/vet-ecg.ddns.net\/?s={search_term_string}"},"query-input":{"@type":"PropertyValueSpecification","valueRequired":true,"valueName":"search_term_string"}}],"inLanguage":"fr-FR"},{"@type":["Person","Organization"],"@id":"http:\/\/vet-ecg.ddns.net\/#\/schema\/person\/fec4070a47e235fed904fab73cae00b4","name":"admin","image":{"@type":"ImageObject","inLanguage":"fr-FR","@id":"http:\/\/vet-ecg.ddns.net\/wp-content\/uploads\/2018\/04\/Zelda-2-ECG-248.jpg","url":"http:\/\/vet-ecg.ddns.net\/wp-content\/uploads\/2018\/04\/Zelda-2-ECG-248.jpg","contentUrl":"http:\/\/vet-ecg.ddns.net\/wp-content\/uploads\/2018\/04\/Zelda-2-ECG-248.jpg","width":248,"height":248,"caption":"admin"},"logo":{"@id":"http:\/\/vet-ecg.ddns.net\/wp-content\/uploads\/2018\/04\/Zelda-2-ECG-248.jpg"},"description":"Les trac\u00e9s publi\u00e9s sur ce site sont issus de diff\u00e9rentes cliniques v\u00e9t\u00e9rinaires de Paris et de sa banlieue durant les 10 derni\u00e8res ann\u00e9es. Les ECG r\u00e9alis\u00e9s ont \u00e9t\u00e9 r\u00e9alis\u00e9s sur des chiens et des chats qui ont tous b\u00e9n\u00e9fici\u00e9 d'une \u00e9chocardiographie."}]}},"_links":{"self":[{"href":"http:\/\/vet-ecg.ddns.net\/index.php\/wp-json\/wp\/v2\/pages\/1314","targetHints":{"allow":["GET"]}}],"collection":[{"href":"http:\/\/vet-ecg.ddns.net\/index.php\/wp-json\/wp\/v2\/pages"}],"about":[{"href":"http:\/\/vet-ecg.ddns.net\/index.php\/wp-json\/wp\/v2\/types\/page"}],"author":[{"embeddable":true,"href":"http:\/\/vet-ecg.ddns.net\/index.php\/wp-json\/wp\/v2\/users\/1"}],"replies":[{"embeddable":true,"href":"http:\/\/vet-ecg.ddns.net\/index.php\/wp-json\/wp\/v2\/comments?post=1314"}],"version-history":[{"count":0,"href":"http:\/\/vet-ecg.ddns.net\/index.php\/wp-json\/wp\/v2\/pages\/1314\/revisions"}],"wp:attachment":[{"href":"http:\/\/vet-ecg.ddns.net\/index.php\/wp-json\/wp\/v2\/media?parent=1314"}],"curies":[{"name":"wp","href":"https:\/\/api.w.org\/{rel}","templated":true}]}}