{"id":1286,"date":"2018-12-22T23:06:58","date_gmt":"2018-12-22T22:06:58","guid":{"rendered":"http:\/\/192.168.1.104\/?page_id=1286"},"modified":"2019-10-13T22:37:44","modified_gmt":"2019-10-13T20:37:44","slug":"bloc-de-branche-droit","status":"publish","type":"page","link":"http:\/\/vet-ecg.ddns.net\/index.php\/bloc-de-branche-droit\/","title":{"rendered":"bloc de branche droit"},"content":{"rendered":"\n<figure class=\"wp-block-image\"><img loading=\"lazy\" decoding=\"async\" width=\"1410\" height=\"3498\" src=\"http:\/\/vet-ecg.ddns.net\/wp-content\/uploads\/BBD-1.jpg\" alt=\"bloc de branche droit\" class=\"wp-image-1287\"\/><figcaption>QRS \u00e9largis \u00e0 polarit\u00e9 n\u00e9gative en D1, D2 et AVF<\/figcaption><\/figure>\n\n\n\n<p>Ce bouledogue anglais en surpoids pr\u00e9sente un trouble des voies a\u00e9riennes sup\u00e9rieures. <\/p>\n\n\n\n<p>Le trac\u00e9 ci-dessus est celui d&rsquo;un rythme sinusal \u00e0 150 bpm avec bloc de branche droit complet.<\/p>\n\n\n\n<p>La dur\u00e9e des QRS ne devrait pas exc\u00e9der 55 ms sur un chien de ce format. Elle est mesur\u00e9e ici \u00e0 110 ms d&rsquo;o\u00f9 l&rsquo;on peut conclure que ce bloc est complet.<\/p>\n\n\n\n<p>La dur\u00e9e de l&rsquo;intervalle PR de 90 ms se situe dans les normes.<\/p>\n\n\n\n<p>L&rsquo;axe des QRS est d\u00e9vi\u00e9 \u00e0 droite (D1 et AVF sont n\u00e9gatifs)<\/p>\n\n\n\n<p>La polarit\u00e9 des ondes T est invers\u00e9e par rapport \u00e0 celle des QRS.<\/p>\n\n\n\n<p>Les QRS \u00e9largis  se rencontrent \u00e9galement dans les dilatations ventriculaires majeures, les tachycardies ventriculaires (mais alors, non pr\u00e9c\u00e9d\u00e9s d&rsquo;onde P) et dans certains blocs de conduction intraventriculaires.<\/p>\n\n\n\n<p><\/p>\n","protected":false},"excerpt":{"rendered":"<p>Ce bouledogue anglais en surpoids pr\u00e9sente un trouble des voies a\u00e9riennes sup\u00e9rieures. Le trac\u00e9 ci-dessus est celui d&rsquo;un rythme sinusal \u00e0 150 bpm avec bloc de branche droit complet. La dur\u00e9e des QRS ne devrait pas exc\u00e9der 55 ms sur un chien de ce format. Elle est mesur\u00e9e ici \u00e0 110 ms d&rsquo;o\u00f9 l&rsquo;on peut &hellip; <a href=\"http:\/\/vet-ecg.ddns.net\/index.php\/bloc-de-branche-droit\/\" class=\"more-link\">Continuer la lecture de <span class=\"screen-reader-text\">bloc de branche droit<\/span><\/a><\/p>\n","protected":false},"author":1,"featured_media":0,"parent":0,"menu_order":0,"comment_status":"closed","ping_status":"closed","template":"","meta":{"footnotes":""},"class_list":["post-1286","page","type-page","status-publish","hentry"],"yoast_head":"<!-- This site is optimized with the Yoast SEO plugin v27.4 - https:\/\/yoast.com\/product\/yoast-seo-wordpress\/ -->\n<title>bloc de branche droit - Blog d&#039;\u00e9lectrocardiographie v\u00e9t\u00e9rinaire<\/title>\n<meta name=\"description\" content=\"Bloc de branche droit varact\u00e9ris\u00e9 par un \u00e9largissement et une inversion de poarit\u00e9 des QRS ainsi qu&#039;une onde T de grande amplitude oppos\u00e9e au sens des QRS.\" \/>\n<meta name=\"robots\" content=\"index, follow, max-snippet:-1, max-image-preview:large, max-video-preview:-1\" \/>\n<link rel=\"canonical\" href=\"http:\/\/vet-ecg.ddns.net\/index.php\/bloc-de-branche-droit\/\" \/>\n<meta name=\"twitter:label1\" content=\"Dur\u00e9e de lecture estim\u00e9e\" \/>\n\t<meta name=\"twitter:data1\" content=\"1 minute\" \/>\n<script type=\"application\/ld+json\" class=\"yoast-schema-graph\">{\"@context\":\"https:\\\/\\\/schema.org\",\"@graph\":[{\"@type\":\"WebPage\",\"@id\":\"http:\\\/\\\/vet-ecg.ddns.net\\\/index.php\\\/bloc-de-branche-droit\\\/\",\"url\":\"http:\\\/\\\/vet-ecg.ddns.net\\\/index.php\\\/bloc-de-branche-droit\\\/\",\"name\":\"bloc de branche droit - Blog d&#039;\u00e9lectrocardiographie v\u00e9t\u00e9rinaire\",\"isPartOf\":{\"@id\":\"http:\\\/\\\/vet-ecg.ddns.net\\\/#website\"},\"primaryImageOfPage\":{\"@id\":\"http:\\\/\\\/vet-ecg.ddns.net\\\/index.php\\\/bloc-de-branche-droit\\\/#primaryimage\"},\"image\":{\"@id\":\"http:\\\/\\\/vet-ecg.ddns.net\\\/index.php\\\/bloc-de-branche-droit\\\/#primaryimage\"},\"thumbnailUrl\":\"http:\\\/\\\/vet-ecg.ddns.net\\\/wp-content\\\/uploads\\\/BBD-1.jpg\",\"datePublished\":\"2018-12-22T22:06:58+00:00\",\"dateModified\":\"2019-10-13T20:37:44+00:00\",\"description\":\"Bloc de branche droit varact\u00e9ris\u00e9 par un \u00e9largissement et une inversion de poarit\u00e9 des QRS ainsi qu'une onde T de grande amplitude oppos\u00e9e au sens des QRS.\",\"breadcrumb\":{\"@id\":\"http:\\\/\\\/vet-ecg.ddns.net\\\/index.php\\\/bloc-de-branche-droit\\\/#breadcrumb\"},\"inLanguage\":\"fr-FR\",\"potentialAction\":[{\"@type\":\"ReadAction\",\"target\":[\"http:\\\/\\\/vet-ecg.ddns.net\\\/index.php\\\/bloc-de-branche-droit\\\/\"]}]},{\"@type\":\"ImageObject\",\"inLanguage\":\"fr-FR\",\"@id\":\"http:\\\/\\\/vet-ecg.ddns.net\\\/index.php\\\/bloc-de-branche-droit\\\/#primaryimage\",\"url\":\"http:\\\/\\\/vet-ecg.ddns.net\\\/wp-content\\\/uploads\\\/BBD-1.jpg\",\"contentUrl\":\"http:\\\/\\\/vet-ecg.ddns.net\\\/wp-content\\\/uploads\\\/BBD-1.jpg\",\"width\":1410,\"height\":3498,\"caption\":\"QRS \u00e9largis et d\u00e9viation axiale droite.\"},{\"@type\":\"BreadcrumbList\",\"@id\":\"http:\\\/\\\/vet-ecg.ddns.net\\\/index.php\\\/bloc-de-branche-droit\\\/#breadcrumb\",\"itemListElement\":[{\"@type\":\"ListItem\",\"position\":1,\"name\":\"Accueil\",\"item\":\"http:\\\/\\\/vet-ecg.ddns.net\\\/\"},{\"@type\":\"ListItem\",\"position\":2,\"name\":\"bloc de branche droit\"}]},{\"@type\":\"WebSite\",\"@id\":\"http:\\\/\\\/vet-ecg.ddns.net\\\/#website\",\"url\":\"http:\\\/\\\/vet-ecg.ddns.net\\\/\",\"name\":\"Blog d&#039;\u00e9lectrocardiographie v\u00e9t\u00e9rinaire\",\"description\":\"recueil d&#039;ECG de chiens et de chats\",\"publisher\":{\"@id\":\"http:\\\/\\\/vet-ecg.ddns.net\\\/#\\\/schema\\\/person\\\/fec4070a47e235fed904fab73cae00b4\"},\"alternateName\":\"\u00e9lectrocardiographie v\u00e9t\u00e9rinaire\",\"potentialAction\":[{\"@type\":\"SearchAction\",\"target\":{\"@type\":\"EntryPoint\",\"urlTemplate\":\"http:\\\/\\\/vet-ecg.ddns.net\\\/?s={search_term_string}\"},\"query-input\":{\"@type\":\"PropertyValueSpecification\",\"valueRequired\":true,\"valueName\":\"search_term_string\"}}],\"inLanguage\":\"fr-FR\"},{\"@type\":[\"Person\",\"Organization\"],\"@id\":\"http:\\\/\\\/vet-ecg.ddns.net\\\/#\\\/schema\\\/person\\\/fec4070a47e235fed904fab73cae00b4\",\"name\":\"admin\",\"image\":{\"@type\":\"ImageObject\",\"inLanguage\":\"fr-FR\",\"@id\":\"http:\\\/\\\/vet-ecg.ddns.net\\\/wp-content\\\/uploads\\\/2018\\\/04\\\/Zelda-2-ECG-248.jpg\",\"url\":\"http:\\\/\\\/vet-ecg.ddns.net\\\/wp-content\\\/uploads\\\/2018\\\/04\\\/Zelda-2-ECG-248.jpg\",\"contentUrl\":\"http:\\\/\\\/vet-ecg.ddns.net\\\/wp-content\\\/uploads\\\/2018\\\/04\\\/Zelda-2-ECG-248.jpg\",\"width\":248,\"height\":248,\"caption\":\"admin\"},\"logo\":{\"@id\":\"http:\\\/\\\/vet-ecg.ddns.net\\\/wp-content\\\/uploads\\\/2018\\\/04\\\/Zelda-2-ECG-248.jpg\"},\"description\":\"Les trac\u00e9s publi\u00e9s sur ce site sont issus de diff\u00e9rentes cliniques v\u00e9t\u00e9rinaires de Paris et de sa banlieue durant les 10 derni\u00e8res ann\u00e9es. Les ECG r\u00e9alis\u00e9s ont \u00e9t\u00e9 r\u00e9alis\u00e9s sur des chiens et des chats qui ont tous b\u00e9n\u00e9fici\u00e9 d'une \u00e9chocardiographie.\"}]}<\/script>\n<!-- \/ Yoast SEO plugin. -->","yoast_head_json":{"title":"bloc de branche droit - Blog d&#039;\u00e9lectrocardiographie v\u00e9t\u00e9rinaire","description":"Bloc de branche droit varact\u00e9ris\u00e9 par un \u00e9largissement et une inversion de poarit\u00e9 des QRS ainsi qu'une onde T de grande amplitude oppos\u00e9e au sens des QRS.","robots":{"index":"index","follow":"follow","max-snippet":"max-snippet:-1","max-image-preview":"max-image-preview:large","max-video-preview":"max-video-preview:-1"},"canonical":"http:\/\/vet-ecg.ddns.net\/index.php\/bloc-de-branche-droit\/","twitter_misc":{"Dur\u00e9e de lecture estim\u00e9e":"1 minute"},"schema":{"@context":"https:\/\/schema.org","@graph":[{"@type":"WebPage","@id":"http:\/\/vet-ecg.ddns.net\/index.php\/bloc-de-branche-droit\/","url":"http:\/\/vet-ecg.ddns.net\/index.php\/bloc-de-branche-droit\/","name":"bloc de branche droit - Blog d&#039;\u00e9lectrocardiographie v\u00e9t\u00e9rinaire","isPartOf":{"@id":"http:\/\/vet-ecg.ddns.net\/#website"},"primaryImageOfPage":{"@id":"http:\/\/vet-ecg.ddns.net\/index.php\/bloc-de-branche-droit\/#primaryimage"},"image":{"@id":"http:\/\/vet-ecg.ddns.net\/index.php\/bloc-de-branche-droit\/#primaryimage"},"thumbnailUrl":"http:\/\/vet-ecg.ddns.net\/wp-content\/uploads\/BBD-1.jpg","datePublished":"2018-12-22T22:06:58+00:00","dateModified":"2019-10-13T20:37:44+00:00","description":"Bloc de branche droit varact\u00e9ris\u00e9 par un \u00e9largissement et une inversion de poarit\u00e9 des QRS ainsi qu'une onde T de grande amplitude oppos\u00e9e au sens des QRS.","breadcrumb":{"@id":"http:\/\/vet-ecg.ddns.net\/index.php\/bloc-de-branche-droit\/#breadcrumb"},"inLanguage":"fr-FR","potentialAction":[{"@type":"ReadAction","target":["http:\/\/vet-ecg.ddns.net\/index.php\/bloc-de-branche-droit\/"]}]},{"@type":"ImageObject","inLanguage":"fr-FR","@id":"http:\/\/vet-ecg.ddns.net\/index.php\/bloc-de-branche-droit\/#primaryimage","url":"http:\/\/vet-ecg.ddns.net\/wp-content\/uploads\/BBD-1.jpg","contentUrl":"http:\/\/vet-ecg.ddns.net\/wp-content\/uploads\/BBD-1.jpg","width":1410,"height":3498,"caption":"QRS \u00e9largis et d\u00e9viation axiale droite."},{"@type":"BreadcrumbList","@id":"http:\/\/vet-ecg.ddns.net\/index.php\/bloc-de-branche-droit\/#breadcrumb","itemListElement":[{"@type":"ListItem","position":1,"name":"Accueil","item":"http:\/\/vet-ecg.ddns.net\/"},{"@type":"ListItem","position":2,"name":"bloc de branche droit"}]},{"@type":"WebSite","@id":"http:\/\/vet-ecg.ddns.net\/#website","url":"http:\/\/vet-ecg.ddns.net\/","name":"Blog d&#039;\u00e9lectrocardiographie v\u00e9t\u00e9rinaire","description":"recueil d&#039;ECG de chiens et de chats","publisher":{"@id":"http:\/\/vet-ecg.ddns.net\/#\/schema\/person\/fec4070a47e235fed904fab73cae00b4"},"alternateName":"\u00e9lectrocardiographie v\u00e9t\u00e9rinaire","potentialAction":[{"@type":"SearchAction","target":{"@type":"EntryPoint","urlTemplate":"http:\/\/vet-ecg.ddns.net\/?s={search_term_string}"},"query-input":{"@type":"PropertyValueSpecification","valueRequired":true,"valueName":"search_term_string"}}],"inLanguage":"fr-FR"},{"@type":["Person","Organization"],"@id":"http:\/\/vet-ecg.ddns.net\/#\/schema\/person\/fec4070a47e235fed904fab73cae00b4","name":"admin","image":{"@type":"ImageObject","inLanguage":"fr-FR","@id":"http:\/\/vet-ecg.ddns.net\/wp-content\/uploads\/2018\/04\/Zelda-2-ECG-248.jpg","url":"http:\/\/vet-ecg.ddns.net\/wp-content\/uploads\/2018\/04\/Zelda-2-ECG-248.jpg","contentUrl":"http:\/\/vet-ecg.ddns.net\/wp-content\/uploads\/2018\/04\/Zelda-2-ECG-248.jpg","width":248,"height":248,"caption":"admin"},"logo":{"@id":"http:\/\/vet-ecg.ddns.net\/wp-content\/uploads\/2018\/04\/Zelda-2-ECG-248.jpg"},"description":"Les trac\u00e9s publi\u00e9s sur ce site sont issus de diff\u00e9rentes cliniques v\u00e9t\u00e9rinaires de Paris et de sa banlieue durant les 10 derni\u00e8res ann\u00e9es. Les ECG r\u00e9alis\u00e9s ont \u00e9t\u00e9 r\u00e9alis\u00e9s sur des chiens et des chats qui ont tous b\u00e9n\u00e9fici\u00e9 d'une \u00e9chocardiographie."}]}},"_links":{"self":[{"href":"http:\/\/vet-ecg.ddns.net\/index.php\/wp-json\/wp\/v2\/pages\/1286","targetHints":{"allow":["GET"]}}],"collection":[{"href":"http:\/\/vet-ecg.ddns.net\/index.php\/wp-json\/wp\/v2\/pages"}],"about":[{"href":"http:\/\/vet-ecg.ddns.net\/index.php\/wp-json\/wp\/v2\/types\/page"}],"author":[{"embeddable":true,"href":"http:\/\/vet-ecg.ddns.net\/index.php\/wp-json\/wp\/v2\/users\/1"}],"replies":[{"embeddable":true,"href":"http:\/\/vet-ecg.ddns.net\/index.php\/wp-json\/wp\/v2\/comments?post=1286"}],"version-history":[{"count":0,"href":"http:\/\/vet-ecg.ddns.net\/index.php\/wp-json\/wp\/v2\/pages\/1286\/revisions"}],"wp:attachment":[{"href":"http:\/\/vet-ecg.ddns.net\/index.php\/wp-json\/wp\/v2\/media?parent=1286"}],"curies":[{"name":"wp","href":"https:\/\/api.w.org\/{rel}","templated":true}]}}