{"id":1270,"date":"2018-12-18T18:52:02","date_gmt":"2018-12-18T17:52:02","guid":{"rendered":"http:\/\/192.168.1.104\/?page_id=1270"},"modified":"2019-12-03T11:10:01","modified_gmt":"2019-12-03T10:10:01","slug":"htap-1","status":"publish","type":"page","link":"http:\/\/vet-ecg.ddns.net\/index.php\/htap-1\/","title":{"rendered":"hypertension art\u00e9rielle pulmonaire (HTAP)"},"content":{"rendered":"\n<p><\/p>\n\n\n\n<figure class=\"wp-block-image\"><img loading=\"lazy\" decoding=\"async\" width=\"3388\" height=\"1740\" src=\"http:\/\/vet-ecg.ddns.net\/wp-content\/uploads\/htap-1.jpg\" alt=\"\" class=\"wp-image-1271\"\/><figcaption>Cardiopathie droite cons\u00e9cutive \u00e0 une hypertension art\u00e9rielle pulmonaire<\/figcaption><\/figure>\n\n\n\n<p>Rythme sinusal irr\u00e9gulier chez un carlin dyspn\u00e9ique.<\/p>\n\n\n\n<p>L&rsquo;amplitude des ondes R ne d\u00e9passe pas 0,75 mV.<\/p>\n\n\n\n<p>Les ondes P sont pointues et hypervolt\u00e9es. L&rsquo;amplitude de l&rsquo;onde T d\u00e9passe celle de l&rsquo;onde R en d\u00e9rivation D2 (hypoxie).<\/p>\n\n\n\n<p>On remarque des ondes S en D2, D3 et AVF.<\/p>\n\n\n\n<p>Le sous d\u00e9calage du segment ST est marqu\u00e9.<\/p>\n\n\n\n<p>L&rsquo;intervalle QT est long.<\/p>\n\n\n\n<p>La dur\u00e9e des ondes P est normale (&lt;40 ms) alors que celle des QRS est augment\u00e9e (60 ms)<\/p>\n\n\n\n<p>L&rsquo;\u00e9chocardiographie met en \u00e9vidence une dilatation tr\u00e8s importante du tronc pulmonaire ainsi qu&rsquo;une hypertrophie auriculaire et ventriculaire droites. <br>De mani\u00e8re inattendue, l&rsquo;\u00e9chographie fait aussi apparaitre un d\u00e9but de remaniement ventriculaire gauche sans anomalie de la valvule mitrale.<\/p>\n","protected":false},"excerpt":{"rendered":"<p>Rythme sinusal irr\u00e9gulier chez un carlin dyspn\u00e9ique. L&rsquo;amplitude des ondes R ne d\u00e9passe pas 0,75 mV. Les ondes P sont pointues et hypervolt\u00e9es. L&rsquo;amplitude de l&rsquo;onde T d\u00e9passe celle de l&rsquo;onde R en d\u00e9rivation D2 (hypoxie). On remarque des ondes S en D2, D3 et AVF. Le sous d\u00e9calage du segment ST est marqu\u00e9. L&rsquo;intervalle &hellip; <a href=\"http:\/\/vet-ecg.ddns.net\/index.php\/htap-1\/\" class=\"more-link\">Continuer la lecture de <span class=\"screen-reader-text\">hypertension art\u00e9rielle pulmonaire (HTAP)<\/span><\/a><\/p>\n","protected":false},"author":1,"featured_media":0,"parent":0,"menu_order":0,"comment_status":"closed","ping_status":"closed","template":"","meta":{"footnotes":""},"class_list":["post-1270","page","type-page","status-publish","hentry"],"yoast_head":"<!-- This site is optimized with the Yoast SEO plugin v27.4 - https:\/\/yoast.com\/product\/yoast-seo-wordpress\/ -->\n<title>hypertension art\u00e9rielle pulmonaire (HTAP) - Blog d&#039;\u00e9lectrocardiographie v\u00e9t\u00e9rinaire<\/title>\n<meta name=\"description\" content=\"ECG r\u00e9alis\u00e9 chez un carlin o\u00f9 l&#039;\u00e9chocardiographie fait apparaitre un tronc pulmonaire tr\u00e8s dilat\u00e9 responsable d&#039; une hypertension art\u00e9rielle pulmonaire.\" \/>\n<meta name=\"robots\" content=\"index, follow, max-snippet:-1, max-image-preview:large, max-video-preview:-1\" \/>\n<link rel=\"canonical\" href=\"http:\/\/vet-ecg.ddns.net\/index.php\/htap-1\/\" \/>\n<meta name=\"twitter:label1\" content=\"Dur\u00e9e de lecture estim\u00e9e\" \/>\n\t<meta name=\"twitter:data1\" content=\"1 minute\" \/>\n<script type=\"application\/ld+json\" class=\"yoast-schema-graph\">{\"@context\":\"https:\\\/\\\/schema.org\",\"@graph\":[{\"@type\":\"WebPage\",\"@id\":\"http:\\\/\\\/vet-ecg.ddns.net\\\/index.php\\\/htap-1\\\/\",\"url\":\"http:\\\/\\\/vet-ecg.ddns.net\\\/index.php\\\/htap-1\\\/\",\"name\":\"hypertension art\u00e9rielle pulmonaire (HTAP) - Blog d&#039;\u00e9lectrocardiographie v\u00e9t\u00e9rinaire\",\"isPartOf\":{\"@id\":\"http:\\\/\\\/vet-ecg.ddns.net\\\/#website\"},\"primaryImageOfPage\":{\"@id\":\"http:\\\/\\\/vet-ecg.ddns.net\\\/index.php\\\/htap-1\\\/#primaryimage\"},\"image\":{\"@id\":\"http:\\\/\\\/vet-ecg.ddns.net\\\/index.php\\\/htap-1\\\/#primaryimage\"},\"thumbnailUrl\":\"http:\\\/\\\/vet-ecg.ddns.net\\\/wp-content\\\/uploads\\\/htap-1.jpg\",\"datePublished\":\"2018-12-18T17:52:02+00:00\",\"dateModified\":\"2019-12-03T10:10:01+00:00\",\"description\":\"ECG r\u00e9alis\u00e9 chez un carlin o\u00f9 l'\u00e9chocardiographie fait apparaitre un tronc pulmonaire tr\u00e8s dilat\u00e9 responsable d' une hypertension art\u00e9rielle pulmonaire.\",\"breadcrumb\":{\"@id\":\"http:\\\/\\\/vet-ecg.ddns.net\\\/index.php\\\/htap-1\\\/#breadcrumb\"},\"inLanguage\":\"fr-FR\",\"potentialAction\":[{\"@type\":\"ReadAction\",\"target\":[\"http:\\\/\\\/vet-ecg.ddns.net\\\/index.php\\\/htap-1\\\/\"]}]},{\"@type\":\"ImageObject\",\"inLanguage\":\"fr-FR\",\"@id\":\"http:\\\/\\\/vet-ecg.ddns.net\\\/index.php\\\/htap-1\\\/#primaryimage\",\"url\":\"http:\\\/\\\/vet-ecg.ddns.net\\\/wp-content\\\/uploads\\\/htap-1.jpg\",\"contentUrl\":\"http:\\\/\\\/vet-ecg.ddns.net\\\/wp-content\\\/uploads\\\/htap-1.jpg\",\"width\":3388,\"height\":1740,\"caption\":\"Cardiopathie droite cons\u00e9cutive \u00e0 une hypertension art\u00e9rielle pulmonaire\"},{\"@type\":\"BreadcrumbList\",\"@id\":\"http:\\\/\\\/vet-ecg.ddns.net\\\/index.php\\\/htap-1\\\/#breadcrumb\",\"itemListElement\":[{\"@type\":\"ListItem\",\"position\":1,\"name\":\"Accueil\",\"item\":\"http:\\\/\\\/vet-ecg.ddns.net\\\/\"},{\"@type\":\"ListItem\",\"position\":2,\"name\":\"hypertension art\u00e9rielle pulmonaire (HTAP)\"}]},{\"@type\":\"WebSite\",\"@id\":\"http:\\\/\\\/vet-ecg.ddns.net\\\/#website\",\"url\":\"http:\\\/\\\/vet-ecg.ddns.net\\\/\",\"name\":\"Blog d&#039;\u00e9lectrocardiographie v\u00e9t\u00e9rinaire\",\"description\":\"recueil d&#039;ECG de chiens et de chats\",\"publisher\":{\"@id\":\"http:\\\/\\\/vet-ecg.ddns.net\\\/#\\\/schema\\\/person\\\/fec4070a47e235fed904fab73cae00b4\"},\"alternateName\":\"\u00e9lectrocardiographie v\u00e9t\u00e9rinaire\",\"potentialAction\":[{\"@type\":\"SearchAction\",\"target\":{\"@type\":\"EntryPoint\",\"urlTemplate\":\"http:\\\/\\\/vet-ecg.ddns.net\\\/?s={search_term_string}\"},\"query-input\":{\"@type\":\"PropertyValueSpecification\",\"valueRequired\":true,\"valueName\":\"search_term_string\"}}],\"inLanguage\":\"fr-FR\"},{\"@type\":[\"Person\",\"Organization\"],\"@id\":\"http:\\\/\\\/vet-ecg.ddns.net\\\/#\\\/schema\\\/person\\\/fec4070a47e235fed904fab73cae00b4\",\"name\":\"admin\",\"image\":{\"@type\":\"ImageObject\",\"inLanguage\":\"fr-FR\",\"@id\":\"http:\\\/\\\/vet-ecg.ddns.net\\\/wp-content\\\/uploads\\\/2018\\\/04\\\/Zelda-2-ECG-248.jpg\",\"url\":\"http:\\\/\\\/vet-ecg.ddns.net\\\/wp-content\\\/uploads\\\/2018\\\/04\\\/Zelda-2-ECG-248.jpg\",\"contentUrl\":\"http:\\\/\\\/vet-ecg.ddns.net\\\/wp-content\\\/uploads\\\/2018\\\/04\\\/Zelda-2-ECG-248.jpg\",\"width\":248,\"height\":248,\"caption\":\"admin\"},\"logo\":{\"@id\":\"http:\\\/\\\/vet-ecg.ddns.net\\\/wp-content\\\/uploads\\\/2018\\\/04\\\/Zelda-2-ECG-248.jpg\"},\"description\":\"Les trac\u00e9s publi\u00e9s sur ce site sont issus de diff\u00e9rentes cliniques v\u00e9t\u00e9rinaires de Paris et de sa banlieue durant les 10 derni\u00e8res ann\u00e9es. Les ECG r\u00e9alis\u00e9s ont \u00e9t\u00e9 r\u00e9alis\u00e9s sur des chiens et des chats qui ont tous b\u00e9n\u00e9fici\u00e9 d'une \u00e9chocardiographie.\"}]}<\/script>\n<!-- \/ Yoast SEO plugin. -->","yoast_head_json":{"title":"hypertension art\u00e9rielle pulmonaire (HTAP) - Blog d&#039;\u00e9lectrocardiographie v\u00e9t\u00e9rinaire","description":"ECG r\u00e9alis\u00e9 chez un carlin o\u00f9 l'\u00e9chocardiographie fait apparaitre un tronc pulmonaire tr\u00e8s dilat\u00e9 responsable d' une hypertension art\u00e9rielle pulmonaire.","robots":{"index":"index","follow":"follow","max-snippet":"max-snippet:-1","max-image-preview":"max-image-preview:large","max-video-preview":"max-video-preview:-1"},"canonical":"http:\/\/vet-ecg.ddns.net\/index.php\/htap-1\/","twitter_misc":{"Dur\u00e9e de lecture estim\u00e9e":"1 minute"},"schema":{"@context":"https:\/\/schema.org","@graph":[{"@type":"WebPage","@id":"http:\/\/vet-ecg.ddns.net\/index.php\/htap-1\/","url":"http:\/\/vet-ecg.ddns.net\/index.php\/htap-1\/","name":"hypertension art\u00e9rielle pulmonaire (HTAP) - Blog d&#039;\u00e9lectrocardiographie v\u00e9t\u00e9rinaire","isPartOf":{"@id":"http:\/\/vet-ecg.ddns.net\/#website"},"primaryImageOfPage":{"@id":"http:\/\/vet-ecg.ddns.net\/index.php\/htap-1\/#primaryimage"},"image":{"@id":"http:\/\/vet-ecg.ddns.net\/index.php\/htap-1\/#primaryimage"},"thumbnailUrl":"http:\/\/vet-ecg.ddns.net\/wp-content\/uploads\/htap-1.jpg","datePublished":"2018-12-18T17:52:02+00:00","dateModified":"2019-12-03T10:10:01+00:00","description":"ECG r\u00e9alis\u00e9 chez un carlin o\u00f9 l'\u00e9chocardiographie fait apparaitre un tronc pulmonaire tr\u00e8s dilat\u00e9 responsable d' une hypertension art\u00e9rielle pulmonaire.","breadcrumb":{"@id":"http:\/\/vet-ecg.ddns.net\/index.php\/htap-1\/#breadcrumb"},"inLanguage":"fr-FR","potentialAction":[{"@type":"ReadAction","target":["http:\/\/vet-ecg.ddns.net\/index.php\/htap-1\/"]}]},{"@type":"ImageObject","inLanguage":"fr-FR","@id":"http:\/\/vet-ecg.ddns.net\/index.php\/htap-1\/#primaryimage","url":"http:\/\/vet-ecg.ddns.net\/wp-content\/uploads\/htap-1.jpg","contentUrl":"http:\/\/vet-ecg.ddns.net\/wp-content\/uploads\/htap-1.jpg","width":3388,"height":1740,"caption":"Cardiopathie droite cons\u00e9cutive \u00e0 une hypertension art\u00e9rielle pulmonaire"},{"@type":"BreadcrumbList","@id":"http:\/\/vet-ecg.ddns.net\/index.php\/htap-1\/#breadcrumb","itemListElement":[{"@type":"ListItem","position":1,"name":"Accueil","item":"http:\/\/vet-ecg.ddns.net\/"},{"@type":"ListItem","position":2,"name":"hypertension art\u00e9rielle pulmonaire (HTAP)"}]},{"@type":"WebSite","@id":"http:\/\/vet-ecg.ddns.net\/#website","url":"http:\/\/vet-ecg.ddns.net\/","name":"Blog d&#039;\u00e9lectrocardiographie v\u00e9t\u00e9rinaire","description":"recueil d&#039;ECG de chiens et de chats","publisher":{"@id":"http:\/\/vet-ecg.ddns.net\/#\/schema\/person\/fec4070a47e235fed904fab73cae00b4"},"alternateName":"\u00e9lectrocardiographie v\u00e9t\u00e9rinaire","potentialAction":[{"@type":"SearchAction","target":{"@type":"EntryPoint","urlTemplate":"http:\/\/vet-ecg.ddns.net\/?s={search_term_string}"},"query-input":{"@type":"PropertyValueSpecification","valueRequired":true,"valueName":"search_term_string"}}],"inLanguage":"fr-FR"},{"@type":["Person","Organization"],"@id":"http:\/\/vet-ecg.ddns.net\/#\/schema\/person\/fec4070a47e235fed904fab73cae00b4","name":"admin","image":{"@type":"ImageObject","inLanguage":"fr-FR","@id":"http:\/\/vet-ecg.ddns.net\/wp-content\/uploads\/2018\/04\/Zelda-2-ECG-248.jpg","url":"http:\/\/vet-ecg.ddns.net\/wp-content\/uploads\/2018\/04\/Zelda-2-ECG-248.jpg","contentUrl":"http:\/\/vet-ecg.ddns.net\/wp-content\/uploads\/2018\/04\/Zelda-2-ECG-248.jpg","width":248,"height":248,"caption":"admin"},"logo":{"@id":"http:\/\/vet-ecg.ddns.net\/wp-content\/uploads\/2018\/04\/Zelda-2-ECG-248.jpg"},"description":"Les trac\u00e9s publi\u00e9s sur ce site sont issus de diff\u00e9rentes cliniques v\u00e9t\u00e9rinaires de Paris et de sa banlieue durant les 10 derni\u00e8res ann\u00e9es. Les ECG r\u00e9alis\u00e9s ont \u00e9t\u00e9 r\u00e9alis\u00e9s sur des chiens et des chats qui ont tous b\u00e9n\u00e9fici\u00e9 d'une \u00e9chocardiographie."}]}},"_links":{"self":[{"href":"http:\/\/vet-ecg.ddns.net\/index.php\/wp-json\/wp\/v2\/pages\/1270","targetHints":{"allow":["GET"]}}],"collection":[{"href":"http:\/\/vet-ecg.ddns.net\/index.php\/wp-json\/wp\/v2\/pages"}],"about":[{"href":"http:\/\/vet-ecg.ddns.net\/index.php\/wp-json\/wp\/v2\/types\/page"}],"author":[{"embeddable":true,"href":"http:\/\/vet-ecg.ddns.net\/index.php\/wp-json\/wp\/v2\/users\/1"}],"replies":[{"embeddable":true,"href":"http:\/\/vet-ecg.ddns.net\/index.php\/wp-json\/wp\/v2\/comments?post=1270"}],"version-history":[{"count":0,"href":"http:\/\/vet-ecg.ddns.net\/index.php\/wp-json\/wp\/v2\/pages\/1270\/revisions"}],"wp:attachment":[{"href":"http:\/\/vet-ecg.ddns.net\/index.php\/wp-json\/wp\/v2\/media?parent=1270"}],"curies":[{"name":"wp","href":"https:\/\/api.w.org\/{rel}","templated":true}]}}