{"id":1228,"date":"2018-12-04T22:18:16","date_gmt":"2018-12-04T21:18:16","guid":{"rendered":"http:\/\/192.168.1.104\/?page_id=1228"},"modified":"2019-11-12T12:26:26","modified_gmt":"2019-11-12T11:26:26","slug":"cmd-10","status":"publish","type":"page","link":"http:\/\/vet-ecg.ddns.net\/index.php\/cmd-10\/","title":{"rendered":"cmd et \u00e9panchement pleural"},"content":{"rendered":"<figure id=\"attachment_1229\" aria-describedby=\"caption-attachment-1229\" style=\"width: 2793px\" class=\"wp-caption alignnone\"><img loading=\"lazy\" decoding=\"async\" class=\"size-full wp-image-1229\" src=\"http:\/\/vet-ecg.ddns.net\/wp-content\/uploads\/cmd-dogue.jpg\" alt=\"Hypertrophie biventricualaire chez un dogue allemand de 6 ans atteint de cardiomyopathie dilat\u00e9e.\" width=\"2793\" height=\"1925\" \/><figcaption id=\"caption-attachment-1229\" class=\"wp-caption-text\">Trac\u00e9s avant et apr\u00e8s \u00e9vacuation d&rsquo;un \u00e9panchement pleural abondant.<\/figcaption><\/figure>\n<h3><strong>Trac\u00e9 de gauche:<\/strong><\/h3>\n<p>Le rythme est sinusal \u00e0 145 bpm. Cette fr\u00e9quence, pour un chien de ce format, peut \u00eatre assimil\u00e9 \u00e0 une tachycardie sinusale. L&rsquo;arythmie respiratoire a disparu.<\/p>\n<p>L&rsquo;amplitude des QRS (2,1 mV) et des ondes P (0,2 mV) sont habituelles (limites basses).<\/p>\n<p>Les ondes T sont biphasiques.<\/p>\n<p>L&rsquo;aspect bifide des ondes P est bien visible en d\u00e9rivation D3.<\/p>\n<p>Les segments PR et ST sont iso\u00e9lectriques.<\/p>\n<p>Le plus anormal sur ce trac\u00e9, sont les dur\u00e9es des ondes P et de QRS.<br \/>\nElles sont respectivement de 70 et 100 ms. Ces mesures doivent \u00eatre interpr\u00e9t\u00e9es en fonction du format de l&rsquo;animal.<\/p>\n<p>L&rsquo;\u00e9tat g\u00e9n\u00e9ral de l&rsquo;animal est tr\u00e8s d\u00e9grad\u00e9.<\/p>\n<h3><strong>Trac\u00e9 de droite:<\/strong><\/h3>\n<p>Ce trac\u00e9 a \u00e9t\u00e9 r\u00e9alis\u00e9\u00a0 quelques heures apr\u00e8s l&rsquo;\u00e9vacuation d&rsquo;un \u00e9panchement pleural de 2,5 litres.<\/p>\n<p>La fr\u00e9quence a diminu\u00e9 de 145 \u00e0 120 bpm mais on voit une extrasystole atriale apparaitre (5e complexe).<\/p>\n<p>Les dur\u00e9es de P et de QRS n&rsquo;ont pas chang\u00e9.<\/p>\n<p>Le segment PR n&rsquo;est plus iso\u00e9lectrique.<\/p>\n<p>La morphologie des QRS a chang\u00e9: Des ondes S sont maintenant visibles en D2, D3 et AVF.<\/p>\n<p>Le crochetage de la pente descendante de l&rsquo;onde R en D1 s&rsquo;est accentu\u00e9.<\/p>\n<p>Les ondes T ne sont plus biphasiques mais amples, sym\u00e9triques et pointues. L&rsquo;amplitude des ondes T a consid\u00e9rablement augment\u00e9 (T\/R=0,45 alors qu&rsquo;il \u00e9tait de 0,2 la veille).<\/p>\n<p>La ponction a fait apparaitre des ondes S en D2, D3 et AVF ainsi qu&rsquo;un sous-d\u00e9calage du segment PR probablement en rapport avec des modifications du c\u0153ur droit et a mis en \u00e9vidence la souffrance myocardique (ondes T).<\/p>\n<p>Malgr\u00e9 la ponction, l&rsquo;\u00e9tat de l&rsquo;animal s&rsquo;est encore d\u00e9grad\u00e9.<\/p>\n<p>La radiographie n&rsquo;a pas mis \u00e9vidence de masse thoracique et l&rsquo;\u00e9chocardiographie r\u00e9v\u00e9lait une cardiomyopathie dilat\u00e9e avanc\u00e9e.<\/p>\n","protected":false},"excerpt":{"rendered":"<p>Trac\u00e9 de gauche: Le rythme est sinusal \u00e0 145 bpm. Cette fr\u00e9quence, pour un chien de ce format, peut \u00eatre assimil\u00e9 \u00e0 une tachycardie sinusale. L&rsquo;arythmie respiratoire a disparu. L&rsquo;amplitude des QRS (2,1 mV) et des ondes P (0,2 mV) sont habituelles (limites basses). Les ondes T sont biphasiques. L&rsquo;aspect bifide des ondes P est &hellip; <a href=\"http:\/\/vet-ecg.ddns.net\/index.php\/cmd-10\/\" class=\"more-link\">Continuer la lecture de <span class=\"screen-reader-text\">cmd et \u00e9panchement pleural<\/span><\/a><\/p>\n","protected":false},"author":1,"featured_media":0,"parent":0,"menu_order":0,"comment_status":"closed","ping_status":"closed","template":"","meta":{"footnotes":""},"class_list":["post-1228","page","type-page","status-publish","hentry"],"yoast_head":"<!-- This site is optimized with the Yoast SEO plugin v27.4 - https:\/\/yoast.com\/product\/yoast-seo-wordpress\/ -->\n<title>cmd et \u00e9panchement pleural - Blog d&#039;\u00e9lectrocardiographie v\u00e9t\u00e9rinaire<\/title>\n<meta name=\"description\" content=\"cmd et \u00e9panchement pleural chez un dogue allemand de 65 kg. L&#039;\u00e9tat de l&#039;animal est d\u00e9grad\u00e9. La ponction de 2,5 L d&#039;\u00e9panchement ne l&#039;a pas am\u00e9lior\u00e9.\" \/>\n<meta name=\"robots\" content=\"index, follow, max-snippet:-1, max-image-preview:large, max-video-preview:-1\" \/>\n<link rel=\"canonical\" href=\"http:\/\/vet-ecg.ddns.net\/index.php\/cmd-10\/\" \/>\n<meta name=\"twitter:label1\" content=\"Dur\u00e9e de lecture estim\u00e9e\" \/>\n\t<meta name=\"twitter:data1\" content=\"2 minutes\" \/>\n<script type=\"application\/ld+json\" class=\"yoast-schema-graph\">{\"@context\":\"https:\\\/\\\/schema.org\",\"@graph\":[{\"@type\":\"WebPage\",\"@id\":\"http:\\\/\\\/vet-ecg.ddns.net\\\/index.php\\\/cmd-10\\\/\",\"url\":\"http:\\\/\\\/vet-ecg.ddns.net\\\/index.php\\\/cmd-10\\\/\",\"name\":\"cmd et \u00e9panchement pleural - Blog d&#039;\u00e9lectrocardiographie v\u00e9t\u00e9rinaire\",\"isPartOf\":{\"@id\":\"http:\\\/\\\/vet-ecg.ddns.net\\\/#website\"},\"primaryImageOfPage\":{\"@id\":\"http:\\\/\\\/vet-ecg.ddns.net\\\/index.php\\\/cmd-10\\\/#primaryimage\"},\"image\":{\"@id\":\"http:\\\/\\\/vet-ecg.ddns.net\\\/index.php\\\/cmd-10\\\/#primaryimage\"},\"thumbnailUrl\":\"http:\\\/\\\/vet-ecg.ddns.net\\\/wp-content\\\/uploads\\\/cmd-dogue.jpg\",\"datePublished\":\"2018-12-04T21:18:16+00:00\",\"dateModified\":\"2019-11-12T11:26:26+00:00\",\"description\":\"cmd et \u00e9panchement pleural chez un dogue allemand de 65 kg. L'\u00e9tat de l'animal est d\u00e9grad\u00e9. La ponction de 2,5 L d'\u00e9panchement ne l'a pas am\u00e9lior\u00e9.\",\"breadcrumb\":{\"@id\":\"http:\\\/\\\/vet-ecg.ddns.net\\\/index.php\\\/cmd-10\\\/#breadcrumb\"},\"inLanguage\":\"fr-FR\",\"potentialAction\":[{\"@type\":\"ReadAction\",\"target\":[\"http:\\\/\\\/vet-ecg.ddns.net\\\/index.php\\\/cmd-10\\\/\"]}]},{\"@type\":\"ImageObject\",\"inLanguage\":\"fr-FR\",\"@id\":\"http:\\\/\\\/vet-ecg.ddns.net\\\/index.php\\\/cmd-10\\\/#primaryimage\",\"url\":\"http:\\\/\\\/vet-ecg.ddns.net\\\/wp-content\\\/uploads\\\/cmd-dogue.jpg\",\"contentUrl\":\"http:\\\/\\\/vet-ecg.ddns.net\\\/wp-content\\\/uploads\\\/cmd-dogue.jpg\",\"width\":2793,\"height\":1925,\"caption\":\"Trac\u00e9s avant et apr\u00e8s \u00e9vacuation d'un \u00e9panchement pleural abondant.\"},{\"@type\":\"BreadcrumbList\",\"@id\":\"http:\\\/\\\/vet-ecg.ddns.net\\\/index.php\\\/cmd-10\\\/#breadcrumb\",\"itemListElement\":[{\"@type\":\"ListItem\",\"position\":1,\"name\":\"Accueil\",\"item\":\"http:\\\/\\\/vet-ecg.ddns.net\\\/\"},{\"@type\":\"ListItem\",\"position\":2,\"name\":\"cmd et \u00e9panchement pleural\"}]},{\"@type\":\"WebSite\",\"@id\":\"http:\\\/\\\/vet-ecg.ddns.net\\\/#website\",\"url\":\"http:\\\/\\\/vet-ecg.ddns.net\\\/\",\"name\":\"Blog d&#039;\u00e9lectrocardiographie v\u00e9t\u00e9rinaire\",\"description\":\"recueil d&#039;ECG de chiens et de chats\",\"publisher\":{\"@id\":\"http:\\\/\\\/vet-ecg.ddns.net\\\/#\\\/schema\\\/person\\\/fec4070a47e235fed904fab73cae00b4\"},\"alternateName\":\"\u00e9lectrocardiographie v\u00e9t\u00e9rinaire\",\"potentialAction\":[{\"@type\":\"SearchAction\",\"target\":{\"@type\":\"EntryPoint\",\"urlTemplate\":\"http:\\\/\\\/vet-ecg.ddns.net\\\/?s={search_term_string}\"},\"query-input\":{\"@type\":\"PropertyValueSpecification\",\"valueRequired\":true,\"valueName\":\"search_term_string\"}}],\"inLanguage\":\"fr-FR\"},{\"@type\":[\"Person\",\"Organization\"],\"@id\":\"http:\\\/\\\/vet-ecg.ddns.net\\\/#\\\/schema\\\/person\\\/fec4070a47e235fed904fab73cae00b4\",\"name\":\"admin\",\"image\":{\"@type\":\"ImageObject\",\"inLanguage\":\"fr-FR\",\"@id\":\"http:\\\/\\\/vet-ecg.ddns.net\\\/wp-content\\\/uploads\\\/2018\\\/04\\\/Zelda-2-ECG-248.jpg\",\"url\":\"http:\\\/\\\/vet-ecg.ddns.net\\\/wp-content\\\/uploads\\\/2018\\\/04\\\/Zelda-2-ECG-248.jpg\",\"contentUrl\":\"http:\\\/\\\/vet-ecg.ddns.net\\\/wp-content\\\/uploads\\\/2018\\\/04\\\/Zelda-2-ECG-248.jpg\",\"width\":248,\"height\":248,\"caption\":\"admin\"},\"logo\":{\"@id\":\"http:\\\/\\\/vet-ecg.ddns.net\\\/wp-content\\\/uploads\\\/2018\\\/04\\\/Zelda-2-ECG-248.jpg\"},\"description\":\"Les trac\u00e9s publi\u00e9s sur ce site sont issus de diff\u00e9rentes cliniques v\u00e9t\u00e9rinaires de Paris et de sa banlieue durant les 10 derni\u00e8res ann\u00e9es. Les ECG r\u00e9alis\u00e9s ont \u00e9t\u00e9 r\u00e9alis\u00e9s sur des chiens et des chats qui ont tous b\u00e9n\u00e9fici\u00e9 d'une \u00e9chocardiographie.\"}]}<\/script>\n<!-- \/ Yoast SEO plugin. -->","yoast_head_json":{"title":"cmd et \u00e9panchement pleural - Blog d&#039;\u00e9lectrocardiographie v\u00e9t\u00e9rinaire","description":"cmd et \u00e9panchement pleural chez un dogue allemand de 65 kg. L'\u00e9tat de l'animal est d\u00e9grad\u00e9. La ponction de 2,5 L d'\u00e9panchement ne l'a pas am\u00e9lior\u00e9.","robots":{"index":"index","follow":"follow","max-snippet":"max-snippet:-1","max-image-preview":"max-image-preview:large","max-video-preview":"max-video-preview:-1"},"canonical":"http:\/\/vet-ecg.ddns.net\/index.php\/cmd-10\/","twitter_misc":{"Dur\u00e9e de lecture estim\u00e9e":"2 minutes"},"schema":{"@context":"https:\/\/schema.org","@graph":[{"@type":"WebPage","@id":"http:\/\/vet-ecg.ddns.net\/index.php\/cmd-10\/","url":"http:\/\/vet-ecg.ddns.net\/index.php\/cmd-10\/","name":"cmd et \u00e9panchement pleural - Blog d&#039;\u00e9lectrocardiographie v\u00e9t\u00e9rinaire","isPartOf":{"@id":"http:\/\/vet-ecg.ddns.net\/#website"},"primaryImageOfPage":{"@id":"http:\/\/vet-ecg.ddns.net\/index.php\/cmd-10\/#primaryimage"},"image":{"@id":"http:\/\/vet-ecg.ddns.net\/index.php\/cmd-10\/#primaryimage"},"thumbnailUrl":"http:\/\/vet-ecg.ddns.net\/wp-content\/uploads\/cmd-dogue.jpg","datePublished":"2018-12-04T21:18:16+00:00","dateModified":"2019-11-12T11:26:26+00:00","description":"cmd et \u00e9panchement pleural chez un dogue allemand de 65 kg. L'\u00e9tat de l'animal est d\u00e9grad\u00e9. La ponction de 2,5 L d'\u00e9panchement ne l'a pas am\u00e9lior\u00e9.","breadcrumb":{"@id":"http:\/\/vet-ecg.ddns.net\/index.php\/cmd-10\/#breadcrumb"},"inLanguage":"fr-FR","potentialAction":[{"@type":"ReadAction","target":["http:\/\/vet-ecg.ddns.net\/index.php\/cmd-10\/"]}]},{"@type":"ImageObject","inLanguage":"fr-FR","@id":"http:\/\/vet-ecg.ddns.net\/index.php\/cmd-10\/#primaryimage","url":"http:\/\/vet-ecg.ddns.net\/wp-content\/uploads\/cmd-dogue.jpg","contentUrl":"http:\/\/vet-ecg.ddns.net\/wp-content\/uploads\/cmd-dogue.jpg","width":2793,"height":1925,"caption":"Trac\u00e9s avant et apr\u00e8s \u00e9vacuation d'un \u00e9panchement pleural abondant."},{"@type":"BreadcrumbList","@id":"http:\/\/vet-ecg.ddns.net\/index.php\/cmd-10\/#breadcrumb","itemListElement":[{"@type":"ListItem","position":1,"name":"Accueil","item":"http:\/\/vet-ecg.ddns.net\/"},{"@type":"ListItem","position":2,"name":"cmd et \u00e9panchement pleural"}]},{"@type":"WebSite","@id":"http:\/\/vet-ecg.ddns.net\/#website","url":"http:\/\/vet-ecg.ddns.net\/","name":"Blog d&#039;\u00e9lectrocardiographie v\u00e9t\u00e9rinaire","description":"recueil d&#039;ECG de chiens et de chats","publisher":{"@id":"http:\/\/vet-ecg.ddns.net\/#\/schema\/person\/fec4070a47e235fed904fab73cae00b4"},"alternateName":"\u00e9lectrocardiographie v\u00e9t\u00e9rinaire","potentialAction":[{"@type":"SearchAction","target":{"@type":"EntryPoint","urlTemplate":"http:\/\/vet-ecg.ddns.net\/?s={search_term_string}"},"query-input":{"@type":"PropertyValueSpecification","valueRequired":true,"valueName":"search_term_string"}}],"inLanguage":"fr-FR"},{"@type":["Person","Organization"],"@id":"http:\/\/vet-ecg.ddns.net\/#\/schema\/person\/fec4070a47e235fed904fab73cae00b4","name":"admin","image":{"@type":"ImageObject","inLanguage":"fr-FR","@id":"http:\/\/vet-ecg.ddns.net\/wp-content\/uploads\/2018\/04\/Zelda-2-ECG-248.jpg","url":"http:\/\/vet-ecg.ddns.net\/wp-content\/uploads\/2018\/04\/Zelda-2-ECG-248.jpg","contentUrl":"http:\/\/vet-ecg.ddns.net\/wp-content\/uploads\/2018\/04\/Zelda-2-ECG-248.jpg","width":248,"height":248,"caption":"admin"},"logo":{"@id":"http:\/\/vet-ecg.ddns.net\/wp-content\/uploads\/2018\/04\/Zelda-2-ECG-248.jpg"},"description":"Les trac\u00e9s publi\u00e9s sur ce site sont issus de diff\u00e9rentes cliniques v\u00e9t\u00e9rinaires de Paris et de sa banlieue durant les 10 derni\u00e8res ann\u00e9es. Les ECG r\u00e9alis\u00e9s ont \u00e9t\u00e9 r\u00e9alis\u00e9s sur des chiens et des chats qui ont tous b\u00e9n\u00e9fici\u00e9 d'une \u00e9chocardiographie."}]}},"_links":{"self":[{"href":"http:\/\/vet-ecg.ddns.net\/index.php\/wp-json\/wp\/v2\/pages\/1228","targetHints":{"allow":["GET"]}}],"collection":[{"href":"http:\/\/vet-ecg.ddns.net\/index.php\/wp-json\/wp\/v2\/pages"}],"about":[{"href":"http:\/\/vet-ecg.ddns.net\/index.php\/wp-json\/wp\/v2\/types\/page"}],"author":[{"embeddable":true,"href":"http:\/\/vet-ecg.ddns.net\/index.php\/wp-json\/wp\/v2\/users\/1"}],"replies":[{"embeddable":true,"href":"http:\/\/vet-ecg.ddns.net\/index.php\/wp-json\/wp\/v2\/comments?post=1228"}],"version-history":[{"count":0,"href":"http:\/\/vet-ecg.ddns.net\/index.php\/wp-json\/wp\/v2\/pages\/1228\/revisions"}],"wp:attachment":[{"href":"http:\/\/vet-ecg.ddns.net\/index.php\/wp-json\/wp\/v2\/media?parent=1228"}],"curies":[{"name":"wp","href":"https:\/\/api.w.org\/{rel}","templated":true}]}}