{"id":1222,"date":"2018-12-02T17:31:00","date_gmt":"2018-12-02T16:31:00","guid":{"rendered":"http:\/\/192.168.1.104\/?page_id=1222"},"modified":"2019-12-07T22:13:47","modified_gmt":"2019-12-07T21:13:47","slug":"indemne-4","status":"publish","type":"page","link":"http:\/\/vet-ecg.ddns.net\/index.php\/indemne-4\/","title":{"rendered":"Cavalier king charles"},"content":{"rendered":"<figure id=\"attachment_1223\" aria-describedby=\"caption-attachment-1223\" style=\"width: 1740px\" class=\"wp-caption alignnone\"><img loading=\"lazy\" decoding=\"async\" class=\"size-full wp-image-1223\" src=\"http:\/\/vet-ecg.ddns.net\/wp-content\/uploads\/indemne-4.jpg\" alt=\"Rythme sinusal sans anomalies chez un chien cavalier king charles de 8 kg. \" width=\"1740\" height=\"3678\" \/><figcaption id=\"caption-attachment-1223\" class=\"wp-caption-text\">Rythme sinusal acc\u00e9l\u00e9r\u00e9 par le stress de l&rsquo;animal.<\/figcaption><\/figure>\n<p>Cavalier king charles de 8 kg stress\u00e9.<\/p>\n<p>L&rsquo;\u00e9chocardiographie ne met aucune anomalie en \u00e9vidence.<\/p>\n<p>La dur\u00e9e des ondes P n&rsquo;exc\u00e8de pas 40 ms.<\/p>\n<p>Les QRS sont fins (50 ms) et leur amplitude de 1,65 mV est dans les normes.<\/p>\n<p>L&rsquo;amplitude des ondes T est proportionn\u00e9e \u00e0 celle des QRS.<\/p>\n<p>Le segment PR est iso-\u00e9lectrique, le sous d\u00e9calage du segment ST est modeste en regard de l&rsquo;amplitude de l&rsquo;onde R, et peut donc \u00eatre consid\u00e9r\u00e9 comme physiologique .<\/p>\n<p>La seule anomalie (mineure) de ce trac\u00e9 est l&rsquo;axe des QRS l\u00e9g\u00e8rement d\u00e9vi\u00e9 \u00e0 gauche (10\u00b0).<\/p>\n","protected":false},"excerpt":{"rendered":"<p>Cavalier king charles de 8 kg stress\u00e9. L&rsquo;\u00e9chocardiographie ne met aucune anomalie en \u00e9vidence. La dur\u00e9e des ondes P n&rsquo;exc\u00e8de pas 40 ms. Les QRS sont fins (50 ms) et leur amplitude de 1,65 mV est dans les normes. L&rsquo;amplitude des ondes T est proportionn\u00e9e \u00e0 celle des QRS. Le segment PR est iso-\u00e9lectrique, le &hellip; <a href=\"http:\/\/vet-ecg.ddns.net\/index.php\/indemne-4\/\" class=\"more-link\">Continuer la lecture de <span class=\"screen-reader-text\">Cavalier king charles<\/span><\/a><\/p>\n","protected":false},"author":1,"featured_media":0,"parent":0,"menu_order":0,"comment_status":"closed","ping_status":"closed","template":"","meta":{"footnotes":""},"class_list":["post-1222","page","type-page","status-publish","hentry"],"yoast_head":"<!-- This site is optimized with the Yoast SEO plugin v27.4 - https:\/\/yoast.com\/product\/yoast-seo-wordpress\/ -->\n<title>Cavalier king charles - Blog d&#039;\u00e9lectrocardiographie v\u00e9t\u00e9rinaire<\/title>\n<meta name=\"description\" content=\"Ce cavalier king charles pr\u00e9sente un stress marqu\u00e9, \u00e0 l&#039;origine des tr\u00e9mulations de la ligne de base.L&#039;\u00e9chocardiographie est normale.\" \/>\n<meta name=\"robots\" content=\"index, follow, max-snippet:-1, max-image-preview:large, max-video-preview:-1\" \/>\n<link rel=\"canonical\" href=\"http:\/\/vet-ecg.ddns.net\/index.php\/indemne-4\/\" \/>\n<meta name=\"twitter:label1\" content=\"Dur\u00e9e de lecture estim\u00e9e\" \/>\n\t<meta name=\"twitter:data1\" content=\"1 minute\" \/>\n<script type=\"application\/ld+json\" class=\"yoast-schema-graph\">{\"@context\":\"https:\\\/\\\/schema.org\",\"@graph\":[{\"@type\":\"WebPage\",\"@id\":\"http:\\\/\\\/vet-ecg.ddns.net\\\/index.php\\\/indemne-4\\\/\",\"url\":\"http:\\\/\\\/vet-ecg.ddns.net\\\/index.php\\\/indemne-4\\\/\",\"name\":\"Cavalier king charles - Blog d&#039;\u00e9lectrocardiographie v\u00e9t\u00e9rinaire\",\"isPartOf\":{\"@id\":\"http:\\\/\\\/vet-ecg.ddns.net\\\/#website\"},\"primaryImageOfPage\":{\"@id\":\"http:\\\/\\\/vet-ecg.ddns.net\\\/index.php\\\/indemne-4\\\/#primaryimage\"},\"image\":{\"@id\":\"http:\\\/\\\/vet-ecg.ddns.net\\\/index.php\\\/indemne-4\\\/#primaryimage\"},\"thumbnailUrl\":\"http:\\\/\\\/vet-ecg.ddns.net\\\/wp-content\\\/uploads\\\/indemne-4.jpg\",\"datePublished\":\"2018-12-02T16:31:00+00:00\",\"dateModified\":\"2019-12-07T21:13:47+00:00\",\"description\":\"Ce cavalier king charles pr\u00e9sente un stress marqu\u00e9, \u00e0 l'origine des tr\u00e9mulations de la ligne de base.L'\u00e9chocardiographie est normale.\",\"breadcrumb\":{\"@id\":\"http:\\\/\\\/vet-ecg.ddns.net\\\/index.php\\\/indemne-4\\\/#breadcrumb\"},\"inLanguage\":\"fr-FR\",\"potentialAction\":[{\"@type\":\"ReadAction\",\"target\":[\"http:\\\/\\\/vet-ecg.ddns.net\\\/index.php\\\/indemne-4\\\/\"]}]},{\"@type\":\"ImageObject\",\"inLanguage\":\"fr-FR\",\"@id\":\"http:\\\/\\\/vet-ecg.ddns.net\\\/index.php\\\/indemne-4\\\/#primaryimage\",\"url\":\"http:\\\/\\\/vet-ecg.ddns.net\\\/wp-content\\\/uploads\\\/indemne-4.jpg\",\"contentUrl\":\"http:\\\/\\\/vet-ecg.ddns.net\\\/wp-content\\\/uploads\\\/indemne-4.jpg\",\"width\":1740,\"height\":3678,\"caption\":\"Rythme sinusal acc\u00e9l\u00e9r\u00e9 par le stress de l'animal.\"},{\"@type\":\"BreadcrumbList\",\"@id\":\"http:\\\/\\\/vet-ecg.ddns.net\\\/index.php\\\/indemne-4\\\/#breadcrumb\",\"itemListElement\":[{\"@type\":\"ListItem\",\"position\":1,\"name\":\"Accueil\",\"item\":\"http:\\\/\\\/vet-ecg.ddns.net\\\/\"},{\"@type\":\"ListItem\",\"position\":2,\"name\":\"Cavalier king charles\"}]},{\"@type\":\"WebSite\",\"@id\":\"http:\\\/\\\/vet-ecg.ddns.net\\\/#website\",\"url\":\"http:\\\/\\\/vet-ecg.ddns.net\\\/\",\"name\":\"Blog d&#039;\u00e9lectrocardiographie v\u00e9t\u00e9rinaire\",\"description\":\"recueil d&#039;ECG de chiens et de chats\",\"publisher\":{\"@id\":\"http:\\\/\\\/vet-ecg.ddns.net\\\/#\\\/schema\\\/person\\\/fec4070a47e235fed904fab73cae00b4\"},\"alternateName\":\"\u00e9lectrocardiographie v\u00e9t\u00e9rinaire\",\"potentialAction\":[{\"@type\":\"SearchAction\",\"target\":{\"@type\":\"EntryPoint\",\"urlTemplate\":\"http:\\\/\\\/vet-ecg.ddns.net\\\/?s={search_term_string}\"},\"query-input\":{\"@type\":\"PropertyValueSpecification\",\"valueRequired\":true,\"valueName\":\"search_term_string\"}}],\"inLanguage\":\"fr-FR\"},{\"@type\":[\"Person\",\"Organization\"],\"@id\":\"http:\\\/\\\/vet-ecg.ddns.net\\\/#\\\/schema\\\/person\\\/fec4070a47e235fed904fab73cae00b4\",\"name\":\"admin\",\"image\":{\"@type\":\"ImageObject\",\"inLanguage\":\"fr-FR\",\"@id\":\"http:\\\/\\\/vet-ecg.ddns.net\\\/wp-content\\\/uploads\\\/2018\\\/04\\\/Zelda-2-ECG-248.jpg\",\"url\":\"http:\\\/\\\/vet-ecg.ddns.net\\\/wp-content\\\/uploads\\\/2018\\\/04\\\/Zelda-2-ECG-248.jpg\",\"contentUrl\":\"http:\\\/\\\/vet-ecg.ddns.net\\\/wp-content\\\/uploads\\\/2018\\\/04\\\/Zelda-2-ECG-248.jpg\",\"width\":248,\"height\":248,\"caption\":\"admin\"},\"logo\":{\"@id\":\"http:\\\/\\\/vet-ecg.ddns.net\\\/wp-content\\\/uploads\\\/2018\\\/04\\\/Zelda-2-ECG-248.jpg\"},\"description\":\"Les trac\u00e9s publi\u00e9s sur ce site sont issus de diff\u00e9rentes cliniques v\u00e9t\u00e9rinaires de Paris et de sa banlieue durant les 10 derni\u00e8res ann\u00e9es. Les ECG r\u00e9alis\u00e9s ont \u00e9t\u00e9 r\u00e9alis\u00e9s sur des chiens et des chats qui ont tous b\u00e9n\u00e9fici\u00e9 d'une \u00e9chocardiographie.\"}]}<\/script>\n<!-- \/ Yoast SEO plugin. -->","yoast_head_json":{"title":"Cavalier king charles - Blog d&#039;\u00e9lectrocardiographie v\u00e9t\u00e9rinaire","description":"Ce cavalier king charles pr\u00e9sente un stress marqu\u00e9, \u00e0 l'origine des tr\u00e9mulations de la ligne de base.L'\u00e9chocardiographie est normale.","robots":{"index":"index","follow":"follow","max-snippet":"max-snippet:-1","max-image-preview":"max-image-preview:large","max-video-preview":"max-video-preview:-1"},"canonical":"http:\/\/vet-ecg.ddns.net\/index.php\/indemne-4\/","twitter_misc":{"Dur\u00e9e de lecture estim\u00e9e":"1 minute"},"schema":{"@context":"https:\/\/schema.org","@graph":[{"@type":"WebPage","@id":"http:\/\/vet-ecg.ddns.net\/index.php\/indemne-4\/","url":"http:\/\/vet-ecg.ddns.net\/index.php\/indemne-4\/","name":"Cavalier king charles - Blog d&#039;\u00e9lectrocardiographie v\u00e9t\u00e9rinaire","isPartOf":{"@id":"http:\/\/vet-ecg.ddns.net\/#website"},"primaryImageOfPage":{"@id":"http:\/\/vet-ecg.ddns.net\/index.php\/indemne-4\/#primaryimage"},"image":{"@id":"http:\/\/vet-ecg.ddns.net\/index.php\/indemne-4\/#primaryimage"},"thumbnailUrl":"http:\/\/vet-ecg.ddns.net\/wp-content\/uploads\/indemne-4.jpg","datePublished":"2018-12-02T16:31:00+00:00","dateModified":"2019-12-07T21:13:47+00:00","description":"Ce cavalier king charles pr\u00e9sente un stress marqu\u00e9, \u00e0 l'origine des tr\u00e9mulations de la ligne de base.L'\u00e9chocardiographie est normale.","breadcrumb":{"@id":"http:\/\/vet-ecg.ddns.net\/index.php\/indemne-4\/#breadcrumb"},"inLanguage":"fr-FR","potentialAction":[{"@type":"ReadAction","target":["http:\/\/vet-ecg.ddns.net\/index.php\/indemne-4\/"]}]},{"@type":"ImageObject","inLanguage":"fr-FR","@id":"http:\/\/vet-ecg.ddns.net\/index.php\/indemne-4\/#primaryimage","url":"http:\/\/vet-ecg.ddns.net\/wp-content\/uploads\/indemne-4.jpg","contentUrl":"http:\/\/vet-ecg.ddns.net\/wp-content\/uploads\/indemne-4.jpg","width":1740,"height":3678,"caption":"Rythme sinusal acc\u00e9l\u00e9r\u00e9 par le stress de l'animal."},{"@type":"BreadcrumbList","@id":"http:\/\/vet-ecg.ddns.net\/index.php\/indemne-4\/#breadcrumb","itemListElement":[{"@type":"ListItem","position":1,"name":"Accueil","item":"http:\/\/vet-ecg.ddns.net\/"},{"@type":"ListItem","position":2,"name":"Cavalier king charles"}]},{"@type":"WebSite","@id":"http:\/\/vet-ecg.ddns.net\/#website","url":"http:\/\/vet-ecg.ddns.net\/","name":"Blog d&#039;\u00e9lectrocardiographie v\u00e9t\u00e9rinaire","description":"recueil d&#039;ECG de chiens et de chats","publisher":{"@id":"http:\/\/vet-ecg.ddns.net\/#\/schema\/person\/fec4070a47e235fed904fab73cae00b4"},"alternateName":"\u00e9lectrocardiographie v\u00e9t\u00e9rinaire","potentialAction":[{"@type":"SearchAction","target":{"@type":"EntryPoint","urlTemplate":"http:\/\/vet-ecg.ddns.net\/?s={search_term_string}"},"query-input":{"@type":"PropertyValueSpecification","valueRequired":true,"valueName":"search_term_string"}}],"inLanguage":"fr-FR"},{"@type":["Person","Organization"],"@id":"http:\/\/vet-ecg.ddns.net\/#\/schema\/person\/fec4070a47e235fed904fab73cae00b4","name":"admin","image":{"@type":"ImageObject","inLanguage":"fr-FR","@id":"http:\/\/vet-ecg.ddns.net\/wp-content\/uploads\/2018\/04\/Zelda-2-ECG-248.jpg","url":"http:\/\/vet-ecg.ddns.net\/wp-content\/uploads\/2018\/04\/Zelda-2-ECG-248.jpg","contentUrl":"http:\/\/vet-ecg.ddns.net\/wp-content\/uploads\/2018\/04\/Zelda-2-ECG-248.jpg","width":248,"height":248,"caption":"admin"},"logo":{"@id":"http:\/\/vet-ecg.ddns.net\/wp-content\/uploads\/2018\/04\/Zelda-2-ECG-248.jpg"},"description":"Les trac\u00e9s publi\u00e9s sur ce site sont issus de diff\u00e9rentes cliniques v\u00e9t\u00e9rinaires de Paris et de sa banlieue durant les 10 derni\u00e8res ann\u00e9es. Les ECG r\u00e9alis\u00e9s ont \u00e9t\u00e9 r\u00e9alis\u00e9s sur des chiens et des chats qui ont tous b\u00e9n\u00e9fici\u00e9 d'une \u00e9chocardiographie."}]}},"_links":{"self":[{"href":"http:\/\/vet-ecg.ddns.net\/index.php\/wp-json\/wp\/v2\/pages\/1222","targetHints":{"allow":["GET"]}}],"collection":[{"href":"http:\/\/vet-ecg.ddns.net\/index.php\/wp-json\/wp\/v2\/pages"}],"about":[{"href":"http:\/\/vet-ecg.ddns.net\/index.php\/wp-json\/wp\/v2\/types\/page"}],"author":[{"embeddable":true,"href":"http:\/\/vet-ecg.ddns.net\/index.php\/wp-json\/wp\/v2\/users\/1"}],"replies":[{"embeddable":true,"href":"http:\/\/vet-ecg.ddns.net\/index.php\/wp-json\/wp\/v2\/comments?post=1222"}],"version-history":[{"count":0,"href":"http:\/\/vet-ecg.ddns.net\/index.php\/wp-json\/wp\/v2\/pages\/1222\/revisions"}],"wp:attachment":[{"href":"http:\/\/vet-ecg.ddns.net\/index.php\/wp-json\/wp\/v2\/media?parent=1222"}],"curies":[{"name":"wp","href":"https:\/\/api.w.org\/{rel}","templated":true}]}}