{"id":1208,"date":"2018-11-30T22:44:05","date_gmt":"2018-11-30T21:44:05","guid":{"rendered":"http:\/\/192.168.1.104\/?page_id=1208"},"modified":"2019-12-07T22:04:16","modified_gmt":"2019-12-07T21:04:16","slug":"indemne-2","status":"publish","type":"page","link":"http:\/\/vet-ecg.ddns.net\/index.php\/indemne-2\/","title":{"rendered":"Jeune boxer"},"content":{"rendered":"<figure id=\"attachment_1209\" aria-describedby=\"caption-attachment-1209\" style=\"width: 2245px\" class=\"wp-caption alignnone\"><img loading=\"lazy\" decoding=\"async\" class=\"wp-image-1209 size-full\" src=\"http:\/\/vet-ecg.ddns.net\/wp-content\/uploads\/indemne-2.jpg\" alt=\"Exacerbation du tonus vagal, wandering pacemaker et BAV1. \" width=\"2245\" height=\"1966\" \/><figcaption id=\"caption-attachment-1209\" class=\"wp-caption-text\">Rythme sinusal avec tonus vagal marqu\u00e9, BAV1 et wandering pacemaker chez un chien de race brachyc\u00e9phale.<\/figcaption><\/figure>\n<p>Jeune boxer de 25 kg non stress\u00e9.<\/p>\n<p>L&rsquo;\u00e9chocardiographie ne met aucune anomalie en \u00e9vidence.<\/p>\n<p>Les QRS sont fins et peu volt\u00e9s mais dans les normes.<\/p>\n<p>Les ondes T sont biphasiques et de faible amplitude.<\/p>\n<p>Les segments PR et ST sont iso-\u00e9lectriques.<\/p>\n<p>L&rsquo;axe des QRS est d&rsquo;environ 45 degr\u00e9s.<\/p>\n<p>L&rsquo;intervalle PR est constant mais sa dur\u00e9e (160 ms) est anormale. La limite sup\u00e9rieure de cet intervalle est de 130 ms. On peut conclure \u00e0 un bloc atrioventriculaire du premier d\u00e9gr\u00e9.<\/p>\n<p>Ce bloc se traduit par un ralentissement de l&rsquo;influx entre l&rsquo;oreillette droite et les ventricules.<br \/>\nIl est b\u00e9nin lorsqu&rsquo;il est associ\u00e9 \u00e0 des QRS fins.<\/p>\n","protected":false},"excerpt":{"rendered":"<p>Jeune boxer de 25 kg non stress\u00e9. L&rsquo;\u00e9chocardiographie ne met aucune anomalie en \u00e9vidence. Les QRS sont fins et peu volt\u00e9s mais dans les normes. Les ondes T sont biphasiques et de faible amplitude. Les segments PR et ST sont iso-\u00e9lectriques. L&rsquo;axe des QRS est d&rsquo;environ 45 degr\u00e9s. L&rsquo;intervalle PR est constant mais sa dur\u00e9e &hellip; <a href=\"http:\/\/vet-ecg.ddns.net\/index.php\/indemne-2\/\" class=\"more-link\">Continuer la lecture de <span class=\"screen-reader-text\">Jeune boxer<\/span><\/a><\/p>\n","protected":false},"author":1,"featured_media":0,"parent":0,"menu_order":0,"comment_status":"closed","ping_status":"closed","template":"","meta":{"footnotes":""},"class_list":["post-1208","page","type-page","status-publish","hentry"],"yoast_head":"<!-- This site is optimized with the Yoast SEO plugin v27.4 - https:\/\/yoast.com\/product\/yoast-seo-wordpress\/ -->\n<title>Jeune boxer - Blog d&#039;\u00e9lectrocardiographie v\u00e9t\u00e9rinaire<\/title>\n<meta name=\"description\" content=\"chien brachyc\u00e9phale au tonus vagal augment\u00e9 pr\u00e9sente un ECG sub-normal malgr\u00e9 les pauses sinusales observ\u00e9es et un BAV du premier degr\u00e9.\" \/>\n<meta name=\"robots\" content=\"index, follow, max-snippet:-1, max-image-preview:large, max-video-preview:-1\" \/>\n<link rel=\"canonical\" href=\"http:\/\/vet-ecg.ddns.net\/index.php\/indemne-2\/\" \/>\n<meta name=\"twitter:label1\" content=\"Dur\u00e9e de lecture estim\u00e9e\" \/>\n\t<meta name=\"twitter:data1\" content=\"1 minute\" \/>\n<script type=\"application\/ld+json\" class=\"yoast-schema-graph\">{\"@context\":\"https:\\\/\\\/schema.org\",\"@graph\":[{\"@type\":\"WebPage\",\"@id\":\"http:\\\/\\\/vet-ecg.ddns.net\\\/index.php\\\/indemne-2\\\/\",\"url\":\"http:\\\/\\\/vet-ecg.ddns.net\\\/index.php\\\/indemne-2\\\/\",\"name\":\"Jeune boxer - Blog d&#039;\u00e9lectrocardiographie v\u00e9t\u00e9rinaire\",\"isPartOf\":{\"@id\":\"http:\\\/\\\/vet-ecg.ddns.net\\\/#website\"},\"primaryImageOfPage\":{\"@id\":\"http:\\\/\\\/vet-ecg.ddns.net\\\/index.php\\\/indemne-2\\\/#primaryimage\"},\"image\":{\"@id\":\"http:\\\/\\\/vet-ecg.ddns.net\\\/index.php\\\/indemne-2\\\/#primaryimage\"},\"thumbnailUrl\":\"http:\\\/\\\/vet-ecg.ddns.net\\\/wp-content\\\/uploads\\\/indemne-2.jpg\",\"datePublished\":\"2018-11-30T21:44:05+00:00\",\"dateModified\":\"2019-12-07T21:04:16+00:00\",\"description\":\"chien brachyc\u00e9phale au tonus vagal augment\u00e9 pr\u00e9sente un ECG sub-normal malgr\u00e9 les pauses sinusales observ\u00e9es et un BAV du premier degr\u00e9.\",\"breadcrumb\":{\"@id\":\"http:\\\/\\\/vet-ecg.ddns.net\\\/index.php\\\/indemne-2\\\/#breadcrumb\"},\"inLanguage\":\"fr-FR\",\"potentialAction\":[{\"@type\":\"ReadAction\",\"target\":[\"http:\\\/\\\/vet-ecg.ddns.net\\\/index.php\\\/indemne-2\\\/\"]}]},{\"@type\":\"ImageObject\",\"inLanguage\":\"fr-FR\",\"@id\":\"http:\\\/\\\/vet-ecg.ddns.net\\\/index.php\\\/indemne-2\\\/#primaryimage\",\"url\":\"http:\\\/\\\/vet-ecg.ddns.net\\\/wp-content\\\/uploads\\\/indemne-2.jpg\",\"contentUrl\":\"http:\\\/\\\/vet-ecg.ddns.net\\\/wp-content\\\/uploads\\\/indemne-2.jpg\",\"width\":2245,\"height\":1966,\"caption\":\"Rythme sinusal avec BAV1 chez un chien de race brachyc\u00e9phale.\"},{\"@type\":\"BreadcrumbList\",\"@id\":\"http:\\\/\\\/vet-ecg.ddns.net\\\/index.php\\\/indemne-2\\\/#breadcrumb\",\"itemListElement\":[{\"@type\":\"ListItem\",\"position\":1,\"name\":\"Accueil\",\"item\":\"http:\\\/\\\/vet-ecg.ddns.net\\\/\"},{\"@type\":\"ListItem\",\"position\":2,\"name\":\"Jeune boxer\"}]},{\"@type\":\"WebSite\",\"@id\":\"http:\\\/\\\/vet-ecg.ddns.net\\\/#website\",\"url\":\"http:\\\/\\\/vet-ecg.ddns.net\\\/\",\"name\":\"Blog d&#039;\u00e9lectrocardiographie v\u00e9t\u00e9rinaire\",\"description\":\"recueil d&#039;ECG de chiens et de chats\",\"publisher\":{\"@id\":\"http:\\\/\\\/vet-ecg.ddns.net\\\/#\\\/schema\\\/person\\\/fec4070a47e235fed904fab73cae00b4\"},\"alternateName\":\"\u00e9lectrocardiographie v\u00e9t\u00e9rinaire\",\"potentialAction\":[{\"@type\":\"SearchAction\",\"target\":{\"@type\":\"EntryPoint\",\"urlTemplate\":\"http:\\\/\\\/vet-ecg.ddns.net\\\/?s={search_term_string}\"},\"query-input\":{\"@type\":\"PropertyValueSpecification\",\"valueRequired\":true,\"valueName\":\"search_term_string\"}}],\"inLanguage\":\"fr-FR\"},{\"@type\":[\"Person\",\"Organization\"],\"@id\":\"http:\\\/\\\/vet-ecg.ddns.net\\\/#\\\/schema\\\/person\\\/fec4070a47e235fed904fab73cae00b4\",\"name\":\"admin\",\"image\":{\"@type\":\"ImageObject\",\"inLanguage\":\"fr-FR\",\"@id\":\"http:\\\/\\\/vet-ecg.ddns.net\\\/wp-content\\\/uploads\\\/2018\\\/04\\\/Zelda-2-ECG-248.jpg\",\"url\":\"http:\\\/\\\/vet-ecg.ddns.net\\\/wp-content\\\/uploads\\\/2018\\\/04\\\/Zelda-2-ECG-248.jpg\",\"contentUrl\":\"http:\\\/\\\/vet-ecg.ddns.net\\\/wp-content\\\/uploads\\\/2018\\\/04\\\/Zelda-2-ECG-248.jpg\",\"width\":248,\"height\":248,\"caption\":\"admin\"},\"logo\":{\"@id\":\"http:\\\/\\\/vet-ecg.ddns.net\\\/wp-content\\\/uploads\\\/2018\\\/04\\\/Zelda-2-ECG-248.jpg\"},\"description\":\"Les trac\u00e9s publi\u00e9s sur ce site sont issus de diff\u00e9rentes cliniques v\u00e9t\u00e9rinaires de Paris et de sa banlieue durant les 10 derni\u00e8res ann\u00e9es. Les ECG r\u00e9alis\u00e9s ont \u00e9t\u00e9 r\u00e9alis\u00e9s sur des chiens et des chats qui ont tous b\u00e9n\u00e9fici\u00e9 d'une \u00e9chocardiographie.\"}]}<\/script>\n<!-- \/ Yoast SEO plugin. -->","yoast_head_json":{"title":"Jeune boxer - Blog d&#039;\u00e9lectrocardiographie v\u00e9t\u00e9rinaire","description":"chien brachyc\u00e9phale au tonus vagal augment\u00e9 pr\u00e9sente un ECG sub-normal malgr\u00e9 les pauses sinusales observ\u00e9es et un BAV du premier degr\u00e9.","robots":{"index":"index","follow":"follow","max-snippet":"max-snippet:-1","max-image-preview":"max-image-preview:large","max-video-preview":"max-video-preview:-1"},"canonical":"http:\/\/vet-ecg.ddns.net\/index.php\/indemne-2\/","twitter_misc":{"Dur\u00e9e de lecture estim\u00e9e":"1 minute"},"schema":{"@context":"https:\/\/schema.org","@graph":[{"@type":"WebPage","@id":"http:\/\/vet-ecg.ddns.net\/index.php\/indemne-2\/","url":"http:\/\/vet-ecg.ddns.net\/index.php\/indemne-2\/","name":"Jeune boxer - Blog d&#039;\u00e9lectrocardiographie v\u00e9t\u00e9rinaire","isPartOf":{"@id":"http:\/\/vet-ecg.ddns.net\/#website"},"primaryImageOfPage":{"@id":"http:\/\/vet-ecg.ddns.net\/index.php\/indemne-2\/#primaryimage"},"image":{"@id":"http:\/\/vet-ecg.ddns.net\/index.php\/indemne-2\/#primaryimage"},"thumbnailUrl":"http:\/\/vet-ecg.ddns.net\/wp-content\/uploads\/indemne-2.jpg","datePublished":"2018-11-30T21:44:05+00:00","dateModified":"2019-12-07T21:04:16+00:00","description":"chien brachyc\u00e9phale au tonus vagal augment\u00e9 pr\u00e9sente un ECG sub-normal malgr\u00e9 les pauses sinusales observ\u00e9es et un BAV du premier degr\u00e9.","breadcrumb":{"@id":"http:\/\/vet-ecg.ddns.net\/index.php\/indemne-2\/#breadcrumb"},"inLanguage":"fr-FR","potentialAction":[{"@type":"ReadAction","target":["http:\/\/vet-ecg.ddns.net\/index.php\/indemne-2\/"]}]},{"@type":"ImageObject","inLanguage":"fr-FR","@id":"http:\/\/vet-ecg.ddns.net\/index.php\/indemne-2\/#primaryimage","url":"http:\/\/vet-ecg.ddns.net\/wp-content\/uploads\/indemne-2.jpg","contentUrl":"http:\/\/vet-ecg.ddns.net\/wp-content\/uploads\/indemne-2.jpg","width":2245,"height":1966,"caption":"Rythme sinusal avec BAV1 chez un chien de race brachyc\u00e9phale."},{"@type":"BreadcrumbList","@id":"http:\/\/vet-ecg.ddns.net\/index.php\/indemne-2\/#breadcrumb","itemListElement":[{"@type":"ListItem","position":1,"name":"Accueil","item":"http:\/\/vet-ecg.ddns.net\/"},{"@type":"ListItem","position":2,"name":"Jeune boxer"}]},{"@type":"WebSite","@id":"http:\/\/vet-ecg.ddns.net\/#website","url":"http:\/\/vet-ecg.ddns.net\/","name":"Blog d&#039;\u00e9lectrocardiographie v\u00e9t\u00e9rinaire","description":"recueil d&#039;ECG de chiens et de chats","publisher":{"@id":"http:\/\/vet-ecg.ddns.net\/#\/schema\/person\/fec4070a47e235fed904fab73cae00b4"},"alternateName":"\u00e9lectrocardiographie v\u00e9t\u00e9rinaire","potentialAction":[{"@type":"SearchAction","target":{"@type":"EntryPoint","urlTemplate":"http:\/\/vet-ecg.ddns.net\/?s={search_term_string}"},"query-input":{"@type":"PropertyValueSpecification","valueRequired":true,"valueName":"search_term_string"}}],"inLanguage":"fr-FR"},{"@type":["Person","Organization"],"@id":"http:\/\/vet-ecg.ddns.net\/#\/schema\/person\/fec4070a47e235fed904fab73cae00b4","name":"admin","image":{"@type":"ImageObject","inLanguage":"fr-FR","@id":"http:\/\/vet-ecg.ddns.net\/wp-content\/uploads\/2018\/04\/Zelda-2-ECG-248.jpg","url":"http:\/\/vet-ecg.ddns.net\/wp-content\/uploads\/2018\/04\/Zelda-2-ECG-248.jpg","contentUrl":"http:\/\/vet-ecg.ddns.net\/wp-content\/uploads\/2018\/04\/Zelda-2-ECG-248.jpg","width":248,"height":248,"caption":"admin"},"logo":{"@id":"http:\/\/vet-ecg.ddns.net\/wp-content\/uploads\/2018\/04\/Zelda-2-ECG-248.jpg"},"description":"Les trac\u00e9s publi\u00e9s sur ce site sont issus de diff\u00e9rentes cliniques v\u00e9t\u00e9rinaires de Paris et de sa banlieue durant les 10 derni\u00e8res ann\u00e9es. Les ECG r\u00e9alis\u00e9s ont \u00e9t\u00e9 r\u00e9alis\u00e9s sur des chiens et des chats qui ont tous b\u00e9n\u00e9fici\u00e9 d'une \u00e9chocardiographie."}]}},"_links":{"self":[{"href":"http:\/\/vet-ecg.ddns.net\/index.php\/wp-json\/wp\/v2\/pages\/1208","targetHints":{"allow":["GET"]}}],"collection":[{"href":"http:\/\/vet-ecg.ddns.net\/index.php\/wp-json\/wp\/v2\/pages"}],"about":[{"href":"http:\/\/vet-ecg.ddns.net\/index.php\/wp-json\/wp\/v2\/types\/page"}],"author":[{"embeddable":true,"href":"http:\/\/vet-ecg.ddns.net\/index.php\/wp-json\/wp\/v2\/users\/1"}],"replies":[{"embeddable":true,"href":"http:\/\/vet-ecg.ddns.net\/index.php\/wp-json\/wp\/v2\/comments?post=1208"}],"version-history":[{"count":0,"href":"http:\/\/vet-ecg.ddns.net\/index.php\/wp-json\/wp\/v2\/pages\/1208\/revisions"}],"wp:attachment":[{"href":"http:\/\/vet-ecg.ddns.net\/index.php\/wp-json\/wp\/v2\/media?parent=1208"}],"curies":[{"name":"wp","href":"https:\/\/api.w.org\/{rel}","templated":true}]}}