{"id":1202,"date":"2018-11-28T11:42:37","date_gmt":"2018-11-28T10:42:37","guid":{"rendered":"http:\/\/192.168.1.104\/?page_id=1202"},"modified":"2019-12-07T21:59:57","modified_gmt":"2019-12-07T20:59:57","slug":"indemne-1","status":"publish","type":"page","link":"http:\/\/vet-ecg.ddns.net\/index.php\/indemne-1\/","title":{"rendered":"chien de 10 kg en bonne sant\u00e9"},"content":{"rendered":"<figure id=\"attachment_1203\" aria-describedby=\"caption-attachment-1203\" style=\"width: 2248px\" class=\"wp-caption alignnone\"><img loading=\"lazy\" decoding=\"async\" class=\"wp-image-1203 size-full\" src=\"http:\/\/vet-ecg.ddns.net\/wp-content\/uploads\/indemne-1-1.jpg\" alt=\"Rythme sinusal r\u00e9gulier chez un chien indemne de cardiopathie. \" width=\"2248\" height=\"1975\" \/><figcaption id=\"caption-attachment-1203\" class=\"wp-caption-text\">Amplitude et dur\u00e9e des QRS dans les normes (1,7 mV et 40 ms en D2)<\/figcaption><\/figure>\n<p>Rythme sinusal r\u00e9gulier chez un chien de 10 kg. Une arythmie sinusale respiratoire mod\u00e9r\u00e9e est pr\u00e9sente.<\/p>\n<p>Les QRS sont fins et leur amplitude est dans les normes. Il en est de m\u00eame des ondes P.<\/p>\n<p>Les ondes T sont asym\u00e9triques.<\/p>\n<p>Il n&rsquo;y a pas de sous d\u00e9calage des segments ST et PR.<\/p>\n<p>L&rsquo;axe de QRS est d&rsquo;environ 40 degr\u00e9s et celui de P est proche de 60\u00b0.<\/p>\n<p>C&rsquo;est un trac\u00e9 normal pour un chien de 10 kg indemne de cardiopathie et en bon \u00e9tat g\u00e9n\u00e9ral.<\/p>\n","protected":false},"excerpt":{"rendered":"<p>Rythme sinusal r\u00e9gulier chez un chien de 10 kg. Une arythmie sinusale respiratoire mod\u00e9r\u00e9e est pr\u00e9sente. Les QRS sont fins et leur amplitude est dans les normes. Il en est de m\u00eame des ondes P. Les ondes T sont asym\u00e9triques. Il n&rsquo;y a pas de sous d\u00e9calage des segments ST et PR. L&rsquo;axe de QRS &hellip; <a href=\"http:\/\/vet-ecg.ddns.net\/index.php\/indemne-1\/\" class=\"more-link\">Continuer la lecture de <span class=\"screen-reader-text\">chien de 10 kg en bonne sant\u00e9<\/span><\/a><\/p>\n","protected":false},"author":1,"featured_media":0,"parent":0,"menu_order":0,"comment_status":"closed","ping_status":"closed","template":"","meta":{"footnotes":""},"class_list":["post-1202","page","type-page","status-publish","hentry"],"yoast_head":"<!-- This site is optimized with the Yoast SEO plugin v27.4 - https:\/\/yoast.com\/product\/yoast-seo-wordpress\/ -->\n<title>chien de 10 kg en bonne sant\u00e9 - Blog d&#039;\u00e9lectrocardiographie v\u00e9t\u00e9rinaire<\/title>\n<meta name=\"description\" content=\"Chien de 10 kg, en bonne sant\u00e9. L&#039;ECG ne pr\u00e9sente pas d&#039;anomalies majeures. Fr\u00e9quence, dur\u00e9e et amplitude des QRS sont dans les normes\" \/>\n<meta name=\"robots\" content=\"index, follow, max-snippet:-1, max-image-preview:large, max-video-preview:-1\" \/>\n<link rel=\"canonical\" href=\"http:\/\/vet-ecg.ddns.net\/index.php\/indemne-1\/\" \/>\n<meta name=\"twitter:label1\" content=\"Dur\u00e9e de lecture estim\u00e9e\" \/>\n\t<meta name=\"twitter:data1\" content=\"1 minute\" \/>\n<script type=\"application\/ld+json\" class=\"yoast-schema-graph\">{\"@context\":\"https:\\\/\\\/schema.org\",\"@graph\":[{\"@type\":\"WebPage\",\"@id\":\"http:\\\/\\\/vet-ecg.ddns.net\\\/index.php\\\/indemne-1\\\/\",\"url\":\"http:\\\/\\\/vet-ecg.ddns.net\\\/index.php\\\/indemne-1\\\/\",\"name\":\"chien de 10 kg en bonne sant\u00e9 - Blog d&#039;\u00e9lectrocardiographie v\u00e9t\u00e9rinaire\",\"isPartOf\":{\"@id\":\"http:\\\/\\\/vet-ecg.ddns.net\\\/#website\"},\"primaryImageOfPage\":{\"@id\":\"http:\\\/\\\/vet-ecg.ddns.net\\\/index.php\\\/indemne-1\\\/#primaryimage\"},\"image\":{\"@id\":\"http:\\\/\\\/vet-ecg.ddns.net\\\/index.php\\\/indemne-1\\\/#primaryimage\"},\"thumbnailUrl\":\"http:\\\/\\\/vet-ecg.ddns.net\\\/wp-content\\\/uploads\\\/indemne-1-1.jpg\",\"datePublished\":\"2018-11-28T10:42:37+00:00\",\"dateModified\":\"2019-12-07T20:59:57+00:00\",\"description\":\"Chien de 10 kg, en bonne sant\u00e9. L'ECG ne pr\u00e9sente pas d'anomalies majeures. Fr\u00e9quence, dur\u00e9e et amplitude des QRS sont dans les normes\",\"breadcrumb\":{\"@id\":\"http:\\\/\\\/vet-ecg.ddns.net\\\/index.php\\\/indemne-1\\\/#breadcrumb\"},\"inLanguage\":\"fr-FR\",\"potentialAction\":[{\"@type\":\"ReadAction\",\"target\":[\"http:\\\/\\\/vet-ecg.ddns.net\\\/index.php\\\/indemne-1\\\/\"]}]},{\"@type\":\"ImageObject\",\"inLanguage\":\"fr-FR\",\"@id\":\"http:\\\/\\\/vet-ecg.ddns.net\\\/index.php\\\/indemne-1\\\/#primaryimage\",\"url\":\"http:\\\/\\\/vet-ecg.ddns.net\\\/wp-content\\\/uploads\\\/indemne-1-1.jpg\",\"contentUrl\":\"http:\\\/\\\/vet-ecg.ddns.net\\\/wp-content\\\/uploads\\\/indemne-1-1.jpg\",\"width\":2248,\"height\":1975,\"caption\":\"Amplitude et dur\u00e9e des QRS dans les normes (1,7 mV et 40 ms en D2)\"},{\"@type\":\"BreadcrumbList\",\"@id\":\"http:\\\/\\\/vet-ecg.ddns.net\\\/index.php\\\/indemne-1\\\/#breadcrumb\",\"itemListElement\":[{\"@type\":\"ListItem\",\"position\":1,\"name\":\"Accueil\",\"item\":\"http:\\\/\\\/vet-ecg.ddns.net\\\/\"},{\"@type\":\"ListItem\",\"position\":2,\"name\":\"chien de 10 kg en bonne sant\u00e9\"}]},{\"@type\":\"WebSite\",\"@id\":\"http:\\\/\\\/vet-ecg.ddns.net\\\/#website\",\"url\":\"http:\\\/\\\/vet-ecg.ddns.net\\\/\",\"name\":\"Blog d&#039;\u00e9lectrocardiographie v\u00e9t\u00e9rinaire\",\"description\":\"recueil d&#039;ECG de chiens et de chats\",\"publisher\":{\"@id\":\"http:\\\/\\\/vet-ecg.ddns.net\\\/#\\\/schema\\\/person\\\/fec4070a47e235fed904fab73cae00b4\"},\"alternateName\":\"\u00e9lectrocardiographie v\u00e9t\u00e9rinaire\",\"potentialAction\":[{\"@type\":\"SearchAction\",\"target\":{\"@type\":\"EntryPoint\",\"urlTemplate\":\"http:\\\/\\\/vet-ecg.ddns.net\\\/?s={search_term_string}\"},\"query-input\":{\"@type\":\"PropertyValueSpecification\",\"valueRequired\":true,\"valueName\":\"search_term_string\"}}],\"inLanguage\":\"fr-FR\"},{\"@type\":[\"Person\",\"Organization\"],\"@id\":\"http:\\\/\\\/vet-ecg.ddns.net\\\/#\\\/schema\\\/person\\\/fec4070a47e235fed904fab73cae00b4\",\"name\":\"admin\",\"image\":{\"@type\":\"ImageObject\",\"inLanguage\":\"fr-FR\",\"@id\":\"http:\\\/\\\/vet-ecg.ddns.net\\\/wp-content\\\/uploads\\\/2018\\\/04\\\/Zelda-2-ECG-248.jpg\",\"url\":\"http:\\\/\\\/vet-ecg.ddns.net\\\/wp-content\\\/uploads\\\/2018\\\/04\\\/Zelda-2-ECG-248.jpg\",\"contentUrl\":\"http:\\\/\\\/vet-ecg.ddns.net\\\/wp-content\\\/uploads\\\/2018\\\/04\\\/Zelda-2-ECG-248.jpg\",\"width\":248,\"height\":248,\"caption\":\"admin\"},\"logo\":{\"@id\":\"http:\\\/\\\/vet-ecg.ddns.net\\\/wp-content\\\/uploads\\\/2018\\\/04\\\/Zelda-2-ECG-248.jpg\"},\"description\":\"Les trac\u00e9s publi\u00e9s sur ce site sont issus de diff\u00e9rentes cliniques v\u00e9t\u00e9rinaires de Paris et de sa banlieue durant les 10 derni\u00e8res ann\u00e9es. Les ECG r\u00e9alis\u00e9s ont \u00e9t\u00e9 r\u00e9alis\u00e9s sur des chiens et des chats qui ont tous b\u00e9n\u00e9fici\u00e9 d'une \u00e9chocardiographie.\"}]}<\/script>\n<!-- \/ Yoast SEO plugin. -->","yoast_head_json":{"title":"chien de 10 kg en bonne sant\u00e9 - Blog d&#039;\u00e9lectrocardiographie v\u00e9t\u00e9rinaire","description":"Chien de 10 kg, en bonne sant\u00e9. L'ECG ne pr\u00e9sente pas d'anomalies majeures. Fr\u00e9quence, dur\u00e9e et amplitude des QRS sont dans les normes","robots":{"index":"index","follow":"follow","max-snippet":"max-snippet:-1","max-image-preview":"max-image-preview:large","max-video-preview":"max-video-preview:-1"},"canonical":"http:\/\/vet-ecg.ddns.net\/index.php\/indemne-1\/","twitter_misc":{"Dur\u00e9e de lecture estim\u00e9e":"1 minute"},"schema":{"@context":"https:\/\/schema.org","@graph":[{"@type":"WebPage","@id":"http:\/\/vet-ecg.ddns.net\/index.php\/indemne-1\/","url":"http:\/\/vet-ecg.ddns.net\/index.php\/indemne-1\/","name":"chien de 10 kg en bonne sant\u00e9 - Blog d&#039;\u00e9lectrocardiographie v\u00e9t\u00e9rinaire","isPartOf":{"@id":"http:\/\/vet-ecg.ddns.net\/#website"},"primaryImageOfPage":{"@id":"http:\/\/vet-ecg.ddns.net\/index.php\/indemne-1\/#primaryimage"},"image":{"@id":"http:\/\/vet-ecg.ddns.net\/index.php\/indemne-1\/#primaryimage"},"thumbnailUrl":"http:\/\/vet-ecg.ddns.net\/wp-content\/uploads\/indemne-1-1.jpg","datePublished":"2018-11-28T10:42:37+00:00","dateModified":"2019-12-07T20:59:57+00:00","description":"Chien de 10 kg, en bonne sant\u00e9. L'ECG ne pr\u00e9sente pas d'anomalies majeures. Fr\u00e9quence, dur\u00e9e et amplitude des QRS sont dans les normes","breadcrumb":{"@id":"http:\/\/vet-ecg.ddns.net\/index.php\/indemne-1\/#breadcrumb"},"inLanguage":"fr-FR","potentialAction":[{"@type":"ReadAction","target":["http:\/\/vet-ecg.ddns.net\/index.php\/indemne-1\/"]}]},{"@type":"ImageObject","inLanguage":"fr-FR","@id":"http:\/\/vet-ecg.ddns.net\/index.php\/indemne-1\/#primaryimage","url":"http:\/\/vet-ecg.ddns.net\/wp-content\/uploads\/indemne-1-1.jpg","contentUrl":"http:\/\/vet-ecg.ddns.net\/wp-content\/uploads\/indemne-1-1.jpg","width":2248,"height":1975,"caption":"Amplitude et dur\u00e9e des QRS dans les normes (1,7 mV et 40 ms en D2)"},{"@type":"BreadcrumbList","@id":"http:\/\/vet-ecg.ddns.net\/index.php\/indemne-1\/#breadcrumb","itemListElement":[{"@type":"ListItem","position":1,"name":"Accueil","item":"http:\/\/vet-ecg.ddns.net\/"},{"@type":"ListItem","position":2,"name":"chien de 10 kg en bonne sant\u00e9"}]},{"@type":"WebSite","@id":"http:\/\/vet-ecg.ddns.net\/#website","url":"http:\/\/vet-ecg.ddns.net\/","name":"Blog d&#039;\u00e9lectrocardiographie v\u00e9t\u00e9rinaire","description":"recueil d&#039;ECG de chiens et de chats","publisher":{"@id":"http:\/\/vet-ecg.ddns.net\/#\/schema\/person\/fec4070a47e235fed904fab73cae00b4"},"alternateName":"\u00e9lectrocardiographie v\u00e9t\u00e9rinaire","potentialAction":[{"@type":"SearchAction","target":{"@type":"EntryPoint","urlTemplate":"http:\/\/vet-ecg.ddns.net\/?s={search_term_string}"},"query-input":{"@type":"PropertyValueSpecification","valueRequired":true,"valueName":"search_term_string"}}],"inLanguage":"fr-FR"},{"@type":["Person","Organization"],"@id":"http:\/\/vet-ecg.ddns.net\/#\/schema\/person\/fec4070a47e235fed904fab73cae00b4","name":"admin","image":{"@type":"ImageObject","inLanguage":"fr-FR","@id":"http:\/\/vet-ecg.ddns.net\/wp-content\/uploads\/2018\/04\/Zelda-2-ECG-248.jpg","url":"http:\/\/vet-ecg.ddns.net\/wp-content\/uploads\/2018\/04\/Zelda-2-ECG-248.jpg","contentUrl":"http:\/\/vet-ecg.ddns.net\/wp-content\/uploads\/2018\/04\/Zelda-2-ECG-248.jpg","width":248,"height":248,"caption":"admin"},"logo":{"@id":"http:\/\/vet-ecg.ddns.net\/wp-content\/uploads\/2018\/04\/Zelda-2-ECG-248.jpg"},"description":"Les trac\u00e9s publi\u00e9s sur ce site sont issus de diff\u00e9rentes cliniques v\u00e9t\u00e9rinaires de Paris et de sa banlieue durant les 10 derni\u00e8res ann\u00e9es. Les ECG r\u00e9alis\u00e9s ont \u00e9t\u00e9 r\u00e9alis\u00e9s sur des chiens et des chats qui ont tous b\u00e9n\u00e9fici\u00e9 d'une \u00e9chocardiographie."}]}},"_links":{"self":[{"href":"http:\/\/vet-ecg.ddns.net\/index.php\/wp-json\/wp\/v2\/pages\/1202","targetHints":{"allow":["GET"]}}],"collection":[{"href":"http:\/\/vet-ecg.ddns.net\/index.php\/wp-json\/wp\/v2\/pages"}],"about":[{"href":"http:\/\/vet-ecg.ddns.net\/index.php\/wp-json\/wp\/v2\/types\/page"}],"author":[{"embeddable":true,"href":"http:\/\/vet-ecg.ddns.net\/index.php\/wp-json\/wp\/v2\/users\/1"}],"replies":[{"embeddable":true,"href":"http:\/\/vet-ecg.ddns.net\/index.php\/wp-json\/wp\/v2\/comments?post=1202"}],"version-history":[{"count":0,"href":"http:\/\/vet-ecg.ddns.net\/index.php\/wp-json\/wp\/v2\/pages\/1202\/revisions"}],"wp:attachment":[{"href":"http:\/\/vet-ecg.ddns.net\/index.php\/wp-json\/wp\/v2\/media?parent=1202"}],"curies":[{"name":"wp","href":"https:\/\/api.w.org\/{rel}","templated":true}]}}