{"id":1192,"date":"2018-11-25T17:11:05","date_gmt":"2018-11-25T16:11:05","guid":{"rendered":"http:\/\/192.168.1.104\/?page_id=1192"},"modified":"2019-12-05T22:36:37","modified_gmt":"2019-12-05T21:36:37","slug":"stenose-pulmonaire-6","status":"publish","type":"page","link":"http:\/\/vet-ecg.ddns.net\/index.php\/stenose-pulmonaire-6\/","title":{"rendered":"St\u00e9nose pulmonaire minime"},"content":{"rendered":"<figure id=\"attachment_1193\" aria-describedby=\"caption-attachment-1193\" style=\"width: 2145px\" class=\"wp-caption alignnone\"><img loading=\"lazy\" decoding=\"async\" class=\"size-full wp-image-1193\" src=\"http:\/\/vet-ecg.ddns.net\/wp-content\/uploads\/stenose-pulmonaire-6.jpg\" alt=\"Hypovoltage discret des QRS dans une st\u00e9nose pulmonaire. \" width=\"2145\" height=\"2199\" \/><figcaption id=\"caption-attachment-1193\" class=\"wp-caption-text\">Hypovoltage mod\u00e9r\u00e9 des QRS pour un chien de 43 kg. Ondes T pointues et sym\u00e9triques, segment PR descendant en D2 et AVF.<\/figcaption><\/figure>\n<p>Rythme sinusal r\u00e9gulier rapide (145 bpm)pour un rhodesian ridgeback de 43 kg.<\/p>\n<p>Discret hypovoltage des QRS pour un chien de ce format.<\/p>\n<p>Les ondes P et T sont pointues.<br \/>\nLe segment PR n&rsquo;est pas horizontal dans les d\u00e9rivations D2 et AVF.<\/p>\n<p>C&rsquo;est un trac\u00e9 quasi normal dans une st\u00e9nose pulmonaire asymptomatique.<\/p>\n","protected":false},"excerpt":{"rendered":"<p>Rythme sinusal r\u00e9gulier rapide (145 bpm)pour un rhodesian ridgeback de 43 kg. Discret hypovoltage des QRS pour un chien de ce format. Les ondes P et T sont pointues. Le segment PR n&rsquo;est pas horizontal dans les d\u00e9rivations D2 et AVF. C&rsquo;est un trac\u00e9 quasi normal dans une st\u00e9nose pulmonaire asymptomatique.<\/p>\n","protected":false},"author":1,"featured_media":0,"parent":0,"menu_order":0,"comment_status":"closed","ping_status":"closed","template":"","meta":{"footnotes":""},"class_list":["post-1192","page","type-page","status-publish","hentry"],"yoast_head":"<!-- This site is optimized with the Yoast SEO plugin v27.4 - https:\/\/yoast.com\/product\/yoast-seo-wordpress\/ -->\n<title>St\u00e9nose pulmonaire minime - Blog d&#039;\u00e9lectrocardiographie v\u00e9t\u00e9rinaire<\/title>\n<meta name=\"description\" content=\"Rodh\u00e9sian ridge back de 43 kg avec une st\u00e9nose pulmonaire minime. Le trac\u00e9 est peu pertrub\u00e9. Il existe un sous-d\u00e9calage du segment PR\" \/>\n<meta name=\"robots\" content=\"index, follow, max-snippet:-1, max-image-preview:large, max-video-preview:-1\" \/>\n<link rel=\"canonical\" href=\"http:\/\/vet-ecg.ddns.net\/index.php\/stenose-pulmonaire-6\/\" \/>\n<script type=\"application\/ld+json\" class=\"yoast-schema-graph\">{\"@context\":\"https:\\\/\\\/schema.org\",\"@graph\":[{\"@type\":\"WebPage\",\"@id\":\"http:\\\/\\\/vet-ecg.ddns.net\\\/index.php\\\/stenose-pulmonaire-6\\\/\",\"url\":\"http:\\\/\\\/vet-ecg.ddns.net\\\/index.php\\\/stenose-pulmonaire-6\\\/\",\"name\":\"St\u00e9nose pulmonaire minime - Blog d&#039;\u00e9lectrocardiographie v\u00e9t\u00e9rinaire\",\"isPartOf\":{\"@id\":\"http:\\\/\\\/vet-ecg.ddns.net\\\/#website\"},\"primaryImageOfPage\":{\"@id\":\"http:\\\/\\\/vet-ecg.ddns.net\\\/index.php\\\/stenose-pulmonaire-6\\\/#primaryimage\"},\"image\":{\"@id\":\"http:\\\/\\\/vet-ecg.ddns.net\\\/index.php\\\/stenose-pulmonaire-6\\\/#primaryimage\"},\"thumbnailUrl\":\"http:\\\/\\\/vet-ecg.ddns.net\\\/wp-content\\\/uploads\\\/stenose-pulmonaire-6.jpg\",\"datePublished\":\"2018-11-25T16:11:05+00:00\",\"dateModified\":\"2019-12-05T21:36:37+00:00\",\"description\":\"Rodh\u00e9sian ridge back de 43 kg avec une st\u00e9nose pulmonaire minime. Le trac\u00e9 est peu pertrub\u00e9. Il existe un sous-d\u00e9calage du segment PR\",\"breadcrumb\":{\"@id\":\"http:\\\/\\\/vet-ecg.ddns.net\\\/index.php\\\/stenose-pulmonaire-6\\\/#breadcrumb\"},\"inLanguage\":\"fr-FR\",\"potentialAction\":[{\"@type\":\"ReadAction\",\"target\":[\"http:\\\/\\\/vet-ecg.ddns.net\\\/index.php\\\/stenose-pulmonaire-6\\\/\"]}]},{\"@type\":\"ImageObject\",\"inLanguage\":\"fr-FR\",\"@id\":\"http:\\\/\\\/vet-ecg.ddns.net\\\/index.php\\\/stenose-pulmonaire-6\\\/#primaryimage\",\"url\":\"http:\\\/\\\/vet-ecg.ddns.net\\\/wp-content\\\/uploads\\\/stenose-pulmonaire-6.jpg\",\"contentUrl\":\"http:\\\/\\\/vet-ecg.ddns.net\\\/wp-content\\\/uploads\\\/stenose-pulmonaire-6.jpg\",\"width\":2145,\"height\":2199,\"caption\":\"Hypovoltage mod\u00e9r\u00e9 des QRS pour un chien de 43 kg. Ondes T pointues et sym\u00e9triques, segment PR descendant D2 et AVF.\"},{\"@type\":\"BreadcrumbList\",\"@id\":\"http:\\\/\\\/vet-ecg.ddns.net\\\/index.php\\\/stenose-pulmonaire-6\\\/#breadcrumb\",\"itemListElement\":[{\"@type\":\"ListItem\",\"position\":1,\"name\":\"Accueil\",\"item\":\"http:\\\/\\\/vet-ecg.ddns.net\\\/\"},{\"@type\":\"ListItem\",\"position\":2,\"name\":\"St\u00e9nose pulmonaire minime\"}]},{\"@type\":\"WebSite\",\"@id\":\"http:\\\/\\\/vet-ecg.ddns.net\\\/#website\",\"url\":\"http:\\\/\\\/vet-ecg.ddns.net\\\/\",\"name\":\"Blog d&#039;\u00e9lectrocardiographie v\u00e9t\u00e9rinaire\",\"description\":\"recueil d&#039;ECG de chiens et de chats\",\"publisher\":{\"@id\":\"http:\\\/\\\/vet-ecg.ddns.net\\\/#\\\/schema\\\/person\\\/fec4070a47e235fed904fab73cae00b4\"},\"alternateName\":\"\u00e9lectrocardiographie v\u00e9t\u00e9rinaire\",\"potentialAction\":[{\"@type\":\"SearchAction\",\"target\":{\"@type\":\"EntryPoint\",\"urlTemplate\":\"http:\\\/\\\/vet-ecg.ddns.net\\\/?s={search_term_string}\"},\"query-input\":{\"@type\":\"PropertyValueSpecification\",\"valueRequired\":true,\"valueName\":\"search_term_string\"}}],\"inLanguage\":\"fr-FR\"},{\"@type\":[\"Person\",\"Organization\"],\"@id\":\"http:\\\/\\\/vet-ecg.ddns.net\\\/#\\\/schema\\\/person\\\/fec4070a47e235fed904fab73cae00b4\",\"name\":\"admin\",\"image\":{\"@type\":\"ImageObject\",\"inLanguage\":\"fr-FR\",\"@id\":\"http:\\\/\\\/vet-ecg.ddns.net\\\/wp-content\\\/uploads\\\/2018\\\/04\\\/Zelda-2-ECG-248.jpg\",\"url\":\"http:\\\/\\\/vet-ecg.ddns.net\\\/wp-content\\\/uploads\\\/2018\\\/04\\\/Zelda-2-ECG-248.jpg\",\"contentUrl\":\"http:\\\/\\\/vet-ecg.ddns.net\\\/wp-content\\\/uploads\\\/2018\\\/04\\\/Zelda-2-ECG-248.jpg\",\"width\":248,\"height\":248,\"caption\":\"admin\"},\"logo\":{\"@id\":\"http:\\\/\\\/vet-ecg.ddns.net\\\/wp-content\\\/uploads\\\/2018\\\/04\\\/Zelda-2-ECG-248.jpg\"},\"description\":\"Les trac\u00e9s publi\u00e9s sur ce site sont issus de diff\u00e9rentes cliniques v\u00e9t\u00e9rinaires de Paris et de sa banlieue durant les 10 derni\u00e8res ann\u00e9es. Les ECG r\u00e9alis\u00e9s ont \u00e9t\u00e9 r\u00e9alis\u00e9s sur des chiens et des chats qui ont tous b\u00e9n\u00e9fici\u00e9 d'une \u00e9chocardiographie.\"}]}<\/script>\n<!-- \/ Yoast SEO plugin. -->","yoast_head_json":{"title":"St\u00e9nose pulmonaire minime - Blog d&#039;\u00e9lectrocardiographie v\u00e9t\u00e9rinaire","description":"Rodh\u00e9sian ridge back de 43 kg avec une st\u00e9nose pulmonaire minime. Le trac\u00e9 est peu pertrub\u00e9. Il existe un sous-d\u00e9calage du segment PR","robots":{"index":"index","follow":"follow","max-snippet":"max-snippet:-1","max-image-preview":"max-image-preview:large","max-video-preview":"max-video-preview:-1"},"canonical":"http:\/\/vet-ecg.ddns.net\/index.php\/stenose-pulmonaire-6\/","schema":{"@context":"https:\/\/schema.org","@graph":[{"@type":"WebPage","@id":"http:\/\/vet-ecg.ddns.net\/index.php\/stenose-pulmonaire-6\/","url":"http:\/\/vet-ecg.ddns.net\/index.php\/stenose-pulmonaire-6\/","name":"St\u00e9nose pulmonaire minime - Blog d&#039;\u00e9lectrocardiographie v\u00e9t\u00e9rinaire","isPartOf":{"@id":"http:\/\/vet-ecg.ddns.net\/#website"},"primaryImageOfPage":{"@id":"http:\/\/vet-ecg.ddns.net\/index.php\/stenose-pulmonaire-6\/#primaryimage"},"image":{"@id":"http:\/\/vet-ecg.ddns.net\/index.php\/stenose-pulmonaire-6\/#primaryimage"},"thumbnailUrl":"http:\/\/vet-ecg.ddns.net\/wp-content\/uploads\/stenose-pulmonaire-6.jpg","datePublished":"2018-11-25T16:11:05+00:00","dateModified":"2019-12-05T21:36:37+00:00","description":"Rodh\u00e9sian ridge back de 43 kg avec une st\u00e9nose pulmonaire minime. Le trac\u00e9 est peu pertrub\u00e9. Il existe un sous-d\u00e9calage du segment PR","breadcrumb":{"@id":"http:\/\/vet-ecg.ddns.net\/index.php\/stenose-pulmonaire-6\/#breadcrumb"},"inLanguage":"fr-FR","potentialAction":[{"@type":"ReadAction","target":["http:\/\/vet-ecg.ddns.net\/index.php\/stenose-pulmonaire-6\/"]}]},{"@type":"ImageObject","inLanguage":"fr-FR","@id":"http:\/\/vet-ecg.ddns.net\/index.php\/stenose-pulmonaire-6\/#primaryimage","url":"http:\/\/vet-ecg.ddns.net\/wp-content\/uploads\/stenose-pulmonaire-6.jpg","contentUrl":"http:\/\/vet-ecg.ddns.net\/wp-content\/uploads\/stenose-pulmonaire-6.jpg","width":2145,"height":2199,"caption":"Hypovoltage mod\u00e9r\u00e9 des QRS pour un chien de 43 kg. Ondes T pointues et sym\u00e9triques, segment PR descendant D2 et AVF."},{"@type":"BreadcrumbList","@id":"http:\/\/vet-ecg.ddns.net\/index.php\/stenose-pulmonaire-6\/#breadcrumb","itemListElement":[{"@type":"ListItem","position":1,"name":"Accueil","item":"http:\/\/vet-ecg.ddns.net\/"},{"@type":"ListItem","position":2,"name":"St\u00e9nose pulmonaire minime"}]},{"@type":"WebSite","@id":"http:\/\/vet-ecg.ddns.net\/#website","url":"http:\/\/vet-ecg.ddns.net\/","name":"Blog d&#039;\u00e9lectrocardiographie v\u00e9t\u00e9rinaire","description":"recueil d&#039;ECG de chiens et de chats","publisher":{"@id":"http:\/\/vet-ecg.ddns.net\/#\/schema\/person\/fec4070a47e235fed904fab73cae00b4"},"alternateName":"\u00e9lectrocardiographie v\u00e9t\u00e9rinaire","potentialAction":[{"@type":"SearchAction","target":{"@type":"EntryPoint","urlTemplate":"http:\/\/vet-ecg.ddns.net\/?s={search_term_string}"},"query-input":{"@type":"PropertyValueSpecification","valueRequired":true,"valueName":"search_term_string"}}],"inLanguage":"fr-FR"},{"@type":["Person","Organization"],"@id":"http:\/\/vet-ecg.ddns.net\/#\/schema\/person\/fec4070a47e235fed904fab73cae00b4","name":"admin","image":{"@type":"ImageObject","inLanguage":"fr-FR","@id":"http:\/\/vet-ecg.ddns.net\/wp-content\/uploads\/2018\/04\/Zelda-2-ECG-248.jpg","url":"http:\/\/vet-ecg.ddns.net\/wp-content\/uploads\/2018\/04\/Zelda-2-ECG-248.jpg","contentUrl":"http:\/\/vet-ecg.ddns.net\/wp-content\/uploads\/2018\/04\/Zelda-2-ECG-248.jpg","width":248,"height":248,"caption":"admin"},"logo":{"@id":"http:\/\/vet-ecg.ddns.net\/wp-content\/uploads\/2018\/04\/Zelda-2-ECG-248.jpg"},"description":"Les trac\u00e9s publi\u00e9s sur ce site sont issus de diff\u00e9rentes cliniques v\u00e9t\u00e9rinaires de Paris et de sa banlieue durant les 10 derni\u00e8res ann\u00e9es. Les ECG r\u00e9alis\u00e9s ont \u00e9t\u00e9 r\u00e9alis\u00e9s sur des chiens et des chats qui ont tous b\u00e9n\u00e9fici\u00e9 d'une \u00e9chocardiographie."}]}},"_links":{"self":[{"href":"http:\/\/vet-ecg.ddns.net\/index.php\/wp-json\/wp\/v2\/pages\/1192","targetHints":{"allow":["GET"]}}],"collection":[{"href":"http:\/\/vet-ecg.ddns.net\/index.php\/wp-json\/wp\/v2\/pages"}],"about":[{"href":"http:\/\/vet-ecg.ddns.net\/index.php\/wp-json\/wp\/v2\/types\/page"}],"author":[{"embeddable":true,"href":"http:\/\/vet-ecg.ddns.net\/index.php\/wp-json\/wp\/v2\/users\/1"}],"replies":[{"embeddable":true,"href":"http:\/\/vet-ecg.ddns.net\/index.php\/wp-json\/wp\/v2\/comments?post=1192"}],"version-history":[{"count":0,"href":"http:\/\/vet-ecg.ddns.net\/index.php\/wp-json\/wp\/v2\/pages\/1192\/revisions"}],"wp:attachment":[{"href":"http:\/\/vet-ecg.ddns.net\/index.php\/wp-json\/wp\/v2\/media?parent=1192"}],"curies":[{"name":"wp","href":"https:\/\/api.w.org\/{rel}","templated":true}]}}