{"id":1187,"date":"2018-11-24T23:54:33","date_gmt":"2018-11-24T22:54:33","guid":{"rendered":"http:\/\/192.168.1.104\/?page_id=1187"},"modified":"2019-12-05T22:30:51","modified_gmt":"2019-12-05T21:30:51","slug":"stenose-aortique-5-2","status":"publish","type":"page","link":"http:\/\/vet-ecg.ddns.net\/index.php\/stenose-aortique-5-2\/","title":{"rendered":"St\u00e9nose pulmonaire-5"},"content":{"rendered":"\n<figure class=\"wp-block-image size-large\"><img loading=\"lazy\" decoding=\"async\" width=\"1911\" height=\"3100\" src=\"http:\/\/vet-ecg.ddns.net\/wp-content\/uploads\/stenose-pulmonaire-5-bis-1.jpg\" alt=\"\" class=\"wp-image-2899\"\/><figcaption>St\u00e9nose pulmonaire asymtomatique chez un bichon<\/figcaption><\/figure>\n\n\n<p>Le rythme est sinusal. La fr\u00e9quence est de 170 bpm.<\/p>\n<p>La polarit\u00e9 n\u00e9gative des QRS en D2, D3 et AVF sugg\u00e8re un bloc fasciculaire ant\u00e9rieur gauche.<\/p>\n<p>L&rsquo;axe des QRS s&rsquo;\u00e9tablit donc \u00e0 -60\u00b0.<\/p>\n<p>Par ailleurs, la dur\u00e9e des ondes P et des QRS est habituelle.<\/p>\n<p>Il existe un sous-d\u00e9calage du segment ST.<\/p>\n<p>Les ondes T sont biphasiques.<\/p>\n<p>\u00a0<\/p>","protected":false},"excerpt":{"rendered":"<p>Le rythme est sinusal. La fr\u00e9quence est de 170 bpm. La polarit\u00e9 n\u00e9gative des QRS en D2, D3 et AVF sugg\u00e8re un bloc fasciculaire ant\u00e9rieur gauche. L&rsquo;axe des QRS s&rsquo;\u00e9tablit donc \u00e0 -60\u00b0. Par ailleurs, la dur\u00e9e des ondes P et des QRS est habituelle. Il existe un sous-d\u00e9calage du segment ST. Les ondes T &hellip; <a href=\"http:\/\/vet-ecg.ddns.net\/index.php\/stenose-aortique-5-2\/\" class=\"more-link\">Continuer la lecture de <span class=\"screen-reader-text\">St\u00e9nose pulmonaire-5<\/span><\/a><\/p>\n","protected":false},"author":1,"featured_media":0,"parent":0,"menu_order":0,"comment_status":"closed","ping_status":"closed","template":"","meta":{"footnotes":""},"class_list":["post-1187","page","type-page","status-publish","hentry"],"yoast_head":"<!-- This site is optimized with the Yoast SEO plugin v27.4 - https:\/\/yoast.com\/product\/yoast-seo-wordpress\/ -->\n<title>St\u00e9nose pulmonaire-5 - Blog d&#039;\u00e9lectrocardiographie v\u00e9t\u00e9rinaire<\/title>\n<meta name=\"description\" content=\"Ce bichon vit correctement depuis 7 ans avec une st\u00e9nose pulmonaire. Il existe un bloc fasciculaire ant\u00e9rieur gauche et un sous-d\u00e9calage ST.\" \/>\n<meta name=\"robots\" content=\"index, follow, max-snippet:-1, max-image-preview:large, max-video-preview:-1\" \/>\n<link rel=\"canonical\" href=\"http:\/\/vet-ecg.ddns.net\/index.php\/stenose-aortique-5-2\/\" \/>\n<script type=\"application\/ld+json\" class=\"yoast-schema-graph\">{\"@context\":\"https:\\\/\\\/schema.org\",\"@graph\":[{\"@type\":\"WebPage\",\"@id\":\"http:\\\/\\\/vet-ecg.ddns.net\\\/index.php\\\/stenose-aortique-5-2\\\/\",\"url\":\"http:\\\/\\\/vet-ecg.ddns.net\\\/index.php\\\/stenose-aortique-5-2\\\/\",\"name\":\"St\u00e9nose pulmonaire-5 - Blog d&#039;\u00e9lectrocardiographie v\u00e9t\u00e9rinaire\",\"isPartOf\":{\"@id\":\"http:\\\/\\\/vet-ecg.ddns.net\\\/#website\"},\"primaryImageOfPage\":{\"@id\":\"http:\\\/\\\/vet-ecg.ddns.net\\\/index.php\\\/stenose-aortique-5-2\\\/#primaryimage\"},\"image\":{\"@id\":\"http:\\\/\\\/vet-ecg.ddns.net\\\/index.php\\\/stenose-aortique-5-2\\\/#primaryimage\"},\"thumbnailUrl\":\"http:\\\/\\\/vet-ecg.ddns.net\\\/wp-content\\\/uploads\\\/stenose-pulmonaire-5-bis-1.jpg\",\"datePublished\":\"2018-11-24T22:54:33+00:00\",\"dateModified\":\"2019-12-05T21:30:51+00:00\",\"description\":\"Ce bichon vit correctement depuis 7 ans avec une st\u00e9nose pulmonaire. Il existe un bloc fasciculaire ant\u00e9rieur gauche et un sous-d\u00e9calage ST.\",\"breadcrumb\":{\"@id\":\"http:\\\/\\\/vet-ecg.ddns.net\\\/index.php\\\/stenose-aortique-5-2\\\/#breadcrumb\"},\"inLanguage\":\"fr-FR\",\"potentialAction\":[{\"@type\":\"ReadAction\",\"target\":[\"http:\\\/\\\/vet-ecg.ddns.net\\\/index.php\\\/stenose-aortique-5-2\\\/\"]}]},{\"@type\":\"ImageObject\",\"inLanguage\":\"fr-FR\",\"@id\":\"http:\\\/\\\/vet-ecg.ddns.net\\\/index.php\\\/stenose-aortique-5-2\\\/#primaryimage\",\"url\":\"http:\\\/\\\/vet-ecg.ddns.net\\\/wp-content\\\/uploads\\\/stenose-pulmonaire-5-bis-1.jpg\",\"contentUrl\":\"http:\\\/\\\/vet-ecg.ddns.net\\\/wp-content\\\/uploads\\\/stenose-pulmonaire-5-bis-1.jpg\",\"width\":1911,\"height\":3100},{\"@type\":\"BreadcrumbList\",\"@id\":\"http:\\\/\\\/vet-ecg.ddns.net\\\/index.php\\\/stenose-aortique-5-2\\\/#breadcrumb\",\"itemListElement\":[{\"@type\":\"ListItem\",\"position\":1,\"name\":\"Accueil\",\"item\":\"http:\\\/\\\/vet-ecg.ddns.net\\\/\"},{\"@type\":\"ListItem\",\"position\":2,\"name\":\"St\u00e9nose pulmonaire-5\"}]},{\"@type\":\"WebSite\",\"@id\":\"http:\\\/\\\/vet-ecg.ddns.net\\\/#website\",\"url\":\"http:\\\/\\\/vet-ecg.ddns.net\\\/\",\"name\":\"Blog d&#039;\u00e9lectrocardiographie v\u00e9t\u00e9rinaire\",\"description\":\"recueil d&#039;ECG de chiens et de chats\",\"publisher\":{\"@id\":\"http:\\\/\\\/vet-ecg.ddns.net\\\/#\\\/schema\\\/person\\\/fec4070a47e235fed904fab73cae00b4\"},\"alternateName\":\"\u00e9lectrocardiographie v\u00e9t\u00e9rinaire\",\"potentialAction\":[{\"@type\":\"SearchAction\",\"target\":{\"@type\":\"EntryPoint\",\"urlTemplate\":\"http:\\\/\\\/vet-ecg.ddns.net\\\/?s={search_term_string}\"},\"query-input\":{\"@type\":\"PropertyValueSpecification\",\"valueRequired\":true,\"valueName\":\"search_term_string\"}}],\"inLanguage\":\"fr-FR\"},{\"@type\":[\"Person\",\"Organization\"],\"@id\":\"http:\\\/\\\/vet-ecg.ddns.net\\\/#\\\/schema\\\/person\\\/fec4070a47e235fed904fab73cae00b4\",\"name\":\"admin\",\"image\":{\"@type\":\"ImageObject\",\"inLanguage\":\"fr-FR\",\"@id\":\"http:\\\/\\\/vet-ecg.ddns.net\\\/wp-content\\\/uploads\\\/2018\\\/04\\\/Zelda-2-ECG-248.jpg\",\"url\":\"http:\\\/\\\/vet-ecg.ddns.net\\\/wp-content\\\/uploads\\\/2018\\\/04\\\/Zelda-2-ECG-248.jpg\",\"contentUrl\":\"http:\\\/\\\/vet-ecg.ddns.net\\\/wp-content\\\/uploads\\\/2018\\\/04\\\/Zelda-2-ECG-248.jpg\",\"width\":248,\"height\":248,\"caption\":\"admin\"},\"logo\":{\"@id\":\"http:\\\/\\\/vet-ecg.ddns.net\\\/wp-content\\\/uploads\\\/2018\\\/04\\\/Zelda-2-ECG-248.jpg\"},\"description\":\"Les trac\u00e9s publi\u00e9s sur ce site sont issus de diff\u00e9rentes cliniques v\u00e9t\u00e9rinaires de Paris et de sa banlieue durant les 10 derni\u00e8res ann\u00e9es. Les ECG r\u00e9alis\u00e9s ont \u00e9t\u00e9 r\u00e9alis\u00e9s sur des chiens et des chats qui ont tous b\u00e9n\u00e9fici\u00e9 d'une \u00e9chocardiographie.\"}]}<\/script>\n<!-- \/ Yoast SEO plugin. -->","yoast_head_json":{"title":"St\u00e9nose pulmonaire-5 - Blog d&#039;\u00e9lectrocardiographie v\u00e9t\u00e9rinaire","description":"Ce bichon vit correctement depuis 7 ans avec une st\u00e9nose pulmonaire. Il existe un bloc fasciculaire ant\u00e9rieur gauche et un sous-d\u00e9calage ST.","robots":{"index":"index","follow":"follow","max-snippet":"max-snippet:-1","max-image-preview":"max-image-preview:large","max-video-preview":"max-video-preview:-1"},"canonical":"http:\/\/vet-ecg.ddns.net\/index.php\/stenose-aortique-5-2\/","schema":{"@context":"https:\/\/schema.org","@graph":[{"@type":"WebPage","@id":"http:\/\/vet-ecg.ddns.net\/index.php\/stenose-aortique-5-2\/","url":"http:\/\/vet-ecg.ddns.net\/index.php\/stenose-aortique-5-2\/","name":"St\u00e9nose pulmonaire-5 - Blog d&#039;\u00e9lectrocardiographie v\u00e9t\u00e9rinaire","isPartOf":{"@id":"http:\/\/vet-ecg.ddns.net\/#website"},"primaryImageOfPage":{"@id":"http:\/\/vet-ecg.ddns.net\/index.php\/stenose-aortique-5-2\/#primaryimage"},"image":{"@id":"http:\/\/vet-ecg.ddns.net\/index.php\/stenose-aortique-5-2\/#primaryimage"},"thumbnailUrl":"http:\/\/vet-ecg.ddns.net\/wp-content\/uploads\/stenose-pulmonaire-5-bis-1.jpg","datePublished":"2018-11-24T22:54:33+00:00","dateModified":"2019-12-05T21:30:51+00:00","description":"Ce bichon vit correctement depuis 7 ans avec une st\u00e9nose pulmonaire. Il existe un bloc fasciculaire ant\u00e9rieur gauche et un sous-d\u00e9calage ST.","breadcrumb":{"@id":"http:\/\/vet-ecg.ddns.net\/index.php\/stenose-aortique-5-2\/#breadcrumb"},"inLanguage":"fr-FR","potentialAction":[{"@type":"ReadAction","target":["http:\/\/vet-ecg.ddns.net\/index.php\/stenose-aortique-5-2\/"]}]},{"@type":"ImageObject","inLanguage":"fr-FR","@id":"http:\/\/vet-ecg.ddns.net\/index.php\/stenose-aortique-5-2\/#primaryimage","url":"http:\/\/vet-ecg.ddns.net\/wp-content\/uploads\/stenose-pulmonaire-5-bis-1.jpg","contentUrl":"http:\/\/vet-ecg.ddns.net\/wp-content\/uploads\/stenose-pulmonaire-5-bis-1.jpg","width":1911,"height":3100},{"@type":"BreadcrumbList","@id":"http:\/\/vet-ecg.ddns.net\/index.php\/stenose-aortique-5-2\/#breadcrumb","itemListElement":[{"@type":"ListItem","position":1,"name":"Accueil","item":"http:\/\/vet-ecg.ddns.net\/"},{"@type":"ListItem","position":2,"name":"St\u00e9nose pulmonaire-5"}]},{"@type":"WebSite","@id":"http:\/\/vet-ecg.ddns.net\/#website","url":"http:\/\/vet-ecg.ddns.net\/","name":"Blog d&#039;\u00e9lectrocardiographie v\u00e9t\u00e9rinaire","description":"recueil d&#039;ECG de chiens et de chats","publisher":{"@id":"http:\/\/vet-ecg.ddns.net\/#\/schema\/person\/fec4070a47e235fed904fab73cae00b4"},"alternateName":"\u00e9lectrocardiographie v\u00e9t\u00e9rinaire","potentialAction":[{"@type":"SearchAction","target":{"@type":"EntryPoint","urlTemplate":"http:\/\/vet-ecg.ddns.net\/?s={search_term_string}"},"query-input":{"@type":"PropertyValueSpecification","valueRequired":true,"valueName":"search_term_string"}}],"inLanguage":"fr-FR"},{"@type":["Person","Organization"],"@id":"http:\/\/vet-ecg.ddns.net\/#\/schema\/person\/fec4070a47e235fed904fab73cae00b4","name":"admin","image":{"@type":"ImageObject","inLanguage":"fr-FR","@id":"http:\/\/vet-ecg.ddns.net\/wp-content\/uploads\/2018\/04\/Zelda-2-ECG-248.jpg","url":"http:\/\/vet-ecg.ddns.net\/wp-content\/uploads\/2018\/04\/Zelda-2-ECG-248.jpg","contentUrl":"http:\/\/vet-ecg.ddns.net\/wp-content\/uploads\/2018\/04\/Zelda-2-ECG-248.jpg","width":248,"height":248,"caption":"admin"},"logo":{"@id":"http:\/\/vet-ecg.ddns.net\/wp-content\/uploads\/2018\/04\/Zelda-2-ECG-248.jpg"},"description":"Les trac\u00e9s publi\u00e9s sur ce site sont issus de diff\u00e9rentes cliniques v\u00e9t\u00e9rinaires de Paris et de sa banlieue durant les 10 derni\u00e8res ann\u00e9es. Les ECG r\u00e9alis\u00e9s ont \u00e9t\u00e9 r\u00e9alis\u00e9s sur des chiens et des chats qui ont tous b\u00e9n\u00e9fici\u00e9 d'une \u00e9chocardiographie."}]}},"_links":{"self":[{"href":"http:\/\/vet-ecg.ddns.net\/index.php\/wp-json\/wp\/v2\/pages\/1187","targetHints":{"allow":["GET"]}}],"collection":[{"href":"http:\/\/vet-ecg.ddns.net\/index.php\/wp-json\/wp\/v2\/pages"}],"about":[{"href":"http:\/\/vet-ecg.ddns.net\/index.php\/wp-json\/wp\/v2\/types\/page"}],"author":[{"embeddable":true,"href":"http:\/\/vet-ecg.ddns.net\/index.php\/wp-json\/wp\/v2\/users\/1"}],"replies":[{"embeddable":true,"href":"http:\/\/vet-ecg.ddns.net\/index.php\/wp-json\/wp\/v2\/comments?post=1187"}],"version-history":[{"count":0,"href":"http:\/\/vet-ecg.ddns.net\/index.php\/wp-json\/wp\/v2\/pages\/1187\/revisions"}],"wp:attachment":[{"href":"http:\/\/vet-ecg.ddns.net\/index.php\/wp-json\/wp\/v2\/media?parent=1187"}],"curies":[{"name":"wp","href":"https:\/\/api.w.org\/{rel}","templated":true}]}}