{"id":1183,"date":"2018-11-24T18:58:05","date_gmt":"2018-11-24T17:58:05","guid":{"rendered":"http:\/\/192.168.1.104\/?page_id=1183"},"modified":"2019-12-05T19:03:09","modified_gmt":"2019-12-05T18:03:09","slug":"stenose-pulmonaire-4","status":"publish","type":"page","link":"http:\/\/vet-ecg.ddns.net\/index.php\/stenose-pulmonaire-4\/","title":{"rendered":"St\u00e9nose pulmonaire-4"},"content":{"rendered":"<figure id=\"attachment_1184\" aria-describedby=\"caption-attachment-1184\" style=\"width: 1757px\" class=\"wp-caption alignnone\"><img loading=\"lazy\" decoding=\"async\" class=\"size-full wp-image-1184\" src=\"http:\/\/vet-ecg.ddns.net\/wp-content\/uploads\/stenose-pulmonaire-4.jpg\" alt=\"Flutter atrial sur st\u00e9nose pulmonaire s\u00e9v\u00e8re chez un chiot cane corso de 8 mois.\" width=\"1757\" height=\"2297\" \/><figcaption id=\"caption-attachment-1184\" class=\"wp-caption-text\">Fibrillo-flutter atrial sur une st\u00e9nose pulmonaire (chiot cane corso de 8 mois).<\/figcaption><\/figure>\n<p>Le rythme cardiaque est compl\u00e8tement irr\u00e9gulier.<\/p>\n<p>Il s&rsquo;agit d&rsquo;un chiot cane corso de 8 mois qui ne p\u00e8se que 28 kg.<\/p>\n<p>L&rsquo;aspect &lsquo;en dents de scie&rsquo; des intervalles RR longs correspond aux d\u00e9flexions des ondes P. Il t\u00e9moigne d&rsquo;un flutter atrial.<\/p>\n<p>La fr\u00e9quence ventriculaire moyenne de 220 bpm (150 \u00e0 320 bpm).<br \/>\nLa fr\u00e9quence atriale est beaucoup plus rapide.<br \/>\nLa conduction atrioventriculaire est variable (3\/1 \u00e0 1\/1)<\/p>\n<p>La polarit\u00e9 n\u00e9gative des QRS (aspect rS en d\u00e9rivation D1) conf\u00e8re \u00e0 ce trac\u00e9 un axe de QRS approximativement de 130 degr\u00e9s. La d\u00e9viation axiale droit est marqu\u00e9e.<\/p>\n<p>En AVF, On remarque un aspect Rr&rsquo;.<\/p>\n<p>L&rsquo;aspect RSR&rsquo; en D2, la partie descendante de l&rsquo;onde R crochet\u00e9e en D2 et D3 et la dur\u00e9e des QRS (70 ms) t\u00e9moignent de l&rsquo;hypertrophie ventriculaire majeure.<\/p>\n<p>L&rsquo;animal est cachectique et pr\u00e9sente un volumineux \u00e9panchement abdominal.<\/p>\n<p>L&rsquo;\u00e9chographie met en \u00e9vidence un flux pulmonaire \u00e0 7 m\/s.<\/p>\n","protected":false},"excerpt":{"rendered":"<p>Le rythme cardiaque est compl\u00e8tement irr\u00e9gulier. Il s&rsquo;agit d&rsquo;un chiot cane corso de 8 mois qui ne p\u00e8se que 28 kg. L&rsquo;aspect &lsquo;en dents de scie&rsquo; des intervalles RR longs correspond aux d\u00e9flexions des ondes P. Il t\u00e9moigne d&rsquo;un flutter atrial. La fr\u00e9quence ventriculaire moyenne de 220 bpm (150 \u00e0 320 bpm). La fr\u00e9quence atriale &hellip; <a href=\"http:\/\/vet-ecg.ddns.net\/index.php\/stenose-pulmonaire-4\/\" class=\"more-link\">Continuer la lecture de <span class=\"screen-reader-text\">St\u00e9nose pulmonaire-4<\/span><\/a><\/p>\n","protected":false},"author":1,"featured_media":0,"parent":0,"menu_order":0,"comment_status":"closed","ping_status":"closed","template":"","meta":{"footnotes":""},"class_list":["post-1183","page","type-page","status-publish","hentry"],"yoast_head":"<!-- This site is optimized with the Yoast SEO plugin v27.4 - https:\/\/yoast.com\/product\/yoast-seo-wordpress\/ -->\n<title>St\u00e9nose pulmonaire-4 - Blog d&#039;\u00e9lectrocardiographie v\u00e9t\u00e9rinaire<\/title>\n<meta name=\"description\" content=\"Cette st\u00e9nose pulmonaire serr\u00e9e s&#039;accompagne d&#039;un fibrillo-flutter atrial. Ce chiot est cachectique et pr\u00e9sente une volumineuse ascite.\" \/>\n<meta name=\"robots\" content=\"index, follow, max-snippet:-1, max-image-preview:large, max-video-preview:-1\" \/>\n<link rel=\"canonical\" href=\"http:\/\/vet-ecg.ddns.net\/index.php\/stenose-pulmonaire-4\/\" \/>\n<meta name=\"twitter:label1\" content=\"Dur\u00e9e de lecture estim\u00e9e\" \/>\n\t<meta name=\"twitter:data1\" content=\"1 minute\" \/>\n<script type=\"application\/ld+json\" class=\"yoast-schema-graph\">{\"@context\":\"https:\\\/\\\/schema.org\",\"@graph\":[{\"@type\":\"WebPage\",\"@id\":\"http:\\\/\\\/vet-ecg.ddns.net\\\/index.php\\\/stenose-pulmonaire-4\\\/\",\"url\":\"http:\\\/\\\/vet-ecg.ddns.net\\\/index.php\\\/stenose-pulmonaire-4\\\/\",\"name\":\"St\u00e9nose pulmonaire-4 - Blog d&#039;\u00e9lectrocardiographie v\u00e9t\u00e9rinaire\",\"isPartOf\":{\"@id\":\"http:\\\/\\\/vet-ecg.ddns.net\\\/#website\"},\"primaryImageOfPage\":{\"@id\":\"http:\\\/\\\/vet-ecg.ddns.net\\\/index.php\\\/stenose-pulmonaire-4\\\/#primaryimage\"},\"image\":{\"@id\":\"http:\\\/\\\/vet-ecg.ddns.net\\\/index.php\\\/stenose-pulmonaire-4\\\/#primaryimage\"},\"thumbnailUrl\":\"http:\\\/\\\/vet-ecg.ddns.net\\\/wp-content\\\/uploads\\\/stenose-pulmonaire-4.jpg\",\"datePublished\":\"2018-11-24T17:58:05+00:00\",\"dateModified\":\"2019-12-05T18:03:09+00:00\",\"description\":\"Cette st\u00e9nose pulmonaire serr\u00e9e s'accompagne d'un fibrillo-flutter atrial. Ce chiot est cachectique et pr\u00e9sente une volumineuse ascite.\",\"breadcrumb\":{\"@id\":\"http:\\\/\\\/vet-ecg.ddns.net\\\/index.php\\\/stenose-pulmonaire-4\\\/#breadcrumb\"},\"inLanguage\":\"fr-FR\",\"potentialAction\":[{\"@type\":\"ReadAction\",\"target\":[\"http:\\\/\\\/vet-ecg.ddns.net\\\/index.php\\\/stenose-pulmonaire-4\\\/\"]}]},{\"@type\":\"ImageObject\",\"inLanguage\":\"fr-FR\",\"@id\":\"http:\\\/\\\/vet-ecg.ddns.net\\\/index.php\\\/stenose-pulmonaire-4\\\/#primaryimage\",\"url\":\"http:\\\/\\\/vet-ecg.ddns.net\\\/wp-content\\\/uploads\\\/stenose-pulmonaire-4.jpg\",\"contentUrl\":\"http:\\\/\\\/vet-ecg.ddns.net\\\/wp-content\\\/uploads\\\/stenose-pulmonaire-4.jpg\",\"width\":1757,\"height\":2297,\"caption\":\"Flutter atrial sur st\u00e9nose pulmonaire (chiot cane corso de 8 mois).\"},{\"@type\":\"BreadcrumbList\",\"@id\":\"http:\\\/\\\/vet-ecg.ddns.net\\\/index.php\\\/stenose-pulmonaire-4\\\/#breadcrumb\",\"itemListElement\":[{\"@type\":\"ListItem\",\"position\":1,\"name\":\"Accueil\",\"item\":\"http:\\\/\\\/vet-ecg.ddns.net\\\/\"},{\"@type\":\"ListItem\",\"position\":2,\"name\":\"St\u00e9nose pulmonaire-4\"}]},{\"@type\":\"WebSite\",\"@id\":\"http:\\\/\\\/vet-ecg.ddns.net\\\/#website\",\"url\":\"http:\\\/\\\/vet-ecg.ddns.net\\\/\",\"name\":\"Blog d&#039;\u00e9lectrocardiographie v\u00e9t\u00e9rinaire\",\"description\":\"recueil d&#039;ECG de chiens et de chats\",\"publisher\":{\"@id\":\"http:\\\/\\\/vet-ecg.ddns.net\\\/#\\\/schema\\\/person\\\/fec4070a47e235fed904fab73cae00b4\"},\"alternateName\":\"\u00e9lectrocardiographie v\u00e9t\u00e9rinaire\",\"potentialAction\":[{\"@type\":\"SearchAction\",\"target\":{\"@type\":\"EntryPoint\",\"urlTemplate\":\"http:\\\/\\\/vet-ecg.ddns.net\\\/?s={search_term_string}\"},\"query-input\":{\"@type\":\"PropertyValueSpecification\",\"valueRequired\":true,\"valueName\":\"search_term_string\"}}],\"inLanguage\":\"fr-FR\"},{\"@type\":[\"Person\",\"Organization\"],\"@id\":\"http:\\\/\\\/vet-ecg.ddns.net\\\/#\\\/schema\\\/person\\\/fec4070a47e235fed904fab73cae00b4\",\"name\":\"admin\",\"image\":{\"@type\":\"ImageObject\",\"inLanguage\":\"fr-FR\",\"@id\":\"http:\\\/\\\/vet-ecg.ddns.net\\\/wp-content\\\/uploads\\\/2018\\\/04\\\/Zelda-2-ECG-248.jpg\",\"url\":\"http:\\\/\\\/vet-ecg.ddns.net\\\/wp-content\\\/uploads\\\/2018\\\/04\\\/Zelda-2-ECG-248.jpg\",\"contentUrl\":\"http:\\\/\\\/vet-ecg.ddns.net\\\/wp-content\\\/uploads\\\/2018\\\/04\\\/Zelda-2-ECG-248.jpg\",\"width\":248,\"height\":248,\"caption\":\"admin\"},\"logo\":{\"@id\":\"http:\\\/\\\/vet-ecg.ddns.net\\\/wp-content\\\/uploads\\\/2018\\\/04\\\/Zelda-2-ECG-248.jpg\"},\"description\":\"Les trac\u00e9s publi\u00e9s sur ce site sont issus de diff\u00e9rentes cliniques v\u00e9t\u00e9rinaires de Paris et de sa banlieue durant les 10 derni\u00e8res ann\u00e9es. Les ECG r\u00e9alis\u00e9s ont \u00e9t\u00e9 r\u00e9alis\u00e9s sur des chiens et des chats qui ont tous b\u00e9n\u00e9fici\u00e9 d'une \u00e9chocardiographie.\"}]}<\/script>\n<!-- \/ Yoast SEO plugin. -->","yoast_head_json":{"title":"St\u00e9nose pulmonaire-4 - Blog d&#039;\u00e9lectrocardiographie v\u00e9t\u00e9rinaire","description":"Cette st\u00e9nose pulmonaire serr\u00e9e s'accompagne d'un fibrillo-flutter atrial. Ce chiot est cachectique et pr\u00e9sente une volumineuse ascite.","robots":{"index":"index","follow":"follow","max-snippet":"max-snippet:-1","max-image-preview":"max-image-preview:large","max-video-preview":"max-video-preview:-1"},"canonical":"http:\/\/vet-ecg.ddns.net\/index.php\/stenose-pulmonaire-4\/","twitter_misc":{"Dur\u00e9e de lecture estim\u00e9e":"1 minute"},"schema":{"@context":"https:\/\/schema.org","@graph":[{"@type":"WebPage","@id":"http:\/\/vet-ecg.ddns.net\/index.php\/stenose-pulmonaire-4\/","url":"http:\/\/vet-ecg.ddns.net\/index.php\/stenose-pulmonaire-4\/","name":"St\u00e9nose pulmonaire-4 - Blog d&#039;\u00e9lectrocardiographie v\u00e9t\u00e9rinaire","isPartOf":{"@id":"http:\/\/vet-ecg.ddns.net\/#website"},"primaryImageOfPage":{"@id":"http:\/\/vet-ecg.ddns.net\/index.php\/stenose-pulmonaire-4\/#primaryimage"},"image":{"@id":"http:\/\/vet-ecg.ddns.net\/index.php\/stenose-pulmonaire-4\/#primaryimage"},"thumbnailUrl":"http:\/\/vet-ecg.ddns.net\/wp-content\/uploads\/stenose-pulmonaire-4.jpg","datePublished":"2018-11-24T17:58:05+00:00","dateModified":"2019-12-05T18:03:09+00:00","description":"Cette st\u00e9nose pulmonaire serr\u00e9e s'accompagne d'un fibrillo-flutter atrial. Ce chiot est cachectique et pr\u00e9sente une volumineuse ascite.","breadcrumb":{"@id":"http:\/\/vet-ecg.ddns.net\/index.php\/stenose-pulmonaire-4\/#breadcrumb"},"inLanguage":"fr-FR","potentialAction":[{"@type":"ReadAction","target":["http:\/\/vet-ecg.ddns.net\/index.php\/stenose-pulmonaire-4\/"]}]},{"@type":"ImageObject","inLanguage":"fr-FR","@id":"http:\/\/vet-ecg.ddns.net\/index.php\/stenose-pulmonaire-4\/#primaryimage","url":"http:\/\/vet-ecg.ddns.net\/wp-content\/uploads\/stenose-pulmonaire-4.jpg","contentUrl":"http:\/\/vet-ecg.ddns.net\/wp-content\/uploads\/stenose-pulmonaire-4.jpg","width":1757,"height":2297,"caption":"Flutter atrial sur st\u00e9nose pulmonaire (chiot cane corso de 8 mois)."},{"@type":"BreadcrumbList","@id":"http:\/\/vet-ecg.ddns.net\/index.php\/stenose-pulmonaire-4\/#breadcrumb","itemListElement":[{"@type":"ListItem","position":1,"name":"Accueil","item":"http:\/\/vet-ecg.ddns.net\/"},{"@type":"ListItem","position":2,"name":"St\u00e9nose pulmonaire-4"}]},{"@type":"WebSite","@id":"http:\/\/vet-ecg.ddns.net\/#website","url":"http:\/\/vet-ecg.ddns.net\/","name":"Blog d&#039;\u00e9lectrocardiographie v\u00e9t\u00e9rinaire","description":"recueil d&#039;ECG de chiens et de chats","publisher":{"@id":"http:\/\/vet-ecg.ddns.net\/#\/schema\/person\/fec4070a47e235fed904fab73cae00b4"},"alternateName":"\u00e9lectrocardiographie v\u00e9t\u00e9rinaire","potentialAction":[{"@type":"SearchAction","target":{"@type":"EntryPoint","urlTemplate":"http:\/\/vet-ecg.ddns.net\/?s={search_term_string}"},"query-input":{"@type":"PropertyValueSpecification","valueRequired":true,"valueName":"search_term_string"}}],"inLanguage":"fr-FR"},{"@type":["Person","Organization"],"@id":"http:\/\/vet-ecg.ddns.net\/#\/schema\/person\/fec4070a47e235fed904fab73cae00b4","name":"admin","image":{"@type":"ImageObject","inLanguage":"fr-FR","@id":"http:\/\/vet-ecg.ddns.net\/wp-content\/uploads\/2018\/04\/Zelda-2-ECG-248.jpg","url":"http:\/\/vet-ecg.ddns.net\/wp-content\/uploads\/2018\/04\/Zelda-2-ECG-248.jpg","contentUrl":"http:\/\/vet-ecg.ddns.net\/wp-content\/uploads\/2018\/04\/Zelda-2-ECG-248.jpg","width":248,"height":248,"caption":"admin"},"logo":{"@id":"http:\/\/vet-ecg.ddns.net\/wp-content\/uploads\/2018\/04\/Zelda-2-ECG-248.jpg"},"description":"Les trac\u00e9s publi\u00e9s sur ce site sont issus de diff\u00e9rentes cliniques v\u00e9t\u00e9rinaires de Paris et de sa banlieue durant les 10 derni\u00e8res ann\u00e9es. Les ECG r\u00e9alis\u00e9s ont \u00e9t\u00e9 r\u00e9alis\u00e9s sur des chiens et des chats qui ont tous b\u00e9n\u00e9fici\u00e9 d'une \u00e9chocardiographie."}]}},"_links":{"self":[{"href":"http:\/\/vet-ecg.ddns.net\/index.php\/wp-json\/wp\/v2\/pages\/1183","targetHints":{"allow":["GET"]}}],"collection":[{"href":"http:\/\/vet-ecg.ddns.net\/index.php\/wp-json\/wp\/v2\/pages"}],"about":[{"href":"http:\/\/vet-ecg.ddns.net\/index.php\/wp-json\/wp\/v2\/types\/page"}],"author":[{"embeddable":true,"href":"http:\/\/vet-ecg.ddns.net\/index.php\/wp-json\/wp\/v2\/users\/1"}],"replies":[{"embeddable":true,"href":"http:\/\/vet-ecg.ddns.net\/index.php\/wp-json\/wp\/v2\/comments?post=1183"}],"version-history":[{"count":0,"href":"http:\/\/vet-ecg.ddns.net\/index.php\/wp-json\/wp\/v2\/pages\/1183\/revisions"}],"wp:attachment":[{"href":"http:\/\/vet-ecg.ddns.net\/index.php\/wp-json\/wp\/v2\/media?parent=1183"}],"curies":[{"name":"wp","href":"https:\/\/api.w.org\/{rel}","templated":true}]}}