{"id":1171,"date":"2018-11-23T18:48:10","date_gmt":"2018-11-23T17:48:10","guid":{"rendered":"http:\/\/192.168.1.104\/?page_id=1171"},"modified":"2019-12-05T18:15:32","modified_gmt":"2019-12-05T17:15:32","slug":"stenose-pulmonaire-2","status":"publish","type":"page","link":"http:\/\/vet-ecg.ddns.net\/index.php\/stenose-pulmonaire-2\/","title":{"rendered":"St\u00e9nose pulmonaire-2"},"content":{"rendered":"<figure id=\"attachment_1174\" aria-describedby=\"caption-attachment-1174\" style=\"width: 1991px\" class=\"wp-caption alignnone\"><img loading=\"lazy\" decoding=\"async\" class=\"size-full wp-image-1174\" src=\"http:\/\/vet-ecg.ddns.net\/wp-content\/uploads\/stenose-pulmonaire-2.jpg\" alt=\"Hypertrophie ventriculaire droite majeure.\" width=\"1991\" height=\"2210\" \/><figcaption id=\"caption-attachment-1174\" class=\"wp-caption-text\">D\u00e9viation axiale droite, pr\u00e9sence d&rsquo;ondes S de grande amplitude en D1 et D2. Tachycardie supraventriculaire et sous d\u00e9calage du segment ST en AVF.<\/figcaption><\/figure>\n<p>La fr\u00e9quence cardiaque de ce chiot de 650 grammes est de 250 bpm. Le rythme est d&rsquo;origine supraventriculaire.<\/p>\n<p>L&rsquo;amplitude maximale des QRS se trouve en D1. Les QRS sont quasiment iso-diphasiques en AVF, ce qui donne un axe de 180\u00b0.<\/p>\n<p>Les ondes P ont une dur\u00e9e habituelle.<\/p>\n<p>Les QRS ne sont pas \u00e9largis. La polarit\u00e9 n\u00e9gative des QRS semble donc \u00eatre \u00e0 mettre sur le compte d&rsquo;une hypertrophie ventriculaire droite.<\/p>\n<p>Le sous d\u00e9calage du segment ST est marqu\u00e9 en D3 et AVF.<\/p>\n<p>Les ondes T ne sont pas particuli\u00e8rement amples.<\/p>\n<p>Ce trac\u00e9 correspond \u00e0 une st\u00e9nose pulmonaire s\u00e9v\u00e8re mise en \u00e9vidence \u00e0 l&rsquo;\u00e9chocardiographie.<\/p>\n<p>L&rsquo;\u00e9tat g\u00e9n\u00e9ral de l&rsquo;animal est tr\u00e8s alt\u00e9r\u00e9.<\/p>\n","protected":false},"excerpt":{"rendered":"<p>La fr\u00e9quence cardiaque de ce chiot de 650 grammes est de 250 bpm. Le rythme est d&rsquo;origine supraventriculaire. L&rsquo;amplitude maximale des QRS se trouve en D1. Les QRS sont quasiment iso-diphasiques en AVF, ce qui donne un axe de 180\u00b0. Les ondes P ont une dur\u00e9e habituelle. Les QRS ne sont pas \u00e9largis. La polarit\u00e9 &hellip; <a href=\"http:\/\/vet-ecg.ddns.net\/index.php\/stenose-pulmonaire-2\/\" class=\"more-link\">Continuer la lecture de <span class=\"screen-reader-text\">St\u00e9nose pulmonaire-2<\/span><\/a><\/p>\n","protected":false},"author":1,"featured_media":0,"parent":0,"menu_order":0,"comment_status":"closed","ping_status":"closed","template":"","meta":{"footnotes":""},"class_list":["post-1171","page","type-page","status-publish","hentry"],"yoast_head":"<!-- This site is optimized with the Yoast SEO plugin v27.4 - https:\/\/yoast.com\/product\/yoast-seo-wordpress\/ -->\n<title>St\u00e9nose pulmonaire-2 - Blog d&#039;\u00e9lectrocardiographie v\u00e9t\u00e9rinaire<\/title>\n<meta name=\"description\" content=\"L&#039;\u00e9chocardiographie met en \u00e9vidence une st\u00e9nose pulmonaire serr\u00e9e chez ce chiot chihuahua de 650 grammes. Son \u00e9tat g\u00e9n\u00e9ral est alt\u00e9r\u00e9.\" \/>\n<meta name=\"robots\" content=\"index, follow, max-snippet:-1, max-image-preview:large, max-video-preview:-1\" \/>\n<link rel=\"canonical\" href=\"http:\/\/vet-ecg.ddns.net\/index.php\/stenose-pulmonaire-2\/\" \/>\n<meta name=\"twitter:label1\" content=\"Dur\u00e9e de lecture estim\u00e9e\" \/>\n\t<meta name=\"twitter:data1\" content=\"1 minute\" \/>\n<script type=\"application\/ld+json\" class=\"yoast-schema-graph\">{\"@context\":\"https:\\\/\\\/schema.org\",\"@graph\":[{\"@type\":\"WebPage\",\"@id\":\"http:\\\/\\\/vet-ecg.ddns.net\\\/index.php\\\/stenose-pulmonaire-2\\\/\",\"url\":\"http:\\\/\\\/vet-ecg.ddns.net\\\/index.php\\\/stenose-pulmonaire-2\\\/\",\"name\":\"St\u00e9nose pulmonaire-2 - Blog d&#039;\u00e9lectrocardiographie v\u00e9t\u00e9rinaire\",\"isPartOf\":{\"@id\":\"http:\\\/\\\/vet-ecg.ddns.net\\\/#website\"},\"primaryImageOfPage\":{\"@id\":\"http:\\\/\\\/vet-ecg.ddns.net\\\/index.php\\\/stenose-pulmonaire-2\\\/#primaryimage\"},\"image\":{\"@id\":\"http:\\\/\\\/vet-ecg.ddns.net\\\/index.php\\\/stenose-pulmonaire-2\\\/#primaryimage\"},\"thumbnailUrl\":\"http:\\\/\\\/vet-ecg.ddns.net\\\/wp-content\\\/uploads\\\/stenose-pulmonaire-2.jpg\",\"datePublished\":\"2018-11-23T17:48:10+00:00\",\"dateModified\":\"2019-12-05T17:15:32+00:00\",\"description\":\"L'\u00e9chocardiographie met en \u00e9vidence une st\u00e9nose pulmonaire serr\u00e9e chez ce chiot chihuahua de 650 grammes. Son \u00e9tat g\u00e9n\u00e9ral est alt\u00e9r\u00e9.\",\"breadcrumb\":{\"@id\":\"http:\\\/\\\/vet-ecg.ddns.net\\\/index.php\\\/stenose-pulmonaire-2\\\/#breadcrumb\"},\"inLanguage\":\"fr-FR\",\"potentialAction\":[{\"@type\":\"ReadAction\",\"target\":[\"http:\\\/\\\/vet-ecg.ddns.net\\\/index.php\\\/stenose-pulmonaire-2\\\/\"]}]},{\"@type\":\"ImageObject\",\"inLanguage\":\"fr-FR\",\"@id\":\"http:\\\/\\\/vet-ecg.ddns.net\\\/index.php\\\/stenose-pulmonaire-2\\\/#primaryimage\",\"url\":\"http:\\\/\\\/vet-ecg.ddns.net\\\/wp-content\\\/uploads\\\/stenose-pulmonaire-2.jpg\",\"contentUrl\":\"http:\\\/\\\/vet-ecg.ddns.net\\\/wp-content\\\/uploads\\\/stenose-pulmonaire-2.jpg\",\"width\":1991,\"height\":2210,\"caption\":\"D\u00e9viation axiale droite, pr\u00e9sence d'ondes S de grande amplitude en D1 et D2. Tachycardie sinusale et sous d\u00e9calage du segment ST en AVF.\"},{\"@type\":\"BreadcrumbList\",\"@id\":\"http:\\\/\\\/vet-ecg.ddns.net\\\/index.php\\\/stenose-pulmonaire-2\\\/#breadcrumb\",\"itemListElement\":[{\"@type\":\"ListItem\",\"position\":1,\"name\":\"Accueil\",\"item\":\"http:\\\/\\\/vet-ecg.ddns.net\\\/\"},{\"@type\":\"ListItem\",\"position\":2,\"name\":\"St\u00e9nose pulmonaire-2\"}]},{\"@type\":\"WebSite\",\"@id\":\"http:\\\/\\\/vet-ecg.ddns.net\\\/#website\",\"url\":\"http:\\\/\\\/vet-ecg.ddns.net\\\/\",\"name\":\"Blog d&#039;\u00e9lectrocardiographie v\u00e9t\u00e9rinaire\",\"description\":\"recueil d&#039;ECG de chiens et de chats\",\"publisher\":{\"@id\":\"http:\\\/\\\/vet-ecg.ddns.net\\\/#\\\/schema\\\/person\\\/fec4070a47e235fed904fab73cae00b4\"},\"alternateName\":\"\u00e9lectrocardiographie v\u00e9t\u00e9rinaire\",\"potentialAction\":[{\"@type\":\"SearchAction\",\"target\":{\"@type\":\"EntryPoint\",\"urlTemplate\":\"http:\\\/\\\/vet-ecg.ddns.net\\\/?s={search_term_string}\"},\"query-input\":{\"@type\":\"PropertyValueSpecification\",\"valueRequired\":true,\"valueName\":\"search_term_string\"}}],\"inLanguage\":\"fr-FR\"},{\"@type\":[\"Person\",\"Organization\"],\"@id\":\"http:\\\/\\\/vet-ecg.ddns.net\\\/#\\\/schema\\\/person\\\/fec4070a47e235fed904fab73cae00b4\",\"name\":\"admin\",\"image\":{\"@type\":\"ImageObject\",\"inLanguage\":\"fr-FR\",\"@id\":\"http:\\\/\\\/vet-ecg.ddns.net\\\/wp-content\\\/uploads\\\/2018\\\/04\\\/Zelda-2-ECG-248.jpg\",\"url\":\"http:\\\/\\\/vet-ecg.ddns.net\\\/wp-content\\\/uploads\\\/2018\\\/04\\\/Zelda-2-ECG-248.jpg\",\"contentUrl\":\"http:\\\/\\\/vet-ecg.ddns.net\\\/wp-content\\\/uploads\\\/2018\\\/04\\\/Zelda-2-ECG-248.jpg\",\"width\":248,\"height\":248,\"caption\":\"admin\"},\"logo\":{\"@id\":\"http:\\\/\\\/vet-ecg.ddns.net\\\/wp-content\\\/uploads\\\/2018\\\/04\\\/Zelda-2-ECG-248.jpg\"},\"description\":\"Les trac\u00e9s publi\u00e9s sur ce site sont issus de diff\u00e9rentes cliniques v\u00e9t\u00e9rinaires de Paris et de sa banlieue durant les 10 derni\u00e8res ann\u00e9es. Les ECG r\u00e9alis\u00e9s ont \u00e9t\u00e9 r\u00e9alis\u00e9s sur des chiens et des chats qui ont tous b\u00e9n\u00e9fici\u00e9 d'une \u00e9chocardiographie.\"}]}<\/script>\n<!-- \/ Yoast SEO plugin. -->","yoast_head_json":{"title":"St\u00e9nose pulmonaire-2 - Blog d&#039;\u00e9lectrocardiographie v\u00e9t\u00e9rinaire","description":"L'\u00e9chocardiographie met en \u00e9vidence une st\u00e9nose pulmonaire serr\u00e9e chez ce chiot chihuahua de 650 grammes. Son \u00e9tat g\u00e9n\u00e9ral est alt\u00e9r\u00e9.","robots":{"index":"index","follow":"follow","max-snippet":"max-snippet:-1","max-image-preview":"max-image-preview:large","max-video-preview":"max-video-preview:-1"},"canonical":"http:\/\/vet-ecg.ddns.net\/index.php\/stenose-pulmonaire-2\/","twitter_misc":{"Dur\u00e9e de lecture estim\u00e9e":"1 minute"},"schema":{"@context":"https:\/\/schema.org","@graph":[{"@type":"WebPage","@id":"http:\/\/vet-ecg.ddns.net\/index.php\/stenose-pulmonaire-2\/","url":"http:\/\/vet-ecg.ddns.net\/index.php\/stenose-pulmonaire-2\/","name":"St\u00e9nose pulmonaire-2 - Blog d&#039;\u00e9lectrocardiographie v\u00e9t\u00e9rinaire","isPartOf":{"@id":"http:\/\/vet-ecg.ddns.net\/#website"},"primaryImageOfPage":{"@id":"http:\/\/vet-ecg.ddns.net\/index.php\/stenose-pulmonaire-2\/#primaryimage"},"image":{"@id":"http:\/\/vet-ecg.ddns.net\/index.php\/stenose-pulmonaire-2\/#primaryimage"},"thumbnailUrl":"http:\/\/vet-ecg.ddns.net\/wp-content\/uploads\/stenose-pulmonaire-2.jpg","datePublished":"2018-11-23T17:48:10+00:00","dateModified":"2019-12-05T17:15:32+00:00","description":"L'\u00e9chocardiographie met en \u00e9vidence une st\u00e9nose pulmonaire serr\u00e9e chez ce chiot chihuahua de 650 grammes. Son \u00e9tat g\u00e9n\u00e9ral est alt\u00e9r\u00e9.","breadcrumb":{"@id":"http:\/\/vet-ecg.ddns.net\/index.php\/stenose-pulmonaire-2\/#breadcrumb"},"inLanguage":"fr-FR","potentialAction":[{"@type":"ReadAction","target":["http:\/\/vet-ecg.ddns.net\/index.php\/stenose-pulmonaire-2\/"]}]},{"@type":"ImageObject","inLanguage":"fr-FR","@id":"http:\/\/vet-ecg.ddns.net\/index.php\/stenose-pulmonaire-2\/#primaryimage","url":"http:\/\/vet-ecg.ddns.net\/wp-content\/uploads\/stenose-pulmonaire-2.jpg","contentUrl":"http:\/\/vet-ecg.ddns.net\/wp-content\/uploads\/stenose-pulmonaire-2.jpg","width":1991,"height":2210,"caption":"D\u00e9viation axiale droite, pr\u00e9sence d'ondes S de grande amplitude en D1 et D2. Tachycardie sinusale et sous d\u00e9calage du segment ST en AVF."},{"@type":"BreadcrumbList","@id":"http:\/\/vet-ecg.ddns.net\/index.php\/stenose-pulmonaire-2\/#breadcrumb","itemListElement":[{"@type":"ListItem","position":1,"name":"Accueil","item":"http:\/\/vet-ecg.ddns.net\/"},{"@type":"ListItem","position":2,"name":"St\u00e9nose pulmonaire-2"}]},{"@type":"WebSite","@id":"http:\/\/vet-ecg.ddns.net\/#website","url":"http:\/\/vet-ecg.ddns.net\/","name":"Blog d&#039;\u00e9lectrocardiographie v\u00e9t\u00e9rinaire","description":"recueil d&#039;ECG de chiens et de chats","publisher":{"@id":"http:\/\/vet-ecg.ddns.net\/#\/schema\/person\/fec4070a47e235fed904fab73cae00b4"},"alternateName":"\u00e9lectrocardiographie v\u00e9t\u00e9rinaire","potentialAction":[{"@type":"SearchAction","target":{"@type":"EntryPoint","urlTemplate":"http:\/\/vet-ecg.ddns.net\/?s={search_term_string}"},"query-input":{"@type":"PropertyValueSpecification","valueRequired":true,"valueName":"search_term_string"}}],"inLanguage":"fr-FR"},{"@type":["Person","Organization"],"@id":"http:\/\/vet-ecg.ddns.net\/#\/schema\/person\/fec4070a47e235fed904fab73cae00b4","name":"admin","image":{"@type":"ImageObject","inLanguage":"fr-FR","@id":"http:\/\/vet-ecg.ddns.net\/wp-content\/uploads\/2018\/04\/Zelda-2-ECG-248.jpg","url":"http:\/\/vet-ecg.ddns.net\/wp-content\/uploads\/2018\/04\/Zelda-2-ECG-248.jpg","contentUrl":"http:\/\/vet-ecg.ddns.net\/wp-content\/uploads\/2018\/04\/Zelda-2-ECG-248.jpg","width":248,"height":248,"caption":"admin"},"logo":{"@id":"http:\/\/vet-ecg.ddns.net\/wp-content\/uploads\/2018\/04\/Zelda-2-ECG-248.jpg"},"description":"Les trac\u00e9s publi\u00e9s sur ce site sont issus de diff\u00e9rentes cliniques v\u00e9t\u00e9rinaires de Paris et de sa banlieue durant les 10 derni\u00e8res ann\u00e9es. Les ECG r\u00e9alis\u00e9s ont \u00e9t\u00e9 r\u00e9alis\u00e9s sur des chiens et des chats qui ont tous b\u00e9n\u00e9fici\u00e9 d'une \u00e9chocardiographie."}]}},"_links":{"self":[{"href":"http:\/\/vet-ecg.ddns.net\/index.php\/wp-json\/wp\/v2\/pages\/1171","targetHints":{"allow":["GET"]}}],"collection":[{"href":"http:\/\/vet-ecg.ddns.net\/index.php\/wp-json\/wp\/v2\/pages"}],"about":[{"href":"http:\/\/vet-ecg.ddns.net\/index.php\/wp-json\/wp\/v2\/types\/page"}],"author":[{"embeddable":true,"href":"http:\/\/vet-ecg.ddns.net\/index.php\/wp-json\/wp\/v2\/users\/1"}],"replies":[{"embeddable":true,"href":"http:\/\/vet-ecg.ddns.net\/index.php\/wp-json\/wp\/v2\/comments?post=1171"}],"version-history":[{"count":0,"href":"http:\/\/vet-ecg.ddns.net\/index.php\/wp-json\/wp\/v2\/pages\/1171\/revisions"}],"wp:attachment":[{"href":"http:\/\/vet-ecg.ddns.net\/index.php\/wp-json\/wp\/v2\/media?parent=1171"}],"curies":[{"name":"wp","href":"https:\/\/api.w.org\/{rel}","templated":true}]}}