{"id":1154,"date":"2018-11-23T11:05:54","date_gmt":"2018-11-23T10:05:54","guid":{"rendered":"http:\/\/192.168.1.104\/?page_id=1154"},"modified":"2019-12-05T12:31:58","modified_gmt":"2019-12-05T11:31:58","slug":"stenose-pulmonaire-1","status":"publish","type":"page","link":"http:\/\/vet-ecg.ddns.net\/index.php\/stenose-pulmonaire-1\/","title":{"rendered":"St\u00e9nose pulmonaire-1"},"content":{"rendered":"<figure id=\"attachment_1155\" aria-describedby=\"caption-attachment-1155\" style=\"width: 2100px\" class=\"wp-caption alignnone\"><img loading=\"lazy\" decoding=\"async\" class=\"size-full wp-image-1155\" src=\"http:\/\/vet-ecg.ddns.net\/wp-content\/uploads\/stenose-pulmonaire-1.jpg\" alt=\"ECG et pathologie du coeur droit.\" width=\"2100\" height=\"1806\" \/><figcaption id=\"caption-attachment-1155\" class=\"wp-caption-text\">Hypovoltage de QRS, pr\u00e9sence d&rsquo;ondes S en\u00a0 D2, Ondes T amples et axe de QRS d\u00e9vi\u00e9 \u00e0 droite.<\/figcaption><\/figure>\n<p>La fr\u00e9quence cardiaque de ce bichon de 3,5 kg est de 160 bpm. Le rythme est sinusal et l&rsquo;arythmie respiratoire est absente.<\/p>\n<p>Il existe un hypovoltage des QRS dans toutes les d\u00e9rivations ainsi que des ondes S pr\u00e9sentes en\u00a0 D2, D3 et AVF.<\/p>\n<p>Les ondes P sont pointues et leur amplitude\u00a0 d\u00e9passe 0,4 mV.<\/p>\n<p>On remarque un segment PR descendant.<\/p>\n<p>Les ondes T sont particuli\u00e8rement amples, atteignant 80% de l&rsquo;amplitude de l&rsquo;onde R. La surface des ondes T est importante et les sommets sont \u00e9mouss\u00e9s.<\/p>\n<p>Il existe un sus d\u00e9calage du segment ST en D2.<\/p>\n<p>Ce trac\u00e9 correspond \u00e0 une st\u00e9nose pulmonaire (encore asymptomatique) mise en \u00e9vidence \u00e0 l&rsquo;\u00e9chographie.<\/p>\n","protected":false},"excerpt":{"rendered":"<p>La fr\u00e9quence cardiaque de ce bichon de 3,5 kg est de 160 bpm. Le rythme est sinusal et l&rsquo;arythmie respiratoire est absente. Il existe un hypovoltage des QRS dans toutes les d\u00e9rivations ainsi que des ondes S pr\u00e9sentes en\u00a0 D2, D3 et AVF. Les ondes P sont pointues et leur amplitude\u00a0 d\u00e9passe 0,4 mV. On &hellip; <a href=\"http:\/\/vet-ecg.ddns.net\/index.php\/stenose-pulmonaire-1\/\" class=\"more-link\">Continuer la lecture de <span class=\"screen-reader-text\">St\u00e9nose pulmonaire-1<\/span><\/a><\/p>\n","protected":false},"author":1,"featured_media":0,"parent":0,"menu_order":0,"comment_status":"closed","ping_status":"closed","template":"","meta":{"footnotes":""},"class_list":["post-1154","page","type-page","status-publish","hentry"],"yoast_head":"<!-- This site is optimized with the Yoast SEO plugin v27.4 - https:\/\/yoast.com\/product\/yoast-seo-wordpress\/ -->\n<title>St\u00e9nose pulmonaire-1 - Blog d&#039;\u00e9lectrocardiographie v\u00e9t\u00e9rinaire<\/title>\n<meta name=\"description\" content=\"L&#039;\u00e9chocardiographie de ce bichon r\u00e9v\u00e8le une st\u00e9nose pulmonaire. Celle-ci est encore asymptomatique. La surface de l&#039;onde T est importante.\" \/>\n<meta name=\"robots\" content=\"index, follow, max-snippet:-1, max-image-preview:large, max-video-preview:-1\" \/>\n<link rel=\"canonical\" href=\"http:\/\/vet-ecg.ddns.net\/index.php\/stenose-pulmonaire-1\/\" \/>\n<meta name=\"twitter:label1\" content=\"Dur\u00e9e de lecture estim\u00e9e\" \/>\n\t<meta name=\"twitter:data1\" content=\"1 minute\" \/>\n<script type=\"application\/ld+json\" class=\"yoast-schema-graph\">{\"@context\":\"https:\\\/\\\/schema.org\",\"@graph\":[{\"@type\":\"WebPage\",\"@id\":\"http:\\\/\\\/vet-ecg.ddns.net\\\/index.php\\\/stenose-pulmonaire-1\\\/\",\"url\":\"http:\\\/\\\/vet-ecg.ddns.net\\\/index.php\\\/stenose-pulmonaire-1\\\/\",\"name\":\"St\u00e9nose pulmonaire-1 - Blog d&#039;\u00e9lectrocardiographie v\u00e9t\u00e9rinaire\",\"isPartOf\":{\"@id\":\"http:\\\/\\\/vet-ecg.ddns.net\\\/#website\"},\"primaryImageOfPage\":{\"@id\":\"http:\\\/\\\/vet-ecg.ddns.net\\\/index.php\\\/stenose-pulmonaire-1\\\/#primaryimage\"},\"image\":{\"@id\":\"http:\\\/\\\/vet-ecg.ddns.net\\\/index.php\\\/stenose-pulmonaire-1\\\/#primaryimage\"},\"thumbnailUrl\":\"http:\\\/\\\/vet-ecg.ddns.net\\\/wp-content\\\/uploads\\\/stenose-pulmonaire-1.jpg\",\"datePublished\":\"2018-11-23T10:05:54+00:00\",\"dateModified\":\"2019-12-05T11:31:58+00:00\",\"description\":\"L'\u00e9chocardiographie de ce bichon r\u00e9v\u00e8le une st\u00e9nose pulmonaire. Celle-ci est encore asymptomatique. La surface de l'onde T est importante.\",\"breadcrumb\":{\"@id\":\"http:\\\/\\\/vet-ecg.ddns.net\\\/index.php\\\/stenose-pulmonaire-1\\\/#breadcrumb\"},\"inLanguage\":\"fr-FR\",\"potentialAction\":[{\"@type\":\"ReadAction\",\"target\":[\"http:\\\/\\\/vet-ecg.ddns.net\\\/index.php\\\/stenose-pulmonaire-1\\\/\"]}]},{\"@type\":\"ImageObject\",\"inLanguage\":\"fr-FR\",\"@id\":\"http:\\\/\\\/vet-ecg.ddns.net\\\/index.php\\\/stenose-pulmonaire-1\\\/#primaryimage\",\"url\":\"http:\\\/\\\/vet-ecg.ddns.net\\\/wp-content\\\/uploads\\\/stenose-pulmonaire-1.jpg\",\"contentUrl\":\"http:\\\/\\\/vet-ecg.ddns.net\\\/wp-content\\\/uploads\\\/stenose-pulmonaire-1.jpg\",\"width\":2100,\"height\":1806,\"caption\":\"Hypovoltage de QRS, pr\u00e9sence d'ondes S en D1 et D2, anomalie de repolarisation et axe de QRS d\u00e9vi\u00e9 \u00e0 droite.\"},{\"@type\":\"BreadcrumbList\",\"@id\":\"http:\\\/\\\/vet-ecg.ddns.net\\\/index.php\\\/stenose-pulmonaire-1\\\/#breadcrumb\",\"itemListElement\":[{\"@type\":\"ListItem\",\"position\":1,\"name\":\"Accueil\",\"item\":\"http:\\\/\\\/vet-ecg.ddns.net\\\/\"},{\"@type\":\"ListItem\",\"position\":2,\"name\":\"St\u00e9nose pulmonaire-1\"}]},{\"@type\":\"WebSite\",\"@id\":\"http:\\\/\\\/vet-ecg.ddns.net\\\/#website\",\"url\":\"http:\\\/\\\/vet-ecg.ddns.net\\\/\",\"name\":\"Blog d&#039;\u00e9lectrocardiographie v\u00e9t\u00e9rinaire\",\"description\":\"recueil d&#039;ECG de chiens et de chats\",\"publisher\":{\"@id\":\"http:\\\/\\\/vet-ecg.ddns.net\\\/#\\\/schema\\\/person\\\/fec4070a47e235fed904fab73cae00b4\"},\"alternateName\":\"\u00e9lectrocardiographie v\u00e9t\u00e9rinaire\",\"potentialAction\":[{\"@type\":\"SearchAction\",\"target\":{\"@type\":\"EntryPoint\",\"urlTemplate\":\"http:\\\/\\\/vet-ecg.ddns.net\\\/?s={search_term_string}\"},\"query-input\":{\"@type\":\"PropertyValueSpecification\",\"valueRequired\":true,\"valueName\":\"search_term_string\"}}],\"inLanguage\":\"fr-FR\"},{\"@type\":[\"Person\",\"Organization\"],\"@id\":\"http:\\\/\\\/vet-ecg.ddns.net\\\/#\\\/schema\\\/person\\\/fec4070a47e235fed904fab73cae00b4\",\"name\":\"admin\",\"image\":{\"@type\":\"ImageObject\",\"inLanguage\":\"fr-FR\",\"@id\":\"http:\\\/\\\/vet-ecg.ddns.net\\\/wp-content\\\/uploads\\\/2018\\\/04\\\/Zelda-2-ECG-248.jpg\",\"url\":\"http:\\\/\\\/vet-ecg.ddns.net\\\/wp-content\\\/uploads\\\/2018\\\/04\\\/Zelda-2-ECG-248.jpg\",\"contentUrl\":\"http:\\\/\\\/vet-ecg.ddns.net\\\/wp-content\\\/uploads\\\/2018\\\/04\\\/Zelda-2-ECG-248.jpg\",\"width\":248,\"height\":248,\"caption\":\"admin\"},\"logo\":{\"@id\":\"http:\\\/\\\/vet-ecg.ddns.net\\\/wp-content\\\/uploads\\\/2018\\\/04\\\/Zelda-2-ECG-248.jpg\"},\"description\":\"Les trac\u00e9s publi\u00e9s sur ce site sont issus de diff\u00e9rentes cliniques v\u00e9t\u00e9rinaires de Paris et de sa banlieue durant les 10 derni\u00e8res ann\u00e9es. Les ECG r\u00e9alis\u00e9s ont \u00e9t\u00e9 r\u00e9alis\u00e9s sur des chiens et des chats qui ont tous b\u00e9n\u00e9fici\u00e9 d'une \u00e9chocardiographie.\"}]}<\/script>\n<!-- \/ Yoast SEO plugin. -->","yoast_head_json":{"title":"St\u00e9nose pulmonaire-1 - Blog d&#039;\u00e9lectrocardiographie v\u00e9t\u00e9rinaire","description":"L'\u00e9chocardiographie de ce bichon r\u00e9v\u00e8le une st\u00e9nose pulmonaire. Celle-ci est encore asymptomatique. La surface de l'onde T est importante.","robots":{"index":"index","follow":"follow","max-snippet":"max-snippet:-1","max-image-preview":"max-image-preview:large","max-video-preview":"max-video-preview:-1"},"canonical":"http:\/\/vet-ecg.ddns.net\/index.php\/stenose-pulmonaire-1\/","twitter_misc":{"Dur\u00e9e de lecture estim\u00e9e":"1 minute"},"schema":{"@context":"https:\/\/schema.org","@graph":[{"@type":"WebPage","@id":"http:\/\/vet-ecg.ddns.net\/index.php\/stenose-pulmonaire-1\/","url":"http:\/\/vet-ecg.ddns.net\/index.php\/stenose-pulmonaire-1\/","name":"St\u00e9nose pulmonaire-1 - Blog d&#039;\u00e9lectrocardiographie v\u00e9t\u00e9rinaire","isPartOf":{"@id":"http:\/\/vet-ecg.ddns.net\/#website"},"primaryImageOfPage":{"@id":"http:\/\/vet-ecg.ddns.net\/index.php\/stenose-pulmonaire-1\/#primaryimage"},"image":{"@id":"http:\/\/vet-ecg.ddns.net\/index.php\/stenose-pulmonaire-1\/#primaryimage"},"thumbnailUrl":"http:\/\/vet-ecg.ddns.net\/wp-content\/uploads\/stenose-pulmonaire-1.jpg","datePublished":"2018-11-23T10:05:54+00:00","dateModified":"2019-12-05T11:31:58+00:00","description":"L'\u00e9chocardiographie de ce bichon r\u00e9v\u00e8le une st\u00e9nose pulmonaire. Celle-ci est encore asymptomatique. La surface de l'onde T est importante.","breadcrumb":{"@id":"http:\/\/vet-ecg.ddns.net\/index.php\/stenose-pulmonaire-1\/#breadcrumb"},"inLanguage":"fr-FR","potentialAction":[{"@type":"ReadAction","target":["http:\/\/vet-ecg.ddns.net\/index.php\/stenose-pulmonaire-1\/"]}]},{"@type":"ImageObject","inLanguage":"fr-FR","@id":"http:\/\/vet-ecg.ddns.net\/index.php\/stenose-pulmonaire-1\/#primaryimage","url":"http:\/\/vet-ecg.ddns.net\/wp-content\/uploads\/stenose-pulmonaire-1.jpg","contentUrl":"http:\/\/vet-ecg.ddns.net\/wp-content\/uploads\/stenose-pulmonaire-1.jpg","width":2100,"height":1806,"caption":"Hypovoltage de QRS, pr\u00e9sence d'ondes S en D1 et D2, anomalie de repolarisation et axe de QRS d\u00e9vi\u00e9 \u00e0 droite."},{"@type":"BreadcrumbList","@id":"http:\/\/vet-ecg.ddns.net\/index.php\/stenose-pulmonaire-1\/#breadcrumb","itemListElement":[{"@type":"ListItem","position":1,"name":"Accueil","item":"http:\/\/vet-ecg.ddns.net\/"},{"@type":"ListItem","position":2,"name":"St\u00e9nose pulmonaire-1"}]},{"@type":"WebSite","@id":"http:\/\/vet-ecg.ddns.net\/#website","url":"http:\/\/vet-ecg.ddns.net\/","name":"Blog d&#039;\u00e9lectrocardiographie v\u00e9t\u00e9rinaire","description":"recueil d&#039;ECG de chiens et de chats","publisher":{"@id":"http:\/\/vet-ecg.ddns.net\/#\/schema\/person\/fec4070a47e235fed904fab73cae00b4"},"alternateName":"\u00e9lectrocardiographie v\u00e9t\u00e9rinaire","potentialAction":[{"@type":"SearchAction","target":{"@type":"EntryPoint","urlTemplate":"http:\/\/vet-ecg.ddns.net\/?s={search_term_string}"},"query-input":{"@type":"PropertyValueSpecification","valueRequired":true,"valueName":"search_term_string"}}],"inLanguage":"fr-FR"},{"@type":["Person","Organization"],"@id":"http:\/\/vet-ecg.ddns.net\/#\/schema\/person\/fec4070a47e235fed904fab73cae00b4","name":"admin","image":{"@type":"ImageObject","inLanguage":"fr-FR","@id":"http:\/\/vet-ecg.ddns.net\/wp-content\/uploads\/2018\/04\/Zelda-2-ECG-248.jpg","url":"http:\/\/vet-ecg.ddns.net\/wp-content\/uploads\/2018\/04\/Zelda-2-ECG-248.jpg","contentUrl":"http:\/\/vet-ecg.ddns.net\/wp-content\/uploads\/2018\/04\/Zelda-2-ECG-248.jpg","width":248,"height":248,"caption":"admin"},"logo":{"@id":"http:\/\/vet-ecg.ddns.net\/wp-content\/uploads\/2018\/04\/Zelda-2-ECG-248.jpg"},"description":"Les trac\u00e9s publi\u00e9s sur ce site sont issus de diff\u00e9rentes cliniques v\u00e9t\u00e9rinaires de Paris et de sa banlieue durant les 10 derni\u00e8res ann\u00e9es. Les ECG r\u00e9alis\u00e9s ont \u00e9t\u00e9 r\u00e9alis\u00e9s sur des chiens et des chats qui ont tous b\u00e9n\u00e9fici\u00e9 d'une \u00e9chocardiographie."}]}},"_links":{"self":[{"href":"http:\/\/vet-ecg.ddns.net\/index.php\/wp-json\/wp\/v2\/pages\/1154","targetHints":{"allow":["GET"]}}],"collection":[{"href":"http:\/\/vet-ecg.ddns.net\/index.php\/wp-json\/wp\/v2\/pages"}],"about":[{"href":"http:\/\/vet-ecg.ddns.net\/index.php\/wp-json\/wp\/v2\/types\/page"}],"author":[{"embeddable":true,"href":"http:\/\/vet-ecg.ddns.net\/index.php\/wp-json\/wp\/v2\/users\/1"}],"replies":[{"embeddable":true,"href":"http:\/\/vet-ecg.ddns.net\/index.php\/wp-json\/wp\/v2\/comments?post=1154"}],"version-history":[{"count":0,"href":"http:\/\/vet-ecg.ddns.net\/index.php\/wp-json\/wp\/v2\/pages\/1154\/revisions"}],"wp:attachment":[{"href":"http:\/\/vet-ecg.ddns.net\/index.php\/wp-json\/wp\/v2\/media?parent=1154"}],"curies":[{"name":"wp","href":"https:\/\/api.w.org\/{rel}","templated":true}]}}