{"id":1150,"date":"2018-11-22T23:32:13","date_gmt":"2018-11-22T22:32:13","guid":{"rendered":"http:\/\/192.168.1.104\/?page_id=1150"},"modified":"2019-12-05T11:18:17","modified_gmt":"2019-12-05T10:18:17","slug":"stenose-aortique-5","status":"publish","type":"page","link":"http:\/\/vet-ecg.ddns.net\/index.php\/stenose-aortique-5\/","title":{"rendered":"St\u00e9nose aortique-5"},"content":{"rendered":"<figure id=\"attachment_1151\" aria-describedby=\"caption-attachment-1151\" style=\"width: 2160px\" class=\"wp-caption alignnone\"><img loading=\"lazy\" decoding=\"async\" class=\"size-full wp-image-1151\" src=\"http:\/\/vet-ecg.ddns.net\/wp-content\/uploads\/stenose-aortique-5.jpg\" alt=\"ECG r\u00e9alis\u00e9 apr\u00e8s la d\u00e9tection d'un souffle 4\/6 chez un chiot golden retriever.\" width=\"2160\" height=\"1994\" \/><figcaption id=\"caption-attachment-1151\" class=\"wp-caption-text\">Hypervoltage mod\u00e9r\u00e9 de QRS, sous d\u00e9calage ST, ondes Q profondes et ondes T biphasiques en d\u00e9rivation D1.<\/figcaption><\/figure>\n<p>La fr\u00e9quence cardiaque de ce\u00a0 golden retriever de 33 kg est de 145 \u00e0 160 bpm. Le rythme est sinusal.<\/p>\n<p>Les ondes Q sont profondes (&gt; 5 mm).<\/p>\n<p>Les QRS sont de morphologie habituelle (58 ms) mais leur amplitude est l\u00e9g\u00e8rement augment\u00e9e (2,9 mV) et le temps d&rsquo;inscription de l&rsquo;onde R est augment\u00e9 (36 ms)<\/p>\n<p>Il existe un sous d\u00e9calage du segment ST bien visible en D2.<\/p>\n<p>Les ondes T sont biphasiques (AVF).<\/p>\n<p>L&rsquo;\u00e9chographie a \u00e9t\u00e9 r\u00e9alis\u00e9e apr\u00e8s la d\u00e9couverte d&rsquo;un souffle systolique et a mis en \u00e9vidence une acc\u00e9l\u00e9ration du flux aortique.<\/p>\n","protected":false},"excerpt":{"rendered":"<p>La fr\u00e9quence cardiaque de ce\u00a0 golden retriever de 33 kg est de 145 \u00e0 160 bpm. Le rythme est sinusal. Les ondes Q sont profondes (&gt; 5 mm). Les QRS sont de morphologie habituelle (58 ms) mais leur amplitude est l\u00e9g\u00e8rement augment\u00e9e (2,9 mV) et le temps d&rsquo;inscription de l&rsquo;onde R est augment\u00e9 (36 ms) &hellip; <a href=\"http:\/\/vet-ecg.ddns.net\/index.php\/stenose-aortique-5\/\" class=\"more-link\">Continuer la lecture de <span class=\"screen-reader-text\">St\u00e9nose aortique-5<\/span><\/a><\/p>\n","protected":false},"author":1,"featured_media":0,"parent":0,"menu_order":0,"comment_status":"closed","ping_status":"closed","template":"","meta":{"footnotes":""},"class_list":["post-1150","page","type-page","status-publish","hentry"],"yoast_head":"<!-- This site is optimized with the Yoast SEO plugin v27.4 - https:\/\/yoast.com\/product\/yoast-seo-wordpress\/ -->\n<title>St\u00e9nose aortique-5 - Blog d&#039;\u00e9lectrocardiographie v\u00e9t\u00e9rinaire<\/title>\n<meta name=\"description\" content=\"Cet ECG a \u00e9t\u00e9 r\u00e9alis\u00e9 apr\u00e8s la mise en \u00e9vidence d&#039;un souffle systolique et d&#039;une acc\u00e9l\u00e9ration du flux aortique. L&#039;animal est asymptomatique.\" \/>\n<meta name=\"robots\" content=\"index, follow, max-snippet:-1, max-image-preview:large, max-video-preview:-1\" \/>\n<link rel=\"canonical\" href=\"http:\/\/vet-ecg.ddns.net\/index.php\/stenose-aortique-5\/\" \/>\n<meta name=\"twitter:label1\" content=\"Dur\u00e9e de lecture estim\u00e9e\" \/>\n\t<meta name=\"twitter:data1\" content=\"1 minute\" \/>\n<script type=\"application\/ld+json\" class=\"yoast-schema-graph\">{\"@context\":\"https:\\\/\\\/schema.org\",\"@graph\":[{\"@type\":\"WebPage\",\"@id\":\"http:\\\/\\\/vet-ecg.ddns.net\\\/index.php\\\/stenose-aortique-5\\\/\",\"url\":\"http:\\\/\\\/vet-ecg.ddns.net\\\/index.php\\\/stenose-aortique-5\\\/\",\"name\":\"St\u00e9nose aortique-5 - Blog d&#039;\u00e9lectrocardiographie v\u00e9t\u00e9rinaire\",\"isPartOf\":{\"@id\":\"http:\\\/\\\/vet-ecg.ddns.net\\\/#website\"},\"primaryImageOfPage\":{\"@id\":\"http:\\\/\\\/vet-ecg.ddns.net\\\/index.php\\\/stenose-aortique-5\\\/#primaryimage\"},\"image\":{\"@id\":\"http:\\\/\\\/vet-ecg.ddns.net\\\/index.php\\\/stenose-aortique-5\\\/#primaryimage\"},\"thumbnailUrl\":\"http:\\\/\\\/vet-ecg.ddns.net\\\/wp-content\\\/uploads\\\/stenose-aortique-5.jpg\",\"datePublished\":\"2018-11-22T22:32:13+00:00\",\"dateModified\":\"2019-12-05T10:18:17+00:00\",\"description\":\"Cet ECG a \u00e9t\u00e9 r\u00e9alis\u00e9 apr\u00e8s la mise en \u00e9vidence d'un souffle systolique et d'une acc\u00e9l\u00e9ration du flux aortique. L'animal est asymptomatique.\",\"breadcrumb\":{\"@id\":\"http:\\\/\\\/vet-ecg.ddns.net\\\/index.php\\\/stenose-aortique-5\\\/#breadcrumb\"},\"inLanguage\":\"fr-FR\",\"potentialAction\":[{\"@type\":\"ReadAction\",\"target\":[\"http:\\\/\\\/vet-ecg.ddns.net\\\/index.php\\\/stenose-aortique-5\\\/\"]}]},{\"@type\":\"ImageObject\",\"inLanguage\":\"fr-FR\",\"@id\":\"http:\\\/\\\/vet-ecg.ddns.net\\\/index.php\\\/stenose-aortique-5\\\/#primaryimage\",\"url\":\"http:\\\/\\\/vet-ecg.ddns.net\\\/wp-content\\\/uploads\\\/stenose-aortique-5.jpg\",\"contentUrl\":\"http:\\\/\\\/vet-ecg.ddns.net\\\/wp-content\\\/uploads\\\/stenose-aortique-5.jpg\",\"width\":2160,\"height\":1994,\"caption\":\"Hypervoltage mod\u00e9r\u00e9 de QRS, sous d\u00e9calage ST, ondes Q profondes et ondes T biphasiques en d\u00e9rivation D1.\"},{\"@type\":\"BreadcrumbList\",\"@id\":\"http:\\\/\\\/vet-ecg.ddns.net\\\/index.php\\\/stenose-aortique-5\\\/#breadcrumb\",\"itemListElement\":[{\"@type\":\"ListItem\",\"position\":1,\"name\":\"Accueil\",\"item\":\"http:\\\/\\\/vet-ecg.ddns.net\\\/\"},{\"@type\":\"ListItem\",\"position\":2,\"name\":\"St\u00e9nose aortique-5\"}]},{\"@type\":\"WebSite\",\"@id\":\"http:\\\/\\\/vet-ecg.ddns.net\\\/#website\",\"url\":\"http:\\\/\\\/vet-ecg.ddns.net\\\/\",\"name\":\"Blog d&#039;\u00e9lectrocardiographie v\u00e9t\u00e9rinaire\",\"description\":\"recueil d&#039;ECG de chiens et de chats\",\"publisher\":{\"@id\":\"http:\\\/\\\/vet-ecg.ddns.net\\\/#\\\/schema\\\/person\\\/fec4070a47e235fed904fab73cae00b4\"},\"alternateName\":\"\u00e9lectrocardiographie v\u00e9t\u00e9rinaire\",\"potentialAction\":[{\"@type\":\"SearchAction\",\"target\":{\"@type\":\"EntryPoint\",\"urlTemplate\":\"http:\\\/\\\/vet-ecg.ddns.net\\\/?s={search_term_string}\"},\"query-input\":{\"@type\":\"PropertyValueSpecification\",\"valueRequired\":true,\"valueName\":\"search_term_string\"}}],\"inLanguage\":\"fr-FR\"},{\"@type\":[\"Person\",\"Organization\"],\"@id\":\"http:\\\/\\\/vet-ecg.ddns.net\\\/#\\\/schema\\\/person\\\/fec4070a47e235fed904fab73cae00b4\",\"name\":\"admin\",\"image\":{\"@type\":\"ImageObject\",\"inLanguage\":\"fr-FR\",\"@id\":\"http:\\\/\\\/vet-ecg.ddns.net\\\/wp-content\\\/uploads\\\/2018\\\/04\\\/Zelda-2-ECG-248.jpg\",\"url\":\"http:\\\/\\\/vet-ecg.ddns.net\\\/wp-content\\\/uploads\\\/2018\\\/04\\\/Zelda-2-ECG-248.jpg\",\"contentUrl\":\"http:\\\/\\\/vet-ecg.ddns.net\\\/wp-content\\\/uploads\\\/2018\\\/04\\\/Zelda-2-ECG-248.jpg\",\"width\":248,\"height\":248,\"caption\":\"admin\"},\"logo\":{\"@id\":\"http:\\\/\\\/vet-ecg.ddns.net\\\/wp-content\\\/uploads\\\/2018\\\/04\\\/Zelda-2-ECG-248.jpg\"},\"description\":\"Les trac\u00e9s publi\u00e9s sur ce site sont issus de diff\u00e9rentes cliniques v\u00e9t\u00e9rinaires de Paris et de sa banlieue durant les 10 derni\u00e8res ann\u00e9es. Les ECG r\u00e9alis\u00e9s ont \u00e9t\u00e9 r\u00e9alis\u00e9s sur des chiens et des chats qui ont tous b\u00e9n\u00e9fici\u00e9 d'une \u00e9chocardiographie.\"}]}<\/script>\n<!-- \/ Yoast SEO plugin. -->","yoast_head_json":{"title":"St\u00e9nose aortique-5 - Blog d&#039;\u00e9lectrocardiographie v\u00e9t\u00e9rinaire","description":"Cet ECG a \u00e9t\u00e9 r\u00e9alis\u00e9 apr\u00e8s la mise en \u00e9vidence d'un souffle systolique et d'une acc\u00e9l\u00e9ration du flux aortique. L'animal est asymptomatique.","robots":{"index":"index","follow":"follow","max-snippet":"max-snippet:-1","max-image-preview":"max-image-preview:large","max-video-preview":"max-video-preview:-1"},"canonical":"http:\/\/vet-ecg.ddns.net\/index.php\/stenose-aortique-5\/","twitter_misc":{"Dur\u00e9e de lecture estim\u00e9e":"1 minute"},"schema":{"@context":"https:\/\/schema.org","@graph":[{"@type":"WebPage","@id":"http:\/\/vet-ecg.ddns.net\/index.php\/stenose-aortique-5\/","url":"http:\/\/vet-ecg.ddns.net\/index.php\/stenose-aortique-5\/","name":"St\u00e9nose aortique-5 - Blog d&#039;\u00e9lectrocardiographie v\u00e9t\u00e9rinaire","isPartOf":{"@id":"http:\/\/vet-ecg.ddns.net\/#website"},"primaryImageOfPage":{"@id":"http:\/\/vet-ecg.ddns.net\/index.php\/stenose-aortique-5\/#primaryimage"},"image":{"@id":"http:\/\/vet-ecg.ddns.net\/index.php\/stenose-aortique-5\/#primaryimage"},"thumbnailUrl":"http:\/\/vet-ecg.ddns.net\/wp-content\/uploads\/stenose-aortique-5.jpg","datePublished":"2018-11-22T22:32:13+00:00","dateModified":"2019-12-05T10:18:17+00:00","description":"Cet ECG a \u00e9t\u00e9 r\u00e9alis\u00e9 apr\u00e8s la mise en \u00e9vidence d'un souffle systolique et d'une acc\u00e9l\u00e9ration du flux aortique. L'animal est asymptomatique.","breadcrumb":{"@id":"http:\/\/vet-ecg.ddns.net\/index.php\/stenose-aortique-5\/#breadcrumb"},"inLanguage":"fr-FR","potentialAction":[{"@type":"ReadAction","target":["http:\/\/vet-ecg.ddns.net\/index.php\/stenose-aortique-5\/"]}]},{"@type":"ImageObject","inLanguage":"fr-FR","@id":"http:\/\/vet-ecg.ddns.net\/index.php\/stenose-aortique-5\/#primaryimage","url":"http:\/\/vet-ecg.ddns.net\/wp-content\/uploads\/stenose-aortique-5.jpg","contentUrl":"http:\/\/vet-ecg.ddns.net\/wp-content\/uploads\/stenose-aortique-5.jpg","width":2160,"height":1994,"caption":"Hypervoltage mod\u00e9r\u00e9 de QRS, sous d\u00e9calage ST, ondes Q profondes et ondes T biphasiques en d\u00e9rivation D1."},{"@type":"BreadcrumbList","@id":"http:\/\/vet-ecg.ddns.net\/index.php\/stenose-aortique-5\/#breadcrumb","itemListElement":[{"@type":"ListItem","position":1,"name":"Accueil","item":"http:\/\/vet-ecg.ddns.net\/"},{"@type":"ListItem","position":2,"name":"St\u00e9nose aortique-5"}]},{"@type":"WebSite","@id":"http:\/\/vet-ecg.ddns.net\/#website","url":"http:\/\/vet-ecg.ddns.net\/","name":"Blog d&#039;\u00e9lectrocardiographie v\u00e9t\u00e9rinaire","description":"recueil d&#039;ECG de chiens et de chats","publisher":{"@id":"http:\/\/vet-ecg.ddns.net\/#\/schema\/person\/fec4070a47e235fed904fab73cae00b4"},"alternateName":"\u00e9lectrocardiographie v\u00e9t\u00e9rinaire","potentialAction":[{"@type":"SearchAction","target":{"@type":"EntryPoint","urlTemplate":"http:\/\/vet-ecg.ddns.net\/?s={search_term_string}"},"query-input":{"@type":"PropertyValueSpecification","valueRequired":true,"valueName":"search_term_string"}}],"inLanguage":"fr-FR"},{"@type":["Person","Organization"],"@id":"http:\/\/vet-ecg.ddns.net\/#\/schema\/person\/fec4070a47e235fed904fab73cae00b4","name":"admin","image":{"@type":"ImageObject","inLanguage":"fr-FR","@id":"http:\/\/vet-ecg.ddns.net\/wp-content\/uploads\/2018\/04\/Zelda-2-ECG-248.jpg","url":"http:\/\/vet-ecg.ddns.net\/wp-content\/uploads\/2018\/04\/Zelda-2-ECG-248.jpg","contentUrl":"http:\/\/vet-ecg.ddns.net\/wp-content\/uploads\/2018\/04\/Zelda-2-ECG-248.jpg","width":248,"height":248,"caption":"admin"},"logo":{"@id":"http:\/\/vet-ecg.ddns.net\/wp-content\/uploads\/2018\/04\/Zelda-2-ECG-248.jpg"},"description":"Les trac\u00e9s publi\u00e9s sur ce site sont issus de diff\u00e9rentes cliniques v\u00e9t\u00e9rinaires de Paris et de sa banlieue durant les 10 derni\u00e8res ann\u00e9es. Les ECG r\u00e9alis\u00e9s ont \u00e9t\u00e9 r\u00e9alis\u00e9s sur des chiens et des chats qui ont tous b\u00e9n\u00e9fici\u00e9 d'une \u00e9chocardiographie."}]}},"_links":{"self":[{"href":"http:\/\/vet-ecg.ddns.net\/index.php\/wp-json\/wp\/v2\/pages\/1150","targetHints":{"allow":["GET"]}}],"collection":[{"href":"http:\/\/vet-ecg.ddns.net\/index.php\/wp-json\/wp\/v2\/pages"}],"about":[{"href":"http:\/\/vet-ecg.ddns.net\/index.php\/wp-json\/wp\/v2\/types\/page"}],"author":[{"embeddable":true,"href":"http:\/\/vet-ecg.ddns.net\/index.php\/wp-json\/wp\/v2\/users\/1"}],"replies":[{"embeddable":true,"href":"http:\/\/vet-ecg.ddns.net\/index.php\/wp-json\/wp\/v2\/comments?post=1150"}],"version-history":[{"count":0,"href":"http:\/\/vet-ecg.ddns.net\/index.php\/wp-json\/wp\/v2\/pages\/1150\/revisions"}],"wp:attachment":[{"href":"http:\/\/vet-ecg.ddns.net\/index.php\/wp-json\/wp\/v2\/media?parent=1150"}],"curies":[{"name":"wp","href":"https:\/\/api.w.org\/{rel}","templated":true}]}}