{"id":1133,"date":"2018-11-21T11:34:18","date_gmt":"2018-11-21T10:34:18","guid":{"rendered":"http:\/\/192.168.1.104\/?page_id=1133"},"modified":"2019-12-04T11:09:40","modified_gmt":"2019-12-04T10:09:40","slug":"stenose-aortique-3","status":"publish","type":"page","link":"http:\/\/vet-ecg.ddns.net\/index.php\/stenose-aortique-3\/","title":{"rendered":"St\u00e9nose aortique-3"},"content":{"rendered":"<figure id=\"attachment_1138\" aria-describedby=\"caption-attachment-1138\" style=\"width: 1982px\" class=\"wp-caption alignnone\"><img loading=\"lazy\" decoding=\"async\" class=\"size-full wp-image-1138\" src=\"http:\/\/vet-ecg.ddns.net\/wp-content\/uploads\/stenose-aortique-3.jpg\" alt=\"St\u00e9nose aortique serr\u00e9e chez un chiot boston terrier de 5 mois.\" width=\"1982\" height=\"2160\" \/><figcaption id=\"caption-attachment-1138\" class=\"wp-caption-text\">Hypervoltage de QRS en d\u00e9rivation D1, ondes Q profondes et sous-d\u00e9calage du segment ST.<\/figcaption><\/figure>\n<p>Le trac\u00e9 ECG de ce boston terrier \u00e2g\u00e9 de 6 mois et pesant 5 kg est celui d&rsquo;un rythme sinusal de fr\u00e9quence comprise entre 130 et 170 bpm.<\/p>\n<p>Les QRS sont hypervolt\u00e9s en d\u00e9rivation D1: 2,2 mV.<br \/>\nL&rsquo;axe de QRS est d\u00e9vi\u00e9 \u00e0 gauche (25\u00b0)<\/p>\n<p>Il existe un sous-d\u00e9calage du segment ST en D2 et un sus-d\u00e9calage en AVR est encore plus marqu\u00e9.<\/p>\n<p>L&rsquo;onde T est large.<\/p>\n<p>L&rsquo;\u00e9chographie met en \u00e9vidence une st\u00e9nose aortique serr\u00e9e mais le chien est encore asymptomatique.<\/p>\n<p><strong>Evolution dans le temps sous traitement:<\/strong><\/p>\n<figure id=\"attachment_1141\" aria-describedby=\"caption-attachment-1141\" style=\"width: 2372px\" class=\"wp-caption alignnone\"><img loading=\"lazy\" decoding=\"async\" class=\"size-full wp-image-1141\" src=\"http:\/\/vet-ecg.ddns.net\/wp-content\/uploads\/stenose-aortique-3bis.jpg\" alt=\"Evolution favorable d'une st\u00e9nose aortique sur un chiot.\" width=\"2372\" height=\"2000\" \/><figcaption id=\"caption-attachment-1141\" class=\"wp-caption-text\">Certaines st\u00e9noses d\u00e9couvertes chez le chiot r\u00e9gressent parfois \u00e0 l&rsquo;\u00e2ge adulte.<\/figcaption><\/figure>\n","protected":false},"excerpt":{"rendered":"<p>Le trac\u00e9 ECG de ce boston terrier \u00e2g\u00e9 de 6 mois et pesant 5 kg est celui d&rsquo;un rythme sinusal de fr\u00e9quence comprise entre 130 et 170 bpm. Les QRS sont hypervolt\u00e9s en d\u00e9rivation D1: 2,2 mV. L&rsquo;axe de QRS est d\u00e9vi\u00e9 \u00e0 gauche (25\u00b0) Il existe un sous-d\u00e9calage du segment ST en D2 et &hellip; <a href=\"http:\/\/vet-ecg.ddns.net\/index.php\/stenose-aortique-3\/\" class=\"more-link\">Continuer la lecture de <span class=\"screen-reader-text\">St\u00e9nose aortique-3<\/span><\/a><\/p>\n","protected":false},"author":1,"featured_media":0,"parent":0,"menu_order":0,"comment_status":"closed","ping_status":"closed","template":"","meta":{"footnotes":""},"class_list":["post-1133","page","type-page","status-publish","hentry"],"yoast_head":"<!-- This site is optimized with the Yoast SEO plugin v27.4 - https:\/\/yoast.com\/product\/yoast-seo-wordpress\/ -->\n<title>St\u00e9nose aortique-3 - Blog d&#039;\u00e9lectrocardiographie v\u00e9t\u00e9rinaire<\/title>\n<meta name=\"description\" content=\"Evolution d&#039;une st\u00e9nose aortique chez un chiot boston terrier: premier ECG \u00e0 l&#039;\u00e2ge de 6 mois, puis \u00e0 l&#039;\u00e2ge de 2 ans. Le chien a toujours \u00e9t\u00e9 asymtomatique.\" \/>\n<meta name=\"robots\" content=\"index, follow, max-snippet:-1, max-image-preview:large, max-video-preview:-1\" \/>\n<link rel=\"canonical\" href=\"http:\/\/vet-ecg.ddns.net\/index.php\/stenose-aortique-3\/\" \/>\n<meta name=\"twitter:label1\" content=\"Dur\u00e9e de lecture estim\u00e9e\" \/>\n\t<meta name=\"twitter:data1\" content=\"1 minute\" \/>\n<script type=\"application\/ld+json\" class=\"yoast-schema-graph\">{\"@context\":\"https:\\\/\\\/schema.org\",\"@graph\":[{\"@type\":\"WebPage\",\"@id\":\"http:\\\/\\\/vet-ecg.ddns.net\\\/index.php\\\/stenose-aortique-3\\\/\",\"url\":\"http:\\\/\\\/vet-ecg.ddns.net\\\/index.php\\\/stenose-aortique-3\\\/\",\"name\":\"St\u00e9nose aortique-3 - Blog d&#039;\u00e9lectrocardiographie v\u00e9t\u00e9rinaire\",\"isPartOf\":{\"@id\":\"http:\\\/\\\/vet-ecg.ddns.net\\\/#website\"},\"primaryImageOfPage\":{\"@id\":\"http:\\\/\\\/vet-ecg.ddns.net\\\/index.php\\\/stenose-aortique-3\\\/#primaryimage\"},\"image\":{\"@id\":\"http:\\\/\\\/vet-ecg.ddns.net\\\/index.php\\\/stenose-aortique-3\\\/#primaryimage\"},\"thumbnailUrl\":\"http:\\\/\\\/vet-ecg.ddns.net\\\/wp-content\\\/uploads\\\/stenose-aortique-3.jpg\",\"datePublished\":\"2018-11-21T10:34:18+00:00\",\"dateModified\":\"2019-12-04T10:09:40+00:00\",\"description\":\"Evolution d'une st\u00e9nose aortique chez un chiot boston terrier: premier ECG \u00e0 l'\u00e2ge de 6 mois, puis \u00e0 l'\u00e2ge de 2 ans. Le chien a toujours \u00e9t\u00e9 asymtomatique.\",\"breadcrumb\":{\"@id\":\"http:\\\/\\\/vet-ecg.ddns.net\\\/index.php\\\/stenose-aortique-3\\\/#breadcrumb\"},\"inLanguage\":\"fr-FR\",\"potentialAction\":[{\"@type\":\"ReadAction\",\"target\":[\"http:\\\/\\\/vet-ecg.ddns.net\\\/index.php\\\/stenose-aortique-3\\\/\"]}]},{\"@type\":\"ImageObject\",\"inLanguage\":\"fr-FR\",\"@id\":\"http:\\\/\\\/vet-ecg.ddns.net\\\/index.php\\\/stenose-aortique-3\\\/#primaryimage\",\"url\":\"http:\\\/\\\/vet-ecg.ddns.net\\\/wp-content\\\/uploads\\\/stenose-aortique-3.jpg\",\"contentUrl\":\"http:\\\/\\\/vet-ecg.ddns.net\\\/wp-content\\\/uploads\\\/stenose-aortique-3.jpg\",\"width\":1982,\"height\":2160,\"caption\":\"Hypervoltage de QRS en d\u00e9rivation D1, ondes Q profondes et sous-d\u00e9calage du segment ST.\"},{\"@type\":\"BreadcrumbList\",\"@id\":\"http:\\\/\\\/vet-ecg.ddns.net\\\/index.php\\\/stenose-aortique-3\\\/#breadcrumb\",\"itemListElement\":[{\"@type\":\"ListItem\",\"position\":1,\"name\":\"Accueil\",\"item\":\"http:\\\/\\\/vet-ecg.ddns.net\\\/\"},{\"@type\":\"ListItem\",\"position\":2,\"name\":\"St\u00e9nose aortique-3\"}]},{\"@type\":\"WebSite\",\"@id\":\"http:\\\/\\\/vet-ecg.ddns.net\\\/#website\",\"url\":\"http:\\\/\\\/vet-ecg.ddns.net\\\/\",\"name\":\"Blog d&#039;\u00e9lectrocardiographie v\u00e9t\u00e9rinaire\",\"description\":\"recueil d&#039;ECG de chiens et de chats\",\"publisher\":{\"@id\":\"http:\\\/\\\/vet-ecg.ddns.net\\\/#\\\/schema\\\/person\\\/fec4070a47e235fed904fab73cae00b4\"},\"alternateName\":\"\u00e9lectrocardiographie v\u00e9t\u00e9rinaire\",\"potentialAction\":[{\"@type\":\"SearchAction\",\"target\":{\"@type\":\"EntryPoint\",\"urlTemplate\":\"http:\\\/\\\/vet-ecg.ddns.net\\\/?s={search_term_string}\"},\"query-input\":{\"@type\":\"PropertyValueSpecification\",\"valueRequired\":true,\"valueName\":\"search_term_string\"}}],\"inLanguage\":\"fr-FR\"},{\"@type\":[\"Person\",\"Organization\"],\"@id\":\"http:\\\/\\\/vet-ecg.ddns.net\\\/#\\\/schema\\\/person\\\/fec4070a47e235fed904fab73cae00b4\",\"name\":\"admin\",\"image\":{\"@type\":\"ImageObject\",\"inLanguage\":\"fr-FR\",\"@id\":\"http:\\\/\\\/vet-ecg.ddns.net\\\/wp-content\\\/uploads\\\/2018\\\/04\\\/Zelda-2-ECG-248.jpg\",\"url\":\"http:\\\/\\\/vet-ecg.ddns.net\\\/wp-content\\\/uploads\\\/2018\\\/04\\\/Zelda-2-ECG-248.jpg\",\"contentUrl\":\"http:\\\/\\\/vet-ecg.ddns.net\\\/wp-content\\\/uploads\\\/2018\\\/04\\\/Zelda-2-ECG-248.jpg\",\"width\":248,\"height\":248,\"caption\":\"admin\"},\"logo\":{\"@id\":\"http:\\\/\\\/vet-ecg.ddns.net\\\/wp-content\\\/uploads\\\/2018\\\/04\\\/Zelda-2-ECG-248.jpg\"},\"description\":\"Les trac\u00e9s publi\u00e9s sur ce site sont issus de diff\u00e9rentes cliniques v\u00e9t\u00e9rinaires de Paris et de sa banlieue durant les 10 derni\u00e8res ann\u00e9es. Les ECG r\u00e9alis\u00e9s ont \u00e9t\u00e9 r\u00e9alis\u00e9s sur des chiens et des chats qui ont tous b\u00e9n\u00e9fici\u00e9 d'une \u00e9chocardiographie.\"}]}<\/script>\n<!-- \/ Yoast SEO plugin. -->","yoast_head_json":{"title":"St\u00e9nose aortique-3 - Blog d&#039;\u00e9lectrocardiographie v\u00e9t\u00e9rinaire","description":"Evolution d'une st\u00e9nose aortique chez un chiot boston terrier: premier ECG \u00e0 l'\u00e2ge de 6 mois, puis \u00e0 l'\u00e2ge de 2 ans. Le chien a toujours \u00e9t\u00e9 asymtomatique.","robots":{"index":"index","follow":"follow","max-snippet":"max-snippet:-1","max-image-preview":"max-image-preview:large","max-video-preview":"max-video-preview:-1"},"canonical":"http:\/\/vet-ecg.ddns.net\/index.php\/stenose-aortique-3\/","twitter_misc":{"Dur\u00e9e de lecture estim\u00e9e":"1 minute"},"schema":{"@context":"https:\/\/schema.org","@graph":[{"@type":"WebPage","@id":"http:\/\/vet-ecg.ddns.net\/index.php\/stenose-aortique-3\/","url":"http:\/\/vet-ecg.ddns.net\/index.php\/stenose-aortique-3\/","name":"St\u00e9nose aortique-3 - Blog d&#039;\u00e9lectrocardiographie v\u00e9t\u00e9rinaire","isPartOf":{"@id":"http:\/\/vet-ecg.ddns.net\/#website"},"primaryImageOfPage":{"@id":"http:\/\/vet-ecg.ddns.net\/index.php\/stenose-aortique-3\/#primaryimage"},"image":{"@id":"http:\/\/vet-ecg.ddns.net\/index.php\/stenose-aortique-3\/#primaryimage"},"thumbnailUrl":"http:\/\/vet-ecg.ddns.net\/wp-content\/uploads\/stenose-aortique-3.jpg","datePublished":"2018-11-21T10:34:18+00:00","dateModified":"2019-12-04T10:09:40+00:00","description":"Evolution d'une st\u00e9nose aortique chez un chiot boston terrier: premier ECG \u00e0 l'\u00e2ge de 6 mois, puis \u00e0 l'\u00e2ge de 2 ans. Le chien a toujours \u00e9t\u00e9 asymtomatique.","breadcrumb":{"@id":"http:\/\/vet-ecg.ddns.net\/index.php\/stenose-aortique-3\/#breadcrumb"},"inLanguage":"fr-FR","potentialAction":[{"@type":"ReadAction","target":["http:\/\/vet-ecg.ddns.net\/index.php\/stenose-aortique-3\/"]}]},{"@type":"ImageObject","inLanguage":"fr-FR","@id":"http:\/\/vet-ecg.ddns.net\/index.php\/stenose-aortique-3\/#primaryimage","url":"http:\/\/vet-ecg.ddns.net\/wp-content\/uploads\/stenose-aortique-3.jpg","contentUrl":"http:\/\/vet-ecg.ddns.net\/wp-content\/uploads\/stenose-aortique-3.jpg","width":1982,"height":2160,"caption":"Hypervoltage de QRS en d\u00e9rivation D1, ondes Q profondes et sous-d\u00e9calage du segment ST."},{"@type":"BreadcrumbList","@id":"http:\/\/vet-ecg.ddns.net\/index.php\/stenose-aortique-3\/#breadcrumb","itemListElement":[{"@type":"ListItem","position":1,"name":"Accueil","item":"http:\/\/vet-ecg.ddns.net\/"},{"@type":"ListItem","position":2,"name":"St\u00e9nose aortique-3"}]},{"@type":"WebSite","@id":"http:\/\/vet-ecg.ddns.net\/#website","url":"http:\/\/vet-ecg.ddns.net\/","name":"Blog d&#039;\u00e9lectrocardiographie v\u00e9t\u00e9rinaire","description":"recueil d&#039;ECG de chiens et de chats","publisher":{"@id":"http:\/\/vet-ecg.ddns.net\/#\/schema\/person\/fec4070a47e235fed904fab73cae00b4"},"alternateName":"\u00e9lectrocardiographie v\u00e9t\u00e9rinaire","potentialAction":[{"@type":"SearchAction","target":{"@type":"EntryPoint","urlTemplate":"http:\/\/vet-ecg.ddns.net\/?s={search_term_string}"},"query-input":{"@type":"PropertyValueSpecification","valueRequired":true,"valueName":"search_term_string"}}],"inLanguage":"fr-FR"},{"@type":["Person","Organization"],"@id":"http:\/\/vet-ecg.ddns.net\/#\/schema\/person\/fec4070a47e235fed904fab73cae00b4","name":"admin","image":{"@type":"ImageObject","inLanguage":"fr-FR","@id":"http:\/\/vet-ecg.ddns.net\/wp-content\/uploads\/2018\/04\/Zelda-2-ECG-248.jpg","url":"http:\/\/vet-ecg.ddns.net\/wp-content\/uploads\/2018\/04\/Zelda-2-ECG-248.jpg","contentUrl":"http:\/\/vet-ecg.ddns.net\/wp-content\/uploads\/2018\/04\/Zelda-2-ECG-248.jpg","width":248,"height":248,"caption":"admin"},"logo":{"@id":"http:\/\/vet-ecg.ddns.net\/wp-content\/uploads\/2018\/04\/Zelda-2-ECG-248.jpg"},"description":"Les trac\u00e9s publi\u00e9s sur ce site sont issus de diff\u00e9rentes cliniques v\u00e9t\u00e9rinaires de Paris et de sa banlieue durant les 10 derni\u00e8res ann\u00e9es. Les ECG r\u00e9alis\u00e9s ont \u00e9t\u00e9 r\u00e9alis\u00e9s sur des chiens et des chats qui ont tous b\u00e9n\u00e9fici\u00e9 d'une \u00e9chocardiographie."}]}},"_links":{"self":[{"href":"http:\/\/vet-ecg.ddns.net\/index.php\/wp-json\/wp\/v2\/pages\/1133","targetHints":{"allow":["GET"]}}],"collection":[{"href":"http:\/\/vet-ecg.ddns.net\/index.php\/wp-json\/wp\/v2\/pages"}],"about":[{"href":"http:\/\/vet-ecg.ddns.net\/index.php\/wp-json\/wp\/v2\/types\/page"}],"author":[{"embeddable":true,"href":"http:\/\/vet-ecg.ddns.net\/index.php\/wp-json\/wp\/v2\/users\/1"}],"replies":[{"embeddable":true,"href":"http:\/\/vet-ecg.ddns.net\/index.php\/wp-json\/wp\/v2\/comments?post=1133"}],"version-history":[{"count":0,"href":"http:\/\/vet-ecg.ddns.net\/index.php\/wp-json\/wp\/v2\/pages\/1133\/revisions"}],"wp:attachment":[{"href":"http:\/\/vet-ecg.ddns.net\/index.php\/wp-json\/wp\/v2\/media?parent=1133"}],"curies":[{"name":"wp","href":"https:\/\/api.w.org\/{rel}","templated":true}]}}