{"id":1119,"date":"2018-11-20T18:46:08","date_gmt":"2018-11-20T17:46:08","guid":{"rendered":"http:\/\/192.168.1.104\/?page_id=1119"},"modified":"2019-12-04T10:10:01","modified_gmt":"2019-12-04T09:10:01","slug":"stenose-aortique","status":"publish","type":"page","link":"http:\/\/vet-ecg.ddns.net\/index.php\/stenose-aortique\/","title":{"rendered":"st\u00e9nose aortique-1"},"content":{"rendered":"<figure id=\"attachment_1125\" aria-describedby=\"caption-attachment-1125\" style=\"width: 2000px\" class=\"wp-caption alignnone\"><img loading=\"lazy\" decoding=\"async\" class=\"size-full wp-image-1125\" src=\"http:\/\/vet-ecg.ddns.net\/wp-content\/uploads\/stenose-aortique-1.jpg\" alt=\" trac\u00e9 de st\u00e9nose aortique chez un pinscher de 4 ans\" width=\"2000\" height=\"2083\" \/><figcaption id=\"caption-attachment-1125\" class=\"wp-caption-text\">Epaississement pari\u00e9tal marqu\u00e9 dans un cas de st\u00e9nose aortique.<\/figcaption><\/figure>\n<p>Le trac\u00e9 ECG (25 et 50 mm\/s &#8211; <strong>5 mm\/mV)<\/strong> de ce pinscher de 4 ans (3 kg) est celui d&rsquo;un rythme sinusal r\u00e9gulier cadenc\u00e9 \u00e0 170 bpm.<\/p>\n<p>L&rsquo;allure des ondes P est habituelle (absence de caract\u00e8re bifide) mais leur amplitude est augment\u00e9e (0,7 mV) et on remarque une sur\u00e9l\u00e9vation du segment PR en d\u00e9rivation D2 sur le trac\u00e9 en 25 mm\/s<\/p>\n<p>C&rsquo;est l&rsquo;aspect des QRS qui est le plus inhabituel.<\/p>\n<p>Il existe de profondes ondes Q et une amplitude de l&rsquo;onde R de 5,2 mV en d\u00e9rivation D2.<\/p>\n<p>Les QRS sont bizarres (crochetage: probable trouble de la conduction). Leur dur\u00e9e est mod\u00e9r\u00e9ment augment\u00e9e (60 ms).<\/p>\n<p>L&rsquo;axe des QRS est d\u00e9vi\u00e9 \u00e0 gauche.<\/p>\n<p>D&rsquo;autre part l&rsquo;amplitude de l&rsquo;onde R en D1 (4,2 mV) est particuli\u00e8rement \u00e9lev\u00e9e pour un pinscher de 3kg.<\/p>\n<p>L&rsquo;\u00e9chographie r\u00e9v\u00e8le une st\u00e9nose aortique. La paroi ventriculaire gauche apparait tr\u00e8s \u00e9paissie. La pression art\u00e9rielle systolique \u00e9tait de 160 mmHg n&rsquo;\u00e9tait pas significative compte-tenu du stress de l&rsquo;animal.<\/p>\n","protected":false},"excerpt":{"rendered":"<p>Le trac\u00e9 ECG (25 et 50 mm\/s &#8211; 5 mm\/mV) de ce pinscher de 4 ans (3 kg) est celui d&rsquo;un rythme sinusal r\u00e9gulier cadenc\u00e9 \u00e0 170 bpm. L&rsquo;allure des ondes P est habituelle (absence de caract\u00e8re bifide) mais leur amplitude est augment\u00e9e (0,7 mV) et on remarque une sur\u00e9l\u00e9vation du segment PR en d\u00e9rivation &hellip; <a href=\"http:\/\/vet-ecg.ddns.net\/index.php\/stenose-aortique\/\" class=\"more-link\">Continuer la lecture de <span class=\"screen-reader-text\">st\u00e9nose aortique-1<\/span><\/a><\/p>\n","protected":false},"author":1,"featured_media":0,"parent":0,"menu_order":0,"comment_status":"closed","ping_status":"closed","template":"","meta":{"footnotes":""},"class_list":["post-1119","page","type-page","status-publish","hentry"],"yoast_head":"<!-- This site is optimized with the Yoast SEO plugin v27.4 - https:\/\/yoast.com\/product\/yoast-seo-wordpress\/ -->\n<title>st\u00e9nose aortique-1 - Blog d&#039;\u00e9lectrocardiographie v\u00e9t\u00e9rinaire<\/title>\n<meta name=\"description\" content=\"st\u00e9nose aortique chez un jeune pinscher. Les QRS sont hypervolt\u00e9s (&gt; 5 mV). On note un aspect dysmorphique des QRS dans plusieurs d\u00e9rivations.\" \/>\n<meta name=\"robots\" content=\"index, follow, max-snippet:-1, max-image-preview:large, max-video-preview:-1\" \/>\n<link rel=\"canonical\" href=\"http:\/\/vet-ecg.ddns.net\/index.php\/stenose-aortique\/\" \/>\n<meta name=\"twitter:label1\" content=\"Dur\u00e9e de lecture estim\u00e9e\" \/>\n\t<meta name=\"twitter:data1\" content=\"1 minute\" \/>\n<script type=\"application\/ld+json\" class=\"yoast-schema-graph\">{\"@context\":\"https:\\\/\\\/schema.org\",\"@graph\":[{\"@type\":\"WebPage\",\"@id\":\"http:\\\/\\\/vet-ecg.ddns.net\\\/index.php\\\/stenose-aortique\\\/\",\"url\":\"http:\\\/\\\/vet-ecg.ddns.net\\\/index.php\\\/stenose-aortique\\\/\",\"name\":\"st\u00e9nose aortique-1 - Blog d&#039;\u00e9lectrocardiographie v\u00e9t\u00e9rinaire\",\"isPartOf\":{\"@id\":\"http:\\\/\\\/vet-ecg.ddns.net\\\/#website\"},\"primaryImageOfPage\":{\"@id\":\"http:\\\/\\\/vet-ecg.ddns.net\\\/index.php\\\/stenose-aortique\\\/#primaryimage\"},\"image\":{\"@id\":\"http:\\\/\\\/vet-ecg.ddns.net\\\/index.php\\\/stenose-aortique\\\/#primaryimage\"},\"thumbnailUrl\":\"http:\\\/\\\/vet-ecg.ddns.net\\\/wp-content\\\/uploads\\\/stenose-aortique-1.jpg\",\"datePublished\":\"2018-11-20T17:46:08+00:00\",\"dateModified\":\"2019-12-04T09:10:01+00:00\",\"description\":\"st\u00e9nose aortique chez un jeune pinscher. Les QRS sont hypervolt\u00e9s (> 5 mV). On note un aspect dysmorphique des QRS dans plusieurs d\u00e9rivations.\",\"breadcrumb\":{\"@id\":\"http:\\\/\\\/vet-ecg.ddns.net\\\/index.php\\\/stenose-aortique\\\/#breadcrumb\"},\"inLanguage\":\"fr-FR\",\"potentialAction\":[{\"@type\":\"ReadAction\",\"target\":[\"http:\\\/\\\/vet-ecg.ddns.net\\\/index.php\\\/stenose-aortique\\\/\"]}]},{\"@type\":\"ImageObject\",\"inLanguage\":\"fr-FR\",\"@id\":\"http:\\\/\\\/vet-ecg.ddns.net\\\/index.php\\\/stenose-aortique\\\/#primaryimage\",\"url\":\"http:\\\/\\\/vet-ecg.ddns.net\\\/wp-content\\\/uploads\\\/stenose-aortique-1.jpg\",\"contentUrl\":\"http:\\\/\\\/vet-ecg.ddns.net\\\/wp-content\\\/uploads\\\/stenose-aortique-1.jpg\",\"width\":2000,\"height\":2083,\"caption\":\"Epaississement pari\u00e9tal marqu\u00e9 dans un cas de st\u00e9nose aortique.\"},{\"@type\":\"BreadcrumbList\",\"@id\":\"http:\\\/\\\/vet-ecg.ddns.net\\\/index.php\\\/stenose-aortique\\\/#breadcrumb\",\"itemListElement\":[{\"@type\":\"ListItem\",\"position\":1,\"name\":\"Accueil\",\"item\":\"http:\\\/\\\/vet-ecg.ddns.net\\\/\"},{\"@type\":\"ListItem\",\"position\":2,\"name\":\"st\u00e9nose aortique-1\"}]},{\"@type\":\"WebSite\",\"@id\":\"http:\\\/\\\/vet-ecg.ddns.net\\\/#website\",\"url\":\"http:\\\/\\\/vet-ecg.ddns.net\\\/\",\"name\":\"Blog d&#039;\u00e9lectrocardiographie v\u00e9t\u00e9rinaire\",\"description\":\"recueil d&#039;ECG de chiens et de chats\",\"publisher\":{\"@id\":\"http:\\\/\\\/vet-ecg.ddns.net\\\/#\\\/schema\\\/person\\\/fec4070a47e235fed904fab73cae00b4\"},\"alternateName\":\"\u00e9lectrocardiographie v\u00e9t\u00e9rinaire\",\"potentialAction\":[{\"@type\":\"SearchAction\",\"target\":{\"@type\":\"EntryPoint\",\"urlTemplate\":\"http:\\\/\\\/vet-ecg.ddns.net\\\/?s={search_term_string}\"},\"query-input\":{\"@type\":\"PropertyValueSpecification\",\"valueRequired\":true,\"valueName\":\"search_term_string\"}}],\"inLanguage\":\"fr-FR\"},{\"@type\":[\"Person\",\"Organization\"],\"@id\":\"http:\\\/\\\/vet-ecg.ddns.net\\\/#\\\/schema\\\/person\\\/fec4070a47e235fed904fab73cae00b4\",\"name\":\"admin\",\"image\":{\"@type\":\"ImageObject\",\"inLanguage\":\"fr-FR\",\"@id\":\"http:\\\/\\\/vet-ecg.ddns.net\\\/wp-content\\\/uploads\\\/2018\\\/04\\\/Zelda-2-ECG-248.jpg\",\"url\":\"http:\\\/\\\/vet-ecg.ddns.net\\\/wp-content\\\/uploads\\\/2018\\\/04\\\/Zelda-2-ECG-248.jpg\",\"contentUrl\":\"http:\\\/\\\/vet-ecg.ddns.net\\\/wp-content\\\/uploads\\\/2018\\\/04\\\/Zelda-2-ECG-248.jpg\",\"width\":248,\"height\":248,\"caption\":\"admin\"},\"logo\":{\"@id\":\"http:\\\/\\\/vet-ecg.ddns.net\\\/wp-content\\\/uploads\\\/2018\\\/04\\\/Zelda-2-ECG-248.jpg\"},\"description\":\"Les trac\u00e9s publi\u00e9s sur ce site sont issus de diff\u00e9rentes cliniques v\u00e9t\u00e9rinaires de Paris et de sa banlieue durant les 10 derni\u00e8res ann\u00e9es. Les ECG r\u00e9alis\u00e9s ont \u00e9t\u00e9 r\u00e9alis\u00e9s sur des chiens et des chats qui ont tous b\u00e9n\u00e9fici\u00e9 d'une \u00e9chocardiographie.\"}]}<\/script>\n<!-- \/ Yoast SEO plugin. -->","yoast_head_json":{"title":"st\u00e9nose aortique-1 - Blog d&#039;\u00e9lectrocardiographie v\u00e9t\u00e9rinaire","description":"st\u00e9nose aortique chez un jeune pinscher. Les QRS sont hypervolt\u00e9s (> 5 mV). On note un aspect dysmorphique des QRS dans plusieurs d\u00e9rivations.","robots":{"index":"index","follow":"follow","max-snippet":"max-snippet:-1","max-image-preview":"max-image-preview:large","max-video-preview":"max-video-preview:-1"},"canonical":"http:\/\/vet-ecg.ddns.net\/index.php\/stenose-aortique\/","twitter_misc":{"Dur\u00e9e de lecture estim\u00e9e":"1 minute"},"schema":{"@context":"https:\/\/schema.org","@graph":[{"@type":"WebPage","@id":"http:\/\/vet-ecg.ddns.net\/index.php\/stenose-aortique\/","url":"http:\/\/vet-ecg.ddns.net\/index.php\/stenose-aortique\/","name":"st\u00e9nose aortique-1 - Blog d&#039;\u00e9lectrocardiographie v\u00e9t\u00e9rinaire","isPartOf":{"@id":"http:\/\/vet-ecg.ddns.net\/#website"},"primaryImageOfPage":{"@id":"http:\/\/vet-ecg.ddns.net\/index.php\/stenose-aortique\/#primaryimage"},"image":{"@id":"http:\/\/vet-ecg.ddns.net\/index.php\/stenose-aortique\/#primaryimage"},"thumbnailUrl":"http:\/\/vet-ecg.ddns.net\/wp-content\/uploads\/stenose-aortique-1.jpg","datePublished":"2018-11-20T17:46:08+00:00","dateModified":"2019-12-04T09:10:01+00:00","description":"st\u00e9nose aortique chez un jeune pinscher. Les QRS sont hypervolt\u00e9s (> 5 mV). On note un aspect dysmorphique des QRS dans plusieurs d\u00e9rivations.","breadcrumb":{"@id":"http:\/\/vet-ecg.ddns.net\/index.php\/stenose-aortique\/#breadcrumb"},"inLanguage":"fr-FR","potentialAction":[{"@type":"ReadAction","target":["http:\/\/vet-ecg.ddns.net\/index.php\/stenose-aortique\/"]}]},{"@type":"ImageObject","inLanguage":"fr-FR","@id":"http:\/\/vet-ecg.ddns.net\/index.php\/stenose-aortique\/#primaryimage","url":"http:\/\/vet-ecg.ddns.net\/wp-content\/uploads\/stenose-aortique-1.jpg","contentUrl":"http:\/\/vet-ecg.ddns.net\/wp-content\/uploads\/stenose-aortique-1.jpg","width":2000,"height":2083,"caption":"Epaississement pari\u00e9tal marqu\u00e9 dans un cas de st\u00e9nose aortique."},{"@type":"BreadcrumbList","@id":"http:\/\/vet-ecg.ddns.net\/index.php\/stenose-aortique\/#breadcrumb","itemListElement":[{"@type":"ListItem","position":1,"name":"Accueil","item":"http:\/\/vet-ecg.ddns.net\/"},{"@type":"ListItem","position":2,"name":"st\u00e9nose aortique-1"}]},{"@type":"WebSite","@id":"http:\/\/vet-ecg.ddns.net\/#website","url":"http:\/\/vet-ecg.ddns.net\/","name":"Blog d&#039;\u00e9lectrocardiographie v\u00e9t\u00e9rinaire","description":"recueil d&#039;ECG de chiens et de chats","publisher":{"@id":"http:\/\/vet-ecg.ddns.net\/#\/schema\/person\/fec4070a47e235fed904fab73cae00b4"},"alternateName":"\u00e9lectrocardiographie v\u00e9t\u00e9rinaire","potentialAction":[{"@type":"SearchAction","target":{"@type":"EntryPoint","urlTemplate":"http:\/\/vet-ecg.ddns.net\/?s={search_term_string}"},"query-input":{"@type":"PropertyValueSpecification","valueRequired":true,"valueName":"search_term_string"}}],"inLanguage":"fr-FR"},{"@type":["Person","Organization"],"@id":"http:\/\/vet-ecg.ddns.net\/#\/schema\/person\/fec4070a47e235fed904fab73cae00b4","name":"admin","image":{"@type":"ImageObject","inLanguage":"fr-FR","@id":"http:\/\/vet-ecg.ddns.net\/wp-content\/uploads\/2018\/04\/Zelda-2-ECG-248.jpg","url":"http:\/\/vet-ecg.ddns.net\/wp-content\/uploads\/2018\/04\/Zelda-2-ECG-248.jpg","contentUrl":"http:\/\/vet-ecg.ddns.net\/wp-content\/uploads\/2018\/04\/Zelda-2-ECG-248.jpg","width":248,"height":248,"caption":"admin"},"logo":{"@id":"http:\/\/vet-ecg.ddns.net\/wp-content\/uploads\/2018\/04\/Zelda-2-ECG-248.jpg"},"description":"Les trac\u00e9s publi\u00e9s sur ce site sont issus de diff\u00e9rentes cliniques v\u00e9t\u00e9rinaires de Paris et de sa banlieue durant les 10 derni\u00e8res ann\u00e9es. Les ECG r\u00e9alis\u00e9s ont \u00e9t\u00e9 r\u00e9alis\u00e9s sur des chiens et des chats qui ont tous b\u00e9n\u00e9fici\u00e9 d'une \u00e9chocardiographie."}]}},"_links":{"self":[{"href":"http:\/\/vet-ecg.ddns.net\/index.php\/wp-json\/wp\/v2\/pages\/1119","targetHints":{"allow":["GET"]}}],"collection":[{"href":"http:\/\/vet-ecg.ddns.net\/index.php\/wp-json\/wp\/v2\/pages"}],"about":[{"href":"http:\/\/vet-ecg.ddns.net\/index.php\/wp-json\/wp\/v2\/types\/page"}],"author":[{"embeddable":true,"href":"http:\/\/vet-ecg.ddns.net\/index.php\/wp-json\/wp\/v2\/users\/1"}],"replies":[{"embeddable":true,"href":"http:\/\/vet-ecg.ddns.net\/index.php\/wp-json\/wp\/v2\/comments?post=1119"}],"version-history":[{"count":0,"href":"http:\/\/vet-ecg.ddns.net\/index.php\/wp-json\/wp\/v2\/pages\/1119\/revisions"}],"wp:attachment":[{"href":"http:\/\/vet-ecg.ddns.net\/index.php\/wp-json\/wp\/v2\/media?parent=1119"}],"curies":[{"name":"wp","href":"https:\/\/api.w.org\/{rel}","templated":true}]}}