{"id":1092,"date":"2018-11-17T22:58:34","date_gmt":"2018-11-17T21:58:34","guid":{"rendered":"http:\/\/192.168.1.104\/?page_id=1092"},"modified":"2019-11-12T09:11:28","modified_gmt":"2019-11-12T08:11:28","slug":"cmd-6","status":"publish","type":"page","link":"http:\/\/vet-ecg.ddns.net\/index.php\/cmd-6\/","title":{"rendered":"cmd-6"},"content":{"rendered":"<figure id=\"attachment_1093\" aria-describedby=\"caption-attachment-1093\" style=\"width: 1743px\" class=\"wp-caption alignnone\"><img loading=\"lazy\" decoding=\"async\" class=\"size-full wp-image-1093\" src=\"http:\/\/vet-ecg.ddns.net\/wp-content\/uploads\/cmd-epagneul-1.jpg\" alt=\" QRS hypervolt\u00e9s de morphologie RR' et ondes P \u00e9largies dans une cardiomyopathie dilat\u00e9e.\" width=\"1743\" height=\"1632\" \/><figcaption id=\"caption-attachment-1093\" class=\"wp-caption-text\">Ondes P bifides et crochetage de la pente descendante de l&rsquo;onde R.<\/figcaption><\/figure>\n<p>Le rythme de cet \u00e9pagneul breton de 25 kg est sinusal et r\u00e9gulier (130 bpm). On ne per\u00e7oit cependant pas d&rsquo;arythmie respiratoire.<\/p>\n<p>Les ondes P sont bifides et atteignent 60 ms, quant aux QRS, leur dur\u00e9e avoisine les 110 ms, sugg\u00e9rant un bloc de branche gauche.<\/p>\n<p>De plus, l&rsquo;amplitude des QRS est de 5,6 mV, leur morphologie RR&rsquo; en D3 et le crochetage de la pente descendante de l&rsquo;onde R dans les autres d\u00e9rivations t\u00e9moignent de la dilatation ventriculaire.<\/p>\n<p>La morphologie du QRS en AVL est particuli\u00e8rement inhabituelle.<\/p>\n<p>Par ailleurs, les ondes T sont amples, sym\u00e9triques et pointues.<\/p>\n<p>L&rsquo;\u00e9chographie r\u00e9v\u00e8le une cardiomyopathie dilat\u00e9e avanc\u00e9e.<\/p>\n","protected":false},"excerpt":{"rendered":"<p>Le rythme de cet \u00e9pagneul breton de 25 kg est sinusal et r\u00e9gulier (130 bpm). On ne per\u00e7oit cependant pas d&rsquo;arythmie respiratoire. Les ondes P sont bifides et atteignent 60 ms, quant aux QRS, leur dur\u00e9e avoisine les 110 ms, sugg\u00e9rant un bloc de branche gauche. De plus, l&rsquo;amplitude des QRS est de 5,6 mV, &hellip; <a href=\"http:\/\/vet-ecg.ddns.net\/index.php\/cmd-6\/\" class=\"more-link\">Continuer la lecture de <span class=\"screen-reader-text\">cmd-6<\/span><\/a><\/p>\n","protected":false},"author":1,"featured_media":0,"parent":0,"menu_order":0,"comment_status":"closed","ping_status":"closed","template":"","meta":{"footnotes":""},"class_list":["post-1092","page","type-page","status-publish","hentry"],"yoast_head":"<!-- This site is optimized with the Yoast SEO plugin v27.4 - https:\/\/yoast.com\/product\/yoast-seo-wordpress\/ -->\n<title>cmd-6 - Blog d&#039;\u00e9lectrocardiographie v\u00e9t\u00e9rinaire<\/title>\n<meta name=\"description\" content=\"Augmentation majeure de la dur\u00e9e de QRS ainsi que de l&#039;onde P au cours d&#039;une cardiomyopathie dilat\u00e9e tr\u00e8s avanc\u00e9e. L&#039;\u00e9tat g\u00e9n\u00e9ral de l&#039;animal est d\u00e9grad\u00e9.\" \/>\n<meta name=\"robots\" content=\"index, follow, max-snippet:-1, max-image-preview:large, max-video-preview:-1\" \/>\n<link rel=\"canonical\" href=\"http:\/\/vet-ecg.ddns.net\/index.php\/cmd-6\/\" \/>\n<meta name=\"twitter:label1\" content=\"Dur\u00e9e de lecture estim\u00e9e\" \/>\n\t<meta name=\"twitter:data1\" content=\"1 minute\" \/>\n<script type=\"application\/ld+json\" class=\"yoast-schema-graph\">{\"@context\":\"https:\\\/\\\/schema.org\",\"@graph\":[{\"@type\":\"WebPage\",\"@id\":\"http:\\\/\\\/vet-ecg.ddns.net\\\/index.php\\\/cmd-6\\\/\",\"url\":\"http:\\\/\\\/vet-ecg.ddns.net\\\/index.php\\\/cmd-6\\\/\",\"name\":\"cmd-6 - Blog d&#039;\u00e9lectrocardiographie v\u00e9t\u00e9rinaire\",\"isPartOf\":{\"@id\":\"http:\\\/\\\/vet-ecg.ddns.net\\\/#website\"},\"primaryImageOfPage\":{\"@id\":\"http:\\\/\\\/vet-ecg.ddns.net\\\/index.php\\\/cmd-6\\\/#primaryimage\"},\"image\":{\"@id\":\"http:\\\/\\\/vet-ecg.ddns.net\\\/index.php\\\/cmd-6\\\/#primaryimage\"},\"thumbnailUrl\":\"http:\\\/\\\/vet-ecg.ddns.net\\\/wp-content\\\/uploads\\\/cmd-epagneul-1.jpg\",\"datePublished\":\"2018-11-17T21:58:34+00:00\",\"dateModified\":\"2019-11-12T08:11:28+00:00\",\"description\":\"Augmentation majeure de la dur\u00e9e de QRS ainsi que de l'onde P au cours d'une cardiomyopathie dilat\u00e9e tr\u00e8s avanc\u00e9e. L'\u00e9tat g\u00e9n\u00e9ral de l'animal est d\u00e9grad\u00e9.\",\"breadcrumb\":{\"@id\":\"http:\\\/\\\/vet-ecg.ddns.net\\\/index.php\\\/cmd-6\\\/#breadcrumb\"},\"inLanguage\":\"fr-FR\",\"potentialAction\":[{\"@type\":\"ReadAction\",\"target\":[\"http:\\\/\\\/vet-ecg.ddns.net\\\/index.php\\\/cmd-6\\\/\"]}]},{\"@type\":\"ImageObject\",\"inLanguage\":\"fr-FR\",\"@id\":\"http:\\\/\\\/vet-ecg.ddns.net\\\/index.php\\\/cmd-6\\\/#primaryimage\",\"url\":\"http:\\\/\\\/vet-ecg.ddns.net\\\/wp-content\\\/uploads\\\/cmd-epagneul-1.jpg\",\"contentUrl\":\"http:\\\/\\\/vet-ecg.ddns.net\\\/wp-content\\\/uploads\\\/cmd-epagneul-1.jpg\",\"width\":1743,\"height\":1632,\"caption\":\"Ondes P bifides et crochetage de la pente descendante de l'onde R.\"},{\"@type\":\"BreadcrumbList\",\"@id\":\"http:\\\/\\\/vet-ecg.ddns.net\\\/index.php\\\/cmd-6\\\/#breadcrumb\",\"itemListElement\":[{\"@type\":\"ListItem\",\"position\":1,\"name\":\"Accueil\",\"item\":\"http:\\\/\\\/vet-ecg.ddns.net\\\/\"},{\"@type\":\"ListItem\",\"position\":2,\"name\":\"cmd-6\"}]},{\"@type\":\"WebSite\",\"@id\":\"http:\\\/\\\/vet-ecg.ddns.net\\\/#website\",\"url\":\"http:\\\/\\\/vet-ecg.ddns.net\\\/\",\"name\":\"Blog d&#039;\u00e9lectrocardiographie v\u00e9t\u00e9rinaire\",\"description\":\"recueil d&#039;ECG de chiens et de chats\",\"publisher\":{\"@id\":\"http:\\\/\\\/vet-ecg.ddns.net\\\/#\\\/schema\\\/person\\\/fec4070a47e235fed904fab73cae00b4\"},\"alternateName\":\"\u00e9lectrocardiographie v\u00e9t\u00e9rinaire\",\"potentialAction\":[{\"@type\":\"SearchAction\",\"target\":{\"@type\":\"EntryPoint\",\"urlTemplate\":\"http:\\\/\\\/vet-ecg.ddns.net\\\/?s={search_term_string}\"},\"query-input\":{\"@type\":\"PropertyValueSpecification\",\"valueRequired\":true,\"valueName\":\"search_term_string\"}}],\"inLanguage\":\"fr-FR\"},{\"@type\":[\"Person\",\"Organization\"],\"@id\":\"http:\\\/\\\/vet-ecg.ddns.net\\\/#\\\/schema\\\/person\\\/fec4070a47e235fed904fab73cae00b4\",\"name\":\"admin\",\"image\":{\"@type\":\"ImageObject\",\"inLanguage\":\"fr-FR\",\"@id\":\"http:\\\/\\\/vet-ecg.ddns.net\\\/wp-content\\\/uploads\\\/2018\\\/04\\\/Zelda-2-ECG-248.jpg\",\"url\":\"http:\\\/\\\/vet-ecg.ddns.net\\\/wp-content\\\/uploads\\\/2018\\\/04\\\/Zelda-2-ECG-248.jpg\",\"contentUrl\":\"http:\\\/\\\/vet-ecg.ddns.net\\\/wp-content\\\/uploads\\\/2018\\\/04\\\/Zelda-2-ECG-248.jpg\",\"width\":248,\"height\":248,\"caption\":\"admin\"},\"logo\":{\"@id\":\"http:\\\/\\\/vet-ecg.ddns.net\\\/wp-content\\\/uploads\\\/2018\\\/04\\\/Zelda-2-ECG-248.jpg\"},\"description\":\"Les trac\u00e9s publi\u00e9s sur ce site sont issus de diff\u00e9rentes cliniques v\u00e9t\u00e9rinaires de Paris et de sa banlieue durant les 10 derni\u00e8res ann\u00e9es. Les ECG r\u00e9alis\u00e9s ont \u00e9t\u00e9 r\u00e9alis\u00e9s sur des chiens et des chats qui ont tous b\u00e9n\u00e9fici\u00e9 d'une \u00e9chocardiographie.\"}]}<\/script>\n<!-- \/ Yoast SEO plugin. -->","yoast_head_json":{"title":"cmd-6 - Blog d&#039;\u00e9lectrocardiographie v\u00e9t\u00e9rinaire","description":"Augmentation majeure de la dur\u00e9e de QRS ainsi que de l'onde P au cours d'une cardiomyopathie dilat\u00e9e tr\u00e8s avanc\u00e9e. L'\u00e9tat g\u00e9n\u00e9ral de l'animal est d\u00e9grad\u00e9.","robots":{"index":"index","follow":"follow","max-snippet":"max-snippet:-1","max-image-preview":"max-image-preview:large","max-video-preview":"max-video-preview:-1"},"canonical":"http:\/\/vet-ecg.ddns.net\/index.php\/cmd-6\/","twitter_misc":{"Dur\u00e9e de lecture estim\u00e9e":"1 minute"},"schema":{"@context":"https:\/\/schema.org","@graph":[{"@type":"WebPage","@id":"http:\/\/vet-ecg.ddns.net\/index.php\/cmd-6\/","url":"http:\/\/vet-ecg.ddns.net\/index.php\/cmd-6\/","name":"cmd-6 - Blog d&#039;\u00e9lectrocardiographie v\u00e9t\u00e9rinaire","isPartOf":{"@id":"http:\/\/vet-ecg.ddns.net\/#website"},"primaryImageOfPage":{"@id":"http:\/\/vet-ecg.ddns.net\/index.php\/cmd-6\/#primaryimage"},"image":{"@id":"http:\/\/vet-ecg.ddns.net\/index.php\/cmd-6\/#primaryimage"},"thumbnailUrl":"http:\/\/vet-ecg.ddns.net\/wp-content\/uploads\/cmd-epagneul-1.jpg","datePublished":"2018-11-17T21:58:34+00:00","dateModified":"2019-11-12T08:11:28+00:00","description":"Augmentation majeure de la dur\u00e9e de QRS ainsi que de l'onde P au cours d'une cardiomyopathie dilat\u00e9e tr\u00e8s avanc\u00e9e. L'\u00e9tat g\u00e9n\u00e9ral de l'animal est d\u00e9grad\u00e9.","breadcrumb":{"@id":"http:\/\/vet-ecg.ddns.net\/index.php\/cmd-6\/#breadcrumb"},"inLanguage":"fr-FR","potentialAction":[{"@type":"ReadAction","target":["http:\/\/vet-ecg.ddns.net\/index.php\/cmd-6\/"]}]},{"@type":"ImageObject","inLanguage":"fr-FR","@id":"http:\/\/vet-ecg.ddns.net\/index.php\/cmd-6\/#primaryimage","url":"http:\/\/vet-ecg.ddns.net\/wp-content\/uploads\/cmd-epagneul-1.jpg","contentUrl":"http:\/\/vet-ecg.ddns.net\/wp-content\/uploads\/cmd-epagneul-1.jpg","width":1743,"height":1632,"caption":"Ondes P bifides et crochetage de la pente descendante de l'onde R."},{"@type":"BreadcrumbList","@id":"http:\/\/vet-ecg.ddns.net\/index.php\/cmd-6\/#breadcrumb","itemListElement":[{"@type":"ListItem","position":1,"name":"Accueil","item":"http:\/\/vet-ecg.ddns.net\/"},{"@type":"ListItem","position":2,"name":"cmd-6"}]},{"@type":"WebSite","@id":"http:\/\/vet-ecg.ddns.net\/#website","url":"http:\/\/vet-ecg.ddns.net\/","name":"Blog d&#039;\u00e9lectrocardiographie v\u00e9t\u00e9rinaire","description":"recueil d&#039;ECG de chiens et de chats","publisher":{"@id":"http:\/\/vet-ecg.ddns.net\/#\/schema\/person\/fec4070a47e235fed904fab73cae00b4"},"alternateName":"\u00e9lectrocardiographie v\u00e9t\u00e9rinaire","potentialAction":[{"@type":"SearchAction","target":{"@type":"EntryPoint","urlTemplate":"http:\/\/vet-ecg.ddns.net\/?s={search_term_string}"},"query-input":{"@type":"PropertyValueSpecification","valueRequired":true,"valueName":"search_term_string"}}],"inLanguage":"fr-FR"},{"@type":["Person","Organization"],"@id":"http:\/\/vet-ecg.ddns.net\/#\/schema\/person\/fec4070a47e235fed904fab73cae00b4","name":"admin","image":{"@type":"ImageObject","inLanguage":"fr-FR","@id":"http:\/\/vet-ecg.ddns.net\/wp-content\/uploads\/2018\/04\/Zelda-2-ECG-248.jpg","url":"http:\/\/vet-ecg.ddns.net\/wp-content\/uploads\/2018\/04\/Zelda-2-ECG-248.jpg","contentUrl":"http:\/\/vet-ecg.ddns.net\/wp-content\/uploads\/2018\/04\/Zelda-2-ECG-248.jpg","width":248,"height":248,"caption":"admin"},"logo":{"@id":"http:\/\/vet-ecg.ddns.net\/wp-content\/uploads\/2018\/04\/Zelda-2-ECG-248.jpg"},"description":"Les trac\u00e9s publi\u00e9s sur ce site sont issus de diff\u00e9rentes cliniques v\u00e9t\u00e9rinaires de Paris et de sa banlieue durant les 10 derni\u00e8res ann\u00e9es. Les ECG r\u00e9alis\u00e9s ont \u00e9t\u00e9 r\u00e9alis\u00e9s sur des chiens et des chats qui ont tous b\u00e9n\u00e9fici\u00e9 d'une \u00e9chocardiographie."}]}},"_links":{"self":[{"href":"http:\/\/vet-ecg.ddns.net\/index.php\/wp-json\/wp\/v2\/pages\/1092","targetHints":{"allow":["GET"]}}],"collection":[{"href":"http:\/\/vet-ecg.ddns.net\/index.php\/wp-json\/wp\/v2\/pages"}],"about":[{"href":"http:\/\/vet-ecg.ddns.net\/index.php\/wp-json\/wp\/v2\/types\/page"}],"author":[{"embeddable":true,"href":"http:\/\/vet-ecg.ddns.net\/index.php\/wp-json\/wp\/v2\/users\/1"}],"replies":[{"embeddable":true,"href":"http:\/\/vet-ecg.ddns.net\/index.php\/wp-json\/wp\/v2\/comments?post=1092"}],"version-history":[{"count":0,"href":"http:\/\/vet-ecg.ddns.net\/index.php\/wp-json\/wp\/v2\/pages\/1092\/revisions"}],"wp:attachment":[{"href":"http:\/\/vet-ecg.ddns.net\/index.php\/wp-json\/wp\/v2\/media?parent=1092"}],"curies":[{"name":"wp","href":"https:\/\/api.w.org\/{rel}","templated":true}]}}