{"id":1061,"date":"2018-11-12T09:07:41","date_gmt":"2018-11-12T08:07:41","guid":{"rendered":"http:\/\/vet-ecg2.ddns.net\/?page_id=1061"},"modified":"2019-11-11T17:03:53","modified_gmt":"2019-11-11T16:03:53","slug":"cmd-3","status":"publish","type":"page","link":"http:\/\/vet-ecg.ddns.net\/index.php\/cmd-3\/","title":{"rendered":"CMD-3"},"content":{"rendered":"<figure id=\"attachment_1081\" aria-describedby=\"caption-attachment-1081\" style=\"width: 2000px\" class=\"wp-caption aligncenter\"><img loading=\"lazy\" decoding=\"async\" class=\"wp-image-1081 size-full\" src=\"http:\/\/vet-ecg.ddns.net\/wp-content\/uploads\/cmd-cocker-2-1.jpg\" alt=\"Fibrillation sur une cardiomyopathie dilat\u00e9e de cocker.\" width=\"2000\" height=\"2000\" \/><figcaption id=\"caption-attachment-1081\" class=\"wp-caption-text\">Hypervoltage des QRS et trouble du rythme dans un cas de cardiomyopathie dilat\u00e9e.<\/figcaption><\/figure>\n<p>\u00a0<\/p>\n<p>Cet enregistrement \u00e0 50 mm\/s et 5 mm\/mV a \u00e9t\u00e9 r\u00e9alis\u00e9 sur un cocker de 15 kg.<\/p>\n<p>Le rythme n&rsquo;est pas sinusal. Les ondes P ne sont g\u00e9n\u00e9ralement pas visibles. Seul le 6e complexe est pr\u00e9c\u00e9d\u00e9 d&rsquo;une onde P.<\/p>\n<p>La fr\u00e9quence cardiaque est tr\u00e8s \u00e9lev\u00e9e et l&rsquo;arythmie peu perceptible.<\/p>\n<p>La partie descendante de l&rsquo;onde R en D1 est crochet\u00e9e.<\/p>\n<p>L&rsquo;amplitude des QRS est de 4,5 mV et leur dur\u00e9e approche les 70 ms.<\/p>\n<p>Ce trac\u00e9 pose un probl\u00e8me diagnostique. En effet, en l&rsquo;absence de dissociation atrio-ventriculaire patente, il est difficile de trancher entre une tachycardie ventriculaire et une fibrillation atriale avec bloc de branche gauche.<\/p>\n<p>Le trac\u00e9 du m\u00eame animal, r\u00e9alis\u00e9 cette fois, \u00e0 25 mm\/s (image ci-dessous), nous aide \u00e0 y voir plus clair puisque l&rsquo;on per\u00e7oit maintenant une arythmie prononc\u00e9e (175-270 bpm) et des ondes P dissoci\u00e9es des QRS en D1.<\/p>\n\n\n<figure class=\"wp-block-image\"><img loading=\"lazy\" decoding=\"async\" width=\"1650\" height=\"2991\" src=\"http:\/\/vet-ecg.ddns.net\/wp-content\/uploads\/cocker-2-2.jpg\" alt=\"\" class=\"wp-image-2407\"\/><figcaption>Fibrillation atriale<\/figcaption><\/figure>\n\n\n<p>Ce trouble du rythme tr\u00e8s rapide est un facteur aggravant car le d\u00e9bit cardiaque est effondr\u00e9 en raison d&rsquo; un temps de remplissage diastolique tr\u00e8s court.<\/p>\n<p>L&rsquo;\u00e9chocardiographie a mis en \u00e9vidence une cardiomyopathie dilat\u00e9e.<\/p>\n<p>La fraction de raccourcissement est de 8%.<\/p>\n<p>Un traitement antiarythmique a permis le retour en rythme sinusal comme le montre l&rsquo;image ci-dessous. Les ondes P d\u00e9polarisent maintenant le n\u0153ud atrio-ventriculaire. Le 3e complexe est une extrasystole atriale.<\/p>\n\n\n<figure class=\"wp-block-image\"><img loading=\"lazy\" decoding=\"async\" width=\"2471\" height=\"4050\" src=\"http:\/\/vet-ecg.ddns.net\/wp-content\/uploads\/cocker-2-3.jpg\" alt=\"\" class=\"wp-image-2408\"\/><\/figure>\n","protected":false},"excerpt":{"rendered":"<p>\u00a0 Cet enregistrement \u00e0 50 mm\/s et 5 mm\/mV a \u00e9t\u00e9 r\u00e9alis\u00e9 sur un cocker de 15 kg. Le rythme n&rsquo;est pas sinusal. Les ondes P ne sont g\u00e9n\u00e9ralement pas visibles. Seul le 6e complexe est pr\u00e9c\u00e9d\u00e9 d&rsquo;une onde P. La fr\u00e9quence cardiaque est tr\u00e8s \u00e9lev\u00e9e et l&rsquo;arythmie peu perceptible. La partie descendante de l&rsquo;onde &hellip; <a href=\"http:\/\/vet-ecg.ddns.net\/index.php\/cmd-3\/\" class=\"more-link\">Continuer la lecture de <span class=\"screen-reader-text\">CMD-3<\/span><\/a><\/p>\n","protected":false},"author":1,"featured_media":0,"parent":0,"menu_order":0,"comment_status":"closed","ping_status":"closed","template":"","meta":{"footnotes":""},"class_list":["post-1061","page","type-page","status-publish","hentry"],"yoast_head":"<!-- This site is optimized with the Yoast SEO plugin v27.4 - https:\/\/yoast.com\/product\/yoast-seo-wordpress\/ -->\n<title>CMD-3 - Blog d&#039;\u00e9lectrocardiographie v\u00e9t\u00e9rinaire<\/title>\n<meta name=\"description\" content=\"cardiomyopathie dilat\u00e9e associ\u00e9e \u00e0 un trouble du rythme soutenu. La tol\u00e9rance est mauvaise en raison de la fr\u00e9quence particuli\u00e8rement \u00e9lev\u00e9e.\" \/>\n<meta name=\"robots\" content=\"index, follow, max-snippet:-1, max-image-preview:large, max-video-preview:-1\" \/>\n<link rel=\"canonical\" href=\"http:\/\/vet-ecg.ddns.net\/index.php\/cmd-3\/\" \/>\n<meta name=\"twitter:label1\" content=\"Dur\u00e9e de lecture estim\u00e9e\" \/>\n\t<meta name=\"twitter:data1\" content=\"1 minute\" \/>\n<script type=\"application\/ld+json\" class=\"yoast-schema-graph\">{\"@context\":\"https:\\\/\\\/schema.org\",\"@graph\":[{\"@type\":\"WebPage\",\"@id\":\"http:\\\/\\\/vet-ecg.ddns.net\\\/index.php\\\/cmd-3\\\/\",\"url\":\"http:\\\/\\\/vet-ecg.ddns.net\\\/index.php\\\/cmd-3\\\/\",\"name\":\"CMD-3 - Blog d&#039;\u00e9lectrocardiographie v\u00e9t\u00e9rinaire\",\"isPartOf\":{\"@id\":\"http:\\\/\\\/vet-ecg.ddns.net\\\/#website\"},\"primaryImageOfPage\":{\"@id\":\"http:\\\/\\\/vet-ecg.ddns.net\\\/index.php\\\/cmd-3\\\/#primaryimage\"},\"image\":{\"@id\":\"http:\\\/\\\/vet-ecg.ddns.net\\\/index.php\\\/cmd-3\\\/#primaryimage\"},\"thumbnailUrl\":\"http:\\\/\\\/vet-ecg.ddns.net\\\/wp-content\\\/uploads\\\/cmd-cocker-2-1.jpg\",\"datePublished\":\"2018-11-12T08:07:41+00:00\",\"dateModified\":\"2019-11-11T16:03:53+00:00\",\"description\":\"cardiomyopathie dilat\u00e9e associ\u00e9e \u00e0 un trouble du rythme soutenu. La tol\u00e9rance est mauvaise en raison de la fr\u00e9quence particuli\u00e8rement \u00e9lev\u00e9e.\",\"breadcrumb\":{\"@id\":\"http:\\\/\\\/vet-ecg.ddns.net\\\/index.php\\\/cmd-3\\\/#breadcrumb\"},\"inLanguage\":\"fr-FR\",\"potentialAction\":[{\"@type\":\"ReadAction\",\"target\":[\"http:\\\/\\\/vet-ecg.ddns.net\\\/index.php\\\/cmd-3\\\/\"]}]},{\"@type\":\"ImageObject\",\"inLanguage\":\"fr-FR\",\"@id\":\"http:\\\/\\\/vet-ecg.ddns.net\\\/index.php\\\/cmd-3\\\/#primaryimage\",\"url\":\"http:\\\/\\\/vet-ecg.ddns.net\\\/wp-content\\\/uploads\\\/cmd-cocker-2-1.jpg\",\"contentUrl\":\"http:\\\/\\\/vet-ecg.ddns.net\\\/wp-content\\\/uploads\\\/cmd-cocker-2-1.jpg\",\"width\":2000,\"height\":2000,\"caption\":\"Hypervoltage des QRS et fibrillation atriale dans un cas de cardiomyopathie dilat\u00e9e.\"},{\"@type\":\"BreadcrumbList\",\"@id\":\"http:\\\/\\\/vet-ecg.ddns.net\\\/index.php\\\/cmd-3\\\/#breadcrumb\",\"itemListElement\":[{\"@type\":\"ListItem\",\"position\":1,\"name\":\"Accueil\",\"item\":\"http:\\\/\\\/vet-ecg.ddns.net\\\/\"},{\"@type\":\"ListItem\",\"position\":2,\"name\":\"CMD-3\"}]},{\"@type\":\"WebSite\",\"@id\":\"http:\\\/\\\/vet-ecg.ddns.net\\\/#website\",\"url\":\"http:\\\/\\\/vet-ecg.ddns.net\\\/\",\"name\":\"Blog d&#039;\u00e9lectrocardiographie v\u00e9t\u00e9rinaire\",\"description\":\"recueil d&#039;ECG de chiens et de chats\",\"publisher\":{\"@id\":\"http:\\\/\\\/vet-ecg.ddns.net\\\/#\\\/schema\\\/person\\\/fec4070a47e235fed904fab73cae00b4\"},\"alternateName\":\"\u00e9lectrocardiographie v\u00e9t\u00e9rinaire\",\"potentialAction\":[{\"@type\":\"SearchAction\",\"target\":{\"@type\":\"EntryPoint\",\"urlTemplate\":\"http:\\\/\\\/vet-ecg.ddns.net\\\/?s={search_term_string}\"},\"query-input\":{\"@type\":\"PropertyValueSpecification\",\"valueRequired\":true,\"valueName\":\"search_term_string\"}}],\"inLanguage\":\"fr-FR\"},{\"@type\":[\"Person\",\"Organization\"],\"@id\":\"http:\\\/\\\/vet-ecg.ddns.net\\\/#\\\/schema\\\/person\\\/fec4070a47e235fed904fab73cae00b4\",\"name\":\"admin\",\"image\":{\"@type\":\"ImageObject\",\"inLanguage\":\"fr-FR\",\"@id\":\"http:\\\/\\\/vet-ecg.ddns.net\\\/wp-content\\\/uploads\\\/2018\\\/04\\\/Zelda-2-ECG-248.jpg\",\"url\":\"http:\\\/\\\/vet-ecg.ddns.net\\\/wp-content\\\/uploads\\\/2018\\\/04\\\/Zelda-2-ECG-248.jpg\",\"contentUrl\":\"http:\\\/\\\/vet-ecg.ddns.net\\\/wp-content\\\/uploads\\\/2018\\\/04\\\/Zelda-2-ECG-248.jpg\",\"width\":248,\"height\":248,\"caption\":\"admin\"},\"logo\":{\"@id\":\"http:\\\/\\\/vet-ecg.ddns.net\\\/wp-content\\\/uploads\\\/2018\\\/04\\\/Zelda-2-ECG-248.jpg\"},\"description\":\"Les trac\u00e9s publi\u00e9s sur ce site sont issus de diff\u00e9rentes cliniques v\u00e9t\u00e9rinaires de Paris et de sa banlieue durant les 10 derni\u00e8res ann\u00e9es. Les ECG r\u00e9alis\u00e9s ont \u00e9t\u00e9 r\u00e9alis\u00e9s sur des chiens et des chats qui ont tous b\u00e9n\u00e9fici\u00e9 d'une \u00e9chocardiographie.\"}]}<\/script>\n<!-- \/ Yoast SEO plugin. -->","yoast_head_json":{"title":"CMD-3 - Blog d&#039;\u00e9lectrocardiographie v\u00e9t\u00e9rinaire","description":"cardiomyopathie dilat\u00e9e associ\u00e9e \u00e0 un trouble du rythme soutenu. La tol\u00e9rance est mauvaise en raison de la fr\u00e9quence particuli\u00e8rement \u00e9lev\u00e9e.","robots":{"index":"index","follow":"follow","max-snippet":"max-snippet:-1","max-image-preview":"max-image-preview:large","max-video-preview":"max-video-preview:-1"},"canonical":"http:\/\/vet-ecg.ddns.net\/index.php\/cmd-3\/","twitter_misc":{"Dur\u00e9e de lecture estim\u00e9e":"1 minute"},"schema":{"@context":"https:\/\/schema.org","@graph":[{"@type":"WebPage","@id":"http:\/\/vet-ecg.ddns.net\/index.php\/cmd-3\/","url":"http:\/\/vet-ecg.ddns.net\/index.php\/cmd-3\/","name":"CMD-3 - Blog d&#039;\u00e9lectrocardiographie v\u00e9t\u00e9rinaire","isPartOf":{"@id":"http:\/\/vet-ecg.ddns.net\/#website"},"primaryImageOfPage":{"@id":"http:\/\/vet-ecg.ddns.net\/index.php\/cmd-3\/#primaryimage"},"image":{"@id":"http:\/\/vet-ecg.ddns.net\/index.php\/cmd-3\/#primaryimage"},"thumbnailUrl":"http:\/\/vet-ecg.ddns.net\/wp-content\/uploads\/cmd-cocker-2-1.jpg","datePublished":"2018-11-12T08:07:41+00:00","dateModified":"2019-11-11T16:03:53+00:00","description":"cardiomyopathie dilat\u00e9e associ\u00e9e \u00e0 un trouble du rythme soutenu. La tol\u00e9rance est mauvaise en raison de la fr\u00e9quence particuli\u00e8rement \u00e9lev\u00e9e.","breadcrumb":{"@id":"http:\/\/vet-ecg.ddns.net\/index.php\/cmd-3\/#breadcrumb"},"inLanguage":"fr-FR","potentialAction":[{"@type":"ReadAction","target":["http:\/\/vet-ecg.ddns.net\/index.php\/cmd-3\/"]}]},{"@type":"ImageObject","inLanguage":"fr-FR","@id":"http:\/\/vet-ecg.ddns.net\/index.php\/cmd-3\/#primaryimage","url":"http:\/\/vet-ecg.ddns.net\/wp-content\/uploads\/cmd-cocker-2-1.jpg","contentUrl":"http:\/\/vet-ecg.ddns.net\/wp-content\/uploads\/cmd-cocker-2-1.jpg","width":2000,"height":2000,"caption":"Hypervoltage des QRS et fibrillation atriale dans un cas de cardiomyopathie dilat\u00e9e."},{"@type":"BreadcrumbList","@id":"http:\/\/vet-ecg.ddns.net\/index.php\/cmd-3\/#breadcrumb","itemListElement":[{"@type":"ListItem","position":1,"name":"Accueil","item":"http:\/\/vet-ecg.ddns.net\/"},{"@type":"ListItem","position":2,"name":"CMD-3"}]},{"@type":"WebSite","@id":"http:\/\/vet-ecg.ddns.net\/#website","url":"http:\/\/vet-ecg.ddns.net\/","name":"Blog d&#039;\u00e9lectrocardiographie v\u00e9t\u00e9rinaire","description":"recueil d&#039;ECG de chiens et de chats","publisher":{"@id":"http:\/\/vet-ecg.ddns.net\/#\/schema\/person\/fec4070a47e235fed904fab73cae00b4"},"alternateName":"\u00e9lectrocardiographie v\u00e9t\u00e9rinaire","potentialAction":[{"@type":"SearchAction","target":{"@type":"EntryPoint","urlTemplate":"http:\/\/vet-ecg.ddns.net\/?s={search_term_string}"},"query-input":{"@type":"PropertyValueSpecification","valueRequired":true,"valueName":"search_term_string"}}],"inLanguage":"fr-FR"},{"@type":["Person","Organization"],"@id":"http:\/\/vet-ecg.ddns.net\/#\/schema\/person\/fec4070a47e235fed904fab73cae00b4","name":"admin","image":{"@type":"ImageObject","inLanguage":"fr-FR","@id":"http:\/\/vet-ecg.ddns.net\/wp-content\/uploads\/2018\/04\/Zelda-2-ECG-248.jpg","url":"http:\/\/vet-ecg.ddns.net\/wp-content\/uploads\/2018\/04\/Zelda-2-ECG-248.jpg","contentUrl":"http:\/\/vet-ecg.ddns.net\/wp-content\/uploads\/2018\/04\/Zelda-2-ECG-248.jpg","width":248,"height":248,"caption":"admin"},"logo":{"@id":"http:\/\/vet-ecg.ddns.net\/wp-content\/uploads\/2018\/04\/Zelda-2-ECG-248.jpg"},"description":"Les trac\u00e9s publi\u00e9s sur ce site sont issus de diff\u00e9rentes cliniques v\u00e9t\u00e9rinaires de Paris et de sa banlieue durant les 10 derni\u00e8res ann\u00e9es. Les ECG r\u00e9alis\u00e9s ont \u00e9t\u00e9 r\u00e9alis\u00e9s sur des chiens et des chats qui ont tous b\u00e9n\u00e9fici\u00e9 d'une \u00e9chocardiographie."}]}},"_links":{"self":[{"href":"http:\/\/vet-ecg.ddns.net\/index.php\/wp-json\/wp\/v2\/pages\/1061","targetHints":{"allow":["GET"]}}],"collection":[{"href":"http:\/\/vet-ecg.ddns.net\/index.php\/wp-json\/wp\/v2\/pages"}],"about":[{"href":"http:\/\/vet-ecg.ddns.net\/index.php\/wp-json\/wp\/v2\/types\/page"}],"author":[{"embeddable":true,"href":"http:\/\/vet-ecg.ddns.net\/index.php\/wp-json\/wp\/v2\/users\/1"}],"replies":[{"embeddable":true,"href":"http:\/\/vet-ecg.ddns.net\/index.php\/wp-json\/wp\/v2\/comments?post=1061"}],"version-history":[{"count":0,"href":"http:\/\/vet-ecg.ddns.net\/index.php\/wp-json\/wp\/v2\/pages\/1061\/revisions"}],"wp:attachment":[{"href":"http:\/\/vet-ecg.ddns.net\/index.php\/wp-json\/wp\/v2\/media?parent=1061"}],"curies":[{"name":"wp","href":"https:\/\/api.w.org\/{rel}","templated":true}]}}