{"id":1055,"date":"2018-10-24T22:24:27","date_gmt":"2018-10-24T20:24:27","guid":{"rendered":"http:\/\/192.168.1.104\/?page_id=1055"},"modified":"2019-12-08T10:41:10","modified_gmt":"2019-12-08T09:41:10","slug":"cmd-2","status":"publish","type":"page","link":"http:\/\/vet-ecg.ddns.net\/index.php\/cmd-2\/","title":{"rendered":"Cocker atteint de CMD"},"content":{"rendered":"<figure id=\"attachment_1076\" aria-describedby=\"caption-attachment-1076\" style=\"width: 2000px\" class=\"wp-caption alignnone\"><img loading=\"lazy\" decoding=\"async\" class=\"size-full wp-image-1076\" src=\"http:\/\/vet-ecg.ddns.net\/wp-content\/uploads\/cmd-cocker-1.jpg\" alt=\"cocker de 13 ans atteint de cardiomyopathie dilat\u00e9e\" width=\"2000\" height=\"1840\" \/><figcaption id=\"caption-attachment-1076\" class=\"wp-caption-text\">hypervoltage des QRS dans une cardiomyopathie dilat\u00e9e<\/figcaption><\/figure>\n<p>Sur ce trac\u00e9 enregistr\u00e9 \u00e0 5 mm\/mV, le rythme cardiaque sinusal varie de 112 \u00e0 137 bpm.<\/p>\n<p>La morphologie des QRS en AVL est inhabituelle<\/p>\n<p>Ce qui attire l&rsquo;attention c&rsquo;est principalement l&rsquo;amplitude des QRS atteint 4,8 mV en D2 et leur dur\u00e9e de 80 ms.<\/p>\n<p>Les ondes T sont amples, pointues et sym\u00e9triques.<\/p>\n<p>Ces crit\u00e8res \u00e9voquent une dilatation ventriculaire gauche, confirm\u00e9e \u00e0 l&rsquo;\u00e9chocardiographie.<\/p>\n","protected":false},"excerpt":{"rendered":"<p>Sur ce trac\u00e9 enregistr\u00e9 \u00e0 5 mm\/mV, le rythme cardiaque sinusal varie de 112 \u00e0 137 bpm. La morphologie des QRS en AVL est inhabituelle Ce qui attire l&rsquo;attention c&rsquo;est principalement l&rsquo;amplitude des QRS atteint 4,8 mV en D2 et leur dur\u00e9e de 80 ms. Les ondes T sont amples, pointues et sym\u00e9triques. Ces crit\u00e8res &hellip; <a href=\"http:\/\/vet-ecg.ddns.net\/index.php\/cmd-2\/\" class=\"more-link\">Continuer la lecture de <span class=\"screen-reader-text\">Cocker atteint de CMD<\/span><\/a><\/p>\n","protected":false},"author":1,"featured_media":0,"parent":0,"menu_order":0,"comment_status":"closed","ping_status":"closed","template":"","meta":{"footnotes":""},"class_list":["post-1055","page","type-page","status-publish","hentry"],"yoast_head":"<!-- This site is optimized with the Yoast SEO plugin v27.4 - https:\/\/yoast.com\/product\/yoast-seo-wordpress\/ -->\n<title>Cocker atteint de CMD - Blog d&#039;\u00e9lectrocardiographie v\u00e9t\u00e9rinaire<\/title>\n<meta name=\"description\" content=\"Hypervoltage (4,8 mV) et dur\u00e9e augment\u00e9e (80 ms) des QRS chez un cocker atteint de CMD. Aspect rr&#039; en d\u00e9rivation AVL.\" \/>\n<meta name=\"robots\" content=\"index, follow, max-snippet:-1, max-image-preview:large, max-video-preview:-1\" \/>\n<link rel=\"canonical\" href=\"http:\/\/vet-ecg.ddns.net\/index.php\/cmd-2\/\" \/>\n<script type=\"application\/ld+json\" class=\"yoast-schema-graph\">{\"@context\":\"https:\\\/\\\/schema.org\",\"@graph\":[{\"@type\":\"WebPage\",\"@id\":\"http:\\\/\\\/vet-ecg.ddns.net\\\/index.php\\\/cmd-2\\\/\",\"url\":\"http:\\\/\\\/vet-ecg.ddns.net\\\/index.php\\\/cmd-2\\\/\",\"name\":\"Cocker atteint de CMD - Blog d&#039;\u00e9lectrocardiographie v\u00e9t\u00e9rinaire\",\"isPartOf\":{\"@id\":\"http:\\\/\\\/vet-ecg.ddns.net\\\/#website\"},\"primaryImageOfPage\":{\"@id\":\"http:\\\/\\\/vet-ecg.ddns.net\\\/index.php\\\/cmd-2\\\/#primaryimage\"},\"image\":{\"@id\":\"http:\\\/\\\/vet-ecg.ddns.net\\\/index.php\\\/cmd-2\\\/#primaryimage\"},\"thumbnailUrl\":\"http:\\\/\\\/vet-ecg.ddns.net\\\/wp-content\\\/uploads\\\/cmd-cocker-1.jpg\",\"datePublished\":\"2018-10-24T20:24:27+00:00\",\"dateModified\":\"2019-12-08T09:41:10+00:00\",\"description\":\"Hypervoltage (4,8 mV) et dur\u00e9e augment\u00e9e (80 ms) des QRS chez un cocker atteint de CMD. Aspect rr' en d\u00e9rivation AVL.\",\"breadcrumb\":{\"@id\":\"http:\\\/\\\/vet-ecg.ddns.net\\\/index.php\\\/cmd-2\\\/#breadcrumb\"},\"inLanguage\":\"fr-FR\",\"potentialAction\":[{\"@type\":\"ReadAction\",\"target\":[\"http:\\\/\\\/vet-ecg.ddns.net\\\/index.php\\\/cmd-2\\\/\"]}]},{\"@type\":\"ImageObject\",\"inLanguage\":\"fr-FR\",\"@id\":\"http:\\\/\\\/vet-ecg.ddns.net\\\/index.php\\\/cmd-2\\\/#primaryimage\",\"url\":\"http:\\\/\\\/vet-ecg.ddns.net\\\/wp-content\\\/uploads\\\/cmd-cocker-1.jpg\",\"contentUrl\":\"http:\\\/\\\/vet-ecg.ddns.net\\\/wp-content\\\/uploads\\\/cmd-cocker-1.jpg\",\"width\":2000,\"height\":1840,\"caption\":\"hypervoltage des QRS dans une cardiomyopathie dilat\u00e9e\"},{\"@type\":\"BreadcrumbList\",\"@id\":\"http:\\\/\\\/vet-ecg.ddns.net\\\/index.php\\\/cmd-2\\\/#breadcrumb\",\"itemListElement\":[{\"@type\":\"ListItem\",\"position\":1,\"name\":\"Accueil\",\"item\":\"http:\\\/\\\/vet-ecg.ddns.net\\\/\"},{\"@type\":\"ListItem\",\"position\":2,\"name\":\"Cocker atteint de CMD\"}]},{\"@type\":\"WebSite\",\"@id\":\"http:\\\/\\\/vet-ecg.ddns.net\\\/#website\",\"url\":\"http:\\\/\\\/vet-ecg.ddns.net\\\/\",\"name\":\"Blog d&#039;\u00e9lectrocardiographie v\u00e9t\u00e9rinaire\",\"description\":\"recueil d&#039;ECG de chiens et de chats\",\"publisher\":{\"@id\":\"http:\\\/\\\/vet-ecg.ddns.net\\\/#\\\/schema\\\/person\\\/fec4070a47e235fed904fab73cae00b4\"},\"alternateName\":\"\u00e9lectrocardiographie v\u00e9t\u00e9rinaire\",\"potentialAction\":[{\"@type\":\"SearchAction\",\"target\":{\"@type\":\"EntryPoint\",\"urlTemplate\":\"http:\\\/\\\/vet-ecg.ddns.net\\\/?s={search_term_string}\"},\"query-input\":{\"@type\":\"PropertyValueSpecification\",\"valueRequired\":true,\"valueName\":\"search_term_string\"}}],\"inLanguage\":\"fr-FR\"},{\"@type\":[\"Person\",\"Organization\"],\"@id\":\"http:\\\/\\\/vet-ecg.ddns.net\\\/#\\\/schema\\\/person\\\/fec4070a47e235fed904fab73cae00b4\",\"name\":\"admin\",\"image\":{\"@type\":\"ImageObject\",\"inLanguage\":\"fr-FR\",\"@id\":\"http:\\\/\\\/vet-ecg.ddns.net\\\/wp-content\\\/uploads\\\/2018\\\/04\\\/Zelda-2-ECG-248.jpg\",\"url\":\"http:\\\/\\\/vet-ecg.ddns.net\\\/wp-content\\\/uploads\\\/2018\\\/04\\\/Zelda-2-ECG-248.jpg\",\"contentUrl\":\"http:\\\/\\\/vet-ecg.ddns.net\\\/wp-content\\\/uploads\\\/2018\\\/04\\\/Zelda-2-ECG-248.jpg\",\"width\":248,\"height\":248,\"caption\":\"admin\"},\"logo\":{\"@id\":\"http:\\\/\\\/vet-ecg.ddns.net\\\/wp-content\\\/uploads\\\/2018\\\/04\\\/Zelda-2-ECG-248.jpg\"},\"description\":\"Les trac\u00e9s publi\u00e9s sur ce site sont issus de diff\u00e9rentes cliniques v\u00e9t\u00e9rinaires de Paris et de sa banlieue durant les 10 derni\u00e8res ann\u00e9es. Les ECG r\u00e9alis\u00e9s ont \u00e9t\u00e9 r\u00e9alis\u00e9s sur des chiens et des chats qui ont tous b\u00e9n\u00e9fici\u00e9 d'une \u00e9chocardiographie.\"}]}<\/script>\n<!-- \/ Yoast SEO plugin. -->","yoast_head_json":{"title":"Cocker atteint de CMD - Blog d&#039;\u00e9lectrocardiographie v\u00e9t\u00e9rinaire","description":"Hypervoltage (4,8 mV) et dur\u00e9e augment\u00e9e (80 ms) des QRS chez un cocker atteint de CMD. Aspect rr' en d\u00e9rivation AVL.","robots":{"index":"index","follow":"follow","max-snippet":"max-snippet:-1","max-image-preview":"max-image-preview:large","max-video-preview":"max-video-preview:-1"},"canonical":"http:\/\/vet-ecg.ddns.net\/index.php\/cmd-2\/","schema":{"@context":"https:\/\/schema.org","@graph":[{"@type":"WebPage","@id":"http:\/\/vet-ecg.ddns.net\/index.php\/cmd-2\/","url":"http:\/\/vet-ecg.ddns.net\/index.php\/cmd-2\/","name":"Cocker atteint de CMD - Blog d&#039;\u00e9lectrocardiographie v\u00e9t\u00e9rinaire","isPartOf":{"@id":"http:\/\/vet-ecg.ddns.net\/#website"},"primaryImageOfPage":{"@id":"http:\/\/vet-ecg.ddns.net\/index.php\/cmd-2\/#primaryimage"},"image":{"@id":"http:\/\/vet-ecg.ddns.net\/index.php\/cmd-2\/#primaryimage"},"thumbnailUrl":"http:\/\/vet-ecg.ddns.net\/wp-content\/uploads\/cmd-cocker-1.jpg","datePublished":"2018-10-24T20:24:27+00:00","dateModified":"2019-12-08T09:41:10+00:00","description":"Hypervoltage (4,8 mV) et dur\u00e9e augment\u00e9e (80 ms) des QRS chez un cocker atteint de CMD. Aspect rr' en d\u00e9rivation AVL.","breadcrumb":{"@id":"http:\/\/vet-ecg.ddns.net\/index.php\/cmd-2\/#breadcrumb"},"inLanguage":"fr-FR","potentialAction":[{"@type":"ReadAction","target":["http:\/\/vet-ecg.ddns.net\/index.php\/cmd-2\/"]}]},{"@type":"ImageObject","inLanguage":"fr-FR","@id":"http:\/\/vet-ecg.ddns.net\/index.php\/cmd-2\/#primaryimage","url":"http:\/\/vet-ecg.ddns.net\/wp-content\/uploads\/cmd-cocker-1.jpg","contentUrl":"http:\/\/vet-ecg.ddns.net\/wp-content\/uploads\/cmd-cocker-1.jpg","width":2000,"height":1840,"caption":"hypervoltage des QRS dans une cardiomyopathie dilat\u00e9e"},{"@type":"BreadcrumbList","@id":"http:\/\/vet-ecg.ddns.net\/index.php\/cmd-2\/#breadcrumb","itemListElement":[{"@type":"ListItem","position":1,"name":"Accueil","item":"http:\/\/vet-ecg.ddns.net\/"},{"@type":"ListItem","position":2,"name":"Cocker atteint de CMD"}]},{"@type":"WebSite","@id":"http:\/\/vet-ecg.ddns.net\/#website","url":"http:\/\/vet-ecg.ddns.net\/","name":"Blog d&#039;\u00e9lectrocardiographie v\u00e9t\u00e9rinaire","description":"recueil d&#039;ECG de chiens et de chats","publisher":{"@id":"http:\/\/vet-ecg.ddns.net\/#\/schema\/person\/fec4070a47e235fed904fab73cae00b4"},"alternateName":"\u00e9lectrocardiographie v\u00e9t\u00e9rinaire","potentialAction":[{"@type":"SearchAction","target":{"@type":"EntryPoint","urlTemplate":"http:\/\/vet-ecg.ddns.net\/?s={search_term_string}"},"query-input":{"@type":"PropertyValueSpecification","valueRequired":true,"valueName":"search_term_string"}}],"inLanguage":"fr-FR"},{"@type":["Person","Organization"],"@id":"http:\/\/vet-ecg.ddns.net\/#\/schema\/person\/fec4070a47e235fed904fab73cae00b4","name":"admin","image":{"@type":"ImageObject","inLanguage":"fr-FR","@id":"http:\/\/vet-ecg.ddns.net\/wp-content\/uploads\/2018\/04\/Zelda-2-ECG-248.jpg","url":"http:\/\/vet-ecg.ddns.net\/wp-content\/uploads\/2018\/04\/Zelda-2-ECG-248.jpg","contentUrl":"http:\/\/vet-ecg.ddns.net\/wp-content\/uploads\/2018\/04\/Zelda-2-ECG-248.jpg","width":248,"height":248,"caption":"admin"},"logo":{"@id":"http:\/\/vet-ecg.ddns.net\/wp-content\/uploads\/2018\/04\/Zelda-2-ECG-248.jpg"},"description":"Les trac\u00e9s publi\u00e9s sur ce site sont issus de diff\u00e9rentes cliniques v\u00e9t\u00e9rinaires de Paris et de sa banlieue durant les 10 derni\u00e8res ann\u00e9es. Les ECG r\u00e9alis\u00e9s ont \u00e9t\u00e9 r\u00e9alis\u00e9s sur des chiens et des chats qui ont tous b\u00e9n\u00e9fici\u00e9 d'une \u00e9chocardiographie."}]}},"_links":{"self":[{"href":"http:\/\/vet-ecg.ddns.net\/index.php\/wp-json\/wp\/v2\/pages\/1055","targetHints":{"allow":["GET"]}}],"collection":[{"href":"http:\/\/vet-ecg.ddns.net\/index.php\/wp-json\/wp\/v2\/pages"}],"about":[{"href":"http:\/\/vet-ecg.ddns.net\/index.php\/wp-json\/wp\/v2\/types\/page"}],"author":[{"embeddable":true,"href":"http:\/\/vet-ecg.ddns.net\/index.php\/wp-json\/wp\/v2\/users\/1"}],"replies":[{"embeddable":true,"href":"http:\/\/vet-ecg.ddns.net\/index.php\/wp-json\/wp\/v2\/comments?post=1055"}],"version-history":[{"count":0,"href":"http:\/\/vet-ecg.ddns.net\/index.php\/wp-json\/wp\/v2\/pages\/1055\/revisions"}],"wp:attachment":[{"href":"http:\/\/vet-ecg.ddns.net\/index.php\/wp-json\/wp\/v2\/media?parent=1055"}],"curies":[{"name":"wp","href":"https:\/\/api.w.org\/{rel}","templated":true}]}}